{"id":3556,"date":"2026-01-26T09:24:27","date_gmt":"2026-01-26T09:24:27","guid":{"rendered":"https:\/\/spiritdust.pl\/produkt\/fusskettchen-mit-blaettern-und-steinen-nachtnebel\/"},"modified":"2026-01-26T09:24:27","modified_gmt":"2026-01-26T09:24:27","slug":"fusskettchen-mit-blaettern-und-steinen-nachtnebel","status":"publish","type":"product","link":"https:\/\/spiritdust.pl\/de\/produkt\/fusskettchen-mit-blaettern-und-steinen-nachtnebel\/","title":{"rendered":"Fu\u00dfkettchen mit Bl\u00e4ttern und Steinen \u2013 Nachtnebel"},"content":{"rendered":"<div class=\"flex-shrink-0 flex flex-col relative items-end\">\n<div class=\"pt-0\">\n<div class=\"gizmo-bot-avatar flex h-8 w-8 items-center justify-center overflow-hidden rounded-full\">\n<div class=\"relative p-1 rounded-sm flex items-center justify-center bg-token-main-surface-primary text-token-text-primary h-8 w-8\">\n<h3 data-start=\"307\" data-end=\"397\">Fu\u00dfkettchen mit Bl\u00e4ttern und Natursteinen \u2013 k\u00fchl, magisch, \u00e4therisch<\/h3>\n<p data-start=\"399\" data-end=\"783\"><strong data-start=\"399\" data-end=\"458\">Das Fu\u00dfkettchen mit Bl\u00e4ttern und Natursteinen<\/strong> ist ein Vorschlag f\u00fcr Frauen, die die Ruhe mondheller N\u00e4chte, den Nebel der Morgend\u00e4mmerung und ein Licht in sich tragen, das nicht schreit, sondern umh\u00fcllt. Es ist leicht, bequem und verstellbar, sodass es sich leicht an jeden Kn\u00f6chel anpasst. Es schimmert in k\u00fchlen Blau-, Violett- und Silbert\u00f6nen \u2013 solchen, die die Sinne beruhigen und Blicke auf sich ziehen.  <\/p>\n<hr data-start=\"785\" data-end=\"788\">\n<h3 data-start=\"790\" data-end=\"820\">\u2728 Steine und ihre Bedeutung<\/h3>\n<p data-start=\"822\" data-end=\"953\">Jeder Stein in diesem Fu\u00dfkettchen tr\u00e4gt eine zarte Kraft in sich \u2013 eine, die man sp\u00fcrt, wenn alles endlich zur Ruhe kommt. Hier findest du: <\/p>\n<ul data-start=\"955\" data-end=\"1498\">\n<li data-start=\"955\" data-end=\"1002\">\n<p data-start=\"957\" data-end=\"1002\"><strong data-start=\"957\" data-end=\"970\">Aquamarin<\/strong> \u2013 bringt Ruhe und Trost,<\/p>\n<\/li>\n<li data-start=\"1003\" data-end=\"1083\">\n<p data-start=\"1005\" data-end=\"1083\"><strong data-start=\"1005\" data-end=\"1013\">Achat<\/strong> \u2013 stabilisiert Emotionen und st\u00e4rkt das innere Gef\u00fchl der Sicherheit,<\/p>\n<\/li>\n<li data-start=\"1084\" data-end=\"1142\">\n<p data-start=\"1086\" data-end=\"1142\"><strong data-start=\"1086\" data-end=\"1097\">Fluorit<\/strong> \u2013 ordnet Gedanken und schafft Klarheit,<\/p>\n<\/li>\n<li data-start=\"1143\" data-end=\"1195\">\n<p data-start=\"1145\" data-end=\"1195\"><strong data-start=\"1145\" data-end=\"1156\">Sugilith<\/strong> \u2013 unterst\u00fctzt Intuition und spirituelle Entwicklung,<\/p>\n<\/li>\n<li data-start=\"1196\" data-end=\"1253\">\n<p data-start=\"1198\" data-end=\"1253\"><strong data-start=\"1198\" data-end=\"1217\">Schwarzer Turmalin<\/strong> \u2013 sch\u00fctzt vor negativer Energie,<\/p>\n<\/li>\n<li data-start=\"1254\" data-end=\"1309\">\n<p data-start=\"1256\" data-end=\"1309\"><strong data-start=\"1256\" data-end=\"1265\">Onyx<\/strong> \u2013 verleiht St\u00e4rke und hilft, Grenzen zu setzen,<\/p>\n<\/li>\n<li data-start=\"1310\" data-end=\"1374\">\n<p data-start=\"1312\" data-end=\"1374\"><strong data-start=\"1312\" data-end=\"1323\">Amethyst<\/strong> \u2013 beruhigt und erleichtert den Kontakt zum eigenen Inneren,<\/p>\n<\/li>\n<li data-start=\"1375\" data-end=\"1449\">\n<p data-start=\"1377\" data-end=\"1449\"><strong data-start=\"1377\" data-end=\"1398\">Mondstein<\/strong> \u2013 verbindet mit Intuition, Weiblichkeit und Zyklen,<\/p>\n<\/li>\n<li data-start=\"1450\" data-end=\"1498\">\n<p data-start=\"1452\" data-end=\"1498\"><strong data-start=\"1452\" data-end=\"1463\">H\u00e4matit<\/strong> \u2013 erdet und st\u00e4rkt die Konzentration.<\/p>\n<\/li>\n<\/ul>\n<p data-start=\"1500\" data-end=\"1619\">Dazwischen gl\u00e4nzen Glasbl\u00e4tter in Silber-, Blau- und Heidekraut-T\u00f6nen \u2013 wie nachts fallende Bl\u00e4tter von Traum und Sehnsucht.<\/p>\n<hr data-start=\"1621\" data-end=\"1624\">\n<h3 data-start=\"1626\" data-end=\"1642\">\ud83c\udf38 F\u00fcr wen?<\/h3>\n<p data-start=\"1644\" data-end=\"1862\">F\u00fcr jene, die alles Mysteri\u00f6se, Geheimnisvolle und Subtile lieben. F\u00fcr Frauen, die, anstatt laut zu sprechen, tief blicken k\u00f6nnen. Ideal als Geschenk f\u00fcr eine sensible Seele \u2013 oder als z\u00e4rtliches Amulett f\u00fcr dich selbst.  <\/p>\n<hr data-start=\"1864\" data-end=\"1867\">\n<h3 data-start=\"1869\" data-end=\"1893\">\ud83d\udccf Technische Details<\/h3>\n<ul data-start=\"1895\" data-end=\"2124\">\n<li data-start=\"1895\" data-end=\"1943\">\n<p data-start=\"1897\" data-end=\"1943\">L\u00e4nge verstellbar (bequemer Schiebeknoten)<\/p>\n<\/li>\n<li data-start=\"1944\" data-end=\"2008\">\n<p data-start=\"1946\" data-end=\"2008\">Kordel aus <strong data-start=\"1954\" data-end=\"1969\">Polyester<\/strong> in k\u00fchlem Violett\/Grau<\/p>\n<\/li>\n<li data-start=\"2009\" data-end=\"2051\">\n<p data-start=\"2011\" data-end=\"2051\">Natursteine mit ca. 6 und 4 mm Durchmesser <\/p>\n<\/li>\n<li data-start=\"2052\" data-end=\"2094\">\n<p data-start=\"2054\" data-end=\"2094\">Glasbl\u00e4tter \u2013 im Licht schillernd<\/p>\n<\/li>\n<li data-start=\"2095\" data-end=\"2124\">\n<p data-start=\"2097\" data-end=\"2124\">handgefertigt in Polen<\/p>\n<\/li>\n<\/ul>\n<\/div>\n<\/div>\n<\/div>\n<\/div>\n","protected":false},"excerpt":{"rendered":"<div class=\"flex max-w-full flex-col flex-grow\">\n<div class=\"min-h-8 text-message flex w-full flex-col items-end gap-2 whitespace-normal break-words text-start [.text-message+&amp;]:mt-5\" dir=\"auto\" data-message-author-role=\"assistant\" data-message-id=\"e37d3b1a-d597-4200-97d4-57fb7acf2184\" data-message-model-slug=\"gpt-4o-mini\">\n<div class=\"flex w-full flex-col gap-1 empty:hidden first:pt-[3px]\">\n<div class=\"markdown prose w-full break-words dark:prose-invert dark\">\n<div class=\"flex max-w-full flex-col flex-grow\">\n<div class=\"min-h-8 text-message flex w-full flex-col items-end gap-2 whitespace-normal break-words text-start [.text-message+&amp;]:mt-5\" dir=\"auto\" data-message-author-role=\"assistant\" data-message-id=\"434ce9a3-1eaf-4b96-b199-2a1d18b5b877\" data-message-model-slug=\"gpt-4o-mini\">\n<div class=\"flex w-full flex-col gap-1 empty:hidden first:pt-[3px]\">\n<div class=\"markdown prose w-full break-words dark:prose-invert dark\">\n<div class=\"flex max-w-full flex-col flex-grow\">\n<div class=\"min-h-8 text-message flex w-full flex-col items-end gap-2 whitespace-normal break-words text-start [.text-message+&amp;]:mt-5\" dir=\"auto\" data-message-author-role=\"assistant\" data-message-id=\"cc074b21-0a8d-4f21-9e38-ad275a6193e1\" data-message-model-slug=\"gpt-4o-mini\">\n<div class=\"flex w-full flex-col gap-1 empty:hidden first:pt-[3px]\">\n<div class=\"markdown prose w-full break-words dark:prose-invert dark\">\n<p data-start=\"2394\" data-end=\"2543\">Fu\u00dfkettchen mit Bl\u00e4ttern und Natursteinen \u2013 Aquamarin, Amethyst, Mondstein und andere. Subtil, k\u00fchl und voller magischer Ruhe. <\/p>\n<\/div>\n<\/div>\n<\/div>\n<\/div>\n<\/div>\n<\/div>\n<\/div>\n<\/div>\n<\/div>\n<\/div>\n<\/div>\n<\/div>\n<p>&nbsp;<\/p>\n<p>Ich verpacke den Schmuck sorgf\u00e4ltig in einer dekorativen Schachtel, sodass er sofort als Geschenk bereit ist.<\/p>\n","protected":false},"featured_media":3563,"template":"","meta":{"inline_featured_image":false},"product_brand":[],"product_cat":[168,167],"product_tag":[231,172,300,283,169,171,319,220,360],"class_list":{"0":"post-3556","1":"product","2":"type-product","3":"status-publish","4":"has-post-thumbnail","6":"product_cat-armbander","7":"product_cat-schmuck","8":"product_tag-achat","9":"product_tag-amethyst","10":"product_tag-aquamarin","11":"product_tag-fluorit","12":"product_tag-hamatit","13":"product_tag-mondstein","14":"product_tag-onyx","15":"product_tag-schwarzer-turmalin","16":"product_tag-sugilith","18":"first","19":"instock","20":"taxable","21":"shipping-taxable","22":"purchasable","23":"product-type-simple"},"yoast_head":"<!-- This site is optimized with the Yoast SEO plugin v27.5 - https:\/\/yoast.com\/product\/yoast-seo-wordpress\/ -->\n<title>Fu\u00dfkettchen mit Bl\u00e4ttern und Steinen \u2013 Nachtnebel - Spirit Dust<\/title>\n<meta name=\"description\" content=\"Fu\u00dfkettchen mit Bl\u00e4ttern und Steinen \u2013 mit Aquamarin, Amethyst, Fluorit und Mondstein. \u00c4therisch, handgefertigt, voller Ruhe.\" \/>\n<meta name=\"robots\" content=\"index, follow, max-snippet:-1, max-image-preview:large, max-video-preview:-1\" \/>\n<link rel=\"canonical\" href=\"https:\/\/spiritdust.pl\/de\/produkt\/fusskettchen-mit-blaettern-und-steinen-nachtnebel\/\" \/>\n<meta property=\"og:locale\" content=\"de_DE\" \/>\n<meta property=\"og:type\" content=\"article\" \/>\n<meta property=\"og:title\" content=\"Fu\u00dfkettchen mit Bl\u00e4ttern und Steinen \u2013 Nachtnebel - Spirit Dust\" \/>\n<meta property=\"og:description\" content=\"Fu\u00dfkettchen mit Bl\u00e4ttern und Steinen \u2013 mit Aquamarin, Amethyst, Fluorit und Mondstein. \u00c4therisch, handgefertigt, voller Ruhe.\" \/>\n<meta property=\"og:url\" content=\"https:\/\/spiritdust.pl\/de\/produkt\/fusskettchen-mit-blaettern-und-steinen-nachtnebel\/\" \/>\n<meta property=\"og:site_name\" content=\"Spirit Dust\" \/>\n<meta property=\"article:publisher\" content=\"https:\/\/www.facebook.com\/spiritdustmj\/\" \/>\n<meta property=\"og:image\" content=\"https:\/\/spiritdust.pl\/wp-content\/uploads\/2026\/01\/DSC01431-scaled-1.jpg\" \/>\n\t<meta property=\"og:image:width\" content=\"2048\" \/>\n\t<meta property=\"og:image:height\" content=\"2048\" \/>\n\t<meta property=\"og:image:type\" content=\"image\/jpeg\" \/>\n<meta name=\"twitter:card\" content=\"summary_large_image\" \/>\n<meta name=\"twitter:label1\" content=\"Gesch\u00e4tzte Lesezeit\" \/>\n\t<meta name=\"twitter:data1\" content=\"1\u00a0Minute\" \/>\n<script type=\"application\/ld+json\" class=\"yoast-schema-graph\">{\"@context\":\"https:\\\/\\\/schema.org\",\"@graph\":[{\"@type\":\"WebPage\",\"@id\":\"https:\\\/\\\/spiritdust.pl\\\/de\\\/produkt\\\/fusskettchen-mit-blaettern-und-steinen-nachtnebel\\\/\",\"url\":\"https:\\\/\\\/spiritdust.pl\\\/de\\\/produkt\\\/fusskettchen-mit-blaettern-und-steinen-nachtnebel\\\/\",\"name\":\"Fu\u00dfkettchen mit Bl\u00e4ttern und Steinen \u2013 Nachtnebel - Spirit Dust\",\"isPartOf\":{\"@id\":\"https:\\\/\\\/green-chough-870564.hostingersite.com\\\/#website\"},\"primaryImageOfPage\":{\"@id\":\"https:\\\/\\\/spiritdust.pl\\\/de\\\/produkt\\\/fusskettchen-mit-blaettern-und-steinen-nachtnebel\\\/#primaryimage\"},\"image\":{\"@id\":\"https:\\\/\\\/spiritdust.pl\\\/de\\\/produkt\\\/fusskettchen-mit-blaettern-und-steinen-nachtnebel\\\/#primaryimage\"},\"thumbnailUrl\":\"https:\\\/\\\/spiritdust.pl\\\/wp-content\\\/uploads\\\/2026\\\/01\\\/DSC01431-scaled-1.jpg\",\"datePublished\":\"2026-01-26T09:24:27+00:00\",\"description\":\"Fu\u00dfkettchen mit Bl\u00e4ttern und Steinen \u2013 mit Aquamarin, Amethyst, Fluorit und Mondstein. \u00c4therisch, handgefertigt, voller Ruhe.\",\"breadcrumb\":{\"@id\":\"https:\\\/\\\/spiritdust.pl\\\/de\\\/produkt\\\/fusskettchen-mit-blaettern-und-steinen-nachtnebel\\\/#breadcrumb\"},\"inLanguage\":\"de\",\"potentialAction\":[{\"@type\":\"ReadAction\",\"target\":[\"https:\\\/\\\/spiritdust.pl\\\/de\\\/produkt\\\/fusskettchen-mit-blaettern-und-steinen-nachtnebel\\\/\"]}]},{\"@type\":\"ImageObject\",\"inLanguage\":\"de\",\"@id\":\"https:\\\/\\\/spiritdust.pl\\\/de\\\/produkt\\\/fusskettchen-mit-blaettern-und-steinen-nachtnebel\\\/#primaryimage\",\"url\":\"https:\\\/\\\/spiritdust.pl\\\/wp-content\\\/uploads\\\/2026\\\/01\\\/DSC01431-scaled-1.jpg\",\"contentUrl\":\"https:\\\/\\\/spiritdust.pl\\\/wp-content\\\/uploads\\\/2026\\\/01\\\/DSC01431-scaled-1.jpg\",\"width\":2048,\"height\":2048},{\"@type\":\"BreadcrumbList\",\"@id\":\"https:\\\/\\\/spiritdust.pl\\\/de\\\/produkt\\\/fusskettchen-mit-blaettern-und-steinen-nachtnebel\\\/#breadcrumb\",\"itemListElement\":[{\"@type\":\"ListItem\",\"position\":1,\"name\":\"Strona g\u0142\u00f3wna\",\"item\":\"https:\\\/\\\/spiritdust.pl\\\/de\\\/spirit-dust-schmuck-aus-kupfer-silber-und-natursteinen\\\/\"},{\"@type\":\"ListItem\",\"position\":2,\"name\":\"Shop\",\"item\":\"https:\\\/\\\/green-chough-870564.hostingersite.com\\\/shop\\\/\"},{\"@type\":\"ListItem\",\"position\":3,\"name\":\"Fu\u00dfkettchen mit Bl\u00e4ttern und Steinen \u2013 Nachtnebel\"}]},{\"@type\":\"WebSite\",\"@id\":\"https:\\\/\\\/green-chough-870564.hostingersite.com\\\/#website\",\"url\":\"https:\\\/\\\/green-chough-870564.hostingersite.com\\\/\",\"name\":\"Spirit Dust\",\"description\":\"Bi\u017cuteria z Miedzi, Srebra i Kamieni Naturalnych\",\"publisher\":{\"@id\":\"https:\\\/\\\/green-chough-870564.hostingersite.com\\\/#organization\"},\"potentialAction\":[{\"@type\":\"SearchAction\",\"target\":{\"@type\":\"EntryPoint\",\"urlTemplate\":\"https:\\\/\\\/green-chough-870564.hostingersite.com\\\/?s={search_term_string}\"},\"query-input\":{\"@type\":\"PropertyValueSpecification\",\"valueRequired\":true,\"valueName\":\"search_term_string\"}}],\"inLanguage\":\"de\"},{\"@type\":\"Organization\",\"@id\":\"https:\\\/\\\/green-chough-870564.hostingersite.com\\\/#organization\",\"name\":\"Geisterstaub\",\"url\":\"https:\\\/\\\/green-chough-870564.hostingersite.com\\\/\",\"logo\":{\"@type\":\"ImageObject\",\"inLanguage\":\"de\",\"@id\":\"https:\\\/\\\/green-chough-870564.hostingersite.com\\\/#\\\/schema\\\/logo\\\/image\\\/\",\"url\":\"https:\\\/\\\/spiritdust.pl\\\/wp-content\\\/uploads\\\/2026\\\/01\\\/logo-sd.png\",\"contentUrl\":\"https:\\\/\\\/spiritdust.pl\\\/wp-content\\\/uploads\\\/2026\\\/01\\\/logo-sd.png\",\"width\":251,\"height\":368,\"caption\":\"Geisterstaub\"},\"image\":{\"@id\":\"https:\\\/\\\/green-chough-870564.hostingersite.com\\\/#\\\/schema\\\/logo\\\/image\\\/\"},\"sameAs\":[\"https:\\\/\\\/www.facebook.com\\\/spiritdustmj\\\/\",\"https:\\\/\\\/instagram.com\\\/spirit__dust\"]}]}<\/script>\n<!-- \/ Yoast SEO plugin. -->","yoast_head_json":{"title":"Fu\u00dfkettchen mit Bl\u00e4ttern und Steinen \u2013 Nachtnebel - Spirit Dust","description":"Fu\u00dfkettchen mit Bl\u00e4ttern und Steinen \u2013 mit Aquamarin, Amethyst, Fluorit und Mondstein. \u00c4therisch, handgefertigt, voller Ruhe.","robots":{"index":"index","follow":"follow","max-snippet":"max-snippet:-1","max-image-preview":"max-image-preview:large","max-video-preview":"max-video-preview:-1"},"canonical":"https:\/\/spiritdust.pl\/de\/produkt\/fusskettchen-mit-blaettern-und-steinen-nachtnebel\/","og_locale":"de_DE","og_type":"article","og_title":"Fu\u00dfkettchen mit Bl\u00e4ttern und Steinen \u2013 Nachtnebel - Spirit Dust","og_description":"Fu\u00dfkettchen mit Bl\u00e4ttern und Steinen \u2013 mit Aquamarin, Amethyst, Fluorit und Mondstein. \u00c4therisch, handgefertigt, voller Ruhe.","og_url":"https:\/\/spiritdust.pl\/de\/produkt\/fusskettchen-mit-blaettern-und-steinen-nachtnebel\/","og_site_name":"Spirit Dust","article_publisher":"https:\/\/www.facebook.com\/spiritdustmj\/","og_image":[{"width":2048,"height":2048,"url":"https:\/\/spiritdust.pl\/wp-content\/uploads\/2026\/01\/DSC01431-scaled-1.jpg","type":"image\/jpeg"}],"twitter_card":"summary_large_image","twitter_misc":{"Gesch\u00e4tzte Lesezeit":"1\u00a0Minute"},"schema":{"@context":"https:\/\/schema.org","@graph":[{"@type":"WebPage","@id":"https:\/\/spiritdust.pl\/de\/produkt\/fusskettchen-mit-blaettern-und-steinen-nachtnebel\/","url":"https:\/\/spiritdust.pl\/de\/produkt\/fusskettchen-mit-blaettern-und-steinen-nachtnebel\/","name":"Fu\u00dfkettchen mit Bl\u00e4ttern und Steinen \u2013 Nachtnebel - Spirit Dust","isPartOf":{"@id":"https:\/\/green-chough-870564.hostingersite.com\/#website"},"primaryImageOfPage":{"@id":"https:\/\/spiritdust.pl\/de\/produkt\/fusskettchen-mit-blaettern-und-steinen-nachtnebel\/#primaryimage"},"image":{"@id":"https:\/\/spiritdust.pl\/de\/produkt\/fusskettchen-mit-blaettern-und-steinen-nachtnebel\/#primaryimage"},"thumbnailUrl":"https:\/\/spiritdust.pl\/wp-content\/uploads\/2026\/01\/DSC01431-scaled-1.jpg","datePublished":"2026-01-26T09:24:27+00:00","description":"Fu\u00dfkettchen mit Bl\u00e4ttern und Steinen \u2013 mit Aquamarin, Amethyst, Fluorit und Mondstein. \u00c4therisch, handgefertigt, voller Ruhe.","breadcrumb":{"@id":"https:\/\/spiritdust.pl\/de\/produkt\/fusskettchen-mit-blaettern-und-steinen-nachtnebel\/#breadcrumb"},"inLanguage":"de","potentialAction":[{"@type":"ReadAction","target":["https:\/\/spiritdust.pl\/de\/produkt\/fusskettchen-mit-blaettern-und-steinen-nachtnebel\/"]}]},{"@type":"ImageObject","inLanguage":"de","@id":"https:\/\/spiritdust.pl\/de\/produkt\/fusskettchen-mit-blaettern-und-steinen-nachtnebel\/#primaryimage","url":"https:\/\/spiritdust.pl\/wp-content\/uploads\/2026\/01\/DSC01431-scaled-1.jpg","contentUrl":"https:\/\/spiritdust.pl\/wp-content\/uploads\/2026\/01\/DSC01431-scaled-1.jpg","width":2048,"height":2048},{"@type":"BreadcrumbList","@id":"https:\/\/spiritdust.pl\/de\/produkt\/fusskettchen-mit-blaettern-und-steinen-nachtnebel\/#breadcrumb","itemListElement":[{"@type":"ListItem","position":1,"name":"Strona g\u0142\u00f3wna","item":"https:\/\/spiritdust.pl\/de\/spirit-dust-schmuck-aus-kupfer-silber-und-natursteinen\/"},{"@type":"ListItem","position":2,"name":"Shop","item":"https:\/\/green-chough-870564.hostingersite.com\/shop\/"},{"@type":"ListItem","position":3,"name":"Fu\u00dfkettchen mit Bl\u00e4ttern und Steinen \u2013 Nachtnebel"}]},{"@type":"WebSite","@id":"https:\/\/green-chough-870564.hostingersite.com\/#website","url":"https:\/\/green-chough-870564.hostingersite.com\/","name":"Spirit Dust","description":"Bi\u017cuteria z Miedzi, Srebra i Kamieni Naturalnych","publisher":{"@id":"https:\/\/green-chough-870564.hostingersite.com\/#organization"},"potentialAction":[{"@type":"SearchAction","target":{"@type":"EntryPoint","urlTemplate":"https:\/\/green-chough-870564.hostingersite.com\/?s={search_term_string}"},"query-input":{"@type":"PropertyValueSpecification","valueRequired":true,"valueName":"search_term_string"}}],"inLanguage":"de"},{"@type":"Organization","@id":"https:\/\/green-chough-870564.hostingersite.com\/#organization","name":"Geisterstaub","url":"https:\/\/green-chough-870564.hostingersite.com\/","logo":{"@type":"ImageObject","inLanguage":"de","@id":"https:\/\/green-chough-870564.hostingersite.com\/#\/schema\/logo\/image\/","url":"https:\/\/spiritdust.pl\/wp-content\/uploads\/2026\/01\/logo-sd.png","contentUrl":"https:\/\/spiritdust.pl\/wp-content\/uploads\/2026\/01\/logo-sd.png","width":251,"height":368,"caption":"Geisterstaub"},"image":{"@id":"https:\/\/green-chough-870564.hostingersite.com\/#\/schema\/logo\/image\/"},"sameAs":["https:\/\/www.facebook.com\/spiritdustmj\/","https:\/\/instagram.com\/spirit__dust"]}]}},"_links":{"self":[{"href":"https:\/\/spiritdust.pl\/de\/wp-json\/wp\/v2\/product\/3556","targetHints":{"allow":["GET"]}}],"collection":[{"href":"https:\/\/spiritdust.pl\/de\/wp-json\/wp\/v2\/product"}],"about":[{"href":"https:\/\/spiritdust.pl\/de\/wp-json\/wp\/v2\/types\/product"}],"version-history":[{"count":0,"href":"https:\/\/spiritdust.pl\/de\/wp-json\/wp\/v2\/product\/3556\/revisions"}],"wp:featuredmedia":[{"embeddable":true,"href":"https:\/\/spiritdust.pl\/de\/wp-json\/wp\/v2\/media\/3563"}],"wp:attachment":[{"href":"https:\/\/spiritdust.pl\/de\/wp-json\/wp\/v2\/media?parent=3556"}],"wp:term":[{"taxonomy":"product_brand","embeddable":true,"href":"https:\/\/spiritdust.pl\/de\/wp-json\/wp\/v2\/product_brand?post=3556"},{"taxonomy":"product_cat","embeddable":true,"href":"https:\/\/spiritdust.pl\/de\/wp-json\/wp\/v2\/product_cat?post=3556"},{"taxonomy":"product_tag","embeddable":true,"href":"https:\/\/spiritdust.pl\/de\/wp-json\/wp\/v2\/product_tag?post=3556"}],"curies":[{"name":"wp","href":"https:\/\/api.w.org\/{rel}","templated":true}]}}