{"id":3582,"date":"2026-01-26T09:24:27","date_gmt":"2026-01-26T09:24:27","guid":{"rendered":"https:\/\/spiritdust.pl\/produkt\/fusskettchen-mit-blaettern-und-steinen-wald-echos\/"},"modified":"2026-01-26T09:24:27","modified_gmt":"2026-01-26T09:24:27","slug":"fusskettchen-mit-blaettern-und-steinen-wald-echos","status":"publish","type":"product","link":"https:\/\/spiritdust.pl\/de\/produkt\/fusskettchen-mit-blaettern-und-steinen-wald-echos\/","title":{"rendered":"Fu\u00dfkettchen mit Bl\u00e4ttern und Steinen \u2013 Wald-Echos"},"content":{"rendered":"<div class=\"flex-shrink-0 flex flex-col relative items-end\">\n<div class=\"pt-0\">\n<div class=\"gizmo-bot-avatar flex h-8 w-8 items-center justify-center overflow-hidden rounded-full\">\n<div class=\"relative p-1 rounded-sm flex items-center justify-center bg-token-main-surface-primary text-token-text-primary h-8 w-8\">\n<h3 data-start=\"384\" data-end=\"465\">Fu\u00dfkettchen mit Bl\u00e4ttern und Natursteinen \u2013 ein magischer Hauch des Sommers<\/h3>\n<p data-start=\"467\" data-end=\"1181\">Das Fu\u00dfkettchen mit Bl\u00e4ttern und Natursteinen ist ein einzigartiges Accessoire, das Weiblichkeit, Wildheit und die subtile Magie des Waldes vereint. Es ist zart und bequem und passt daher perfekt zu sommerlichen Outfits \u2013 sowohl barfu\u00df als auch in Sandalen. Wenn du dich nach Natur sehnst und gleichzeitig die Kraft der Steine sp\u00fcren m\u00f6chtest, wird dir dieses Armband sicher gefallen. Es ist ein kleines Detail, das du t\u00e4glich tragen kannst, denn es vereint Leichtigkeit, Bedeutung und Harmonie. Wenn du es anlegst, erinnert es dich daran, dass du ein Teil der Natur bist \u2013 selbst wenn du an einer Bushaltestelle mitten in der Stadt stehst. Deshalb ist es nicht nur im Urlaubskoffer, sondern auch im Alltag perfekt \u2013 immer dann, wenn du dich dir selbst n\u00e4her f\u00fchlen m\u00f6chtest.     <\/p>\n<hr data-start=\"1183\" data-end=\"1186\">\n<h3 data-start=\"1188\" data-end=\"1218\">\u2728 Steine und ihre Bedeutung<\/h3>\n<p data-start=\"1220\" data-end=\"1406\">Das Armband entstand aus Perlen und Steinen, die nicht nur schm\u00fccken, sondern auch eine bestimmte Energie in sich tragen. Jeder Stein wurde mit Blick auf Harmonie ausgew\u00e4hlt, die du \u00fcberallhin mitnehmen kannst. <\/p>\n<p data-start=\"1408\" data-end=\"1436\">Hier findest du unter anderem:<\/p>\n<ul data-start=\"1438\" data-end=\"1920\">\n<li data-start=\"1438\" data-end=\"1483\">\n<p data-start=\"1440\" data-end=\"1483\"><strong data-start=\"1440\" data-end=\"1450\">Granat<\/strong> \u2013 Symbol f\u00fcr Leidenschaft und Mut,<\/p>\n<\/li>\n<li data-start=\"1484\" data-end=\"1550\">\n<p data-start=\"1486\" data-end=\"1550\"><strong data-start=\"1486\" data-end=\"1508\">Dalmatiner Jaspis<\/strong> \u2013 Stein der Leichtigkeit und kindlichen Freude,<\/p>\n<\/li>\n<li data-start=\"1551\" data-end=\"1604\">\n<p data-start=\"1553\" data-end=\"1604\"><strong data-start=\"1553\" data-end=\"1563\">Citrin<\/strong> \u2013 bringt W\u00e4rme, Optimismus und Licht,<\/p>\n<\/li>\n<li data-start=\"1605\" data-end=\"1669\">\n<p data-start=\"1607\" data-end=\"1669\"><strong data-start=\"1607\" data-end=\"1627\">Bilderjaspis<\/strong> \u2013 erdet und hilft, zu sich selbst zur\u00fcckzufinden,<\/p>\n<\/li>\n<li data-start=\"1670\" data-end=\"1725\">\n<p data-start=\"1672\" data-end=\"1725\"><strong data-start=\"1672\" data-end=\"1683\">Bronzit<\/strong> \u2013 beruhigt und f\u00f6rdert die innere Ruhe,<\/p>\n<\/li>\n<li data-start=\"1726\" data-end=\"1796\">\n<p data-start=\"1728\" data-end=\"1796\"><strong data-start=\"1728\" data-end=\"1744\">Tigerauge<\/strong> \u2013 verleiht St\u00e4rke und sch\u00fctzt vor \u00e4u\u00dferem Chaos,<\/p>\n<\/li>\n<li data-start=\"1797\" data-end=\"1843\">\n<p data-start=\"1799\" data-end=\"1843\"><strong data-start=\"1799\" data-end=\"1810\">H\u00e4matit<\/strong> \u2013 erdet und f\u00f6rdert die Konzentration,<\/p>\n<\/li>\n<li data-start=\"1844\" data-end=\"1920\">\n<p data-start=\"1846\" data-end=\"1920\"><strong data-start=\"1846\" data-end=\"1866\">Olivin (Peridot)<\/strong> \u2013 reinigt, f\u00f6rdert die Entwicklung und zieht positive Ver\u00e4nderungen an.<\/p>\n<\/li>\n<\/ul>\n<p data-start=\"1922\" data-end=\"2120\">Dazwischen schimmern Glasbl\u00e4tter, die bei jeder Bewegung das Licht reflektieren. Dadurch zieht das Armband Blicke auf sich, ohne aufdringlich zu wirken \u2013 es f\u00fcgt sich perfekt in den \u00e4therischen, nat\u00fcrlichen Stil ein. <\/p>\n<hr data-start=\"2122\" data-end=\"2125\">\n<h3 data-start=\"2127\" data-end=\"2143\">\ud83c\udf38 F\u00fcr wen?<\/h3>\n<p data-start=\"2145\" data-end=\"2472\">Dieses Armband wurde f\u00fcr Frauen geschaffen, die den Kontakt zur Natur nicht verloren haben \u2013 oder ihn gerade erst wiederentdecken. Es eignet sich als Geschenk f\u00fcr eine Seelenschwester, aber auch als kleines Ritual der Selbstf\u00fcrsorge. Wenn du Schmuck mit Geschichte und Seele magst, der mehr als nur ein Accessoire ist, dann hast du ihn hier gefunden.  <\/p>\n<hr data-start=\"2474\" data-end=\"2477\">\n<h3 data-start=\"2479\" data-end=\"2503\">\ud83d\udccf Technische Details<\/h3>\n<ul data-start=\"2505\" data-end=\"2808\">\n<li data-start=\"2505\" data-end=\"2553\">\n<p data-start=\"2507\" data-end=\"2553\">verstellbare L\u00e4nge (bequemer Schiebeknoten)<\/p>\n<\/li>\n<li data-start=\"2554\" data-end=\"2590\">\n<p data-start=\"2556\" data-end=\"2590\">Polyesterkordel in Taupe<\/p>\n<\/li>\n<li data-start=\"2591\" data-end=\"2623\">\n<p data-start=\"2593\" data-end=\"2623\">Perlen mit ca. 4 mm Durchmesser <\/p>\n<\/li>\n<li data-start=\"2624\" data-end=\"2740\">\n<p data-start=\"2626\" data-end=\"2740\">Natursteine: Granat, Dalmatiner Jaspis, Citrin, Bilderjaspis, Bronzit, Tigerauge, H\u00e4matit, Olivin<\/p>\n<\/li>\n<li data-start=\"2741\" data-end=\"2780\">\n<p data-start=\"2743\" data-end=\"2780\">Glasbl\u00e4tter in Waldt\u00f6nen<\/p>\n<\/li>\n<li data-start=\"2781\" data-end=\"2808\">\n<p data-start=\"2783\" data-end=\"2808\">Handgefertigt in Polen<\/p>\n<\/li>\n<\/ul>\n<\/div>\n<\/div>\n<\/div>\n<\/div>\n","protected":false},"excerpt":{"rendered":"<div class=\"flex max-w-full flex-col flex-grow\">\n<div class=\"min-h-8 text-message flex w-full flex-col items-end gap-2 whitespace-normal break-words text-start [.text-message+&amp;]:mt-5\" dir=\"auto\" data-message-author-role=\"assistant\" data-message-id=\"e37d3b1a-d597-4200-97d4-57fb7acf2184\" data-message-model-slug=\"gpt-4o-mini\">\n<div class=\"flex w-full flex-col gap-1 empty:hidden first:pt-[3px]\">\n<div class=\"markdown prose w-full break-words dark:prose-invert dark\">\n<div class=\"flex max-w-full flex-col flex-grow\">\n<div class=\"min-h-8 text-message flex w-full flex-col items-end gap-2 whitespace-normal break-words text-start [.text-message+&amp;]:mt-5\" dir=\"auto\" data-message-author-role=\"assistant\" data-message-id=\"434ce9a3-1eaf-4b96-b199-2a1d18b5b877\" data-message-model-slug=\"gpt-4o-mini\">\n<div class=\"flex w-full flex-col gap-1 empty:hidden first:pt-[3px]\">\n<div class=\"markdown prose w-full break-words dark:prose-invert dark\">\n<div class=\"flex max-w-full flex-col flex-grow\">\n<div class=\"min-h-8 text-message flex w-full flex-col items-end gap-2 whitespace-normal break-words text-start [.text-message+&amp;]:mt-5\" dir=\"auto\" data-message-author-role=\"assistant\" data-message-id=\"cc074b21-0a8d-4f21-9e38-ad275a6193e1\" data-message-model-slug=\"gpt-4o-mini\">\n<div class=\"flex w-full flex-col gap-1 empty:hidden first:pt-[3px]\">\n<div class=\"markdown prose w-full break-words dark:prose-invert dark\">\n<p data-start=\"2896\" data-end=\"3003\">Handgefertigtes Fu\u00dfkettchen mit Bl\u00e4ttern und Natursteinen \u2013 leicht, magisch und naturverbunden.<\/p>\n<\/div>\n<\/div>\n<\/div>\n<\/div>\n<\/div>\n<\/div>\n<\/div>\n<\/div>\n<\/div>\n<\/div>\n<\/div>\n<\/div>\n<p>&nbsp;<\/p>\n<p>Ich verpacke den Schmuck sorgf\u00e4ltig in einer dekorativen Schachtel, sodass er sofort als Geschenk bereit ist.<\/p>\n","protected":false},"featured_media":3583,"template":"","meta":{"inline_featured_image":false},"product_brand":[],"product_cat":[168,167],"product_tag":[317,336,178,315,297,169,278,277,221],"class_list":{"0":"post-3582","1":"product","2":"type-product","3":"status-publish","4":"has-post-thumbnail","6":"product_cat-armbander","7":"product_cat-schmuck","8":"product_tag-bilderjaspis","9":"product_tag-bronzit","10":"product_tag-citrin","11":"product_tag-dalmatiner-jaspis","12":"product_tag-granat","13":"product_tag-hamatit","14":"product_tag-olivin","15":"product_tag-peridot","16":"product_tag-tigerauge","18":"first","19":"instock","20":"taxable","21":"shipping-taxable","22":"purchasable","23":"product-type-simple"},"yoast_head":"<!-- This site is optimized with the Yoast SEO plugin v27.5 - https:\/\/yoast.com\/product\/yoast-seo-wordpress\/ -->\n<title>Fu\u00dfkettchen mit Bl\u00e4ttern und Steinen \u2013 Wald-Echos - Spirit Dust<\/title>\n<meta name=\"description\" content=\"Fu\u00dfkettchen mit Bl\u00e4ttern und Natursteinen \u2013 zart, verstellbar, vom Wald inspiriert. Handgefertigt, feminin und \u00e4therisch.\" \/>\n<meta name=\"robots\" content=\"index, follow, max-snippet:-1, max-image-preview:large, max-video-preview:-1\" \/>\n<link rel=\"canonical\" href=\"https:\/\/spiritdust.pl\/de\/produkt\/fusskettchen-mit-blaettern-und-steinen-wald-echos\/\" \/>\n<meta property=\"og:locale\" content=\"de_DE\" \/>\n<meta property=\"og:type\" content=\"article\" \/>\n<meta property=\"og:title\" content=\"Fu\u00dfkettchen mit Bl\u00e4ttern und Steinen \u2013 Wald-Echos - Spirit Dust\" \/>\n<meta property=\"og:description\" content=\"Fu\u00dfkettchen mit Bl\u00e4ttern und Natursteinen \u2013 zart, verstellbar, vom Wald inspiriert. Handgefertigt, feminin und \u00e4therisch.\" \/>\n<meta property=\"og:url\" content=\"https:\/\/spiritdust.pl\/de\/produkt\/fusskettchen-mit-blaettern-und-steinen-wald-echos\/\" \/>\n<meta property=\"og:site_name\" content=\"Spirit Dust\" \/>\n<meta property=\"article:publisher\" content=\"https:\/\/www.facebook.com\/spiritdustmj\/\" \/>\n<meta property=\"og:image\" content=\"https:\/\/spiritdust.pl\/wp-content\/uploads\/2026\/01\/DSC01449-scaled-1.jpg\" \/>\n\t<meta property=\"og:image:width\" content=\"2048\" \/>\n\t<meta property=\"og:image:height\" content=\"2048\" \/>\n\t<meta property=\"og:image:type\" content=\"image\/jpeg\" \/>\n<meta name=\"twitter:card\" content=\"summary_large_image\" \/>\n<meta name=\"twitter:label1\" content=\"Gesch\u00e4tzte Lesezeit\" \/>\n\t<meta name=\"twitter:data1\" content=\"2\u00a0Minuten\" \/>\n<script type=\"application\/ld+json\" class=\"yoast-schema-graph\">{\"@context\":\"https:\\\/\\\/schema.org\",\"@graph\":[{\"@type\":\"WebPage\",\"@id\":\"https:\\\/\\\/spiritdust.pl\\\/de\\\/produkt\\\/fusskettchen-mit-blaettern-und-steinen-wald-echos\\\/\",\"url\":\"https:\\\/\\\/spiritdust.pl\\\/de\\\/produkt\\\/fusskettchen-mit-blaettern-und-steinen-wald-echos\\\/\",\"name\":\"Fu\u00dfkettchen mit Bl\u00e4ttern und Steinen \u2013 Wald-Echos - Spirit Dust\",\"isPartOf\":{\"@id\":\"https:\\\/\\\/green-chough-870564.hostingersite.com\\\/#website\"},\"primaryImageOfPage\":{\"@id\":\"https:\\\/\\\/spiritdust.pl\\\/de\\\/produkt\\\/fusskettchen-mit-blaettern-und-steinen-wald-echos\\\/#primaryimage\"},\"image\":{\"@id\":\"https:\\\/\\\/spiritdust.pl\\\/de\\\/produkt\\\/fusskettchen-mit-blaettern-und-steinen-wald-echos\\\/#primaryimage\"},\"thumbnailUrl\":\"https:\\\/\\\/spiritdust.pl\\\/wp-content\\\/uploads\\\/2026\\\/01\\\/DSC01449-scaled-1.jpg\",\"datePublished\":\"2026-01-26T09:24:27+00:00\",\"description\":\"Fu\u00dfkettchen mit Bl\u00e4ttern und Natursteinen \u2013 zart, verstellbar, vom Wald inspiriert. Handgefertigt, feminin und \u00e4therisch.\",\"breadcrumb\":{\"@id\":\"https:\\\/\\\/spiritdust.pl\\\/de\\\/produkt\\\/fusskettchen-mit-blaettern-und-steinen-wald-echos\\\/#breadcrumb\"},\"inLanguage\":\"de\",\"potentialAction\":[{\"@type\":\"ReadAction\",\"target\":[\"https:\\\/\\\/spiritdust.pl\\\/de\\\/produkt\\\/fusskettchen-mit-blaettern-und-steinen-wald-echos\\\/\"]}]},{\"@type\":\"ImageObject\",\"inLanguage\":\"de\",\"@id\":\"https:\\\/\\\/spiritdust.pl\\\/de\\\/produkt\\\/fusskettchen-mit-blaettern-und-steinen-wald-echos\\\/#primaryimage\",\"url\":\"https:\\\/\\\/spiritdust.pl\\\/wp-content\\\/uploads\\\/2026\\\/01\\\/DSC01449-scaled-1.jpg\",\"contentUrl\":\"https:\\\/\\\/spiritdust.pl\\\/wp-content\\\/uploads\\\/2026\\\/01\\\/DSC01449-scaled-1.jpg\",\"width\":2048,\"height\":2048},{\"@type\":\"BreadcrumbList\",\"@id\":\"https:\\\/\\\/spiritdust.pl\\\/de\\\/produkt\\\/fusskettchen-mit-blaettern-und-steinen-wald-echos\\\/#breadcrumb\",\"itemListElement\":[{\"@type\":\"ListItem\",\"position\":1,\"name\":\"Strona g\u0142\u00f3wna\",\"item\":\"https:\\\/\\\/spiritdust.pl\\\/de\\\/spirit-dust-schmuck-aus-kupfer-silber-und-natursteinen\\\/\"},{\"@type\":\"ListItem\",\"position\":2,\"name\":\"Shop\",\"item\":\"https:\\\/\\\/green-chough-870564.hostingersite.com\\\/shop\\\/\"},{\"@type\":\"ListItem\",\"position\":3,\"name\":\"Fu\u00dfkettchen mit Bl\u00e4ttern und Steinen \u2013 Wald-Echos\"}]},{\"@type\":\"WebSite\",\"@id\":\"https:\\\/\\\/green-chough-870564.hostingersite.com\\\/#website\",\"url\":\"https:\\\/\\\/green-chough-870564.hostingersite.com\\\/\",\"name\":\"Spirit Dust\",\"description\":\"Bi\u017cuteria z Miedzi, Srebra i Kamieni Naturalnych\",\"publisher\":{\"@id\":\"https:\\\/\\\/green-chough-870564.hostingersite.com\\\/#organization\"},\"potentialAction\":[{\"@type\":\"SearchAction\",\"target\":{\"@type\":\"EntryPoint\",\"urlTemplate\":\"https:\\\/\\\/green-chough-870564.hostingersite.com\\\/?s={search_term_string}\"},\"query-input\":{\"@type\":\"PropertyValueSpecification\",\"valueRequired\":true,\"valueName\":\"search_term_string\"}}],\"inLanguage\":\"de\"},{\"@type\":\"Organization\",\"@id\":\"https:\\\/\\\/green-chough-870564.hostingersite.com\\\/#organization\",\"name\":\"Geisterstaub\",\"url\":\"https:\\\/\\\/green-chough-870564.hostingersite.com\\\/\",\"logo\":{\"@type\":\"ImageObject\",\"inLanguage\":\"de\",\"@id\":\"https:\\\/\\\/green-chough-870564.hostingersite.com\\\/#\\\/schema\\\/logo\\\/image\\\/\",\"url\":\"https:\\\/\\\/spiritdust.pl\\\/wp-content\\\/uploads\\\/2026\\\/01\\\/logo-sd.png\",\"contentUrl\":\"https:\\\/\\\/spiritdust.pl\\\/wp-content\\\/uploads\\\/2026\\\/01\\\/logo-sd.png\",\"width\":251,\"height\":368,\"caption\":\"Geisterstaub\"},\"image\":{\"@id\":\"https:\\\/\\\/green-chough-870564.hostingersite.com\\\/#\\\/schema\\\/logo\\\/image\\\/\"},\"sameAs\":[\"https:\\\/\\\/www.facebook.com\\\/spiritdustmj\\\/\",\"https:\\\/\\\/instagram.com\\\/spirit__dust\"]}]}<\/script>\n<!-- \/ Yoast SEO plugin. -->","yoast_head_json":{"title":"Fu\u00dfkettchen mit Bl\u00e4ttern und Steinen \u2013 Wald-Echos - Spirit Dust","description":"Fu\u00dfkettchen mit Bl\u00e4ttern und Natursteinen \u2013 zart, verstellbar, vom Wald inspiriert. Handgefertigt, feminin und \u00e4therisch.","robots":{"index":"index","follow":"follow","max-snippet":"max-snippet:-1","max-image-preview":"max-image-preview:large","max-video-preview":"max-video-preview:-1"},"canonical":"https:\/\/spiritdust.pl\/de\/produkt\/fusskettchen-mit-blaettern-und-steinen-wald-echos\/","og_locale":"de_DE","og_type":"article","og_title":"Fu\u00dfkettchen mit Bl\u00e4ttern und Steinen \u2013 Wald-Echos - Spirit Dust","og_description":"Fu\u00dfkettchen mit Bl\u00e4ttern und Natursteinen \u2013 zart, verstellbar, vom Wald inspiriert. Handgefertigt, feminin und \u00e4therisch.","og_url":"https:\/\/spiritdust.pl\/de\/produkt\/fusskettchen-mit-blaettern-und-steinen-wald-echos\/","og_site_name":"Spirit Dust","article_publisher":"https:\/\/www.facebook.com\/spiritdustmj\/","og_image":[{"width":2048,"height":2048,"url":"https:\/\/spiritdust.pl\/wp-content\/uploads\/2026\/01\/DSC01449-scaled-1.jpg","type":"image\/jpeg"}],"twitter_card":"summary_large_image","twitter_misc":{"Gesch\u00e4tzte Lesezeit":"2\u00a0Minuten"},"schema":{"@context":"https:\/\/schema.org","@graph":[{"@type":"WebPage","@id":"https:\/\/spiritdust.pl\/de\/produkt\/fusskettchen-mit-blaettern-und-steinen-wald-echos\/","url":"https:\/\/spiritdust.pl\/de\/produkt\/fusskettchen-mit-blaettern-und-steinen-wald-echos\/","name":"Fu\u00dfkettchen mit Bl\u00e4ttern und Steinen \u2013 Wald-Echos - Spirit Dust","isPartOf":{"@id":"https:\/\/green-chough-870564.hostingersite.com\/#website"},"primaryImageOfPage":{"@id":"https:\/\/spiritdust.pl\/de\/produkt\/fusskettchen-mit-blaettern-und-steinen-wald-echos\/#primaryimage"},"image":{"@id":"https:\/\/spiritdust.pl\/de\/produkt\/fusskettchen-mit-blaettern-und-steinen-wald-echos\/#primaryimage"},"thumbnailUrl":"https:\/\/spiritdust.pl\/wp-content\/uploads\/2026\/01\/DSC01449-scaled-1.jpg","datePublished":"2026-01-26T09:24:27+00:00","description":"Fu\u00dfkettchen mit Bl\u00e4ttern und Natursteinen \u2013 zart, verstellbar, vom Wald inspiriert. Handgefertigt, feminin und \u00e4therisch.","breadcrumb":{"@id":"https:\/\/spiritdust.pl\/de\/produkt\/fusskettchen-mit-blaettern-und-steinen-wald-echos\/#breadcrumb"},"inLanguage":"de","potentialAction":[{"@type":"ReadAction","target":["https:\/\/spiritdust.pl\/de\/produkt\/fusskettchen-mit-blaettern-und-steinen-wald-echos\/"]}]},{"@type":"ImageObject","inLanguage":"de","@id":"https:\/\/spiritdust.pl\/de\/produkt\/fusskettchen-mit-blaettern-und-steinen-wald-echos\/#primaryimage","url":"https:\/\/spiritdust.pl\/wp-content\/uploads\/2026\/01\/DSC01449-scaled-1.jpg","contentUrl":"https:\/\/spiritdust.pl\/wp-content\/uploads\/2026\/01\/DSC01449-scaled-1.jpg","width":2048,"height":2048},{"@type":"BreadcrumbList","@id":"https:\/\/spiritdust.pl\/de\/produkt\/fusskettchen-mit-blaettern-und-steinen-wald-echos\/#breadcrumb","itemListElement":[{"@type":"ListItem","position":1,"name":"Strona g\u0142\u00f3wna","item":"https:\/\/spiritdust.pl\/de\/spirit-dust-schmuck-aus-kupfer-silber-und-natursteinen\/"},{"@type":"ListItem","position":2,"name":"Shop","item":"https:\/\/green-chough-870564.hostingersite.com\/shop\/"},{"@type":"ListItem","position":3,"name":"Fu\u00dfkettchen mit Bl\u00e4ttern und Steinen \u2013 Wald-Echos"}]},{"@type":"WebSite","@id":"https:\/\/green-chough-870564.hostingersite.com\/#website","url":"https:\/\/green-chough-870564.hostingersite.com\/","name":"Spirit Dust","description":"Bi\u017cuteria z Miedzi, Srebra i Kamieni Naturalnych","publisher":{"@id":"https:\/\/green-chough-870564.hostingersite.com\/#organization"},"potentialAction":[{"@type":"SearchAction","target":{"@type":"EntryPoint","urlTemplate":"https:\/\/green-chough-870564.hostingersite.com\/?s={search_term_string}"},"query-input":{"@type":"PropertyValueSpecification","valueRequired":true,"valueName":"search_term_string"}}],"inLanguage":"de"},{"@type":"Organization","@id":"https:\/\/green-chough-870564.hostingersite.com\/#organization","name":"Geisterstaub","url":"https:\/\/green-chough-870564.hostingersite.com\/","logo":{"@type":"ImageObject","inLanguage":"de","@id":"https:\/\/green-chough-870564.hostingersite.com\/#\/schema\/logo\/image\/","url":"https:\/\/spiritdust.pl\/wp-content\/uploads\/2026\/01\/logo-sd.png","contentUrl":"https:\/\/spiritdust.pl\/wp-content\/uploads\/2026\/01\/logo-sd.png","width":251,"height":368,"caption":"Geisterstaub"},"image":{"@id":"https:\/\/green-chough-870564.hostingersite.com\/#\/schema\/logo\/image\/"},"sameAs":["https:\/\/www.facebook.com\/spiritdustmj\/","https:\/\/instagram.com\/spirit__dust"]}]}},"_links":{"self":[{"href":"https:\/\/spiritdust.pl\/de\/wp-json\/wp\/v2\/product\/3582","targetHints":{"allow":["GET"]}}],"collection":[{"href":"https:\/\/spiritdust.pl\/de\/wp-json\/wp\/v2\/product"}],"about":[{"href":"https:\/\/spiritdust.pl\/de\/wp-json\/wp\/v2\/types\/product"}],"version-history":[{"count":0,"href":"https:\/\/spiritdust.pl\/de\/wp-json\/wp\/v2\/product\/3582\/revisions"}],"wp:featuredmedia":[{"embeddable":true,"href":"https:\/\/spiritdust.pl\/de\/wp-json\/wp\/v2\/media\/3583"}],"wp:attachment":[{"href":"https:\/\/spiritdust.pl\/de\/wp-json\/wp\/v2\/media?parent=3582"}],"wp:term":[{"taxonomy":"product_brand","embeddable":true,"href":"https:\/\/spiritdust.pl\/de\/wp-json\/wp\/v2\/product_brand?post=3582"},{"taxonomy":"product_cat","embeddable":true,"href":"https:\/\/spiritdust.pl\/de\/wp-json\/wp\/v2\/product_cat?post=3582"},{"taxonomy":"product_tag","embeddable":true,"href":"https:\/\/spiritdust.pl\/de\/wp-json\/wp\/v2\/product_tag?post=3582"}],"curies":[{"name":"wp","href":"https:\/\/api.w.org\/{rel}","templated":true}]}}