{"id":3883,"date":"2026-01-26T09:21:42","date_gmt":"2026-01-26T09:21:42","guid":{"rendered":"https:\/\/spiritdust.pl\/produkt\/natuerliche-schoenheit-ohrringe-mit-chrysopras-in-kupfer\/"},"modified":"2026-01-26T09:21:42","modified_gmt":"2026-01-26T09:21:42","slug":"natuerliche-schoenheit-ohrringe-mit-chrysopras-in-kupfer","status":"publish","type":"product","link":"https:\/\/spiritdust.pl\/de\/produkt\/natuerliche-schoenheit-ohrringe-mit-chrysopras-in-kupfer\/","title":{"rendered":"Nat\u00fcrliche Sch\u00f6nheit: Ohrringe mit Chrysopras in Kupfer"},"content":{"rendered":"<p>Entdecke die nat\u00fcrliche Sch\u00f6nheit, die Harmonie und Frische ausstrahlt. Diese einzigartigen Ohrringe verbinden die W\u00e4rme des Kupfers mit dem bezaubernden Glanz des Chrysopras, einem Stein von intensiver gr\u00fcner Farbe. <strong>Chrysopras<\/strong>, bekannt f\u00fcr seine beruhigende Wirkung auf die Sinne, wird nicht nur wegen seiner \u00c4sthetik, sondern auch wegen seiner Eigenschaften gesch\u00e4tzt. Man sagt ihm nach, dass er emotionales Gleichgewicht f\u00f6rdert und positives Denken unterst\u00fctzt, was ihn zu einem hervorragenden Begleiter f\u00fcr jeden Tag macht.  <\/p>\n<p>Jedes Paar Ohrringe wird mit Liebe zum Detail gefertigt, um die Einzigartigkeit der Steine, die ein nat\u00fcrliches Geschenk der Erde sind, hervorzuheben. Die leichten Ohrringe sorgen f\u00fcr ganzt\u00e4gigen Tragekomfort. Mit der Zeit oxidiert das Kupfer und verleiht dem Schmuck einen einzigartigen Vintage-Charakter, der wunderbar mit dem intensiven Gr\u00fcn des Chrysopras kontrastiert.  <\/p>\n<p>Diese Ohrringe eignen sich perfekt f\u00fcr jeden Anlass und verleihen sowohl Alltagslooks als auch Abendkreationen einen subtilen Charme. Wenn du sie tr\u00e4gst, kannst du dich besonders f\u00fchlen, umgeben von der Sch\u00f6nheit der Natur, die Einfachheit mit Eleganz verbindet. Tauche ein in diese harmonische Komposition und genie\u00dfe jeden Blick, den sie auf sich ziehen.  <\/p>\n","protected":false},"excerpt":{"rendered":"<div class=\"flex-shrink-0 flex flex-col relative items-end\">\n<div class=\"pt-0\">\n<div class=\"gizmo-bot-avatar flex h-8 w-8 items-center justify-center overflow-hidden rounded-full\">\n<div class=\"relative p-1 rounded-sm flex items-center justify-center bg-token-main-surface-primary text-token-text-primary h-8 w-8\">\n<p>Diese einzigartigen Ohrringe verbinden die W\u00e4rme des Kupfers mit dem bezaubernden Glanz des Chrysopras, einem Stein von intensiver gr\u00fcner Farbe. Chrysopras, bekannt f\u00fcr seine beruhigende Wirkung auf die Sinne, unterst\u00fctzt das emotionale Gleichgewicht. Leichte Ohrringe sorgen f\u00fcr ganzt\u00e4gigen Tragekomfort, und mit der Zeit oxidiert das Kupfer, was dem Schmuck einen einzigartigen Vintage-Charakter verleiht. Ideal f\u00fcr jeden Anlass, verleihen sie Alltagslooks und Abendkreationen einen subtilen Charme.   <\/p>\n<p>&nbsp;<\/p>\n<\/div>\n<\/div>\n<\/div>\n<\/div>\n<p class=\"p1\">Ich verpacke den Schmuck sorgf\u00e4ltig in einer dekorativen Schachtel, sodass er sofort als Geschenk bereit ist.<\/p>\n","protected":false},"featured_media":3885,"template":"","meta":{"inline_featured_image":false},"product_brand":[],"product_cat":[367],"product_tag":[265,368],"class_list":{"0":"post-3883","1":"product","2":"type-product","3":"status-publish","4":"has-post-thumbnail","6":"product_cat-ohrringe","7":"product_tag-chrysopras","8":"product_tag-kupfer","10":"first","11":"instock","12":"taxable","13":"shipping-taxable","14":"purchasable","15":"product-type-simple"},"yoast_head":"<!-- This site is optimized with the Yoast SEO plugin v27.5 - https:\/\/yoast.com\/product\/yoast-seo-wordpress\/ -->\n<title>Nat\u00fcrliche Sch\u00f6nheit: Ohrringe mit Chrysopras in Kupfer - Spirit Dust<\/title>\n<meta name=\"description\" content=\"Ohrringe mit Chrysopras in Kupfer vereinen die nat\u00fcrliche Sch\u00f6nheit des intensiven Gr\u00fcns des Steins mit der W\u00e4rme des Kupfers und kreieren so ein einzigartiges Schmuckst\u00fcck, das Charme verleiht.\" \/>\n<meta name=\"robots\" content=\"index, follow, max-snippet:-1, max-image-preview:large, max-video-preview:-1\" \/>\n<link rel=\"canonical\" href=\"https:\/\/spiritdust.pl\/de\/produkt\/natuerliche-schoenheit-ohrringe-mit-chrysopras-in-kupfer\/\" \/>\n<meta property=\"og:locale\" content=\"de_DE\" \/>\n<meta property=\"og:type\" content=\"article\" \/>\n<meta property=\"og:title\" content=\"Nat\u00fcrliche Sch\u00f6nheit: Ohrringe mit Chrysopras in Kupfer - Spirit Dust\" \/>\n<meta property=\"og:description\" content=\"Ohrringe mit Chrysopras in Kupfer vereinen die nat\u00fcrliche Sch\u00f6nheit des intensiven Gr\u00fcns des Steins mit der W\u00e4rme des Kupfers und kreieren so ein einzigartiges Schmuckst\u00fcck, das Charme verleiht.\" \/>\n<meta property=\"og:url\" content=\"https:\/\/spiritdust.pl\/de\/produkt\/natuerliche-schoenheit-ohrringe-mit-chrysopras-in-kupfer\/\" \/>\n<meta property=\"og:site_name\" content=\"Spirit Dust\" \/>\n<meta property=\"article:publisher\" content=\"https:\/\/www.facebook.com\/spiritdustmj\/\" \/>\n<meta property=\"og:image\" content=\"https:\/\/spiritdust.pl\/wp-content\/uploads\/2026\/01\/DSC07710.jpg\" \/>\n\t<meta property=\"og:image:width\" content=\"1088\" \/>\n\t<meta property=\"og:image:height\" content=\"1080\" \/>\n\t<meta property=\"og:image:type\" content=\"image\/jpeg\" \/>\n<meta name=\"twitter:card\" content=\"summary_large_image\" \/>\n<meta name=\"twitter:label1\" content=\"Gesch\u00e4tzte Lesezeit\" \/>\n\t<meta name=\"twitter:data1\" content=\"1\u00a0Minute\" \/>\n<script type=\"application\/ld+json\" class=\"yoast-schema-graph\">{\"@context\":\"https:\\\/\\\/schema.org\",\"@graph\":[{\"@type\":\"WebPage\",\"@id\":\"https:\\\/\\\/spiritdust.pl\\\/de\\\/produkt\\\/natuerliche-schoenheit-ohrringe-mit-chrysopras-in-kupfer\\\/\",\"url\":\"https:\\\/\\\/spiritdust.pl\\\/de\\\/produkt\\\/natuerliche-schoenheit-ohrringe-mit-chrysopras-in-kupfer\\\/\",\"name\":\"Nat\u00fcrliche Sch\u00f6nheit: Ohrringe mit Chrysopras in Kupfer - Spirit Dust\",\"isPartOf\":{\"@id\":\"https:\\\/\\\/green-chough-870564.hostingersite.com\\\/#website\"},\"primaryImageOfPage\":{\"@id\":\"https:\\\/\\\/spiritdust.pl\\\/de\\\/produkt\\\/natuerliche-schoenheit-ohrringe-mit-chrysopras-in-kupfer\\\/#primaryimage\"},\"image\":{\"@id\":\"https:\\\/\\\/spiritdust.pl\\\/de\\\/produkt\\\/natuerliche-schoenheit-ohrringe-mit-chrysopras-in-kupfer\\\/#primaryimage\"},\"thumbnailUrl\":\"https:\\\/\\\/spiritdust.pl\\\/wp-content\\\/uploads\\\/2026\\\/01\\\/DSC07710.jpg\",\"datePublished\":\"2026-01-26T09:21:42+00:00\",\"description\":\"Ohrringe mit Chrysopras in Kupfer vereinen die nat\u00fcrliche Sch\u00f6nheit des intensiven Gr\u00fcns des Steins mit der W\u00e4rme des Kupfers und kreieren so ein einzigartiges Schmuckst\u00fcck, das Charme verleiht.\",\"breadcrumb\":{\"@id\":\"https:\\\/\\\/spiritdust.pl\\\/de\\\/produkt\\\/natuerliche-schoenheit-ohrringe-mit-chrysopras-in-kupfer\\\/#breadcrumb\"},\"inLanguage\":\"de\",\"potentialAction\":[{\"@type\":\"ReadAction\",\"target\":[\"https:\\\/\\\/spiritdust.pl\\\/de\\\/produkt\\\/natuerliche-schoenheit-ohrringe-mit-chrysopras-in-kupfer\\\/\"]}]},{\"@type\":\"ImageObject\",\"inLanguage\":\"de\",\"@id\":\"https:\\\/\\\/spiritdust.pl\\\/de\\\/produkt\\\/natuerliche-schoenheit-ohrringe-mit-chrysopras-in-kupfer\\\/#primaryimage\",\"url\":\"https:\\\/\\\/spiritdust.pl\\\/wp-content\\\/uploads\\\/2026\\\/01\\\/DSC07710.jpg\",\"contentUrl\":\"https:\\\/\\\/spiritdust.pl\\\/wp-content\\\/uploads\\\/2026\\\/01\\\/DSC07710.jpg\",\"width\":1088,\"height\":1080},{\"@type\":\"BreadcrumbList\",\"@id\":\"https:\\\/\\\/spiritdust.pl\\\/de\\\/produkt\\\/natuerliche-schoenheit-ohrringe-mit-chrysopras-in-kupfer\\\/#breadcrumb\",\"itemListElement\":[{\"@type\":\"ListItem\",\"position\":1,\"name\":\"Strona g\u0142\u00f3wna\",\"item\":\"https:\\\/\\\/spiritdust.pl\\\/de\\\/spirit-dust-schmuck-aus-kupfer-silber-und-natursteinen\\\/\"},{\"@type\":\"ListItem\",\"position\":2,\"name\":\"Shop\",\"item\":\"https:\\\/\\\/green-chough-870564.hostingersite.com\\\/shop\\\/\"},{\"@type\":\"ListItem\",\"position\":3,\"name\":\"Nat\u00fcrliche Sch\u00f6nheit: Ohrringe mit Chrysopras in Kupfer\"}]},{\"@type\":\"WebSite\",\"@id\":\"https:\\\/\\\/green-chough-870564.hostingersite.com\\\/#website\",\"url\":\"https:\\\/\\\/green-chough-870564.hostingersite.com\\\/\",\"name\":\"Spirit Dust\",\"description\":\"Bi\u017cuteria z Miedzi, Srebra i Kamieni Naturalnych\",\"publisher\":{\"@id\":\"https:\\\/\\\/green-chough-870564.hostingersite.com\\\/#organization\"},\"potentialAction\":[{\"@type\":\"SearchAction\",\"target\":{\"@type\":\"EntryPoint\",\"urlTemplate\":\"https:\\\/\\\/green-chough-870564.hostingersite.com\\\/?s={search_term_string}\"},\"query-input\":{\"@type\":\"PropertyValueSpecification\",\"valueRequired\":true,\"valueName\":\"search_term_string\"}}],\"inLanguage\":\"de\"},{\"@type\":\"Organization\",\"@id\":\"https:\\\/\\\/green-chough-870564.hostingersite.com\\\/#organization\",\"name\":\"Geisterstaub\",\"url\":\"https:\\\/\\\/green-chough-870564.hostingersite.com\\\/\",\"logo\":{\"@type\":\"ImageObject\",\"inLanguage\":\"de\",\"@id\":\"https:\\\/\\\/green-chough-870564.hostingersite.com\\\/#\\\/schema\\\/logo\\\/image\\\/\",\"url\":\"https:\\\/\\\/spiritdust.pl\\\/wp-content\\\/uploads\\\/2026\\\/01\\\/logo-sd.png\",\"contentUrl\":\"https:\\\/\\\/spiritdust.pl\\\/wp-content\\\/uploads\\\/2026\\\/01\\\/logo-sd.png\",\"width\":251,\"height\":368,\"caption\":\"Geisterstaub\"},\"image\":{\"@id\":\"https:\\\/\\\/green-chough-870564.hostingersite.com\\\/#\\\/schema\\\/logo\\\/image\\\/\"},\"sameAs\":[\"https:\\\/\\\/www.facebook.com\\\/spiritdustmj\\\/\",\"https:\\\/\\\/instagram.com\\\/spirit__dust\"]}]}<\/script>\n<!-- \/ Yoast SEO plugin. -->","yoast_head_json":{"title":"Nat\u00fcrliche Sch\u00f6nheit: Ohrringe mit Chrysopras in Kupfer - Spirit Dust","description":"Ohrringe mit Chrysopras in Kupfer vereinen die nat\u00fcrliche Sch\u00f6nheit des intensiven Gr\u00fcns des Steins mit der W\u00e4rme des Kupfers und kreieren so ein einzigartiges Schmuckst\u00fcck, das Charme verleiht.","robots":{"index":"index","follow":"follow","max-snippet":"max-snippet:-1","max-image-preview":"max-image-preview:large","max-video-preview":"max-video-preview:-1"},"canonical":"https:\/\/spiritdust.pl\/de\/produkt\/natuerliche-schoenheit-ohrringe-mit-chrysopras-in-kupfer\/","og_locale":"de_DE","og_type":"article","og_title":"Nat\u00fcrliche Sch\u00f6nheit: Ohrringe mit Chrysopras in Kupfer - Spirit Dust","og_description":"Ohrringe mit Chrysopras in Kupfer vereinen die nat\u00fcrliche Sch\u00f6nheit des intensiven Gr\u00fcns des Steins mit der W\u00e4rme des Kupfers und kreieren so ein einzigartiges Schmuckst\u00fcck, das Charme verleiht.","og_url":"https:\/\/spiritdust.pl\/de\/produkt\/natuerliche-schoenheit-ohrringe-mit-chrysopras-in-kupfer\/","og_site_name":"Spirit Dust","article_publisher":"https:\/\/www.facebook.com\/spiritdustmj\/","og_image":[{"width":1088,"height":1080,"url":"https:\/\/spiritdust.pl\/wp-content\/uploads\/2026\/01\/DSC07710.jpg","type":"image\/jpeg"}],"twitter_card":"summary_large_image","twitter_misc":{"Gesch\u00e4tzte Lesezeit":"1\u00a0Minute"},"schema":{"@context":"https:\/\/schema.org","@graph":[{"@type":"WebPage","@id":"https:\/\/spiritdust.pl\/de\/produkt\/natuerliche-schoenheit-ohrringe-mit-chrysopras-in-kupfer\/","url":"https:\/\/spiritdust.pl\/de\/produkt\/natuerliche-schoenheit-ohrringe-mit-chrysopras-in-kupfer\/","name":"Nat\u00fcrliche Sch\u00f6nheit: Ohrringe mit Chrysopras in Kupfer - Spirit Dust","isPartOf":{"@id":"https:\/\/green-chough-870564.hostingersite.com\/#website"},"primaryImageOfPage":{"@id":"https:\/\/spiritdust.pl\/de\/produkt\/natuerliche-schoenheit-ohrringe-mit-chrysopras-in-kupfer\/#primaryimage"},"image":{"@id":"https:\/\/spiritdust.pl\/de\/produkt\/natuerliche-schoenheit-ohrringe-mit-chrysopras-in-kupfer\/#primaryimage"},"thumbnailUrl":"https:\/\/spiritdust.pl\/wp-content\/uploads\/2026\/01\/DSC07710.jpg","datePublished":"2026-01-26T09:21:42+00:00","description":"Ohrringe mit Chrysopras in Kupfer vereinen die nat\u00fcrliche Sch\u00f6nheit des intensiven Gr\u00fcns des Steins mit der W\u00e4rme des Kupfers und kreieren so ein einzigartiges Schmuckst\u00fcck, das Charme verleiht.","breadcrumb":{"@id":"https:\/\/spiritdust.pl\/de\/produkt\/natuerliche-schoenheit-ohrringe-mit-chrysopras-in-kupfer\/#breadcrumb"},"inLanguage":"de","potentialAction":[{"@type":"ReadAction","target":["https:\/\/spiritdust.pl\/de\/produkt\/natuerliche-schoenheit-ohrringe-mit-chrysopras-in-kupfer\/"]}]},{"@type":"ImageObject","inLanguage":"de","@id":"https:\/\/spiritdust.pl\/de\/produkt\/natuerliche-schoenheit-ohrringe-mit-chrysopras-in-kupfer\/#primaryimage","url":"https:\/\/spiritdust.pl\/wp-content\/uploads\/2026\/01\/DSC07710.jpg","contentUrl":"https:\/\/spiritdust.pl\/wp-content\/uploads\/2026\/01\/DSC07710.jpg","width":1088,"height":1080},{"@type":"BreadcrumbList","@id":"https:\/\/spiritdust.pl\/de\/produkt\/natuerliche-schoenheit-ohrringe-mit-chrysopras-in-kupfer\/#breadcrumb","itemListElement":[{"@type":"ListItem","position":1,"name":"Strona g\u0142\u00f3wna","item":"https:\/\/spiritdust.pl\/de\/spirit-dust-schmuck-aus-kupfer-silber-und-natursteinen\/"},{"@type":"ListItem","position":2,"name":"Shop","item":"https:\/\/green-chough-870564.hostingersite.com\/shop\/"},{"@type":"ListItem","position":3,"name":"Nat\u00fcrliche Sch\u00f6nheit: Ohrringe mit Chrysopras in Kupfer"}]},{"@type":"WebSite","@id":"https:\/\/green-chough-870564.hostingersite.com\/#website","url":"https:\/\/green-chough-870564.hostingersite.com\/","name":"Spirit Dust","description":"Bi\u017cuteria z Miedzi, Srebra i Kamieni Naturalnych","publisher":{"@id":"https:\/\/green-chough-870564.hostingersite.com\/#organization"},"potentialAction":[{"@type":"SearchAction","target":{"@type":"EntryPoint","urlTemplate":"https:\/\/green-chough-870564.hostingersite.com\/?s={search_term_string}"},"query-input":{"@type":"PropertyValueSpecification","valueRequired":true,"valueName":"search_term_string"}}],"inLanguage":"de"},{"@type":"Organization","@id":"https:\/\/green-chough-870564.hostingersite.com\/#organization","name":"Geisterstaub","url":"https:\/\/green-chough-870564.hostingersite.com\/","logo":{"@type":"ImageObject","inLanguage":"de","@id":"https:\/\/green-chough-870564.hostingersite.com\/#\/schema\/logo\/image\/","url":"https:\/\/spiritdust.pl\/wp-content\/uploads\/2026\/01\/logo-sd.png","contentUrl":"https:\/\/spiritdust.pl\/wp-content\/uploads\/2026\/01\/logo-sd.png","width":251,"height":368,"caption":"Geisterstaub"},"image":{"@id":"https:\/\/green-chough-870564.hostingersite.com\/#\/schema\/logo\/image\/"},"sameAs":["https:\/\/www.facebook.com\/spiritdustmj\/","https:\/\/instagram.com\/spirit__dust"]}]}},"_links":{"self":[{"href":"https:\/\/spiritdust.pl\/de\/wp-json\/wp\/v2\/product\/3883","targetHints":{"allow":["GET"]}}],"collection":[{"href":"https:\/\/spiritdust.pl\/de\/wp-json\/wp\/v2\/product"}],"about":[{"href":"https:\/\/spiritdust.pl\/de\/wp-json\/wp\/v2\/types\/product"}],"version-history":[{"count":0,"href":"https:\/\/spiritdust.pl\/de\/wp-json\/wp\/v2\/product\/3883\/revisions"}],"wp:featuredmedia":[{"embeddable":true,"href":"https:\/\/spiritdust.pl\/de\/wp-json\/wp\/v2\/media\/3885"}],"wp:attachment":[{"href":"https:\/\/spiritdust.pl\/de\/wp-json\/wp\/v2\/media?parent=3883"}],"wp:term":[{"taxonomy":"product_brand","embeddable":true,"href":"https:\/\/spiritdust.pl\/de\/wp-json\/wp\/v2\/product_brand?post=3883"},{"taxonomy":"product_cat","embeddable":true,"href":"https:\/\/spiritdust.pl\/de\/wp-json\/wp\/v2\/product_cat?post=3883"},{"taxonomy":"product_tag","embeddable":true,"href":"https:\/\/spiritdust.pl\/de\/wp-json\/wp\/v2\/product_tag?post=3883"}],"curies":[{"name":"wp","href":"https:\/\/api.w.org\/{rel}","templated":true}]}}