{"id":3903,"date":"2026-01-26T09:21:41","date_gmt":"2026-01-26T09:21:41","guid":{"rendered":"https:\/\/spiritdust.pl\/produkt\/aquarelltraeume-ohrringe-in-silber-mit-aquamarin\/"},"modified":"2026-01-26T09:21:41","modified_gmt":"2026-01-26T09:21:41","slug":"aquarelltraeume-ohrringe-in-silber-mit-aquamarin","status":"publish","type":"product","link":"https:\/\/spiritdust.pl\/de\/produkt\/aquarelltraeume-ohrringe-in-silber-mit-aquamarin\/","title":{"rendered":"Aquarelltr\u00e4ume: Ohrringe in Silber mit Aquamarin"},"content":{"rendered":"<p><strong>Aquarelltr\u00e4ume: Ohrringe in Silber mit Aquamarin<\/strong><\/p>\n<p>Diese Ohrringe sind eine ausgezeichnete Wahl f\u00fcr alle, die Schlichtheit und Eleganz sch\u00e4tzen. Gefertigt aus hochwertigem Silber, mit einem zarten Aquamarin, der das Licht wundersch\u00f6n reflektiert und einen subtilen Glanz verleiht. <\/p>\n<p><strong>Aquamarin<\/strong> symbolisiert Ruhe und Harmonie, daher kann das Tragen dieser Ohrringe eine angenehme Erinnerung an Entspannung und Wohlbefinden sein. Sie sind leicht und bequem, wodurch sie sowohl im Alltag als auch zu besonderen Anl\u00e4ssen perfekt passen. <\/p>\n<p>Ideal als Erg\u00e4nzung deines Outfits oder als Geschenk f\u00fcr einen lieben Menschen. Schlicht und ohne unn\u00f6tige Extras \u2013 einfach wundersch\u00f6n! <\/p>\n","protected":false},"excerpt":{"rendered":"<div class=\"flex-shrink-0 flex flex-col relative items-end\">\n<div class=\"pt-0\">\n<div class=\"gizmo-bot-avatar flex h-8 w-8 items-center justify-center overflow-hidden rounded-full\">\n<div class=\"relative p-1 rounded-sm flex items-center justify-center bg-token-main-surface-primary text-token-text-primary h-8 w-8\">Diese Aquamarin-Ohrringe sind ein wahrer Augenschmaus! Aus Silber gefertigt, zieht ihr zartes Blau die Blicke auf sich und verleiht jedem Outfit Frische. Leicht und bequem, eignen sie sich perfekt f\u00fcr den Alltag, aber auch f\u00fcr besondere Anl\u00e4sse. Ideal, wenn du deinem Look einen Hauch von Charme verleihen m\u00f6chtest!   <\/div>\n<\/div>\n<\/div>\n<\/div>\n<p>&nbsp;<\/p>\n<p class=\"p1\">Ich verpacke den Schmuck sorgf\u00e4ltig in einer dekorativen Schachtel, sodass er sofort als Geschenk bereit ist.<\/p>\n","protected":false},"featured_media":7072,"template":"","meta":{"inline_featured_image":false},"product_brand":[],"product_cat":[167,197],"product_tag":[199],"class_list":{"0":"post-3903","1":"product","2":"type-product","3":"status-publish","4":"has-post-thumbnail","6":"product_cat-schmuck","7":"product_cat-silberohrringe","8":"product_tag-silber","10":"first","11":"instock","12":"sale","13":"taxable","14":"shipping-taxable","15":"purchasable","16":"product-type-simple"},"yoast_head":"<!-- This site is optimized with the Yoast SEO plugin v27.5 - https:\/\/yoast.com\/product\/yoast-seo-wordpress\/ -->\n<title>Aquarelltr\u00e4ume: Ohrringe in Silber mit Aquamarin - Spirit Dust<\/title>\n<meta name=\"description\" content=\"Silberne Aquamarin-Ohrringe sind ein elegantes Accessoire, das jedes Outfit perfekt erg\u00e4nzt, sowohl im Alltag als auch zu besonderen Anl\u00e4ssen.\" \/>\n<meta name=\"robots\" content=\"index, follow, max-snippet:-1, max-image-preview:large, max-video-preview:-1\" \/>\n<link rel=\"canonical\" href=\"https:\/\/spiritdust.pl\/de\/produkt\/aquarelltraeume-ohrringe-in-silber-mit-aquamarin\/\" \/>\n<meta property=\"og:locale\" content=\"de_DE\" \/>\n<meta property=\"og:type\" content=\"article\" \/>\n<meta property=\"og:title\" content=\"Aquarelltr\u00e4ume: Ohrringe in Silber mit Aquamarin - Spirit Dust\" \/>\n<meta property=\"og:description\" content=\"Silberne Aquamarin-Ohrringe sind ein elegantes Accessoire, das jedes Outfit perfekt erg\u00e4nzt, sowohl im Alltag als auch zu besonderen Anl\u00e4ssen.\" \/>\n<meta property=\"og:url\" content=\"https:\/\/spiritdust.pl\/de\/produkt\/aquarelltraeume-ohrringe-in-silber-mit-aquamarin\/\" \/>\n<meta property=\"og:site_name\" content=\"Spirit Dust\" \/>\n<meta property=\"article:publisher\" content=\"https:\/\/www.facebook.com\/spiritdustmj\/\" \/>\n<meta property=\"og:image\" content=\"https:\/\/spiritdust.pl\/wp-content\/uploads\/2026\/01\/DSC07692.jpg\" \/>\n\t<meta property=\"og:image:width\" content=\"1088\" \/>\n\t<meta property=\"og:image:height\" content=\"1080\" \/>\n\t<meta property=\"og:image:type\" content=\"image\/jpeg\" \/>\n<meta name=\"twitter:card\" content=\"summary_large_image\" \/>\n<meta name=\"twitter:label1\" content=\"Gesch\u00e4tzte Lesezeit\" \/>\n\t<meta name=\"twitter:data1\" content=\"1\u00a0Minute\" \/>\n<script type=\"application\/ld+json\" class=\"yoast-schema-graph\">{\"@context\":\"https:\\\/\\\/schema.org\",\"@graph\":[{\"@type\":\"WebPage\",\"@id\":\"https:\\\/\\\/spiritdust.pl\\\/de\\\/produkt\\\/aquarelltraeume-ohrringe-in-silber-mit-aquamarin\\\/\",\"url\":\"https:\\\/\\\/spiritdust.pl\\\/de\\\/produkt\\\/aquarelltraeume-ohrringe-in-silber-mit-aquamarin\\\/\",\"name\":\"Aquarelltr\u00e4ume: Ohrringe in Silber mit Aquamarin - Spirit Dust\",\"isPartOf\":{\"@id\":\"https:\\\/\\\/green-chough-870564.hostingersite.com\\\/#website\"},\"primaryImageOfPage\":{\"@id\":\"https:\\\/\\\/spiritdust.pl\\\/de\\\/produkt\\\/aquarelltraeume-ohrringe-in-silber-mit-aquamarin\\\/#primaryimage\"},\"image\":{\"@id\":\"https:\\\/\\\/spiritdust.pl\\\/de\\\/produkt\\\/aquarelltraeume-ohrringe-in-silber-mit-aquamarin\\\/#primaryimage\"},\"thumbnailUrl\":\"https:\\\/\\\/spiritdust.pl\\\/wp-content\\\/uploads\\\/2026\\\/01\\\/DSC07692.jpg\",\"datePublished\":\"2026-01-26T09:21:41+00:00\",\"description\":\"Silberne Aquamarin-Ohrringe sind ein elegantes Accessoire, das jedes Outfit perfekt erg\u00e4nzt, sowohl im Alltag als auch zu besonderen Anl\u00e4ssen.\",\"breadcrumb\":{\"@id\":\"https:\\\/\\\/spiritdust.pl\\\/de\\\/produkt\\\/aquarelltraeume-ohrringe-in-silber-mit-aquamarin\\\/#breadcrumb\"},\"inLanguage\":\"de\",\"potentialAction\":[{\"@type\":\"ReadAction\",\"target\":[\"https:\\\/\\\/spiritdust.pl\\\/de\\\/produkt\\\/aquarelltraeume-ohrringe-in-silber-mit-aquamarin\\\/\"]}]},{\"@type\":\"ImageObject\",\"inLanguage\":\"de\",\"@id\":\"https:\\\/\\\/spiritdust.pl\\\/de\\\/produkt\\\/aquarelltraeume-ohrringe-in-silber-mit-aquamarin\\\/#primaryimage\",\"url\":\"https:\\\/\\\/spiritdust.pl\\\/wp-content\\\/uploads\\\/2026\\\/01\\\/DSC07692.jpg\",\"contentUrl\":\"https:\\\/\\\/spiritdust.pl\\\/wp-content\\\/uploads\\\/2026\\\/01\\\/DSC07692.jpg\",\"width\":1088,\"height\":1080},{\"@type\":\"BreadcrumbList\",\"@id\":\"https:\\\/\\\/spiritdust.pl\\\/de\\\/produkt\\\/aquarelltraeume-ohrringe-in-silber-mit-aquamarin\\\/#breadcrumb\",\"itemListElement\":[{\"@type\":\"ListItem\",\"position\":1,\"name\":\"Strona g\u0142\u00f3wna\",\"item\":\"https:\\\/\\\/spiritdust.pl\\\/de\\\/spirit-dust-schmuck-aus-kupfer-silber-und-natursteinen\\\/\"},{\"@type\":\"ListItem\",\"position\":2,\"name\":\"Shop\",\"item\":\"https:\\\/\\\/green-chough-870564.hostingersite.com\\\/shop\\\/\"},{\"@type\":\"ListItem\",\"position\":3,\"name\":\"Aquarelltr\u00e4ume: Ohrringe in Silber mit Aquamarin\"}]},{\"@type\":\"WebSite\",\"@id\":\"https:\\\/\\\/green-chough-870564.hostingersite.com\\\/#website\",\"url\":\"https:\\\/\\\/green-chough-870564.hostingersite.com\\\/\",\"name\":\"Spirit Dust\",\"description\":\"Bi\u017cuteria z Miedzi, Srebra i Kamieni Naturalnych\",\"publisher\":{\"@id\":\"https:\\\/\\\/green-chough-870564.hostingersite.com\\\/#organization\"},\"potentialAction\":[{\"@type\":\"SearchAction\",\"target\":{\"@type\":\"EntryPoint\",\"urlTemplate\":\"https:\\\/\\\/green-chough-870564.hostingersite.com\\\/?s={search_term_string}\"},\"query-input\":{\"@type\":\"PropertyValueSpecification\",\"valueRequired\":true,\"valueName\":\"search_term_string\"}}],\"inLanguage\":\"de\"},{\"@type\":\"Organization\",\"@id\":\"https:\\\/\\\/green-chough-870564.hostingersite.com\\\/#organization\",\"name\":\"Geisterstaub\",\"url\":\"https:\\\/\\\/green-chough-870564.hostingersite.com\\\/\",\"logo\":{\"@type\":\"ImageObject\",\"inLanguage\":\"de\",\"@id\":\"https:\\\/\\\/green-chough-870564.hostingersite.com\\\/#\\\/schema\\\/logo\\\/image\\\/\",\"url\":\"https:\\\/\\\/spiritdust.pl\\\/wp-content\\\/uploads\\\/2026\\\/01\\\/logo-sd.png\",\"contentUrl\":\"https:\\\/\\\/spiritdust.pl\\\/wp-content\\\/uploads\\\/2026\\\/01\\\/logo-sd.png\",\"width\":251,\"height\":368,\"caption\":\"Geisterstaub\"},\"image\":{\"@id\":\"https:\\\/\\\/green-chough-870564.hostingersite.com\\\/#\\\/schema\\\/logo\\\/image\\\/\"},\"sameAs\":[\"https:\\\/\\\/www.facebook.com\\\/spiritdustmj\\\/\",\"https:\\\/\\\/instagram.com\\\/spirit__dust\"]}]}<\/script>\n<!-- \/ Yoast SEO plugin. -->","yoast_head_json":{"title":"Aquarelltr\u00e4ume: Ohrringe in Silber mit Aquamarin - Spirit Dust","description":"Silberne Aquamarin-Ohrringe sind ein elegantes Accessoire, das jedes Outfit perfekt erg\u00e4nzt, sowohl im Alltag als auch zu besonderen Anl\u00e4ssen.","robots":{"index":"index","follow":"follow","max-snippet":"max-snippet:-1","max-image-preview":"max-image-preview:large","max-video-preview":"max-video-preview:-1"},"canonical":"https:\/\/spiritdust.pl\/de\/produkt\/aquarelltraeume-ohrringe-in-silber-mit-aquamarin\/","og_locale":"de_DE","og_type":"article","og_title":"Aquarelltr\u00e4ume: Ohrringe in Silber mit Aquamarin - Spirit Dust","og_description":"Silberne Aquamarin-Ohrringe sind ein elegantes Accessoire, das jedes Outfit perfekt erg\u00e4nzt, sowohl im Alltag als auch zu besonderen Anl\u00e4ssen.","og_url":"https:\/\/spiritdust.pl\/de\/produkt\/aquarelltraeume-ohrringe-in-silber-mit-aquamarin\/","og_site_name":"Spirit Dust","article_publisher":"https:\/\/www.facebook.com\/spiritdustmj\/","og_image":[{"width":1088,"height":1080,"url":"https:\/\/spiritdust.pl\/wp-content\/uploads\/2026\/01\/DSC07692.jpg","type":"image\/jpeg"}],"twitter_card":"summary_large_image","twitter_misc":{"Gesch\u00e4tzte Lesezeit":"1\u00a0Minute"},"schema":{"@context":"https:\/\/schema.org","@graph":[{"@type":"WebPage","@id":"https:\/\/spiritdust.pl\/de\/produkt\/aquarelltraeume-ohrringe-in-silber-mit-aquamarin\/","url":"https:\/\/spiritdust.pl\/de\/produkt\/aquarelltraeume-ohrringe-in-silber-mit-aquamarin\/","name":"Aquarelltr\u00e4ume: Ohrringe in Silber mit Aquamarin - Spirit Dust","isPartOf":{"@id":"https:\/\/green-chough-870564.hostingersite.com\/#website"},"primaryImageOfPage":{"@id":"https:\/\/spiritdust.pl\/de\/produkt\/aquarelltraeume-ohrringe-in-silber-mit-aquamarin\/#primaryimage"},"image":{"@id":"https:\/\/spiritdust.pl\/de\/produkt\/aquarelltraeume-ohrringe-in-silber-mit-aquamarin\/#primaryimage"},"thumbnailUrl":"https:\/\/spiritdust.pl\/wp-content\/uploads\/2026\/01\/DSC07692.jpg","datePublished":"2026-01-26T09:21:41+00:00","description":"Silberne Aquamarin-Ohrringe sind ein elegantes Accessoire, das jedes Outfit perfekt erg\u00e4nzt, sowohl im Alltag als auch zu besonderen Anl\u00e4ssen.","breadcrumb":{"@id":"https:\/\/spiritdust.pl\/de\/produkt\/aquarelltraeume-ohrringe-in-silber-mit-aquamarin\/#breadcrumb"},"inLanguage":"de","potentialAction":[{"@type":"ReadAction","target":["https:\/\/spiritdust.pl\/de\/produkt\/aquarelltraeume-ohrringe-in-silber-mit-aquamarin\/"]}]},{"@type":"ImageObject","inLanguage":"de","@id":"https:\/\/spiritdust.pl\/de\/produkt\/aquarelltraeume-ohrringe-in-silber-mit-aquamarin\/#primaryimage","url":"https:\/\/spiritdust.pl\/wp-content\/uploads\/2026\/01\/DSC07692.jpg","contentUrl":"https:\/\/spiritdust.pl\/wp-content\/uploads\/2026\/01\/DSC07692.jpg","width":1088,"height":1080},{"@type":"BreadcrumbList","@id":"https:\/\/spiritdust.pl\/de\/produkt\/aquarelltraeume-ohrringe-in-silber-mit-aquamarin\/#breadcrumb","itemListElement":[{"@type":"ListItem","position":1,"name":"Strona g\u0142\u00f3wna","item":"https:\/\/spiritdust.pl\/de\/spirit-dust-schmuck-aus-kupfer-silber-und-natursteinen\/"},{"@type":"ListItem","position":2,"name":"Shop","item":"https:\/\/green-chough-870564.hostingersite.com\/shop\/"},{"@type":"ListItem","position":3,"name":"Aquarelltr\u00e4ume: Ohrringe in Silber mit Aquamarin"}]},{"@type":"WebSite","@id":"https:\/\/green-chough-870564.hostingersite.com\/#website","url":"https:\/\/green-chough-870564.hostingersite.com\/","name":"Spirit Dust","description":"Bi\u017cuteria z Miedzi, Srebra i Kamieni Naturalnych","publisher":{"@id":"https:\/\/green-chough-870564.hostingersite.com\/#organization"},"potentialAction":[{"@type":"SearchAction","target":{"@type":"EntryPoint","urlTemplate":"https:\/\/green-chough-870564.hostingersite.com\/?s={search_term_string}"},"query-input":{"@type":"PropertyValueSpecification","valueRequired":true,"valueName":"search_term_string"}}],"inLanguage":"de"},{"@type":"Organization","@id":"https:\/\/green-chough-870564.hostingersite.com\/#organization","name":"Geisterstaub","url":"https:\/\/green-chough-870564.hostingersite.com\/","logo":{"@type":"ImageObject","inLanguage":"de","@id":"https:\/\/green-chough-870564.hostingersite.com\/#\/schema\/logo\/image\/","url":"https:\/\/spiritdust.pl\/wp-content\/uploads\/2026\/01\/logo-sd.png","contentUrl":"https:\/\/spiritdust.pl\/wp-content\/uploads\/2026\/01\/logo-sd.png","width":251,"height":368,"caption":"Geisterstaub"},"image":{"@id":"https:\/\/green-chough-870564.hostingersite.com\/#\/schema\/logo\/image\/"},"sameAs":["https:\/\/www.facebook.com\/spiritdustmj\/","https:\/\/instagram.com\/spirit__dust"]}]}},"_links":{"self":[{"href":"https:\/\/spiritdust.pl\/de\/wp-json\/wp\/v2\/product\/3903","targetHints":{"allow":["GET"]}}],"collection":[{"href":"https:\/\/spiritdust.pl\/de\/wp-json\/wp\/v2\/product"}],"about":[{"href":"https:\/\/spiritdust.pl\/de\/wp-json\/wp\/v2\/types\/product"}],"version-history":[{"count":0,"href":"https:\/\/spiritdust.pl\/de\/wp-json\/wp\/v2\/product\/3903\/revisions"}],"wp:featuredmedia":[{"embeddable":true,"href":"https:\/\/spiritdust.pl\/de\/wp-json\/wp\/v2\/media\/7072"}],"wp:attachment":[{"href":"https:\/\/spiritdust.pl\/de\/wp-json\/wp\/v2\/media?parent=3903"}],"wp:term":[{"taxonomy":"product_brand","embeddable":true,"href":"https:\/\/spiritdust.pl\/de\/wp-json\/wp\/v2\/product_brand?post=3903"},{"taxonomy":"product_cat","embeddable":true,"href":"https:\/\/spiritdust.pl\/de\/wp-json\/wp\/v2\/product_cat?post=3903"},{"taxonomy":"product_tag","embeddable":true,"href":"https:\/\/spiritdust.pl\/de\/wp-json\/wp\/v2\/product_tag?post=3903"}],"curies":[{"name":"wp","href":"https:\/\/api.w.org\/{rel}","templated":true}]}}