{"id":4007,"date":"2026-01-26T09:18:34","date_gmt":"2026-01-26T09:18:34","guid":{"rendered":"https:\/\/spiritdust.pl\/produkt\/runen-talisman-fehu-mit-achatspitze\/"},"modified":"2026-01-26T09:18:34","modified_gmt":"2026-01-26T09:18:34","slug":"runen-talisman-fehu-mit-achatspitze","status":"publish","type":"product","link":"https:\/\/spiritdust.pl\/de\/produkt\/runen-talisman-fehu-mit-achatspitze\/","title":{"rendered":"Runen-Talisman Fehu mit Achatspitze"},"content":{"rendered":"<p><strong>Achat<\/strong> ist ein Stein mit harmonisierenden Eigenschaften, bekannt f\u00fcr Stabilit\u00e4t und Energiekl\u00e4rung. Pfeilspitzen aus Achat symbolisieren St\u00e4rke und Ruhe. Ihre Pr\u00e4senz kann Gl\u00fcck und Erfolg bringen.  <\/p>\n<p>&nbsp;<\/p>\n<p>Die Oxidation von Kupfer ist ein nat\u00fcrlicher Prozess, der durch die Einwirkung von Luft, Wasser und anderen Verbindungen entsteht.<\/p>\n<p>&nbsp;<\/p>\n<p class=\"p1\"><em><span class=\"s1\">Wie reinigst du Kupferschmuck?<\/span><\/em><\/p>\n<p class=\"p1\" style=\"text-align: left\"><span class=\"s1\"><strong>Natronpaste<\/strong>:<\/span><strong><span class=\"s1\"> <\/span><\/strong><span class=\"s1\">Mische gleiche Mengen Salz und Natron mit etwas Zitronensaft, bis du eine Paste erh\u00e4ltst.<\/span><\/p>\n<p class=\"p1\"><strong class=\"whb\">Salz- und Essigl\u00f6sung: <\/strong>Kochsalz und Essig sind ebenfalls ein einfaches Reinigungsmittel, das du mit Haushaltsartikeln zubereiten kannst. Mische einfach gleiche Mengen Essig und Salz, um eine L\u00f6sung zur Reinigung deines Kupferschmucks zu erhalten. <\/p>\n<p class=\"p1\"><strong class=\"whb\">Zitrone mit Salz: <\/strong>Wenn du eine Zitrone hast, kannst du sie in Kupferschmuck reiben, um ihn zu reinigen. Bestreue die Zitrone einfach mit Salz und reibe den Schmuck damit ab.  (Falls du eine tiefere Reinigung ben\u00f6tigst, f\u00fcge auch etwas Maismehl und Natron zur Zitrone hinzu. Das sorgt f\u00fcr eine tiefere Reinigung.)<\/p>\n<p class=\"p1\"><strong class=\"whb\">Ketchup: <\/strong>funktioniert normalerweise gut bei Schmuck mit vielen Details. Ketchup kann direkt auf den Schmuck aufgetragen und dann mit den Fingern oder einem Tuch eingerieben werden. <\/p>\n<p class=\"p1\"><strong class=\"whb\">Wasser mit milder Seife: <\/strong>Milde Seife oder sogar Sp\u00fclmittel kann f\u00fcr Kupferschmuck verwendet werden. Stelle nur sicher, dass du eine kleine Menge verwendest. Ein paar Tropfen milder Seife reichen aus, um Kupferschmuck zu reinigen.  <\/p>\n","protected":false},"excerpt":{"rendered":"<div class=\"flex-1 overflow-hidden\">\n<div class=\"react-scroll-to-bottom--css-gpzpe-79elbk h-full\">\n<div class=\"react-scroll-to-bottom--css-gpzpe-1n7m0yu\">\n<div class=\"flex flex-col text-sm gizmo:pb-9 dark:bg-gray-800 gizmo:dark:bg-transparent\">\n<div class=\"w-full text-token-text-primary border-b border-black\/10 gizmo:border-0 dark:border-gray-900\/50 gizmo:dark:border-0 bg-gray-50 gizmo:bg-transparent dark:bg-[#444654] gizmo:dark:bg-transparent\" data-testid=\"conversation-turn-5\">\n<div class=\"p-4 gizmo:py-2 justify-center text-base md:gap-6 md:py-6 m-auto\">\n<div class=\"flex flex-1 gap-4 text-base mx-auto md:gap-6 gizmo:gap-3 gizmo:md:px-5 gizmo:lg:px-1 gizmo:xl:px-5 md:max-w-2xl lg:max-w-[38rem] gizmo:md:max-w-3xl gizmo:lg:max-w-[40rem] gizmo:xl:max-w-[48rem] xl:max-w-3xl } group final-completion\">\n<div class=\"relative flex w-[calc(100%-50px)] flex-col gizmo:w-full lg:w-[calc(100%-115px)] agent-turn\">\n<div class=\"flex-col gap-1 md:gap-3\">\n<div class=\"flex flex-grow flex-col max-w-full gap-3 gizmo:gap-0\">\n<div class=\"min-h-[20px] text-message flex flex-col items-start gap-3 whitespace-pre-wrap break-words [.text-message+&amp;]:mt-5 overflow-x-auto\" data-message-author-role=\"assistant\" data-message-id=\"1b122955-23be-4dd9-98ec-1a093db6e5d7\">\n<div class=\"markdown prose w-full break-words dark:prose-invert dark\">\n<p>Die Halskette mit Fehu-Rune und Achatspitze ist ein au\u00dfergew\u00f6hnliches Amulett, das alte Runensymbolik mit der nat\u00fcrlichen Energie des Achatsteins verbindet. Die Fehu-Rune, die Reichtum und F\u00fclle symbolisiert, ist das Hauptelement dieses Amuletts und bringt ihrem Tr\u00e4ger Erfolg und Wohlstand im materiellen Leben. Die Achatspitze verleiht diesem Talisman Stabilit\u00e4t, Harmonie und energetischen Schutz. Diese mystische Halskette schm\u00fcckt nicht nur, sondern bietet auch Unterst\u00fctzung und positive Energie im Alltag.   <\/p>\n<p>&nbsp;<\/p>\n<\/div>\n<\/div>\n<\/div>\n<\/div>\n<\/div>\n<\/div>\n<\/div>\n<\/div>\n<\/div>\n<\/div>\n<\/div>\n<\/div>\n<p><em><span class=\"s1\">Ma\u00dfe des Anh\u00e4ngers: <\/span><\/em><em>L 4,5 cm x B 2,4 cm<\/em><\/p>\n<p><em><span class=\"s1\">Die L\u00e4nge des Lederriemens ist durch einen Schiebeknoten verstellbar.<\/span><\/em><\/p>\n<p>&nbsp;<\/p>\n<p class=\"p1\">Ich verpacke den Schmuck in einer dekorativen Schachtel und lege jeder Bestellung einen Beutel sowie zuf\u00e4llige Aufkleber als Geschenk bei. \u2728<\/p>\n","protected":false},"featured_media":4009,"template":"","meta":{"inline_featured_image":false},"product_brand":[],"product_cat":[253,167],"product_tag":[231],"class_list":{"0":"post-4007","1":"product","2":"type-product","3":"status-publish","4":"has-post-thumbnail","6":"product_cat-halsketten","7":"product_cat-schmuck","8":"product_tag-achat","10":"first","11":"instock","12":"sale","13":"taxable","14":"shipping-taxable","15":"purchasable","16":"product-type-simple"},"yoast_head":"<!-- This site is optimized with the Yoast SEO plugin v27.5 - https:\/\/yoast.com\/product\/yoast-seo-wordpress\/ -->\n<title>Runen-Talisman Fehu mit Achatspitze - Spirit Dust<\/title>\n<meta name=\"description\" content=\"Die Fehu-Halskette mit einer eingravierten alten Rune, die Reichtum symbolisiert, und einer Achatspitze ist ein m\u00e4chtiges Amulett, das F\u00fclle und St\u00e4rke bringt.\" \/>\n<meta name=\"robots\" content=\"index, follow, max-snippet:-1, max-image-preview:large, max-video-preview:-1\" \/>\n<link rel=\"canonical\" href=\"https:\/\/spiritdust.pl\/de\/produkt\/runen-talisman-fehu-mit-achatspitze\/\" \/>\n<meta property=\"og:locale\" content=\"de_DE\" \/>\n<meta property=\"og:type\" content=\"article\" \/>\n<meta property=\"og:title\" content=\"Runen-Talisman Fehu mit Achatspitze - Spirit Dust\" \/>\n<meta property=\"og:description\" content=\"Die Fehu-Halskette mit einer eingravierten alten Rune, die Reichtum symbolisiert, und einer Achatspitze ist ein m\u00e4chtiges Amulett, das F\u00fclle und St\u00e4rke bringt.\" \/>\n<meta property=\"og:url\" content=\"https:\/\/spiritdust.pl\/de\/produkt\/runen-talisman-fehu-mit-achatspitze\/\" \/>\n<meta property=\"og:site_name\" content=\"Spirit Dust\" \/>\n<meta property=\"article:publisher\" content=\"https:\/\/www.facebook.com\/spiritdustmj\/\" \/>\n<meta property=\"og:image\" content=\"https:\/\/spiritdust.pl\/wp-content\/uploads\/2026\/01\/DSC05402.jpg\" \/>\n\t<meta property=\"og:image:width\" content=\"1088\" \/>\n\t<meta property=\"og:image:height\" content=\"1080\" \/>\n\t<meta property=\"og:image:type\" content=\"image\/jpeg\" \/>\n<meta name=\"twitter:card\" content=\"summary_large_image\" \/>\n<meta name=\"twitter:label1\" content=\"Gesch\u00e4tzte Lesezeit\" \/>\n\t<meta name=\"twitter:data1\" content=\"1\u00a0Minute\" \/>\n<script type=\"application\/ld+json\" class=\"yoast-schema-graph\">{\"@context\":\"https:\\\/\\\/schema.org\",\"@graph\":[{\"@type\":\"WebPage\",\"@id\":\"https:\\\/\\\/spiritdust.pl\\\/de\\\/produkt\\\/runen-talisman-fehu-mit-achatspitze\\\/\",\"url\":\"https:\\\/\\\/spiritdust.pl\\\/de\\\/produkt\\\/runen-talisman-fehu-mit-achatspitze\\\/\",\"name\":\"Runen-Talisman Fehu mit Achatspitze - Spirit Dust\",\"isPartOf\":{\"@id\":\"https:\\\/\\\/green-chough-870564.hostingersite.com\\\/#website\"},\"primaryImageOfPage\":{\"@id\":\"https:\\\/\\\/spiritdust.pl\\\/de\\\/produkt\\\/runen-talisman-fehu-mit-achatspitze\\\/#primaryimage\"},\"image\":{\"@id\":\"https:\\\/\\\/spiritdust.pl\\\/de\\\/produkt\\\/runen-talisman-fehu-mit-achatspitze\\\/#primaryimage\"},\"thumbnailUrl\":\"https:\\\/\\\/spiritdust.pl\\\/wp-content\\\/uploads\\\/2026\\\/01\\\/DSC05402.jpg\",\"datePublished\":\"2026-01-26T09:18:34+00:00\",\"description\":\"Die Fehu-Halskette mit einer eingravierten alten Rune, die Reichtum symbolisiert, und einer Achatspitze ist ein m\u00e4chtiges Amulett, das F\u00fclle und St\u00e4rke bringt.\",\"breadcrumb\":{\"@id\":\"https:\\\/\\\/spiritdust.pl\\\/de\\\/produkt\\\/runen-talisman-fehu-mit-achatspitze\\\/#breadcrumb\"},\"inLanguage\":\"de\",\"potentialAction\":[{\"@type\":\"ReadAction\",\"target\":[\"https:\\\/\\\/spiritdust.pl\\\/de\\\/produkt\\\/runen-talisman-fehu-mit-achatspitze\\\/\"]}]},{\"@type\":\"ImageObject\",\"inLanguage\":\"de\",\"@id\":\"https:\\\/\\\/spiritdust.pl\\\/de\\\/produkt\\\/runen-talisman-fehu-mit-achatspitze\\\/#primaryimage\",\"url\":\"https:\\\/\\\/spiritdust.pl\\\/wp-content\\\/uploads\\\/2026\\\/01\\\/DSC05402.jpg\",\"contentUrl\":\"https:\\\/\\\/spiritdust.pl\\\/wp-content\\\/uploads\\\/2026\\\/01\\\/DSC05402.jpg\",\"width\":1088,\"height\":1080},{\"@type\":\"BreadcrumbList\",\"@id\":\"https:\\\/\\\/spiritdust.pl\\\/de\\\/produkt\\\/runen-talisman-fehu-mit-achatspitze\\\/#breadcrumb\",\"itemListElement\":[{\"@type\":\"ListItem\",\"position\":1,\"name\":\"Strona g\u0142\u00f3wna\",\"item\":\"https:\\\/\\\/spiritdust.pl\\\/de\\\/spirit-dust-schmuck-aus-kupfer-silber-und-natursteinen\\\/\"},{\"@type\":\"ListItem\",\"position\":2,\"name\":\"Shop\",\"item\":\"https:\\\/\\\/green-chough-870564.hostingersite.com\\\/shop\\\/\"},{\"@type\":\"ListItem\",\"position\":3,\"name\":\"Runen-Talisman Fehu mit Achatspitze\"}]},{\"@type\":\"WebSite\",\"@id\":\"https:\\\/\\\/green-chough-870564.hostingersite.com\\\/#website\",\"url\":\"https:\\\/\\\/green-chough-870564.hostingersite.com\\\/\",\"name\":\"Spirit Dust\",\"description\":\"Bi\u017cuteria z Miedzi, Srebra i Kamieni Naturalnych\",\"publisher\":{\"@id\":\"https:\\\/\\\/green-chough-870564.hostingersite.com\\\/#organization\"},\"potentialAction\":[{\"@type\":\"SearchAction\",\"target\":{\"@type\":\"EntryPoint\",\"urlTemplate\":\"https:\\\/\\\/green-chough-870564.hostingersite.com\\\/?s={search_term_string}\"},\"query-input\":{\"@type\":\"PropertyValueSpecification\",\"valueRequired\":true,\"valueName\":\"search_term_string\"}}],\"inLanguage\":\"de\"},{\"@type\":\"Organization\",\"@id\":\"https:\\\/\\\/green-chough-870564.hostingersite.com\\\/#organization\",\"name\":\"Geisterstaub\",\"url\":\"https:\\\/\\\/green-chough-870564.hostingersite.com\\\/\",\"logo\":{\"@type\":\"ImageObject\",\"inLanguage\":\"de\",\"@id\":\"https:\\\/\\\/green-chough-870564.hostingersite.com\\\/#\\\/schema\\\/logo\\\/image\\\/\",\"url\":\"https:\\\/\\\/spiritdust.pl\\\/wp-content\\\/uploads\\\/2026\\\/01\\\/logo-sd.png\",\"contentUrl\":\"https:\\\/\\\/spiritdust.pl\\\/wp-content\\\/uploads\\\/2026\\\/01\\\/logo-sd.png\",\"width\":251,\"height\":368,\"caption\":\"Geisterstaub\"},\"image\":{\"@id\":\"https:\\\/\\\/green-chough-870564.hostingersite.com\\\/#\\\/schema\\\/logo\\\/image\\\/\"},\"sameAs\":[\"https:\\\/\\\/www.facebook.com\\\/spiritdustmj\\\/\",\"https:\\\/\\\/instagram.com\\\/spirit__dust\"]}]}<\/script>\n<!-- \/ Yoast SEO plugin. -->","yoast_head_json":{"title":"Runen-Talisman Fehu mit Achatspitze - Spirit Dust","description":"Die Fehu-Halskette mit einer eingravierten alten Rune, die Reichtum symbolisiert, und einer Achatspitze ist ein m\u00e4chtiges Amulett, das F\u00fclle und St\u00e4rke bringt.","robots":{"index":"index","follow":"follow","max-snippet":"max-snippet:-1","max-image-preview":"max-image-preview:large","max-video-preview":"max-video-preview:-1"},"canonical":"https:\/\/spiritdust.pl\/de\/produkt\/runen-talisman-fehu-mit-achatspitze\/","og_locale":"de_DE","og_type":"article","og_title":"Runen-Talisman Fehu mit Achatspitze - Spirit Dust","og_description":"Die Fehu-Halskette mit einer eingravierten alten Rune, die Reichtum symbolisiert, und einer Achatspitze ist ein m\u00e4chtiges Amulett, das F\u00fclle und St\u00e4rke bringt.","og_url":"https:\/\/spiritdust.pl\/de\/produkt\/runen-talisman-fehu-mit-achatspitze\/","og_site_name":"Spirit Dust","article_publisher":"https:\/\/www.facebook.com\/spiritdustmj\/","og_image":[{"width":1088,"height":1080,"url":"https:\/\/spiritdust.pl\/wp-content\/uploads\/2026\/01\/DSC05402.jpg","type":"image\/jpeg"}],"twitter_card":"summary_large_image","twitter_misc":{"Gesch\u00e4tzte Lesezeit":"1\u00a0Minute"},"schema":{"@context":"https:\/\/schema.org","@graph":[{"@type":"WebPage","@id":"https:\/\/spiritdust.pl\/de\/produkt\/runen-talisman-fehu-mit-achatspitze\/","url":"https:\/\/spiritdust.pl\/de\/produkt\/runen-talisman-fehu-mit-achatspitze\/","name":"Runen-Talisman Fehu mit Achatspitze - Spirit Dust","isPartOf":{"@id":"https:\/\/green-chough-870564.hostingersite.com\/#website"},"primaryImageOfPage":{"@id":"https:\/\/spiritdust.pl\/de\/produkt\/runen-talisman-fehu-mit-achatspitze\/#primaryimage"},"image":{"@id":"https:\/\/spiritdust.pl\/de\/produkt\/runen-talisman-fehu-mit-achatspitze\/#primaryimage"},"thumbnailUrl":"https:\/\/spiritdust.pl\/wp-content\/uploads\/2026\/01\/DSC05402.jpg","datePublished":"2026-01-26T09:18:34+00:00","description":"Die Fehu-Halskette mit einer eingravierten alten Rune, die Reichtum symbolisiert, und einer Achatspitze ist ein m\u00e4chtiges Amulett, das F\u00fclle und St\u00e4rke bringt.","breadcrumb":{"@id":"https:\/\/spiritdust.pl\/de\/produkt\/runen-talisman-fehu-mit-achatspitze\/#breadcrumb"},"inLanguage":"de","potentialAction":[{"@type":"ReadAction","target":["https:\/\/spiritdust.pl\/de\/produkt\/runen-talisman-fehu-mit-achatspitze\/"]}]},{"@type":"ImageObject","inLanguage":"de","@id":"https:\/\/spiritdust.pl\/de\/produkt\/runen-talisman-fehu-mit-achatspitze\/#primaryimage","url":"https:\/\/spiritdust.pl\/wp-content\/uploads\/2026\/01\/DSC05402.jpg","contentUrl":"https:\/\/spiritdust.pl\/wp-content\/uploads\/2026\/01\/DSC05402.jpg","width":1088,"height":1080},{"@type":"BreadcrumbList","@id":"https:\/\/spiritdust.pl\/de\/produkt\/runen-talisman-fehu-mit-achatspitze\/#breadcrumb","itemListElement":[{"@type":"ListItem","position":1,"name":"Strona g\u0142\u00f3wna","item":"https:\/\/spiritdust.pl\/de\/spirit-dust-schmuck-aus-kupfer-silber-und-natursteinen\/"},{"@type":"ListItem","position":2,"name":"Shop","item":"https:\/\/green-chough-870564.hostingersite.com\/shop\/"},{"@type":"ListItem","position":3,"name":"Runen-Talisman Fehu mit Achatspitze"}]},{"@type":"WebSite","@id":"https:\/\/green-chough-870564.hostingersite.com\/#website","url":"https:\/\/green-chough-870564.hostingersite.com\/","name":"Spirit Dust","description":"Bi\u017cuteria z Miedzi, Srebra i Kamieni Naturalnych","publisher":{"@id":"https:\/\/green-chough-870564.hostingersite.com\/#organization"},"potentialAction":[{"@type":"SearchAction","target":{"@type":"EntryPoint","urlTemplate":"https:\/\/green-chough-870564.hostingersite.com\/?s={search_term_string}"},"query-input":{"@type":"PropertyValueSpecification","valueRequired":true,"valueName":"search_term_string"}}],"inLanguage":"de"},{"@type":"Organization","@id":"https:\/\/green-chough-870564.hostingersite.com\/#organization","name":"Geisterstaub","url":"https:\/\/green-chough-870564.hostingersite.com\/","logo":{"@type":"ImageObject","inLanguage":"de","@id":"https:\/\/green-chough-870564.hostingersite.com\/#\/schema\/logo\/image\/","url":"https:\/\/spiritdust.pl\/wp-content\/uploads\/2026\/01\/logo-sd.png","contentUrl":"https:\/\/spiritdust.pl\/wp-content\/uploads\/2026\/01\/logo-sd.png","width":251,"height":368,"caption":"Geisterstaub"},"image":{"@id":"https:\/\/green-chough-870564.hostingersite.com\/#\/schema\/logo\/image\/"},"sameAs":["https:\/\/www.facebook.com\/spiritdustmj\/","https:\/\/instagram.com\/spirit__dust"]}]}},"_links":{"self":[{"href":"https:\/\/spiritdust.pl\/de\/wp-json\/wp\/v2\/product\/4007","targetHints":{"allow":["GET"]}}],"collection":[{"href":"https:\/\/spiritdust.pl\/de\/wp-json\/wp\/v2\/product"}],"about":[{"href":"https:\/\/spiritdust.pl\/de\/wp-json\/wp\/v2\/types\/product"}],"version-history":[{"count":0,"href":"https:\/\/spiritdust.pl\/de\/wp-json\/wp\/v2\/product\/4007\/revisions"}],"wp:featuredmedia":[{"embeddable":true,"href":"https:\/\/spiritdust.pl\/de\/wp-json\/wp\/v2\/media\/4009"}],"wp:attachment":[{"href":"https:\/\/spiritdust.pl\/de\/wp-json\/wp\/v2\/media?parent=4007"}],"wp:term":[{"taxonomy":"product_brand","embeddable":true,"href":"https:\/\/spiritdust.pl\/de\/wp-json\/wp\/v2\/product_brand?post=4007"},{"taxonomy":"product_cat","embeddable":true,"href":"https:\/\/spiritdust.pl\/de\/wp-json\/wp\/v2\/product_cat?post=4007"},{"taxonomy":"product_tag","embeddable":true,"href":"https:\/\/spiritdust.pl\/de\/wp-json\/wp\/v2\/product_tag?post=4007"}],"curies":[{"name":"wp","href":"https:\/\/api.w.org\/{rel}","templated":true}]}}