{"id":4099,"date":"2026-01-26T09:17:00","date_gmt":"2026-01-26T09:17:00","guid":{"rendered":"https:\/\/spiritdust.pl\/produkt\/sonnenkraft-citrin-tigerauge-armband\/"},"modified":"2026-01-26T09:17:00","modified_gmt":"2026-01-26T09:17:00","slug":"sonnenkraft-citrin-tigerauge-armband","status":"publish","type":"product","link":"https:\/\/spiritdust.pl\/de\/produkt\/sonnenkraft-citrin-tigerauge-armband\/","title":{"rendered":"Sonnenkraft &#8211; Citrin, Tigerauge Armband"},"content":{"rendered":"<p data-start=\"303\" data-end=\"638\">Das Armband \u201eSonnenkraft\u201c ist eine energetische Dosis Mut, Licht und Erdung. Seine Farben erinnern an warme Sonnenstrahlen, und seine Bestandteile st\u00e4rken K\u00f6rper und Geist. Jeder Stein bringt etwas Einzigartiges \u2013 zusammen bilden sie eine harmonische Komposition, die dich beim Handeln unterst\u00fctzt, aufmuntert und dir hilft, dich st\u00e4rker zu f\u00fchlen.  <\/p>\n<hr data-start=\"640\" data-end=\"643\">\n<h3 data-start=\"645\" data-end=\"674\">\ud83d\udd25 Wie wirken die Steine?<\/h3>\n<ul data-start=\"676\" data-end=\"1477\">\n<li data-start=\"676\" data-end=\"849\">\n<p data-start=\"678\" data-end=\"849\"><strong data-start=\"678\" data-end=\"694\">Tigerauge<\/strong> sch\u00fctzt und verleiht Selbstvertrauen. Sein nat\u00fcrlicher Glanz st\u00e4rkt das Gef\u00fchl innerer Kraft und sch\u00e4rft gleichzeitig die Intuition und erleichtert Entscheidungen. <\/p>\n<\/li>\n<li data-start=\"851\" data-end=\"1002\">\n<p data-start=\"853\" data-end=\"1002\"><strong data-start=\"853\" data-end=\"864\">H\u00e4matit<\/strong> erdet und regeneriert. Dank seiner metallischen Struktur erh\u00f6ht er die Konzentration, Ausdauer und energetische Widerstandsf\u00e4higkeit gegen \u00dcberlastung. <\/p>\n<\/li>\n<li data-start=\"1004\" data-end=\"1158\">\n<p data-start=\"1006\" data-end=\"1158\"><strong data-start=\"1006\" data-end=\"1016\">Jadeit<\/strong> beruhigt Emotionen und hilft, Balance zu finden. Er gilt nicht nur als Gl\u00fccksstein, sondern auch als Symbol f\u00fcr innere Harmonie und Langlebigkeit. <\/p>\n<\/li>\n<li data-start=\"1160\" data-end=\"1307\">\n<p data-start=\"1162\" data-end=\"1307\"><strong data-start=\"1162\" data-end=\"1172\">Citrin<\/strong> erhellt den Geist und \u00f6ffnet das Herz f\u00fcr Freude. Zudem f\u00f6rdert er die Kreativit\u00e4t und hilft, positive Energie in den Alltag zu ziehen. <\/p>\n<\/li>\n<li data-start=\"1309\" data-end=\"1477\">\n<p data-start=\"1311\" data-end=\"1477\"><strong data-start=\"1311\" data-end=\"1322\">Bronzit<\/strong> wirkt stabilisierend, st\u00e4rkt die Willenskraft und das Gef\u00fchl der Sicherheit. Dank seiner warmen Farbe bringt er Ruhe und verleiht jedem Outfit Eleganz. <\/p>\n<\/li>\n<\/ul>\n<hr data-start=\"1479\" data-end=\"1482\">\n<h3 data-start=\"1484\" data-end=\"1500\">\ud83c\udf1e F\u00fcr wen?<\/h3>\n<p data-start=\"1502\" data-end=\"1798\">F\u00fcr die Frau, die mehr Licht braucht \u2013 nicht nur \u00e4u\u00dferlich, sondern vor allem in sich selbst. F\u00fcr die, die handeln, strahlen und sich selbstbewusst f\u00fchlen m\u00f6chte \u2013 selbst wenn der Tag bew\u00f6lkt ist. \u201eSonnenkraft\u201c ist deine t\u00e4gliche Dosis energetischer Unterst\u00fctzung, die du immer bei dir tragen kannst.  <\/p>\n","protected":false},"excerpt":{"rendered":"<p data-start=\"1827\" data-end=\"1986\">Das Armband \u201eSonnenkraft\u201c ist ein energetischer Talisman, der St\u00e4rke, Gleichgewicht und Selbstvertrauen unterst\u00fctzt. Es vereint Steine mit warmer Kraft und starker Schutzwirkung. <\/p>\n<p>Die Weite ist durch einen Schiebeknoten verstellbar.<\/p>\n<p class=\"p1\">Ich verpacke den Schmuck in einer dekorativen Schachtel und lege jeder Bestellung einen Beutel sowie zuf\u00e4llige Aufkleber als Geschenk bei. \u2728<\/p>\n<p>&nbsp;<\/p>\n<p><strong data-start=\"1081\" data-end=\"1127\">Das Armband wird speziell f\u00fcr dich angefertigt<\/strong> \u2013 du kannst die Farbe der Zwischenst\u00fccke bei der Bestellung w\u00e4hlen.<br data-start=\"1187\" data-end=\"1190\">Aus diesem Grund handelt es sich um ein personalisiertes Produkt, das <strong data-start=\"1246\" data-end=\"1270\">vom Umtausch ausgeschlossen ist<\/strong>, gem\u00e4\u00df den geltenden Bestimmungen.<\/p>\n","protected":false},"featured_media":4104,"template":"","meta":{"inline_featured_image":false},"product_brand":[],"product_cat":[168,167],"product_tag":[336,178,169,173,221],"class_list":{"0":"post-4099","1":"product","2":"type-product","3":"status-publish","4":"has-post-thumbnail","6":"product_cat-armbander","7":"product_cat-schmuck","8":"product_tag-bronzit","9":"product_tag-citrin","10":"product_tag-hamatit","11":"product_tag-jade","12":"product_tag-tigerauge","14":"first","15":"instock","16":"taxable","17":"shipping-taxable","18":"purchasable","19":"product-type-variable"},"yoast_head":"<!-- This site is optimized with the Yoast SEO plugin v27.5 - https:\/\/yoast.com\/product\/yoast-seo-wordpress\/ -->\n<title>Sonnenkraft - Citrin, Tigerauge Armband - Spirit Dust<\/title>\n<meta name=\"description\" content=\"Dieses Armband wirkt wie ein Sonnenstrahl \u2013 es st\u00e4rkt, erhellt und gibt dir Mut, deinen Weg erhobenen Hauptes zu gehen.\" \/>\n<meta name=\"robots\" content=\"index, follow, max-snippet:-1, max-image-preview:large, max-video-preview:-1\" \/>\n<link rel=\"canonical\" href=\"https:\/\/spiritdust.pl\/de\/produkt\/sonnenkraft-citrin-tigerauge-armband\/\" \/>\n<meta property=\"og:locale\" content=\"de_DE\" \/>\n<meta property=\"og:type\" content=\"article\" \/>\n<meta property=\"og:title\" content=\"Sonnenkraft - Citrin, Tigerauge Armband - Spirit Dust\" \/>\n<meta property=\"og:description\" content=\"Dieses Armband wirkt wie ein Sonnenstrahl \u2013 es st\u00e4rkt, erhellt und gibt dir Mut, deinen Weg erhobenen Hauptes zu gehen.\" \/>\n<meta property=\"og:url\" content=\"https:\/\/spiritdust.pl\/de\/produkt\/sonnenkraft-citrin-tigerauge-armband\/\" \/>\n<meta property=\"og:site_name\" content=\"Spirit Dust\" \/>\n<meta property=\"article:publisher\" content=\"https:\/\/www.facebook.com\/spiritdustmj\/\" \/>\n<meta property=\"og:image\" content=\"https:\/\/spiritdust.pl\/wp-content\/uploads\/2026\/01\/DSC03280.jpg\" \/>\n\t<meta property=\"og:image:width\" content=\"1088\" \/>\n\t<meta property=\"og:image:height\" content=\"1080\" \/>\n\t<meta property=\"og:image:type\" content=\"image\/jpeg\" \/>\n<meta name=\"twitter:card\" content=\"summary_large_image\" \/>\n<meta name=\"twitter:label1\" content=\"Gesch\u00e4tzte Lesezeit\" \/>\n\t<meta name=\"twitter:data1\" content=\"1\u00a0Minute\" \/>\n<script type=\"application\/ld+json\" class=\"yoast-schema-graph\">{\"@context\":\"https:\\\/\\\/schema.org\",\"@graph\":[{\"@type\":\"WebPage\",\"@id\":\"https:\\\/\\\/spiritdust.pl\\\/de\\\/produkt\\\/sonnenkraft-citrin-tigerauge-armband\\\/\",\"url\":\"https:\\\/\\\/spiritdust.pl\\\/de\\\/produkt\\\/sonnenkraft-citrin-tigerauge-armband\\\/\",\"name\":\"Sonnenkraft - Citrin, Tigerauge Armband - Spirit Dust\",\"isPartOf\":{\"@id\":\"https:\\\/\\\/green-chough-870564.hostingersite.com\\\/#website\"},\"primaryImageOfPage\":{\"@id\":\"https:\\\/\\\/spiritdust.pl\\\/de\\\/produkt\\\/sonnenkraft-citrin-tigerauge-armband\\\/#primaryimage\"},\"image\":{\"@id\":\"https:\\\/\\\/spiritdust.pl\\\/de\\\/produkt\\\/sonnenkraft-citrin-tigerauge-armband\\\/#primaryimage\"},\"thumbnailUrl\":\"https:\\\/\\\/spiritdust.pl\\\/wp-content\\\/uploads\\\/2026\\\/01\\\/DSC03280.jpg\",\"datePublished\":\"2026-01-26T09:17:00+00:00\",\"description\":\"Dieses Armband wirkt wie ein Sonnenstrahl \u2013 es st\u00e4rkt, erhellt und gibt dir Mut, deinen Weg erhobenen Hauptes zu gehen.\",\"breadcrumb\":{\"@id\":\"https:\\\/\\\/spiritdust.pl\\\/de\\\/produkt\\\/sonnenkraft-citrin-tigerauge-armband\\\/#breadcrumb\"},\"inLanguage\":\"de\",\"potentialAction\":[{\"@type\":\"ReadAction\",\"target\":[\"https:\\\/\\\/spiritdust.pl\\\/de\\\/produkt\\\/sonnenkraft-citrin-tigerauge-armband\\\/\"]}]},{\"@type\":\"ImageObject\",\"inLanguage\":\"de\",\"@id\":\"https:\\\/\\\/spiritdust.pl\\\/de\\\/produkt\\\/sonnenkraft-citrin-tigerauge-armband\\\/#primaryimage\",\"url\":\"https:\\\/\\\/spiritdust.pl\\\/wp-content\\\/uploads\\\/2026\\\/01\\\/DSC03280.jpg\",\"contentUrl\":\"https:\\\/\\\/spiritdust.pl\\\/wp-content\\\/uploads\\\/2026\\\/01\\\/DSC03280.jpg\",\"width\":1088,\"height\":1080},{\"@type\":\"BreadcrumbList\",\"@id\":\"https:\\\/\\\/spiritdust.pl\\\/de\\\/produkt\\\/sonnenkraft-citrin-tigerauge-armband\\\/#breadcrumb\",\"itemListElement\":[{\"@type\":\"ListItem\",\"position\":1,\"name\":\"Strona g\u0142\u00f3wna\",\"item\":\"https:\\\/\\\/spiritdust.pl\\\/de\\\/spirit-dust-schmuck-aus-kupfer-silber-und-natursteinen\\\/\"},{\"@type\":\"ListItem\",\"position\":2,\"name\":\"Shop\",\"item\":\"https:\\\/\\\/green-chough-870564.hostingersite.com\\\/shop\\\/\"},{\"@type\":\"ListItem\",\"position\":3,\"name\":\"Sonnenkraft &#8211; Citrin, Tigerauge Armband\"}]},{\"@type\":\"WebSite\",\"@id\":\"https:\\\/\\\/green-chough-870564.hostingersite.com\\\/#website\",\"url\":\"https:\\\/\\\/green-chough-870564.hostingersite.com\\\/\",\"name\":\"Spirit Dust\",\"description\":\"Bi\u017cuteria z Miedzi, Srebra i Kamieni Naturalnych\",\"publisher\":{\"@id\":\"https:\\\/\\\/green-chough-870564.hostingersite.com\\\/#organization\"},\"potentialAction\":[{\"@type\":\"SearchAction\",\"target\":{\"@type\":\"EntryPoint\",\"urlTemplate\":\"https:\\\/\\\/green-chough-870564.hostingersite.com\\\/?s={search_term_string}\"},\"query-input\":{\"@type\":\"PropertyValueSpecification\",\"valueRequired\":true,\"valueName\":\"search_term_string\"}}],\"inLanguage\":\"de\"},{\"@type\":\"Organization\",\"@id\":\"https:\\\/\\\/green-chough-870564.hostingersite.com\\\/#organization\",\"name\":\"Geisterstaub\",\"url\":\"https:\\\/\\\/green-chough-870564.hostingersite.com\\\/\",\"logo\":{\"@type\":\"ImageObject\",\"inLanguage\":\"de\",\"@id\":\"https:\\\/\\\/green-chough-870564.hostingersite.com\\\/#\\\/schema\\\/logo\\\/image\\\/\",\"url\":\"https:\\\/\\\/spiritdust.pl\\\/wp-content\\\/uploads\\\/2026\\\/01\\\/logo-sd.png\",\"contentUrl\":\"https:\\\/\\\/spiritdust.pl\\\/wp-content\\\/uploads\\\/2026\\\/01\\\/logo-sd.png\",\"width\":251,\"height\":368,\"caption\":\"Geisterstaub\"},\"image\":{\"@id\":\"https:\\\/\\\/green-chough-870564.hostingersite.com\\\/#\\\/schema\\\/logo\\\/image\\\/\"},\"sameAs\":[\"https:\\\/\\\/www.facebook.com\\\/spiritdustmj\\\/\",\"https:\\\/\\\/instagram.com\\\/spirit__dust\"]}]}<\/script>\n<!-- \/ Yoast SEO plugin. -->","yoast_head_json":{"title":"Sonnenkraft - Citrin, Tigerauge Armband - Spirit Dust","description":"Dieses Armband wirkt wie ein Sonnenstrahl \u2013 es st\u00e4rkt, erhellt und gibt dir Mut, deinen Weg erhobenen Hauptes zu gehen.","robots":{"index":"index","follow":"follow","max-snippet":"max-snippet:-1","max-image-preview":"max-image-preview:large","max-video-preview":"max-video-preview:-1"},"canonical":"https:\/\/spiritdust.pl\/de\/produkt\/sonnenkraft-citrin-tigerauge-armband\/","og_locale":"de_DE","og_type":"article","og_title":"Sonnenkraft - Citrin, Tigerauge Armband - Spirit Dust","og_description":"Dieses Armband wirkt wie ein Sonnenstrahl \u2013 es st\u00e4rkt, erhellt und gibt dir Mut, deinen Weg erhobenen Hauptes zu gehen.","og_url":"https:\/\/spiritdust.pl\/de\/produkt\/sonnenkraft-citrin-tigerauge-armband\/","og_site_name":"Spirit Dust","article_publisher":"https:\/\/www.facebook.com\/spiritdustmj\/","og_image":[{"width":1088,"height":1080,"url":"https:\/\/spiritdust.pl\/wp-content\/uploads\/2026\/01\/DSC03280.jpg","type":"image\/jpeg"}],"twitter_card":"summary_large_image","twitter_misc":{"Gesch\u00e4tzte Lesezeit":"1\u00a0Minute"},"schema":{"@context":"https:\/\/schema.org","@graph":[{"@type":"WebPage","@id":"https:\/\/spiritdust.pl\/de\/produkt\/sonnenkraft-citrin-tigerauge-armband\/","url":"https:\/\/spiritdust.pl\/de\/produkt\/sonnenkraft-citrin-tigerauge-armband\/","name":"Sonnenkraft - Citrin, Tigerauge Armband - Spirit Dust","isPartOf":{"@id":"https:\/\/green-chough-870564.hostingersite.com\/#website"},"primaryImageOfPage":{"@id":"https:\/\/spiritdust.pl\/de\/produkt\/sonnenkraft-citrin-tigerauge-armband\/#primaryimage"},"image":{"@id":"https:\/\/spiritdust.pl\/de\/produkt\/sonnenkraft-citrin-tigerauge-armband\/#primaryimage"},"thumbnailUrl":"https:\/\/spiritdust.pl\/wp-content\/uploads\/2026\/01\/DSC03280.jpg","datePublished":"2026-01-26T09:17:00+00:00","description":"Dieses Armband wirkt wie ein Sonnenstrahl \u2013 es st\u00e4rkt, erhellt und gibt dir Mut, deinen Weg erhobenen Hauptes zu gehen.","breadcrumb":{"@id":"https:\/\/spiritdust.pl\/de\/produkt\/sonnenkraft-citrin-tigerauge-armband\/#breadcrumb"},"inLanguage":"de","potentialAction":[{"@type":"ReadAction","target":["https:\/\/spiritdust.pl\/de\/produkt\/sonnenkraft-citrin-tigerauge-armband\/"]}]},{"@type":"ImageObject","inLanguage":"de","@id":"https:\/\/spiritdust.pl\/de\/produkt\/sonnenkraft-citrin-tigerauge-armband\/#primaryimage","url":"https:\/\/spiritdust.pl\/wp-content\/uploads\/2026\/01\/DSC03280.jpg","contentUrl":"https:\/\/spiritdust.pl\/wp-content\/uploads\/2026\/01\/DSC03280.jpg","width":1088,"height":1080},{"@type":"BreadcrumbList","@id":"https:\/\/spiritdust.pl\/de\/produkt\/sonnenkraft-citrin-tigerauge-armband\/#breadcrumb","itemListElement":[{"@type":"ListItem","position":1,"name":"Strona g\u0142\u00f3wna","item":"https:\/\/spiritdust.pl\/de\/spirit-dust-schmuck-aus-kupfer-silber-und-natursteinen\/"},{"@type":"ListItem","position":2,"name":"Shop","item":"https:\/\/green-chough-870564.hostingersite.com\/shop\/"},{"@type":"ListItem","position":3,"name":"Sonnenkraft &#8211; Citrin, Tigerauge Armband"}]},{"@type":"WebSite","@id":"https:\/\/green-chough-870564.hostingersite.com\/#website","url":"https:\/\/green-chough-870564.hostingersite.com\/","name":"Spirit Dust","description":"Bi\u017cuteria z Miedzi, Srebra i Kamieni Naturalnych","publisher":{"@id":"https:\/\/green-chough-870564.hostingersite.com\/#organization"},"potentialAction":[{"@type":"SearchAction","target":{"@type":"EntryPoint","urlTemplate":"https:\/\/green-chough-870564.hostingersite.com\/?s={search_term_string}"},"query-input":{"@type":"PropertyValueSpecification","valueRequired":true,"valueName":"search_term_string"}}],"inLanguage":"de"},{"@type":"Organization","@id":"https:\/\/green-chough-870564.hostingersite.com\/#organization","name":"Geisterstaub","url":"https:\/\/green-chough-870564.hostingersite.com\/","logo":{"@type":"ImageObject","inLanguage":"de","@id":"https:\/\/green-chough-870564.hostingersite.com\/#\/schema\/logo\/image\/","url":"https:\/\/spiritdust.pl\/wp-content\/uploads\/2026\/01\/logo-sd.png","contentUrl":"https:\/\/spiritdust.pl\/wp-content\/uploads\/2026\/01\/logo-sd.png","width":251,"height":368,"caption":"Geisterstaub"},"image":{"@id":"https:\/\/green-chough-870564.hostingersite.com\/#\/schema\/logo\/image\/"},"sameAs":["https:\/\/www.facebook.com\/spiritdustmj\/","https:\/\/instagram.com\/spirit__dust"]}]}},"_links":{"self":[{"href":"https:\/\/spiritdust.pl\/de\/wp-json\/wp\/v2\/product\/4099","targetHints":{"allow":["GET"]}}],"collection":[{"href":"https:\/\/spiritdust.pl\/de\/wp-json\/wp\/v2\/product"}],"about":[{"href":"https:\/\/spiritdust.pl\/de\/wp-json\/wp\/v2\/types\/product"}],"version-history":[{"count":0,"href":"https:\/\/spiritdust.pl\/de\/wp-json\/wp\/v2\/product\/4099\/revisions"}],"wp:featuredmedia":[{"embeddable":true,"href":"https:\/\/spiritdust.pl\/de\/wp-json\/wp\/v2\/media\/4104"}],"wp:attachment":[{"href":"https:\/\/spiritdust.pl\/de\/wp-json\/wp\/v2\/media?parent=4099"}],"wp:term":[{"taxonomy":"product_brand","embeddable":true,"href":"https:\/\/spiritdust.pl\/de\/wp-json\/wp\/v2\/product_brand?post=4099"},{"taxonomy":"product_cat","embeddable":true,"href":"https:\/\/spiritdust.pl\/de\/wp-json\/wp\/v2\/product_cat?post=4099"},{"taxonomy":"product_tag","embeddable":true,"href":"https:\/\/spiritdust.pl\/de\/wp-json\/wp\/v2\/product_tag?post=4099"}],"curies":[{"name":"wp","href":"https:\/\/api.w.org\/{rel}","templated":true}]}}