{"id":4112,"date":"2026-01-26T09:15:08","date_gmt":"2026-01-26T09:15:08","guid":{"rendered":"https:\/\/spiritdust.pl\/produkt\/doppelreihiges-armband-mit-amazonit-eleganz-und-die-kraft-der-natur\/"},"modified":"2026-01-26T09:15:08","modified_gmt":"2026-01-26T09:15:08","slug":"doppelreihiges-armband-mit-amazonit-eleganz-und-die-kraft-der-natur","status":"publish","type":"product","link":"https:\/\/spiritdust.pl\/de\/produkt\/doppelreihiges-armband-mit-amazonit-eleganz-und-die-kraft-der-natur\/","title":{"rendered":"Doppelreihiges Armband mit Amazonit &#8211; Eleganz und die Kraft der Natur"},"content":{"rendered":"<p>Unser doppelreihiges Armband mit <strong>Amazonit<\/strong> ist eine Kombination aus Eleganz und der Kraft der Natur. Gefertigt aus hochwertigstem Amazonit, bringt dieser Stein emotionales Gleichgewicht und Selbstvertrauen. Es ist das ideale Accessoire f\u00fcr deinen Stil, das deine Pers\u00f6nlichkeit unterstreicht.  <\/p>\n<p><strong>Produkteigenschaften:<\/strong><\/p>\n<ul>\n<li>Aus echtem Amazonit gefertigt.<\/li>\n<li>Verstellbare Weite.<\/li>\n<li>Ein Stein mit positiven emotionalen Eigenschaften.<\/li>\n<\/ul>\n<p><strong>Warum unser Amazonit-Armband?<\/strong><\/p>\n<ul>\n<li>Qualit\u00e4t und Authentizit\u00e4t.<\/li>\n<li>Einzigartiges Design.<\/li>\n<li>Vorteile f\u00fcr dein Wohlbefinden.<\/li>\n<\/ul>\n<p><strong>Lass unser Amazonit-Armband deinem Stil Glanz verleihen und sp\u00fcre die Vorteile dieses wundersch\u00f6nen Steins. Bestelle noch heute! <\/strong><\/p>\n","protected":false},"excerpt":{"rendered":"<p>Ein doppelreihiges Armband mit <strong>Amazonit<\/strong> ist eine einzigartige Erg\u00e4nzung f\u00fcr deinen Schmuck. Dieses elegante Armband wurde aus hochwertigem <strong>Amazonit<\/strong> gefertigt, der f\u00fcr seine sch\u00f6ne blau-gr\u00fcne Farbe bekannt ist. Zus\u00e4tzlich verleihen zwei Reihen von Steinen Glanz und Stil. Es ist das ideale Armband, um jedem Outfit Charme und Eleganz zu verleihen. Das Armband ist verstellbar, sodass du es an dein Handgelenk anpassen kannst.    <\/p>\n<p>&nbsp;<\/p>\n<p class=\"p1\">Ich verpacke den Schmuck in einer dekorativen Schachtel und lege jeder Bestellung einen Beutel sowie zuf\u00e4llige Aufkleber als Geschenk bei. \u2728<\/p>\n","protected":false},"featured_media":4116,"template":"","meta":{"inline_featured_image":false},"product_brand":[],"product_cat":[168,167],"product_tag":[257],"class_list":{"0":"post-4112","1":"product","2":"type-product","3":"status-publish","4":"has-post-thumbnail","6":"product_cat-armbander","7":"product_cat-schmuck","8":"product_tag-amazonit","10":"first","11":"instock","12":"sale","13":"taxable","14":"shipping-taxable","15":"purchasable","16":"product-type-simple"},"yoast_head":"<!-- This site is optimized with the Yoast SEO plugin v27.5 - https:\/\/yoast.com\/product\/yoast-seo-wordpress\/ -->\n<title>Armband mit mattem T\u00fcrkis - Quelle des Schutzes und der Weisheit<\/title>\n<meta name=\"description\" content=\"Elegantes doppelreihiges Armband mit Amazonit - ein modisches Accessoire mit Amazonitstein, das Selbstvertrauen und Eleganz verleiht. Das perfekte Geschenk.\" \/>\n<meta name=\"robots\" content=\"index, follow, max-snippet:-1, max-image-preview:large, max-video-preview:-1\" \/>\n<link rel=\"canonical\" href=\"https:\/\/spiritdust.pl\/de\/produkt\/doppelreihiges-armband-mit-amazonit-eleganz-und-die-kraft-der-natur\/\" \/>\n<meta property=\"og:locale\" content=\"de_DE\" \/>\n<meta property=\"og:type\" content=\"article\" \/>\n<meta property=\"og:title\" content=\"Armband mit mattem T\u00fcrkis - Quelle des Schutzes und der Weisheit\" \/>\n<meta property=\"og:description\" content=\"Elegantes doppelreihiges Armband mit Amazonit - ein modisches Accessoire mit Amazonitstein, das Selbstvertrauen und Eleganz verleiht. Das perfekte Geschenk.\" \/>\n<meta property=\"og:url\" content=\"https:\/\/spiritdust.pl\/de\/produkt\/doppelreihiges-armband-mit-amazonit-eleganz-und-die-kraft-der-natur\/\" \/>\n<meta property=\"og:site_name\" content=\"Spirit Dust\" \/>\n<meta property=\"article:publisher\" content=\"https:\/\/www.facebook.com\/spiritdustmj\/\" \/>\n<meta property=\"og:image\" content=\"https:\/\/spiritdust.pl\/wp-content\/uploads\/2026\/01\/DSC01978-Niestandardowe.jpg\" \/>\n\t<meta property=\"og:image:width\" content=\"1500\" \/>\n\t<meta property=\"og:image:height\" content=\"1500\" \/>\n\t<meta property=\"og:image:type\" content=\"image\/jpeg\" \/>\n<meta name=\"twitter:card\" content=\"summary_large_image\" \/>\n<script type=\"application\/ld+json\" class=\"yoast-schema-graph\">{\"@context\":\"https:\\\/\\\/schema.org\",\"@graph\":[{\"@type\":\"WebPage\",\"@id\":\"https:\\\/\\\/spiritdust.pl\\\/de\\\/produkt\\\/doppelreihiges-armband-mit-amazonit-eleganz-und-die-kraft-der-natur\\\/\",\"url\":\"https:\\\/\\\/spiritdust.pl\\\/de\\\/produkt\\\/doppelreihiges-armband-mit-amazonit-eleganz-und-die-kraft-der-natur\\\/\",\"name\":\"Armband mit mattem T\u00fcrkis - Quelle des Schutzes und der Weisheit\",\"isPartOf\":{\"@id\":\"https:\\\/\\\/green-chough-870564.hostingersite.com\\\/#website\"},\"primaryImageOfPage\":{\"@id\":\"https:\\\/\\\/spiritdust.pl\\\/de\\\/produkt\\\/doppelreihiges-armband-mit-amazonit-eleganz-und-die-kraft-der-natur\\\/#primaryimage\"},\"image\":{\"@id\":\"https:\\\/\\\/spiritdust.pl\\\/de\\\/produkt\\\/doppelreihiges-armband-mit-amazonit-eleganz-und-die-kraft-der-natur\\\/#primaryimage\"},\"thumbnailUrl\":\"https:\\\/\\\/spiritdust.pl\\\/wp-content\\\/uploads\\\/2026\\\/01\\\/DSC01978-Niestandardowe.jpg\",\"datePublished\":\"2026-01-26T09:15:08+00:00\",\"description\":\"Elegantes doppelreihiges Armband mit Amazonit - ein modisches Accessoire mit Amazonitstein, das Selbstvertrauen und Eleganz verleiht. Das perfekte Geschenk.\",\"breadcrumb\":{\"@id\":\"https:\\\/\\\/spiritdust.pl\\\/de\\\/produkt\\\/doppelreihiges-armband-mit-amazonit-eleganz-und-die-kraft-der-natur\\\/#breadcrumb\"},\"inLanguage\":\"de\",\"potentialAction\":[{\"@type\":\"ReadAction\",\"target\":[\"https:\\\/\\\/spiritdust.pl\\\/de\\\/produkt\\\/doppelreihiges-armband-mit-amazonit-eleganz-und-die-kraft-der-natur\\\/\"]}]},{\"@type\":\"ImageObject\",\"inLanguage\":\"de\",\"@id\":\"https:\\\/\\\/spiritdust.pl\\\/de\\\/produkt\\\/doppelreihiges-armband-mit-amazonit-eleganz-und-die-kraft-der-natur\\\/#primaryimage\",\"url\":\"https:\\\/\\\/spiritdust.pl\\\/wp-content\\\/uploads\\\/2026\\\/01\\\/DSC01978-Niestandardowe.jpg\",\"contentUrl\":\"https:\\\/\\\/spiritdust.pl\\\/wp-content\\\/uploads\\\/2026\\\/01\\\/DSC01978-Niestandardowe.jpg\",\"width\":1500,\"height\":1500},{\"@type\":\"BreadcrumbList\",\"@id\":\"https:\\\/\\\/spiritdust.pl\\\/de\\\/produkt\\\/doppelreihiges-armband-mit-amazonit-eleganz-und-die-kraft-der-natur\\\/#breadcrumb\",\"itemListElement\":[{\"@type\":\"ListItem\",\"position\":1,\"name\":\"Strona g\u0142\u00f3wna\",\"item\":\"https:\\\/\\\/spiritdust.pl\\\/de\\\/spirit-dust-schmuck-aus-kupfer-silber-und-natursteinen\\\/\"},{\"@type\":\"ListItem\",\"position\":2,\"name\":\"Shop\",\"item\":\"https:\\\/\\\/green-chough-870564.hostingersite.com\\\/shop\\\/\"},{\"@type\":\"ListItem\",\"position\":3,\"name\":\"Doppelreihiges Armband mit Amazonit &#8211; Eleganz und die Kraft der Natur\"}]},{\"@type\":\"WebSite\",\"@id\":\"https:\\\/\\\/green-chough-870564.hostingersite.com\\\/#website\",\"url\":\"https:\\\/\\\/green-chough-870564.hostingersite.com\\\/\",\"name\":\"Spirit Dust\",\"description\":\"Bi\u017cuteria z Miedzi, Srebra i Kamieni Naturalnych\",\"publisher\":{\"@id\":\"https:\\\/\\\/green-chough-870564.hostingersite.com\\\/#organization\"},\"potentialAction\":[{\"@type\":\"SearchAction\",\"target\":{\"@type\":\"EntryPoint\",\"urlTemplate\":\"https:\\\/\\\/green-chough-870564.hostingersite.com\\\/?s={search_term_string}\"},\"query-input\":{\"@type\":\"PropertyValueSpecification\",\"valueRequired\":true,\"valueName\":\"search_term_string\"}}],\"inLanguage\":\"de\"},{\"@type\":\"Organization\",\"@id\":\"https:\\\/\\\/green-chough-870564.hostingersite.com\\\/#organization\",\"name\":\"Geisterstaub\",\"url\":\"https:\\\/\\\/green-chough-870564.hostingersite.com\\\/\",\"logo\":{\"@type\":\"ImageObject\",\"inLanguage\":\"de\",\"@id\":\"https:\\\/\\\/green-chough-870564.hostingersite.com\\\/#\\\/schema\\\/logo\\\/image\\\/\",\"url\":\"https:\\\/\\\/spiritdust.pl\\\/wp-content\\\/uploads\\\/2026\\\/01\\\/logo-sd.png\",\"contentUrl\":\"https:\\\/\\\/spiritdust.pl\\\/wp-content\\\/uploads\\\/2026\\\/01\\\/logo-sd.png\",\"width\":251,\"height\":368,\"caption\":\"Geisterstaub\"},\"image\":{\"@id\":\"https:\\\/\\\/green-chough-870564.hostingersite.com\\\/#\\\/schema\\\/logo\\\/image\\\/\"},\"sameAs\":[\"https:\\\/\\\/www.facebook.com\\\/spiritdustmj\\\/\",\"https:\\\/\\\/instagram.com\\\/spirit__dust\"]}]}<\/script>\n<!-- \/ Yoast SEO plugin. -->","yoast_head_json":{"title":"Armband mit mattem T\u00fcrkis - Quelle des Schutzes und der Weisheit","description":"Elegantes doppelreihiges Armband mit Amazonit - ein modisches Accessoire mit Amazonitstein, das Selbstvertrauen und Eleganz verleiht. Das perfekte Geschenk.","robots":{"index":"index","follow":"follow","max-snippet":"max-snippet:-1","max-image-preview":"max-image-preview:large","max-video-preview":"max-video-preview:-1"},"canonical":"https:\/\/spiritdust.pl\/de\/produkt\/doppelreihiges-armband-mit-amazonit-eleganz-und-die-kraft-der-natur\/","og_locale":"de_DE","og_type":"article","og_title":"Armband mit mattem T\u00fcrkis - Quelle des Schutzes und der Weisheit","og_description":"Elegantes doppelreihiges Armband mit Amazonit - ein modisches Accessoire mit Amazonitstein, das Selbstvertrauen und Eleganz verleiht. Das perfekte Geschenk.","og_url":"https:\/\/spiritdust.pl\/de\/produkt\/doppelreihiges-armband-mit-amazonit-eleganz-und-die-kraft-der-natur\/","og_site_name":"Spirit Dust","article_publisher":"https:\/\/www.facebook.com\/spiritdustmj\/","og_image":[{"width":1500,"height":1500,"url":"https:\/\/spiritdust.pl\/wp-content\/uploads\/2026\/01\/DSC01978-Niestandardowe.jpg","type":"image\/jpeg"}],"twitter_card":"summary_large_image","schema":{"@context":"https:\/\/schema.org","@graph":[{"@type":"WebPage","@id":"https:\/\/spiritdust.pl\/de\/produkt\/doppelreihiges-armband-mit-amazonit-eleganz-und-die-kraft-der-natur\/","url":"https:\/\/spiritdust.pl\/de\/produkt\/doppelreihiges-armband-mit-amazonit-eleganz-und-die-kraft-der-natur\/","name":"Armband mit mattem T\u00fcrkis - Quelle des Schutzes und der Weisheit","isPartOf":{"@id":"https:\/\/green-chough-870564.hostingersite.com\/#website"},"primaryImageOfPage":{"@id":"https:\/\/spiritdust.pl\/de\/produkt\/doppelreihiges-armband-mit-amazonit-eleganz-und-die-kraft-der-natur\/#primaryimage"},"image":{"@id":"https:\/\/spiritdust.pl\/de\/produkt\/doppelreihiges-armband-mit-amazonit-eleganz-und-die-kraft-der-natur\/#primaryimage"},"thumbnailUrl":"https:\/\/spiritdust.pl\/wp-content\/uploads\/2026\/01\/DSC01978-Niestandardowe.jpg","datePublished":"2026-01-26T09:15:08+00:00","description":"Elegantes doppelreihiges Armband mit Amazonit - ein modisches Accessoire mit Amazonitstein, das Selbstvertrauen und Eleganz verleiht. Das perfekte Geschenk.","breadcrumb":{"@id":"https:\/\/spiritdust.pl\/de\/produkt\/doppelreihiges-armband-mit-amazonit-eleganz-und-die-kraft-der-natur\/#breadcrumb"},"inLanguage":"de","potentialAction":[{"@type":"ReadAction","target":["https:\/\/spiritdust.pl\/de\/produkt\/doppelreihiges-armband-mit-amazonit-eleganz-und-die-kraft-der-natur\/"]}]},{"@type":"ImageObject","inLanguage":"de","@id":"https:\/\/spiritdust.pl\/de\/produkt\/doppelreihiges-armband-mit-amazonit-eleganz-und-die-kraft-der-natur\/#primaryimage","url":"https:\/\/spiritdust.pl\/wp-content\/uploads\/2026\/01\/DSC01978-Niestandardowe.jpg","contentUrl":"https:\/\/spiritdust.pl\/wp-content\/uploads\/2026\/01\/DSC01978-Niestandardowe.jpg","width":1500,"height":1500},{"@type":"BreadcrumbList","@id":"https:\/\/spiritdust.pl\/de\/produkt\/doppelreihiges-armband-mit-amazonit-eleganz-und-die-kraft-der-natur\/#breadcrumb","itemListElement":[{"@type":"ListItem","position":1,"name":"Strona g\u0142\u00f3wna","item":"https:\/\/spiritdust.pl\/de\/spirit-dust-schmuck-aus-kupfer-silber-und-natursteinen\/"},{"@type":"ListItem","position":2,"name":"Shop","item":"https:\/\/green-chough-870564.hostingersite.com\/shop\/"},{"@type":"ListItem","position":3,"name":"Doppelreihiges Armband mit Amazonit &#8211; Eleganz und die Kraft der Natur"}]},{"@type":"WebSite","@id":"https:\/\/green-chough-870564.hostingersite.com\/#website","url":"https:\/\/green-chough-870564.hostingersite.com\/","name":"Spirit Dust","description":"Bi\u017cuteria z Miedzi, Srebra i Kamieni Naturalnych","publisher":{"@id":"https:\/\/green-chough-870564.hostingersite.com\/#organization"},"potentialAction":[{"@type":"SearchAction","target":{"@type":"EntryPoint","urlTemplate":"https:\/\/green-chough-870564.hostingersite.com\/?s={search_term_string}"},"query-input":{"@type":"PropertyValueSpecification","valueRequired":true,"valueName":"search_term_string"}}],"inLanguage":"de"},{"@type":"Organization","@id":"https:\/\/green-chough-870564.hostingersite.com\/#organization","name":"Geisterstaub","url":"https:\/\/green-chough-870564.hostingersite.com\/","logo":{"@type":"ImageObject","inLanguage":"de","@id":"https:\/\/green-chough-870564.hostingersite.com\/#\/schema\/logo\/image\/","url":"https:\/\/spiritdust.pl\/wp-content\/uploads\/2026\/01\/logo-sd.png","contentUrl":"https:\/\/spiritdust.pl\/wp-content\/uploads\/2026\/01\/logo-sd.png","width":251,"height":368,"caption":"Geisterstaub"},"image":{"@id":"https:\/\/green-chough-870564.hostingersite.com\/#\/schema\/logo\/image\/"},"sameAs":["https:\/\/www.facebook.com\/spiritdustmj\/","https:\/\/instagram.com\/spirit__dust"]}]}},"_links":{"self":[{"href":"https:\/\/spiritdust.pl\/de\/wp-json\/wp\/v2\/product\/4112","targetHints":{"allow":["GET"]}}],"collection":[{"href":"https:\/\/spiritdust.pl\/de\/wp-json\/wp\/v2\/product"}],"about":[{"href":"https:\/\/spiritdust.pl\/de\/wp-json\/wp\/v2\/types\/product"}],"version-history":[{"count":0,"href":"https:\/\/spiritdust.pl\/de\/wp-json\/wp\/v2\/product\/4112\/revisions"}],"wp:featuredmedia":[{"embeddable":true,"href":"https:\/\/spiritdust.pl\/de\/wp-json\/wp\/v2\/media\/4116"}],"wp:attachment":[{"href":"https:\/\/spiritdust.pl\/de\/wp-json\/wp\/v2\/media?parent=4112"}],"wp:term":[{"taxonomy":"product_brand","embeddable":true,"href":"https:\/\/spiritdust.pl\/de\/wp-json\/wp\/v2\/product_brand?post=4112"},{"taxonomy":"product_cat","embeddable":true,"href":"https:\/\/spiritdust.pl\/de\/wp-json\/wp\/v2\/product_cat?post=4112"},{"taxonomy":"product_tag","embeddable":true,"href":"https:\/\/spiritdust.pl\/de\/wp-json\/wp\/v2\/product_tag?post=4112"}],"curies":[{"name":"wp","href":"https:\/\/api.w.org\/{rel}","templated":true}]}}