{"id":4124,"date":"2026-01-26T09:15:07","date_gmt":"2026-01-26T09:15:07","guid":{"rendered":"https:\/\/spiritdust.pl\/produkt\/armband-schwarzer-turmalin-kraft-und-stabilitaet\/"},"modified":"2026-01-26T09:15:07","modified_gmt":"2026-01-26T09:15:07","slug":"armband-schwarzer-turmalin-kraft-und-stabilitaet","status":"publish","type":"product","link":"https:\/\/spiritdust.pl\/de\/produkt\/armband-schwarzer-turmalin-kraft-und-stabilitaet\/","title":{"rendered":"Armband Schwarzer Turmalin &#8211; Kraft und Stabilit\u00e4t"},"content":{"rendered":"<p><strong>Schwarzer Turmalin<\/strong> \u2013 sch\u00fctzt vor \u00e4u\u00dferen Einfl\u00fcssen, Stress, Anspannung und negativer Energie. Er f\u00f6rdert innere Weisheit, Mut und Geduld und ist eine St\u00fctze f\u00fcr Herz und Geist. <\/p>\n<p><strong>Onyx <\/strong>&#8211; ein m\u00e4chtiger Stein, der Geist und K\u00f6rper vor negativen Energien sch\u00fctzt. Er ist n\u00fctzlich zur Verbesserung des Wohlbefindens, zur Bek\u00e4mpfung von \u00c4ngsten sowie zur Heilung alter emotionaler Wunden. <\/p>\n<p><strong>H\u00e4matit <\/strong>&#8211; ist ein Stein, der den K\u00f6rper mit Energie f\u00fcllt und belebt. Er steigert Optimismus, Entschlossenheit, Mut, Selbstwertgef\u00fchl und Willenskraft. Er unterst\u00fctzt bei Kreislaufproblemen und erh\u00f6ht den Eisengehalt im Blut.  <\/p>\n","protected":false},"excerpt":{"rendered":"<p class=\"p1\">Armband aus <strong>Schwarzem Turmalin<\/strong>, <strong>Onyx<\/strong> und <strong>H\u00e4matit<\/strong>. Diese einzigartige Kombination aus drei Natursteinen bietet Schutz vor negativer Energie, verbessert das emotionale Gleichgewicht, reduziert Stress und steigert die Vitalit\u00e4t. <\/p>\n<p class=\"p1\"><span class=\"s1\">Es ist gefertigt aus Natursteinen, Abstandshaltern und strapazierf\u00e4higem Polyesterfaden.<\/span><\/p>\n<p>Das Armband ist verstellbar, sodass du es an dein Handgelenk anpassen kannst.<\/p>\n<p class=\"p1\">Ich verpacke den Schmuck in einer dekorativen Schachtel und lege jeder Bestellung einen Beutel sowie zuf\u00e4llige Aufkleber als Geschenk bei. \u2728<\/p>\n<p>&nbsp;<\/p>\n<p><strong data-start=\"1081\" data-end=\"1127\">Das Armband wird speziell f\u00fcr dich angefertigt<\/strong> \u2013 du kannst die Farbe der Abstandshalter bei der Bestellung w\u00e4hlen.<br data-start=\"1187\" data-end=\"1190\">Aus diesem Grund ist es ein personalisiertes Produkt, das <strong data-start=\"1246\" data-end=\"1270\">vom Umtausch ausgeschlossen ist<\/strong>, gem\u00e4\u00df den geltenden Bestimmungen.<\/p>\n","protected":false},"featured_media":4126,"template":"","meta":{"inline_featured_image":false},"product_brand":[],"product_cat":[136],"product_tag":[169,319,222],"class_list":{"0":"post-4124","1":"product","2":"type-product","3":"status-publish","4":"has-post-thumbnail","6":"product_cat-nicht-kategorisiert","7":"product_tag-hamatit","8":"product_tag-onyx","9":"product_tag-turmalin","11":"first","12":"instock","13":"taxable","14":"shipping-taxable","15":"purchasable","16":"product-type-variable"},"yoast_head":"<!-- This site is optimized with the Yoast SEO plugin v27.1.1 - https:\/\/yoast.com\/product\/yoast-seo-wordpress\/ -->\n<title>Armband Schwarzer Turmalin - Kraft und Stabilit\u00e4t - Spirit Dust<\/title>\n<meta name=\"description\" content=\"Das Armband aus Schwarzem Turmalin und Onyx bietet Schutz vor negativer Energie, verbessert das emotionale Gleichgewicht, reduziert Stress und steigert die Vitalit\u00e4t.\" \/>\n<meta name=\"robots\" content=\"index, follow, max-snippet:-1, max-image-preview:large, max-video-preview:-1\" \/>\n<link rel=\"canonical\" href=\"https:\/\/spiritdust.pl\/de\/produkt\/armband-schwarzer-turmalin-kraft-und-stabilitaet\/\" \/>\n<meta property=\"og:locale\" content=\"de_DE\" \/>\n<meta property=\"og:type\" content=\"article\" \/>\n<meta property=\"og:title\" content=\"Armband Schwarzer Turmalin - Kraft und Stabilit\u00e4t - Spirit Dust\" \/>\n<meta property=\"og:description\" content=\"Das Armband aus Schwarzem Turmalin und Onyx bietet Schutz vor negativer Energie, verbessert das emotionale Gleichgewicht, reduziert Stress und steigert die Vitalit\u00e4t.\" \/>\n<meta property=\"og:url\" content=\"https:\/\/spiritdust.pl\/de\/produkt\/armband-schwarzer-turmalin-kraft-und-stabilitaet\/\" \/>\n<meta property=\"og:site_name\" content=\"Spirit Dust\" \/>\n<meta property=\"article:publisher\" content=\"https:\/\/www.facebook.com\/spiritdustmj\/\" \/>\n<meta property=\"og:image\" content=\"http:\/\/spiritdust.pl\/wp-content\/uploads\/2026\/01\/DSC00888-2-Niestandardowe.jpeg\" \/>\n\t<meta property=\"og:image:width\" content=\"1500\" \/>\n\t<meta property=\"og:image:height\" content=\"1500\" \/>\n\t<meta property=\"og:image:type\" content=\"image\/jpeg\" \/>\n<meta name=\"twitter:card\" content=\"summary_large_image\" \/>\n<meta name=\"twitter:label1\" content=\"Gesch\u00e4tzte Lesezeit\" \/>\n\t<meta name=\"twitter:data1\" content=\"1\u00a0Minute\" \/>\n<script type=\"application\/ld+json\" class=\"yoast-schema-graph\">{\"@context\":\"https:\/\/schema.org\",\"@graph\":[{\"@type\":\"WebPage\",\"@id\":\"https:\/\/spiritdust.pl\/de\/produkt\/armband-schwarzer-turmalin-kraft-und-stabilitaet\/\",\"url\":\"https:\/\/spiritdust.pl\/de\/produkt\/armband-schwarzer-turmalin-kraft-und-stabilitaet\/\",\"name\":\"Armband Schwarzer Turmalin - Kraft und Stabilit\u00e4t - Spirit Dust\",\"isPartOf\":{\"@id\":\"https:\/\/green-chough-870564.hostingersite.com\/#website\"},\"primaryImageOfPage\":{\"@id\":\"https:\/\/spiritdust.pl\/de\/produkt\/armband-schwarzer-turmalin-kraft-und-stabilitaet\/#primaryimage\"},\"image\":{\"@id\":\"https:\/\/spiritdust.pl\/de\/produkt\/armband-schwarzer-turmalin-kraft-und-stabilitaet\/#primaryimage\"},\"thumbnailUrl\":\"https:\/\/spiritdust.pl\/wp-content\/uploads\/2026\/01\/DSC00888-2-Niestandardowe.jpeg\",\"datePublished\":\"2026-01-26T09:15:07+00:00\",\"description\":\"Das Armband aus Schwarzem Turmalin und Onyx bietet Schutz vor negativer Energie, verbessert das emotionale Gleichgewicht, reduziert Stress und steigert die Vitalit\u00e4t.\",\"breadcrumb\":{\"@id\":\"https:\/\/spiritdust.pl\/de\/produkt\/armband-schwarzer-turmalin-kraft-und-stabilitaet\/#breadcrumb\"},\"inLanguage\":\"de\",\"potentialAction\":[{\"@type\":\"ReadAction\",\"target\":[\"https:\/\/spiritdust.pl\/de\/produkt\/armband-schwarzer-turmalin-kraft-und-stabilitaet\/\"]}]},{\"@type\":\"ImageObject\",\"inLanguage\":\"de\",\"@id\":\"https:\/\/spiritdust.pl\/de\/produkt\/armband-schwarzer-turmalin-kraft-und-stabilitaet\/#primaryimage\",\"url\":\"https:\/\/spiritdust.pl\/wp-content\/uploads\/2026\/01\/DSC00888-2-Niestandardowe.jpeg\",\"contentUrl\":\"https:\/\/spiritdust.pl\/wp-content\/uploads\/2026\/01\/DSC00888-2-Niestandardowe.jpeg\",\"width\":1500,\"height\":1500},{\"@type\":\"BreadcrumbList\",\"@id\":\"https:\/\/spiritdust.pl\/de\/produkt\/armband-schwarzer-turmalin-kraft-und-stabilitaet\/#breadcrumb\",\"itemListElement\":[{\"@type\":\"ListItem\",\"position\":1,\"name\":\"Strona g\u0142\u00f3wna\",\"item\":\"https:\/\/spiritdust.pl\/de\/\"},{\"@type\":\"ListItem\",\"position\":2,\"name\":\"Shop\",\"item\":\"https:\/\/green-chough-870564.hostingersite.com\/shop\/\"},{\"@type\":\"ListItem\",\"position\":3,\"name\":\"Armband Schwarzer Turmalin &#8211; Kraft und Stabilit\u00e4t\"}]},{\"@type\":\"WebSite\",\"@id\":\"https:\/\/green-chough-870564.hostingersite.com\/#website\",\"url\":\"https:\/\/green-chough-870564.hostingersite.com\/\",\"name\":\"Spirit Dust\",\"description\":\"Bi\u017cuteria z Miedzi, Srebra i Kamieni Naturalnych\",\"publisher\":{\"@id\":\"https:\/\/green-chough-870564.hostingersite.com\/#organization\"},\"potentialAction\":[{\"@type\":\"SearchAction\",\"target\":{\"@type\":\"EntryPoint\",\"urlTemplate\":\"https:\/\/green-chough-870564.hostingersite.com\/?s={search_term_string}\"},\"query-input\":{\"@type\":\"PropertyValueSpecification\",\"valueRequired\":true,\"valueName\":\"search_term_string\"}}],\"inLanguage\":\"de\"},{\"@type\":\"Organization\",\"@id\":\"https:\/\/green-chough-870564.hostingersite.com\/#organization\",\"name\":\"Geisterstaub\",\"url\":\"https:\/\/green-chough-870564.hostingersite.com\/\",\"logo\":{\"@type\":\"ImageObject\",\"inLanguage\":\"de\",\"@id\":\"https:\/\/green-chough-870564.hostingersite.com\/#\/schema\/logo\/image\/\",\"url\":\"https:\/\/spiritdust.pl\/wp-content\/uploads\/2026\/01\/logo-sd.png\",\"contentUrl\":\"https:\/\/spiritdust.pl\/wp-content\/uploads\/2026\/01\/logo-sd.png\",\"width\":251,\"height\":368,\"caption\":\"Geisterstaub\"},\"image\":{\"@id\":\"https:\/\/green-chough-870564.hostingersite.com\/#\/schema\/logo\/image\/\"},\"sameAs\":[\"https:\/\/www.facebook.com\/spiritdustmj\/\",\"https:\/\/instagram.com\/spirit__dust\"]}]}<\/script>\n<!-- \/ Yoast SEO plugin. -->","yoast_head_json":{"title":"Armband Schwarzer Turmalin - Kraft und Stabilit\u00e4t - Spirit Dust","description":"Das Armband aus Schwarzem Turmalin und Onyx bietet Schutz vor negativer Energie, verbessert das emotionale Gleichgewicht, reduziert Stress und steigert die Vitalit\u00e4t.","robots":{"index":"index","follow":"follow","max-snippet":"max-snippet:-1","max-image-preview":"max-image-preview:large","max-video-preview":"max-video-preview:-1"},"canonical":"https:\/\/spiritdust.pl\/de\/produkt\/armband-schwarzer-turmalin-kraft-und-stabilitaet\/","og_locale":"de_DE","og_type":"article","og_title":"Armband Schwarzer Turmalin - Kraft und Stabilit\u00e4t - Spirit Dust","og_description":"Das Armband aus Schwarzem Turmalin und Onyx bietet Schutz vor negativer Energie, verbessert das emotionale Gleichgewicht, reduziert Stress und steigert die Vitalit\u00e4t.","og_url":"https:\/\/spiritdust.pl\/de\/produkt\/armband-schwarzer-turmalin-kraft-und-stabilitaet\/","og_site_name":"Spirit Dust","article_publisher":"https:\/\/www.facebook.com\/spiritdustmj\/","og_image":[{"width":1500,"height":1500,"url":"http:\/\/spiritdust.pl\/wp-content\/uploads\/2026\/01\/DSC00888-2-Niestandardowe.jpeg","type":"image\/jpeg"}],"twitter_card":"summary_large_image","twitter_misc":{"Gesch\u00e4tzte Lesezeit":"1\u00a0Minute"},"schema":{"@context":"https:\/\/schema.org","@graph":[{"@type":"WebPage","@id":"https:\/\/spiritdust.pl\/de\/produkt\/armband-schwarzer-turmalin-kraft-und-stabilitaet\/","url":"https:\/\/spiritdust.pl\/de\/produkt\/armband-schwarzer-turmalin-kraft-und-stabilitaet\/","name":"Armband Schwarzer Turmalin - Kraft und Stabilit\u00e4t - Spirit Dust","isPartOf":{"@id":"https:\/\/green-chough-870564.hostingersite.com\/#website"},"primaryImageOfPage":{"@id":"https:\/\/spiritdust.pl\/de\/produkt\/armband-schwarzer-turmalin-kraft-und-stabilitaet\/#primaryimage"},"image":{"@id":"https:\/\/spiritdust.pl\/de\/produkt\/armband-schwarzer-turmalin-kraft-und-stabilitaet\/#primaryimage"},"thumbnailUrl":"https:\/\/spiritdust.pl\/wp-content\/uploads\/2026\/01\/DSC00888-2-Niestandardowe.jpeg","datePublished":"2026-01-26T09:15:07+00:00","description":"Das Armband aus Schwarzem Turmalin und Onyx bietet Schutz vor negativer Energie, verbessert das emotionale Gleichgewicht, reduziert Stress und steigert die Vitalit\u00e4t.","breadcrumb":{"@id":"https:\/\/spiritdust.pl\/de\/produkt\/armband-schwarzer-turmalin-kraft-und-stabilitaet\/#breadcrumb"},"inLanguage":"de","potentialAction":[{"@type":"ReadAction","target":["https:\/\/spiritdust.pl\/de\/produkt\/armband-schwarzer-turmalin-kraft-und-stabilitaet\/"]}]},{"@type":"ImageObject","inLanguage":"de","@id":"https:\/\/spiritdust.pl\/de\/produkt\/armband-schwarzer-turmalin-kraft-und-stabilitaet\/#primaryimage","url":"https:\/\/spiritdust.pl\/wp-content\/uploads\/2026\/01\/DSC00888-2-Niestandardowe.jpeg","contentUrl":"https:\/\/spiritdust.pl\/wp-content\/uploads\/2026\/01\/DSC00888-2-Niestandardowe.jpeg","width":1500,"height":1500},{"@type":"BreadcrumbList","@id":"https:\/\/spiritdust.pl\/de\/produkt\/armband-schwarzer-turmalin-kraft-und-stabilitaet\/#breadcrumb","itemListElement":[{"@type":"ListItem","position":1,"name":"Strona g\u0142\u00f3wna","item":"https:\/\/spiritdust.pl\/de\/"},{"@type":"ListItem","position":2,"name":"Shop","item":"https:\/\/green-chough-870564.hostingersite.com\/shop\/"},{"@type":"ListItem","position":3,"name":"Armband Schwarzer Turmalin &#8211; Kraft und Stabilit\u00e4t"}]},{"@type":"WebSite","@id":"https:\/\/green-chough-870564.hostingersite.com\/#website","url":"https:\/\/green-chough-870564.hostingersite.com\/","name":"Spirit Dust","description":"Bi\u017cuteria z Miedzi, Srebra i Kamieni Naturalnych","publisher":{"@id":"https:\/\/green-chough-870564.hostingersite.com\/#organization"},"potentialAction":[{"@type":"SearchAction","target":{"@type":"EntryPoint","urlTemplate":"https:\/\/green-chough-870564.hostingersite.com\/?s={search_term_string}"},"query-input":{"@type":"PropertyValueSpecification","valueRequired":true,"valueName":"search_term_string"}}],"inLanguage":"de"},{"@type":"Organization","@id":"https:\/\/green-chough-870564.hostingersite.com\/#organization","name":"Geisterstaub","url":"https:\/\/green-chough-870564.hostingersite.com\/","logo":{"@type":"ImageObject","inLanguage":"de","@id":"https:\/\/green-chough-870564.hostingersite.com\/#\/schema\/logo\/image\/","url":"https:\/\/spiritdust.pl\/wp-content\/uploads\/2026\/01\/logo-sd.png","contentUrl":"https:\/\/spiritdust.pl\/wp-content\/uploads\/2026\/01\/logo-sd.png","width":251,"height":368,"caption":"Geisterstaub"},"image":{"@id":"https:\/\/green-chough-870564.hostingersite.com\/#\/schema\/logo\/image\/"},"sameAs":["https:\/\/www.facebook.com\/spiritdustmj\/","https:\/\/instagram.com\/spirit__dust"]}]}},"_links":{"self":[{"href":"https:\/\/spiritdust.pl\/de\/wp-json\/wp\/v2\/product\/4124","targetHints":{"allow":["GET"]}}],"collection":[{"href":"https:\/\/spiritdust.pl\/de\/wp-json\/wp\/v2\/product"}],"about":[{"href":"https:\/\/spiritdust.pl\/de\/wp-json\/wp\/v2\/types\/product"}],"version-history":[{"count":0,"href":"https:\/\/spiritdust.pl\/de\/wp-json\/wp\/v2\/product\/4124\/revisions"}],"wp:featuredmedia":[{"embeddable":true,"href":"https:\/\/spiritdust.pl\/de\/wp-json\/wp\/v2\/media\/4126"}],"wp:attachment":[{"href":"https:\/\/spiritdust.pl\/de\/wp-json\/wp\/v2\/media?parent=4124"}],"wp:term":[{"taxonomy":"product_brand","embeddable":true,"href":"https:\/\/spiritdust.pl\/de\/wp-json\/wp\/v2\/product_brand?post=4124"},{"taxonomy":"product_cat","embeddable":true,"href":"https:\/\/spiritdust.pl\/de\/wp-json\/wp\/v2\/product_cat?post=4124"},{"taxonomy":"product_tag","embeddable":true,"href":"https:\/\/spiritdust.pl\/de\/wp-json\/wp\/v2\/product_tag?post=4124"}],"curies":[{"name":"wp","href":"https:\/\/api.w.org\/{rel}","templated":true}]}}