{"id":4917,"date":"2026-01-26T09:24:00","date_gmt":"2026-01-26T09:24:00","guid":{"rendered":"https:\/\/spiritdust.pl\/produkt\/rohsaphir-in-minimalistischer-form-ohrstecker\/"},"modified":"2026-01-26T09:24:00","modified_gmt":"2026-01-26T09:24:00","slug":"rohsaphir-in-minimalistischer-form-ohrstecker","status":"publish","type":"product","link":"https:\/\/spiritdust.pl\/de\/produkt\/rohsaphir-in-minimalistischer-form-ohrstecker\/","title":{"rendered":"Rohsaphir in minimalistischer Form \u2013 Ohrstecker"},"content":{"rendered":"<div class=\"flex-shrink-0 flex flex-col relative items-end\">\n<div class=\"pt-0\">\n<div class=\"gizmo-bot-avatar flex h-8 w-8 items-center justify-center overflow-hidden rounded-full\">\n<div class=\"relative p-1 rounded-sm flex items-center justify-center bg-token-main-surface-primary text-token-text-primary h-8 w-8\">\n<p><strong>Rohsaphir in minimalistischer Form \u2013 Ohrstecker<\/strong><\/p>\n<p>Diese Ohrstecker vereinen die nat\u00fcrliche Sch\u00f6nheit des Rohsaphirs mit dem rustikalen Charme von Kupfer. Jeder Stein wurde von Hand in eine Kupferfassung gesetzt, die seinen nat\u00fcrlichen Look und seine Authentizit\u00e4t unterstreicht. <\/p>\n<p><strong>Rohsaphir<\/strong>, in seiner ungeschliffenen Form, strahlt Ruhe und tiefe Harmonie aus. Er wirkt auf spiritueller Ebene, f\u00f6rdert die Introspektion und das innere Gleichgewicht. Durch ihre Rohheit bewahren Saphire eine au\u00dfergew\u00f6hnliche Authentizit\u00e4t und Unabh\u00e4ngigkeit, die perfekt zur minimalistischen \u00c4sthetik passen. <\/p>\n<p>Die Kupferfassung verleiht ihnen einen einzigartigen, rustikalen Charakter und betont die rohe Natur der Steine. Der in den Stiften und Verschl\u00fcssen verwendete Chirurgenstahl sorgt f\u00fcr Langlebigkeit und Tragekomfort, was diese Ohrstecker ideal f\u00fcr den Alltag macht. <\/p>\n<p>Dies ist Schmuck f\u00fcr Menschen, die nat\u00fcrliche Materialien, subtile Eleganz und Steine mit metaphysischer Bedeutung sch\u00e4tzen. Rohsaphir in minimalistischer Form ist nicht nur ein Schmuckst\u00fcck, sondern auch ein Symbol f\u00fcr innere St\u00e4rke und Ruhe. Ideal f\u00fcr alle, die Harmonie in ihrem Alltag suchen.  <\/p>\n<\/div>\n<\/div>\n<\/div>\n<\/div>\n","protected":false},"excerpt":{"rendered":"<div class=\"flex max-w-full flex-col flex-grow\">\n<div class=\"min-h-8 text-message flex w-full flex-col items-end gap-2 whitespace-normal break-words text-start [.text-message+&amp;]:mt-5\" dir=\"auto\" data-message-author-role=\"assistant\" data-message-id=\"e37d3b1a-d597-4200-97d4-57fb7acf2184\" data-message-model-slug=\"gpt-4o-mini\">\n<div class=\"flex w-full flex-col gap-1 empty:hidden first:pt-[3px]\">\n<div class=\"markdown prose w-full break-words dark:prose-invert dark\">\n<div class=\"flex max-w-full flex-col flex-grow\">\n<div class=\"min-h-8 text-message flex w-full flex-col items-end gap-2 whitespace-normal break-words text-start [.text-message+&amp;]:mt-5\" dir=\"auto\" data-message-author-role=\"assistant\" data-message-id=\"434ce9a3-1eaf-4b96-b199-2a1d18b5b877\" data-message-model-slug=\"gpt-4o-mini\">\n<div class=\"flex w-full flex-col gap-1 empty:hidden first:pt-[3px]\">\n<div class=\"markdown prose w-full break-words dark:prose-invert dark\">\n<div class=\"flex max-w-full flex-col flex-grow\">\n<div class=\"min-h-8 text-message flex w-full flex-col items-end gap-2 whitespace-normal break-words text-start [.text-message+&amp;]:mt-5\" dir=\"auto\" data-message-author-role=\"assistant\" data-message-id=\"cc074b21-0a8d-4f21-9e38-ad275a6193e1\" data-message-model-slug=\"gpt-4o-mini\">\n<div class=\"flex w-full flex-col gap-1 empty:hidden first:pt-[3px]\">\n<div class=\"markdown prose w-full break-words dark:prose-invert dark\">\n<p>Diese Rohsaphir-Ohrstecker verbinden minimalistisches Design mit nat\u00fcrlicher Sch\u00f6nheit. Die Kupferfassung unterstreicht ihre rohe Authentizit\u00e4t, w\u00e4hrend Stifte und Verschl\u00fcsse aus Chirurgenstahl f\u00fcr Langlebigkeit und Tragekomfort sorgen. Rohsaphir f\u00f6rdert Harmonie und inneres Gleichgewicht, was diese Ohrstecker zur idealen Wahl f\u00fcr Liebhaberinnen von Schlichtheit und nat\u00fcrlichem Charme macht.  <\/p>\n<\/div>\n<\/div>\n<\/div>\n<\/div>\n<\/div>\n<\/div>\n<\/div>\n<\/div>\n<\/div>\n<\/div>\n<\/div>\n<\/div>\n<p>&nbsp;<\/p>\n<p>Ich verpacke den Schmuck sorgf\u00e4ltig in einer dekorativen Schachtel, sodass er sofort als Geschenk bereit ist.<\/p>\n","protected":false},"featured_media":4918,"template":"","meta":{"inline_featured_image":false},"product_brand":[],"product_cat":[367],"product_tag":[198],"class_list":{"0":"post-4917","1":"product","2":"type-product","3":"status-publish","4":"has-post-thumbnail","6":"product_cat-ohrringe","7":"product_tag-saphir","9":"first","10":"instock","11":"taxable","12":"shipping-taxable","13":"purchasable","14":"product-type-simple"},"yoast_head":"<!-- This site is optimized with the Yoast SEO plugin v27.1.1 - https:\/\/yoast.com\/product\/yoast-seo-wordpress\/ -->\n<title>Rohsaphir in minimalistischer Form \u2013 Ohrstecker - Spirit Dust<\/title>\n<meta name=\"description\" content=\"Ohrstecker mit Rohsaphir in rustikaler Kupferfassung, verziert mit Chirurgenstahl, symbolisieren nat\u00fcrliche Harmonie und Best\u00e4ndigkeit.\" \/>\n<meta name=\"robots\" content=\"index, follow, max-snippet:-1, max-image-preview:large, max-video-preview:-1\" \/>\n<link rel=\"canonical\" href=\"https:\/\/spiritdust.pl\/de\/produkt\/rohsaphir-in-minimalistischer-form-ohrstecker\/\" \/>\n<meta property=\"og:locale\" content=\"de_DE\" \/>\n<meta property=\"og:type\" content=\"article\" \/>\n<meta property=\"og:title\" content=\"Rohsaphir in minimalistischer Form \u2013 Ohrstecker - Spirit Dust\" \/>\n<meta property=\"og:description\" content=\"Ohrstecker mit Rohsaphir in rustikaler Kupferfassung, verziert mit Chirurgenstahl, symbolisieren nat\u00fcrliche Harmonie und Best\u00e4ndigkeit.\" \/>\n<meta property=\"og:url\" content=\"https:\/\/spiritdust.pl\/de\/produkt\/rohsaphir-in-minimalistischer-form-ohrstecker\/\" \/>\n<meta property=\"og:site_name\" content=\"Spirit Dust\" \/>\n<meta property=\"article:publisher\" content=\"https:\/\/www.facebook.com\/spiritdustmj\/\" \/>\n<meta property=\"og:image\" content=\"https:\/\/spiritdust.pl\/wp-content\/uploads\/2026\/01\/DSC08540.jpg\" \/>\n\t<meta property=\"og:image:width\" content=\"1088\" \/>\n\t<meta property=\"og:image:height\" content=\"1080\" \/>\n\t<meta property=\"og:image:type\" content=\"image\/jpeg\" \/>\n<meta name=\"twitter:card\" content=\"summary_large_image\" \/>\n<meta name=\"twitter:label1\" content=\"Gesch\u00e4tzte Lesezeit\" \/>\n\t<meta name=\"twitter:data1\" content=\"1\u00a0Minute\" \/>\n<script type=\"application\/ld+json\" class=\"yoast-schema-graph\">{\"@context\":\"https:\/\/schema.org\",\"@graph\":[{\"@type\":\"WebPage\",\"@id\":\"https:\/\/spiritdust.pl\/de\/produkt\/rohsaphir-in-minimalistischer-form-ohrstecker\/\",\"url\":\"https:\/\/spiritdust.pl\/de\/produkt\/rohsaphir-in-minimalistischer-form-ohrstecker\/\",\"name\":\"Rohsaphir in minimalistischer Form \u2013 Ohrstecker - Spirit Dust\",\"isPartOf\":{\"@id\":\"https:\/\/green-chough-870564.hostingersite.com\/#website\"},\"primaryImageOfPage\":{\"@id\":\"https:\/\/spiritdust.pl\/de\/produkt\/rohsaphir-in-minimalistischer-form-ohrstecker\/#primaryimage\"},\"image\":{\"@id\":\"https:\/\/spiritdust.pl\/de\/produkt\/rohsaphir-in-minimalistischer-form-ohrstecker\/#primaryimage\"},\"thumbnailUrl\":\"https:\/\/spiritdust.pl\/wp-content\/uploads\/2026\/01\/DSC08540.jpg\",\"datePublished\":\"2026-01-26T09:24:00+00:00\",\"description\":\"Ohrstecker mit Rohsaphir in rustikaler Kupferfassung, verziert mit Chirurgenstahl, symbolisieren nat\u00fcrliche Harmonie und Best\u00e4ndigkeit.\",\"breadcrumb\":{\"@id\":\"https:\/\/spiritdust.pl\/de\/produkt\/rohsaphir-in-minimalistischer-form-ohrstecker\/#breadcrumb\"},\"inLanguage\":\"de\",\"potentialAction\":[{\"@type\":\"ReadAction\",\"target\":[\"https:\/\/spiritdust.pl\/de\/produkt\/rohsaphir-in-minimalistischer-form-ohrstecker\/\"]}]},{\"@type\":\"ImageObject\",\"inLanguage\":\"de\",\"@id\":\"https:\/\/spiritdust.pl\/de\/produkt\/rohsaphir-in-minimalistischer-form-ohrstecker\/#primaryimage\",\"url\":\"https:\/\/spiritdust.pl\/wp-content\/uploads\/2026\/01\/DSC08540.jpg\",\"contentUrl\":\"https:\/\/spiritdust.pl\/wp-content\/uploads\/2026\/01\/DSC08540.jpg\",\"width\":1088,\"height\":1080},{\"@type\":\"BreadcrumbList\",\"@id\":\"https:\/\/spiritdust.pl\/de\/produkt\/rohsaphir-in-minimalistischer-form-ohrstecker\/#breadcrumb\",\"itemListElement\":[{\"@type\":\"ListItem\",\"position\":1,\"name\":\"Strona g\u0142\u00f3wna\",\"item\":\"https:\/\/spiritdust.pl\/de\/\"},{\"@type\":\"ListItem\",\"position\":2,\"name\":\"Shop\",\"item\":\"https:\/\/green-chough-870564.hostingersite.com\/shop\/\"},{\"@type\":\"ListItem\",\"position\":3,\"name\":\"Rohsaphir in minimalistischer Form \u2013 Ohrstecker\"}]},{\"@type\":\"WebSite\",\"@id\":\"https:\/\/green-chough-870564.hostingersite.com\/#website\",\"url\":\"https:\/\/green-chough-870564.hostingersite.com\/\",\"name\":\"Spirit Dust\",\"description\":\"Bi\u017cuteria z Miedzi, Srebra i Kamieni Naturalnych\",\"publisher\":{\"@id\":\"https:\/\/green-chough-870564.hostingersite.com\/#organization\"},\"potentialAction\":[{\"@type\":\"SearchAction\",\"target\":{\"@type\":\"EntryPoint\",\"urlTemplate\":\"https:\/\/green-chough-870564.hostingersite.com\/?s={search_term_string}\"},\"query-input\":{\"@type\":\"PropertyValueSpecification\",\"valueRequired\":true,\"valueName\":\"search_term_string\"}}],\"inLanguage\":\"de\"},{\"@type\":\"Organization\",\"@id\":\"https:\/\/green-chough-870564.hostingersite.com\/#organization\",\"name\":\"Geisterstaub\",\"url\":\"https:\/\/green-chough-870564.hostingersite.com\/\",\"logo\":{\"@type\":\"ImageObject\",\"inLanguage\":\"de\",\"@id\":\"https:\/\/green-chough-870564.hostingersite.com\/#\/schema\/logo\/image\/\",\"url\":\"https:\/\/spiritdust.pl\/wp-content\/uploads\/2026\/01\/logo-sd.png\",\"contentUrl\":\"https:\/\/spiritdust.pl\/wp-content\/uploads\/2026\/01\/logo-sd.png\",\"width\":251,\"height\":368,\"caption\":\"Geisterstaub\"},\"image\":{\"@id\":\"https:\/\/green-chough-870564.hostingersite.com\/#\/schema\/logo\/image\/\"},\"sameAs\":[\"https:\/\/www.facebook.com\/spiritdustmj\/\",\"https:\/\/instagram.com\/spirit__dust\"]}]}<\/script>\n<!-- \/ Yoast SEO plugin. -->","yoast_head_json":{"title":"Rohsaphir in minimalistischer Form \u2013 Ohrstecker - Spirit Dust","description":"Ohrstecker mit Rohsaphir in rustikaler Kupferfassung, verziert mit Chirurgenstahl, symbolisieren nat\u00fcrliche Harmonie und Best\u00e4ndigkeit.","robots":{"index":"index","follow":"follow","max-snippet":"max-snippet:-1","max-image-preview":"max-image-preview:large","max-video-preview":"max-video-preview:-1"},"canonical":"https:\/\/spiritdust.pl\/de\/produkt\/rohsaphir-in-minimalistischer-form-ohrstecker\/","og_locale":"de_DE","og_type":"article","og_title":"Rohsaphir in minimalistischer Form \u2013 Ohrstecker - Spirit Dust","og_description":"Ohrstecker mit Rohsaphir in rustikaler Kupferfassung, verziert mit Chirurgenstahl, symbolisieren nat\u00fcrliche Harmonie und Best\u00e4ndigkeit.","og_url":"https:\/\/spiritdust.pl\/de\/produkt\/rohsaphir-in-minimalistischer-form-ohrstecker\/","og_site_name":"Spirit Dust","article_publisher":"https:\/\/www.facebook.com\/spiritdustmj\/","og_image":[{"width":1088,"height":1080,"url":"https:\/\/spiritdust.pl\/wp-content\/uploads\/2026\/01\/DSC08540.jpg","type":"image\/jpeg"}],"twitter_card":"summary_large_image","twitter_misc":{"Gesch\u00e4tzte Lesezeit":"1\u00a0Minute"},"schema":{"@context":"https:\/\/schema.org","@graph":[{"@type":"WebPage","@id":"https:\/\/spiritdust.pl\/de\/produkt\/rohsaphir-in-minimalistischer-form-ohrstecker\/","url":"https:\/\/spiritdust.pl\/de\/produkt\/rohsaphir-in-minimalistischer-form-ohrstecker\/","name":"Rohsaphir in minimalistischer Form \u2013 Ohrstecker - Spirit Dust","isPartOf":{"@id":"https:\/\/green-chough-870564.hostingersite.com\/#website"},"primaryImageOfPage":{"@id":"https:\/\/spiritdust.pl\/de\/produkt\/rohsaphir-in-minimalistischer-form-ohrstecker\/#primaryimage"},"image":{"@id":"https:\/\/spiritdust.pl\/de\/produkt\/rohsaphir-in-minimalistischer-form-ohrstecker\/#primaryimage"},"thumbnailUrl":"https:\/\/spiritdust.pl\/wp-content\/uploads\/2026\/01\/DSC08540.jpg","datePublished":"2026-01-26T09:24:00+00:00","description":"Ohrstecker mit Rohsaphir in rustikaler Kupferfassung, verziert mit Chirurgenstahl, symbolisieren nat\u00fcrliche Harmonie und Best\u00e4ndigkeit.","breadcrumb":{"@id":"https:\/\/spiritdust.pl\/de\/produkt\/rohsaphir-in-minimalistischer-form-ohrstecker\/#breadcrumb"},"inLanguage":"de","potentialAction":[{"@type":"ReadAction","target":["https:\/\/spiritdust.pl\/de\/produkt\/rohsaphir-in-minimalistischer-form-ohrstecker\/"]}]},{"@type":"ImageObject","inLanguage":"de","@id":"https:\/\/spiritdust.pl\/de\/produkt\/rohsaphir-in-minimalistischer-form-ohrstecker\/#primaryimage","url":"https:\/\/spiritdust.pl\/wp-content\/uploads\/2026\/01\/DSC08540.jpg","contentUrl":"https:\/\/spiritdust.pl\/wp-content\/uploads\/2026\/01\/DSC08540.jpg","width":1088,"height":1080},{"@type":"BreadcrumbList","@id":"https:\/\/spiritdust.pl\/de\/produkt\/rohsaphir-in-minimalistischer-form-ohrstecker\/#breadcrumb","itemListElement":[{"@type":"ListItem","position":1,"name":"Strona g\u0142\u00f3wna","item":"https:\/\/spiritdust.pl\/de\/"},{"@type":"ListItem","position":2,"name":"Shop","item":"https:\/\/green-chough-870564.hostingersite.com\/shop\/"},{"@type":"ListItem","position":3,"name":"Rohsaphir in minimalistischer Form \u2013 Ohrstecker"}]},{"@type":"WebSite","@id":"https:\/\/green-chough-870564.hostingersite.com\/#website","url":"https:\/\/green-chough-870564.hostingersite.com\/","name":"Spirit Dust","description":"Bi\u017cuteria z Miedzi, Srebra i Kamieni Naturalnych","publisher":{"@id":"https:\/\/green-chough-870564.hostingersite.com\/#organization"},"potentialAction":[{"@type":"SearchAction","target":{"@type":"EntryPoint","urlTemplate":"https:\/\/green-chough-870564.hostingersite.com\/?s={search_term_string}"},"query-input":{"@type":"PropertyValueSpecification","valueRequired":true,"valueName":"search_term_string"}}],"inLanguage":"de"},{"@type":"Organization","@id":"https:\/\/green-chough-870564.hostingersite.com\/#organization","name":"Geisterstaub","url":"https:\/\/green-chough-870564.hostingersite.com\/","logo":{"@type":"ImageObject","inLanguage":"de","@id":"https:\/\/green-chough-870564.hostingersite.com\/#\/schema\/logo\/image\/","url":"https:\/\/spiritdust.pl\/wp-content\/uploads\/2026\/01\/logo-sd.png","contentUrl":"https:\/\/spiritdust.pl\/wp-content\/uploads\/2026\/01\/logo-sd.png","width":251,"height":368,"caption":"Geisterstaub"},"image":{"@id":"https:\/\/green-chough-870564.hostingersite.com\/#\/schema\/logo\/image\/"},"sameAs":["https:\/\/www.facebook.com\/spiritdustmj\/","https:\/\/instagram.com\/spirit__dust"]}]}},"_links":{"self":[{"href":"https:\/\/spiritdust.pl\/de\/wp-json\/wp\/v2\/product\/4917","targetHints":{"allow":["GET"]}}],"collection":[{"href":"https:\/\/spiritdust.pl\/de\/wp-json\/wp\/v2\/product"}],"about":[{"href":"https:\/\/spiritdust.pl\/de\/wp-json\/wp\/v2\/types\/product"}],"version-history":[{"count":0,"href":"https:\/\/spiritdust.pl\/de\/wp-json\/wp\/v2\/product\/4917\/revisions"}],"wp:featuredmedia":[{"embeddable":true,"href":"https:\/\/spiritdust.pl\/de\/wp-json\/wp\/v2\/media\/4918"}],"wp:attachment":[{"href":"https:\/\/spiritdust.pl\/de\/wp-json\/wp\/v2\/media?parent=4917"}],"wp:term":[{"taxonomy":"product_brand","embeddable":true,"href":"https:\/\/spiritdust.pl\/de\/wp-json\/wp\/v2\/product_brand?post=4917"},{"taxonomy":"product_cat","embeddable":true,"href":"https:\/\/spiritdust.pl\/de\/wp-json\/wp\/v2\/product_cat?post=4917"},{"taxonomy":"product_tag","embeddable":true,"href":"https:\/\/spiritdust.pl\/de\/wp-json\/wp\/v2\/product_tag?post=4917"}],"curies":[{"name":"wp","href":"https:\/\/api.w.org\/{rel}","templated":true}]}}