{"id":4961,"date":"2026-01-26T09:23:36","date_gmt":"2026-01-26T09:23:36","guid":{"rendered":"https:\/\/spiritdust.pl\/produkt\/sonnige-zartheit-armband-mit-rosenquarz\/"},"modified":"2026-01-26T09:23:36","modified_gmt":"2026-01-26T09:23:36","slug":"sonnige-zartheit-armband-mit-rosenquarz","status":"publish","type":"product","link":"https:\/\/spiritdust.pl\/de\/produkt\/sonnige-zartheit-armband-mit-rosenquarz\/","title":{"rendered":"Sonnige Zartheit \u2013 Armband mit Rosenquarz"},"content":{"rendered":"<p><strong>Sonnige Zartheit \u2013 Armband mit Rosenquarz<\/strong><\/p>\n<p>Handgefertigtes Armband aus Natursteinen \u2013 Rosenquarz, Jaspis, Sonnenstein, rosa peruanischem Opal und H\u00e4matit. Eine zarte Komposition, die warme Rosat\u00f6ne und goldene Reflexe vereint und ein harmonisches Ganzes schafft, inspiriert vom Glanz der Morgensonne. <\/p>\n<ul>\n<li><strong>Rosenquarz<\/strong> \u2013 Symbol f\u00fcr Liebe und Harmonie, f\u00f6rdert den inneren Frieden.<\/li>\n<li><strong>Sonnenstein<\/strong> \u2013 bringt Energie und Optimismus, erinnert an die Kraft des Lichts.<\/li>\n<li><strong>Rosa peruanischer Opal<\/strong> \u2013 f\u00f6rdert Sanftheit und hilft, das Herz zu \u00f6ffnen.<\/li>\n<li><strong>Jaspis<\/strong> \u2013 st\u00e4rkt das Gef\u00fchl der Stabilit\u00e4t und unterst\u00fctzt die innere Kraft.<\/li>\n<li><strong>H\u00e4matit<\/strong> \u2013 gilt als Schutzstein, st\u00e4rkt Mut und Gleichgewicht.<\/li>\n<\/ul>\n<p>Das Armband unterstreicht perfekt nat\u00fcrliche Sch\u00f6nheit und Zartheit und ist gleichzeitig ein subtiler Akzent f\u00fcr jeden Anlass.<\/p>\n","protected":false},"excerpt":{"rendered":"<p><strong>Sonnige Zartheit \u2013 Armband mit Rosenquarz<\/strong><\/p>\n<p>Handgefertigtes Armband aus Rosenquarz, Jaspis, Sonnenstein, rosa peruanischem Opal und H\u00e4matit. Eine zarte Komposition aus warmen Rosa- und Goldt\u00f6nen, die Liebe, Licht und Harmonie symbolisiert. <\/p>\n<p>Die Weite ist durch einen Schiebeknoten verstellbar.<\/p>\n<p>&nbsp;<\/p>\n<p class=\"p1\">Ich verpacke den Schmuck sorgf\u00e4ltig in einer dekorativen Schachtel, sodass er sofort als Geschenk bereit ist.<\/p>\n<p>&nbsp;<\/p>\n<p><strong data-start=\"1081\" data-end=\"1127\">Das Armband wird speziell f\u00fcr dich angefertigt<\/strong> \u2013 du kannst die Farbe der Zwischenperlen bei der Bestellung w\u00e4hlen.<br data-start=\"1187\" data-end=\"1190\">Aus diesem Grund ist es ein personalisiertes Produkt, das gem\u00e4\u00df den geltenden Bestimmungen <strong data-start=\"1246\" data-end=\"1270\">vom Umtausch ausgeschlossen<\/strong> ist.<\/p>\n","protected":false},"featured_media":4962,"template":"","meta":{"inline_featured_image":false},"product_brand":[],"product_cat":[168],"product_tag":[169,170,252,200,217],"class_list":{"0":"post-4961","1":"product","2":"type-product","3":"status-publish","4":"has-post-thumbnail","6":"product_cat-armbander","7":"product_tag-hamatit","8":"product_tag-jaspis","9":"product_tag-peruanischer-opal","10":"product_tag-rosenquarz","11":"product_tag-sonnenstein","13":"first","14":"instock","15":"taxable","16":"shipping-taxable","17":"purchasable","18":"product-type-variable"},"yoast_head":"<!-- This site is optimized with the Yoast SEO plugin v27.1.1 - https:\/\/yoast.com\/product\/yoast-seo-wordpress\/ -->\n<title>Sonnige Zartheit \u2013 Armband mit Rosenquarz - Spirit Dust<\/title>\n<meta name=\"description\" content=\"Handgefertigtes Armband aus Rosenquarz, Jaspis, Sonnenstein, peruanischem Opal, das die Zartheit der Natur mit dem Glanz der Sonne verbindet.\" \/>\n<meta name=\"robots\" content=\"index, follow, max-snippet:-1, max-image-preview:large, max-video-preview:-1\" \/>\n<link rel=\"canonical\" href=\"https:\/\/spiritdust.pl\/de\/produkt\/sonnige-zartheit-armband-mit-rosenquarz\/\" \/>\n<meta property=\"og:locale\" content=\"de_DE\" \/>\n<meta property=\"og:type\" content=\"article\" \/>\n<meta property=\"og:title\" content=\"Sonnige Zartheit \u2013 Armband mit Rosenquarz - Spirit Dust\" \/>\n<meta property=\"og:description\" content=\"Handgefertigtes Armband aus Rosenquarz, Jaspis, Sonnenstein, peruanischem Opal, das die Zartheit der Natur mit dem Glanz der Sonne verbindet.\" \/>\n<meta property=\"og:url\" content=\"https:\/\/spiritdust.pl\/de\/produkt\/sonnige-zartheit-armband-mit-rosenquarz\/\" \/>\n<meta property=\"og:site_name\" content=\"Spirit Dust\" \/>\n<meta property=\"article:publisher\" content=\"https:\/\/www.facebook.com\/spiritdustmj\/\" \/>\n<meta property=\"og:image\" content=\"https:\/\/spiritdust.pl\/wp-content\/uploads\/2026\/01\/DSC08504.jpg\" \/>\n\t<meta property=\"og:image:width\" content=\"1088\" \/>\n\t<meta property=\"og:image:height\" content=\"1080\" \/>\n\t<meta property=\"og:image:type\" content=\"image\/jpeg\" \/>\n<meta name=\"twitter:card\" content=\"summary_large_image\" \/>\n<meta name=\"twitter:label1\" content=\"Gesch\u00e4tzte Lesezeit\" \/>\n\t<meta name=\"twitter:data1\" content=\"1\u00a0Minute\" \/>\n<script type=\"application\/ld+json\" class=\"yoast-schema-graph\">{\"@context\":\"https:\/\/schema.org\",\"@graph\":[{\"@type\":\"WebPage\",\"@id\":\"https:\/\/spiritdust.pl\/de\/produkt\/sonnige-zartheit-armband-mit-rosenquarz\/\",\"url\":\"https:\/\/spiritdust.pl\/de\/produkt\/sonnige-zartheit-armband-mit-rosenquarz\/\",\"name\":\"Sonnige Zartheit \u2013 Armband mit Rosenquarz - Spirit Dust\",\"isPartOf\":{\"@id\":\"https:\/\/green-chough-870564.hostingersite.com\/#website\"},\"primaryImageOfPage\":{\"@id\":\"https:\/\/spiritdust.pl\/de\/produkt\/sonnige-zartheit-armband-mit-rosenquarz\/#primaryimage\"},\"image\":{\"@id\":\"https:\/\/spiritdust.pl\/de\/produkt\/sonnige-zartheit-armband-mit-rosenquarz\/#primaryimage\"},\"thumbnailUrl\":\"https:\/\/spiritdust.pl\/wp-content\/uploads\/2026\/01\/DSC08504.jpg\",\"datePublished\":\"2026-01-26T09:23:36+00:00\",\"description\":\"Handgefertigtes Armband aus Rosenquarz, Jaspis, Sonnenstein, peruanischem Opal, das die Zartheit der Natur mit dem Glanz der Sonne verbindet.\",\"breadcrumb\":{\"@id\":\"https:\/\/spiritdust.pl\/de\/produkt\/sonnige-zartheit-armband-mit-rosenquarz\/#breadcrumb\"},\"inLanguage\":\"de\",\"potentialAction\":[{\"@type\":\"ReadAction\",\"target\":[\"https:\/\/spiritdust.pl\/de\/produkt\/sonnige-zartheit-armband-mit-rosenquarz\/\"]}]},{\"@type\":\"ImageObject\",\"inLanguage\":\"de\",\"@id\":\"https:\/\/spiritdust.pl\/de\/produkt\/sonnige-zartheit-armband-mit-rosenquarz\/#primaryimage\",\"url\":\"https:\/\/spiritdust.pl\/wp-content\/uploads\/2026\/01\/DSC08504.jpg\",\"contentUrl\":\"https:\/\/spiritdust.pl\/wp-content\/uploads\/2026\/01\/DSC08504.jpg\",\"width\":1088,\"height\":1080},{\"@type\":\"BreadcrumbList\",\"@id\":\"https:\/\/spiritdust.pl\/de\/produkt\/sonnige-zartheit-armband-mit-rosenquarz\/#breadcrumb\",\"itemListElement\":[{\"@type\":\"ListItem\",\"position\":1,\"name\":\"Strona g\u0142\u00f3wna\",\"item\":\"https:\/\/spiritdust.pl\/de\/\"},{\"@type\":\"ListItem\",\"position\":2,\"name\":\"Shop\",\"item\":\"https:\/\/green-chough-870564.hostingersite.com\/shop\/\"},{\"@type\":\"ListItem\",\"position\":3,\"name\":\"Sonnige Zartheit \u2013 Armband mit Rosenquarz\"}]},{\"@type\":\"WebSite\",\"@id\":\"https:\/\/green-chough-870564.hostingersite.com\/#website\",\"url\":\"https:\/\/green-chough-870564.hostingersite.com\/\",\"name\":\"Spirit Dust\",\"description\":\"Bi\u017cuteria z Miedzi, Srebra i Kamieni Naturalnych\",\"publisher\":{\"@id\":\"https:\/\/green-chough-870564.hostingersite.com\/#organization\"},\"potentialAction\":[{\"@type\":\"SearchAction\",\"target\":{\"@type\":\"EntryPoint\",\"urlTemplate\":\"https:\/\/green-chough-870564.hostingersite.com\/?s={search_term_string}\"},\"query-input\":{\"@type\":\"PropertyValueSpecification\",\"valueRequired\":true,\"valueName\":\"search_term_string\"}}],\"inLanguage\":\"de\"},{\"@type\":\"Organization\",\"@id\":\"https:\/\/green-chough-870564.hostingersite.com\/#organization\",\"name\":\"Geisterstaub\",\"url\":\"https:\/\/green-chough-870564.hostingersite.com\/\",\"logo\":{\"@type\":\"ImageObject\",\"inLanguage\":\"de\",\"@id\":\"https:\/\/green-chough-870564.hostingersite.com\/#\/schema\/logo\/image\/\",\"url\":\"https:\/\/spiritdust.pl\/wp-content\/uploads\/2026\/01\/logo-sd.png\",\"contentUrl\":\"https:\/\/spiritdust.pl\/wp-content\/uploads\/2026\/01\/logo-sd.png\",\"width\":251,\"height\":368,\"caption\":\"Geisterstaub\"},\"image\":{\"@id\":\"https:\/\/green-chough-870564.hostingersite.com\/#\/schema\/logo\/image\/\"},\"sameAs\":[\"https:\/\/www.facebook.com\/spiritdustmj\/\",\"https:\/\/instagram.com\/spirit__dust\"]}]}<\/script>\n<!-- \/ Yoast SEO plugin. -->","yoast_head_json":{"title":"Sonnige Zartheit \u2013 Armband mit Rosenquarz - Spirit Dust","description":"Handgefertigtes Armband aus Rosenquarz, Jaspis, Sonnenstein, peruanischem Opal, das die Zartheit der Natur mit dem Glanz der Sonne verbindet.","robots":{"index":"index","follow":"follow","max-snippet":"max-snippet:-1","max-image-preview":"max-image-preview:large","max-video-preview":"max-video-preview:-1"},"canonical":"https:\/\/spiritdust.pl\/de\/produkt\/sonnige-zartheit-armband-mit-rosenquarz\/","og_locale":"de_DE","og_type":"article","og_title":"Sonnige Zartheit \u2013 Armband mit Rosenquarz - Spirit Dust","og_description":"Handgefertigtes Armband aus Rosenquarz, Jaspis, Sonnenstein, peruanischem Opal, das die Zartheit der Natur mit dem Glanz der Sonne verbindet.","og_url":"https:\/\/spiritdust.pl\/de\/produkt\/sonnige-zartheit-armband-mit-rosenquarz\/","og_site_name":"Spirit Dust","article_publisher":"https:\/\/www.facebook.com\/spiritdustmj\/","og_image":[{"width":1088,"height":1080,"url":"https:\/\/spiritdust.pl\/wp-content\/uploads\/2026\/01\/DSC08504.jpg","type":"image\/jpeg"}],"twitter_card":"summary_large_image","twitter_misc":{"Gesch\u00e4tzte Lesezeit":"1\u00a0Minute"},"schema":{"@context":"https:\/\/schema.org","@graph":[{"@type":"WebPage","@id":"https:\/\/spiritdust.pl\/de\/produkt\/sonnige-zartheit-armband-mit-rosenquarz\/","url":"https:\/\/spiritdust.pl\/de\/produkt\/sonnige-zartheit-armband-mit-rosenquarz\/","name":"Sonnige Zartheit \u2013 Armband mit Rosenquarz - Spirit Dust","isPartOf":{"@id":"https:\/\/green-chough-870564.hostingersite.com\/#website"},"primaryImageOfPage":{"@id":"https:\/\/spiritdust.pl\/de\/produkt\/sonnige-zartheit-armband-mit-rosenquarz\/#primaryimage"},"image":{"@id":"https:\/\/spiritdust.pl\/de\/produkt\/sonnige-zartheit-armband-mit-rosenquarz\/#primaryimage"},"thumbnailUrl":"https:\/\/spiritdust.pl\/wp-content\/uploads\/2026\/01\/DSC08504.jpg","datePublished":"2026-01-26T09:23:36+00:00","description":"Handgefertigtes Armband aus Rosenquarz, Jaspis, Sonnenstein, peruanischem Opal, das die Zartheit der Natur mit dem Glanz der Sonne verbindet.","breadcrumb":{"@id":"https:\/\/spiritdust.pl\/de\/produkt\/sonnige-zartheit-armband-mit-rosenquarz\/#breadcrumb"},"inLanguage":"de","potentialAction":[{"@type":"ReadAction","target":["https:\/\/spiritdust.pl\/de\/produkt\/sonnige-zartheit-armband-mit-rosenquarz\/"]}]},{"@type":"ImageObject","inLanguage":"de","@id":"https:\/\/spiritdust.pl\/de\/produkt\/sonnige-zartheit-armband-mit-rosenquarz\/#primaryimage","url":"https:\/\/spiritdust.pl\/wp-content\/uploads\/2026\/01\/DSC08504.jpg","contentUrl":"https:\/\/spiritdust.pl\/wp-content\/uploads\/2026\/01\/DSC08504.jpg","width":1088,"height":1080},{"@type":"BreadcrumbList","@id":"https:\/\/spiritdust.pl\/de\/produkt\/sonnige-zartheit-armband-mit-rosenquarz\/#breadcrumb","itemListElement":[{"@type":"ListItem","position":1,"name":"Strona g\u0142\u00f3wna","item":"https:\/\/spiritdust.pl\/de\/"},{"@type":"ListItem","position":2,"name":"Shop","item":"https:\/\/green-chough-870564.hostingersite.com\/shop\/"},{"@type":"ListItem","position":3,"name":"Sonnige Zartheit \u2013 Armband mit Rosenquarz"}]},{"@type":"WebSite","@id":"https:\/\/green-chough-870564.hostingersite.com\/#website","url":"https:\/\/green-chough-870564.hostingersite.com\/","name":"Spirit Dust","description":"Bi\u017cuteria z Miedzi, Srebra i Kamieni Naturalnych","publisher":{"@id":"https:\/\/green-chough-870564.hostingersite.com\/#organization"},"potentialAction":[{"@type":"SearchAction","target":{"@type":"EntryPoint","urlTemplate":"https:\/\/green-chough-870564.hostingersite.com\/?s={search_term_string}"},"query-input":{"@type":"PropertyValueSpecification","valueRequired":true,"valueName":"search_term_string"}}],"inLanguage":"de"},{"@type":"Organization","@id":"https:\/\/green-chough-870564.hostingersite.com\/#organization","name":"Geisterstaub","url":"https:\/\/green-chough-870564.hostingersite.com\/","logo":{"@type":"ImageObject","inLanguage":"de","@id":"https:\/\/green-chough-870564.hostingersite.com\/#\/schema\/logo\/image\/","url":"https:\/\/spiritdust.pl\/wp-content\/uploads\/2026\/01\/logo-sd.png","contentUrl":"https:\/\/spiritdust.pl\/wp-content\/uploads\/2026\/01\/logo-sd.png","width":251,"height":368,"caption":"Geisterstaub"},"image":{"@id":"https:\/\/green-chough-870564.hostingersite.com\/#\/schema\/logo\/image\/"},"sameAs":["https:\/\/www.facebook.com\/spiritdustmj\/","https:\/\/instagram.com\/spirit__dust"]}]}},"_links":{"self":[{"href":"https:\/\/spiritdust.pl\/de\/wp-json\/wp\/v2\/product\/4961","targetHints":{"allow":["GET"]}}],"collection":[{"href":"https:\/\/spiritdust.pl\/de\/wp-json\/wp\/v2\/product"}],"about":[{"href":"https:\/\/spiritdust.pl\/de\/wp-json\/wp\/v2\/types\/product"}],"version-history":[{"count":0,"href":"https:\/\/spiritdust.pl\/de\/wp-json\/wp\/v2\/product\/4961\/revisions"}],"wp:featuredmedia":[{"embeddable":true,"href":"https:\/\/spiritdust.pl\/de\/wp-json\/wp\/v2\/media\/4962"}],"wp:attachment":[{"href":"https:\/\/spiritdust.pl\/de\/wp-json\/wp\/v2\/media?parent=4961"}],"wp:term":[{"taxonomy":"product_brand","embeddable":true,"href":"https:\/\/spiritdust.pl\/de\/wp-json\/wp\/v2\/product_brand?post=4961"},{"taxonomy":"product_cat","embeddable":true,"href":"https:\/\/spiritdust.pl\/de\/wp-json\/wp\/v2\/product_cat?post=4961"},{"taxonomy":"product_tag","embeddable":true,"href":"https:\/\/spiritdust.pl\/de\/wp-json\/wp\/v2\/product_tag?post=4961"}],"curies":[{"name":"wp","href":"https:\/\/api.w.org\/{rel}","templated":true}]}}