{"id":4977,"date":"2026-01-26T09:23:37","date_gmt":"2026-01-26T09:23:37","guid":{"rendered":"https:\/\/spiritdust.pl\/produkt\/herzstein-ohrstecker-mit-rohrubin\/"},"modified":"2026-01-26T09:23:37","modified_gmt":"2026-01-26T09:23:37","slug":"herzstein-ohrstecker-mit-rohrubin","status":"publish","type":"product","link":"https:\/\/spiritdust.pl\/de\/produkt\/herzstein-ohrstecker-mit-rohrubin\/","title":{"rendered":"Herzstein \u2013 Ohrstecker mit Rohrubin"},"content":{"rendered":"<div class=\"flex-shrink-0 flex flex-col relative items-end\">\n<div class=\"pt-0\">\n<div class=\"gizmo-bot-avatar flex h-8 w-8 items-center justify-center overflow-hidden rounded-full\">\n<div class=\"relative p-1 rounded-sm flex items-center justify-center bg-token-main-surface-primary text-token-text-primary h-8 w-8\">\n<p><strong>Ohrstecker mit Rohrubin \u2013 Herzstein<\/strong><\/p>\n<p>Diese Ohrstecker sind nicht nur ein einzigartiges Schmuckst\u00fcck, sondern auch ein energetischer Talisman, der die tiefe Symbolik des Rubins aufgreift.<\/p>\n<p><strong>Rubin<\/strong>, auch \u201eHerzstein\u201c genannt, gilt seit Jahrhunderten als Quelle von Mut, Leidenschaft und innerer St\u00e4rke. Seine rohe, ungeschliffene Form verleiht ihm Authentizit\u00e4t und eine einzigartige, nat\u00fcrliche Sch\u00f6nheit. Dadurch sind diese Ohrstecker eine ausgezeichnete Wahl f\u00fcr alle, die Schlichtheit und Authentizit\u00e4t im Schmuck suchen.  <\/p>\n<p>Die Kupferfassung der Ohrstecker unterstreicht den warmen, rustikalen Charakter des Rubins und betont gleichzeitig seine Rohheit. Diese Kombination aus rohem Stein und warmem Metall schafft eine einzigartige Harmonie, die diese Ohrstecker bei jedem Styling hervorhebt \u2013 vom Alltag bis zum eleganten Anlass. <\/p>\n<p>Dank der pr\u00e4zisen Verarbeitung der Ohrstecker und der Verwendung von Stiften und Verschl\u00fcssen aus Chirurgenstahl ist das Tragen bequem und sicher. Chirurgenstahl ist allergikerfreundlich und bietet auch f\u00fcr die empfindlichsten Ohren Komfort. <\/p>\n<p>Diese Ohrstecker sind nicht nur Schmuck, sondern auch ein Symbol f\u00fcr Kraft und Authentizit\u00e4t, ideal f\u00fcr alle, die ein wenig Magie in ihren Alltag bringen m\u00f6chten.<\/p>\n<\/div>\n<\/div>\n<\/div>\n<\/div>\n","protected":false},"excerpt":{"rendered":"<div class=\"flex max-w-full flex-col flex-grow\">\n<div class=\"min-h-8 text-message flex w-full flex-col items-end gap-2 whitespace-normal break-words text-start [.text-message+&amp;]:mt-5\" dir=\"auto\" data-message-author-role=\"assistant\" data-message-id=\"e37d3b1a-d597-4200-97d4-57fb7acf2184\" data-message-model-slug=\"gpt-4o-mini\">\n<div class=\"flex w-full flex-col gap-1 empty:hidden first:pt-[3px]\">\n<div class=\"markdown prose w-full break-words dark:prose-invert dark\">\n<div class=\"flex max-w-full flex-col flex-grow\">\n<div class=\"min-h-8 text-message flex w-full flex-col items-end gap-2 whitespace-normal break-words text-start [.text-message+&amp;]:mt-5\" dir=\"auto\" data-message-author-role=\"assistant\" data-message-id=\"434ce9a3-1eaf-4b96-b199-2a1d18b5b877\" data-message-model-slug=\"gpt-4o-mini\">\n<div class=\"flex w-full flex-col gap-1 empty:hidden first:pt-[3px]\">\n<div class=\"markdown prose w-full break-words dark:prose-invert dark\">\n<p>Ohrstecker mit Rohrubin \u2013 \u201eHerzstein\u201c. Der rohe, nat\u00fcrliche Rubin symbolisiert Mut und St\u00e4rke, w\u00e4hrend die Kupferfassung ihnen einen rustikalen Charakter verleiht. Chirurgenstahl sorgt f\u00fcr Langlebigkeit und Tragekomfort.  <\/p>\n<\/div>\n<\/div>\n<\/div>\n<\/div>\n<\/div>\n<\/div>\n<\/div>\n<\/div>\n<p>&nbsp;<\/p>\n<p>Ich verpacke den Schmuck sorgf\u00e4ltig in einer dekorativen Schachtel, sodass er sofort als Geschenk bereit ist.<\/p>\n","protected":false},"featured_media":4978,"template":"","meta":{"inline_featured_image":false},"product_brand":[],"product_cat":[367],"product_tag":[320],"class_list":{"0":"post-4977","1":"product","2":"type-product","3":"status-publish","4":"has-post-thumbnail","6":"product_cat-ohrringe","7":"product_tag-rubin","9":"first","10":"instock","11":"taxable","12":"shipping-taxable","13":"purchasable","14":"product-type-simple"},"yoast_head":"<!-- This site is optimized with the Yoast SEO plugin v27.5 - https:\/\/yoast.com\/product\/yoast-seo-wordpress\/ -->\n<title>Herzstein \u2013 Ohrstecker mit Rohrubin - Spirit Dust<\/title>\n<meta name=\"description\" content=\"Ohrstecker mit Rohrubin, in Kupferfassung und mit Stahlverschl\u00fcssen, verbinden die nat\u00fcrliche Sch\u00f6nheit des Rubins mit einem subtilen, rustikalen Stil.\" \/>\n<meta name=\"robots\" content=\"index, follow, max-snippet:-1, max-image-preview:large, max-video-preview:-1\" \/>\n<link rel=\"canonical\" href=\"https:\/\/spiritdust.pl\/de\/produkt\/herzstein-ohrstecker-mit-rohrubin\/\" \/>\n<meta property=\"og:locale\" content=\"de_DE\" \/>\n<meta property=\"og:type\" content=\"article\" \/>\n<meta property=\"og:title\" content=\"Herzstein \u2013 Ohrstecker mit Rohrubin - Spirit Dust\" \/>\n<meta property=\"og:description\" content=\"Ohrstecker mit Rohrubin, in Kupferfassung und mit Stahlverschl\u00fcssen, verbinden die nat\u00fcrliche Sch\u00f6nheit des Rubins mit einem subtilen, rustikalen Stil.\" \/>\n<meta property=\"og:url\" content=\"https:\/\/spiritdust.pl\/de\/produkt\/herzstein-ohrstecker-mit-rohrubin\/\" \/>\n<meta property=\"og:site_name\" content=\"Spirit Dust\" \/>\n<meta property=\"article:publisher\" content=\"https:\/\/www.facebook.com\/spiritdustmj\/\" \/>\n<meta property=\"og:image\" content=\"https:\/\/spiritdust.pl\/wp-content\/uploads\/2026\/01\/DSC08542.jpg\" \/>\n\t<meta property=\"og:image:width\" content=\"1088\" \/>\n\t<meta property=\"og:image:height\" content=\"1080\" \/>\n\t<meta property=\"og:image:type\" content=\"image\/jpeg\" \/>\n<meta name=\"twitter:card\" content=\"summary_large_image\" \/>\n<meta name=\"twitter:label1\" content=\"Gesch\u00e4tzte Lesezeit\" \/>\n\t<meta name=\"twitter:data1\" content=\"1\u00a0Minute\" \/>\n<script type=\"application\/ld+json\" class=\"yoast-schema-graph\">{\"@context\":\"https:\\\/\\\/schema.org\",\"@graph\":[{\"@type\":\"WebPage\",\"@id\":\"https:\\\/\\\/spiritdust.pl\\\/de\\\/produkt\\\/herzstein-ohrstecker-mit-rohrubin\\\/\",\"url\":\"https:\\\/\\\/spiritdust.pl\\\/de\\\/produkt\\\/herzstein-ohrstecker-mit-rohrubin\\\/\",\"name\":\"Herzstein \u2013 Ohrstecker mit Rohrubin - Spirit Dust\",\"isPartOf\":{\"@id\":\"https:\\\/\\\/green-chough-870564.hostingersite.com\\\/#website\"},\"primaryImageOfPage\":{\"@id\":\"https:\\\/\\\/spiritdust.pl\\\/de\\\/produkt\\\/herzstein-ohrstecker-mit-rohrubin\\\/#primaryimage\"},\"image\":{\"@id\":\"https:\\\/\\\/spiritdust.pl\\\/de\\\/produkt\\\/herzstein-ohrstecker-mit-rohrubin\\\/#primaryimage\"},\"thumbnailUrl\":\"https:\\\/\\\/spiritdust.pl\\\/wp-content\\\/uploads\\\/2026\\\/01\\\/DSC08542.jpg\",\"datePublished\":\"2026-01-26T09:23:37+00:00\",\"description\":\"Ohrstecker mit Rohrubin, in Kupferfassung und mit Stahlverschl\u00fcssen, verbinden die nat\u00fcrliche Sch\u00f6nheit des Rubins mit einem subtilen, rustikalen Stil.\",\"breadcrumb\":{\"@id\":\"https:\\\/\\\/spiritdust.pl\\\/de\\\/produkt\\\/herzstein-ohrstecker-mit-rohrubin\\\/#breadcrumb\"},\"inLanguage\":\"de\",\"potentialAction\":[{\"@type\":\"ReadAction\",\"target\":[\"https:\\\/\\\/spiritdust.pl\\\/de\\\/produkt\\\/herzstein-ohrstecker-mit-rohrubin\\\/\"]}]},{\"@type\":\"ImageObject\",\"inLanguage\":\"de\",\"@id\":\"https:\\\/\\\/spiritdust.pl\\\/de\\\/produkt\\\/herzstein-ohrstecker-mit-rohrubin\\\/#primaryimage\",\"url\":\"https:\\\/\\\/spiritdust.pl\\\/wp-content\\\/uploads\\\/2026\\\/01\\\/DSC08542.jpg\",\"contentUrl\":\"https:\\\/\\\/spiritdust.pl\\\/wp-content\\\/uploads\\\/2026\\\/01\\\/DSC08542.jpg\",\"width\":1088,\"height\":1080},{\"@type\":\"BreadcrumbList\",\"@id\":\"https:\\\/\\\/spiritdust.pl\\\/de\\\/produkt\\\/herzstein-ohrstecker-mit-rohrubin\\\/#breadcrumb\",\"itemListElement\":[{\"@type\":\"ListItem\",\"position\":1,\"name\":\"Strona g\u0142\u00f3wna\",\"item\":\"https:\\\/\\\/spiritdust.pl\\\/de\\\/spirit-dust-schmuck-aus-kupfer-silber-und-natursteinen\\\/\"},{\"@type\":\"ListItem\",\"position\":2,\"name\":\"Shop\",\"item\":\"https:\\\/\\\/green-chough-870564.hostingersite.com\\\/shop\\\/\"},{\"@type\":\"ListItem\",\"position\":3,\"name\":\"Herzstein \u2013 Ohrstecker mit Rohrubin\"}]},{\"@type\":\"WebSite\",\"@id\":\"https:\\\/\\\/green-chough-870564.hostingersite.com\\\/#website\",\"url\":\"https:\\\/\\\/green-chough-870564.hostingersite.com\\\/\",\"name\":\"Spirit Dust\",\"description\":\"Bi\u017cuteria z Miedzi, Srebra i Kamieni Naturalnych\",\"publisher\":{\"@id\":\"https:\\\/\\\/green-chough-870564.hostingersite.com\\\/#organization\"},\"potentialAction\":[{\"@type\":\"SearchAction\",\"target\":{\"@type\":\"EntryPoint\",\"urlTemplate\":\"https:\\\/\\\/green-chough-870564.hostingersite.com\\\/?s={search_term_string}\"},\"query-input\":{\"@type\":\"PropertyValueSpecification\",\"valueRequired\":true,\"valueName\":\"search_term_string\"}}],\"inLanguage\":\"de\"},{\"@type\":\"Organization\",\"@id\":\"https:\\\/\\\/green-chough-870564.hostingersite.com\\\/#organization\",\"name\":\"Geisterstaub\",\"url\":\"https:\\\/\\\/green-chough-870564.hostingersite.com\\\/\",\"logo\":{\"@type\":\"ImageObject\",\"inLanguage\":\"de\",\"@id\":\"https:\\\/\\\/green-chough-870564.hostingersite.com\\\/#\\\/schema\\\/logo\\\/image\\\/\",\"url\":\"https:\\\/\\\/spiritdust.pl\\\/wp-content\\\/uploads\\\/2026\\\/01\\\/logo-sd.png\",\"contentUrl\":\"https:\\\/\\\/spiritdust.pl\\\/wp-content\\\/uploads\\\/2026\\\/01\\\/logo-sd.png\",\"width\":251,\"height\":368,\"caption\":\"Geisterstaub\"},\"image\":{\"@id\":\"https:\\\/\\\/green-chough-870564.hostingersite.com\\\/#\\\/schema\\\/logo\\\/image\\\/\"},\"sameAs\":[\"https:\\\/\\\/www.facebook.com\\\/spiritdustmj\\\/\",\"https:\\\/\\\/instagram.com\\\/spirit__dust\"]}]}<\/script>\n<!-- \/ Yoast SEO plugin. -->","yoast_head_json":{"title":"Herzstein \u2013 Ohrstecker mit Rohrubin - Spirit Dust","description":"Ohrstecker mit Rohrubin, in Kupferfassung und mit Stahlverschl\u00fcssen, verbinden die nat\u00fcrliche Sch\u00f6nheit des Rubins mit einem subtilen, rustikalen Stil.","robots":{"index":"index","follow":"follow","max-snippet":"max-snippet:-1","max-image-preview":"max-image-preview:large","max-video-preview":"max-video-preview:-1"},"canonical":"https:\/\/spiritdust.pl\/de\/produkt\/herzstein-ohrstecker-mit-rohrubin\/","og_locale":"de_DE","og_type":"article","og_title":"Herzstein \u2013 Ohrstecker mit Rohrubin - Spirit Dust","og_description":"Ohrstecker mit Rohrubin, in Kupferfassung und mit Stahlverschl\u00fcssen, verbinden die nat\u00fcrliche Sch\u00f6nheit des Rubins mit einem subtilen, rustikalen Stil.","og_url":"https:\/\/spiritdust.pl\/de\/produkt\/herzstein-ohrstecker-mit-rohrubin\/","og_site_name":"Spirit Dust","article_publisher":"https:\/\/www.facebook.com\/spiritdustmj\/","og_image":[{"width":1088,"height":1080,"url":"https:\/\/spiritdust.pl\/wp-content\/uploads\/2026\/01\/DSC08542.jpg","type":"image\/jpeg"}],"twitter_card":"summary_large_image","twitter_misc":{"Gesch\u00e4tzte Lesezeit":"1\u00a0Minute"},"schema":{"@context":"https:\/\/schema.org","@graph":[{"@type":"WebPage","@id":"https:\/\/spiritdust.pl\/de\/produkt\/herzstein-ohrstecker-mit-rohrubin\/","url":"https:\/\/spiritdust.pl\/de\/produkt\/herzstein-ohrstecker-mit-rohrubin\/","name":"Herzstein \u2013 Ohrstecker mit Rohrubin - Spirit Dust","isPartOf":{"@id":"https:\/\/green-chough-870564.hostingersite.com\/#website"},"primaryImageOfPage":{"@id":"https:\/\/spiritdust.pl\/de\/produkt\/herzstein-ohrstecker-mit-rohrubin\/#primaryimage"},"image":{"@id":"https:\/\/spiritdust.pl\/de\/produkt\/herzstein-ohrstecker-mit-rohrubin\/#primaryimage"},"thumbnailUrl":"https:\/\/spiritdust.pl\/wp-content\/uploads\/2026\/01\/DSC08542.jpg","datePublished":"2026-01-26T09:23:37+00:00","description":"Ohrstecker mit Rohrubin, in Kupferfassung und mit Stahlverschl\u00fcssen, verbinden die nat\u00fcrliche Sch\u00f6nheit des Rubins mit einem subtilen, rustikalen Stil.","breadcrumb":{"@id":"https:\/\/spiritdust.pl\/de\/produkt\/herzstein-ohrstecker-mit-rohrubin\/#breadcrumb"},"inLanguage":"de","potentialAction":[{"@type":"ReadAction","target":["https:\/\/spiritdust.pl\/de\/produkt\/herzstein-ohrstecker-mit-rohrubin\/"]}]},{"@type":"ImageObject","inLanguage":"de","@id":"https:\/\/spiritdust.pl\/de\/produkt\/herzstein-ohrstecker-mit-rohrubin\/#primaryimage","url":"https:\/\/spiritdust.pl\/wp-content\/uploads\/2026\/01\/DSC08542.jpg","contentUrl":"https:\/\/spiritdust.pl\/wp-content\/uploads\/2026\/01\/DSC08542.jpg","width":1088,"height":1080},{"@type":"BreadcrumbList","@id":"https:\/\/spiritdust.pl\/de\/produkt\/herzstein-ohrstecker-mit-rohrubin\/#breadcrumb","itemListElement":[{"@type":"ListItem","position":1,"name":"Strona g\u0142\u00f3wna","item":"https:\/\/spiritdust.pl\/de\/spirit-dust-schmuck-aus-kupfer-silber-und-natursteinen\/"},{"@type":"ListItem","position":2,"name":"Shop","item":"https:\/\/green-chough-870564.hostingersite.com\/shop\/"},{"@type":"ListItem","position":3,"name":"Herzstein \u2013 Ohrstecker mit Rohrubin"}]},{"@type":"WebSite","@id":"https:\/\/green-chough-870564.hostingersite.com\/#website","url":"https:\/\/green-chough-870564.hostingersite.com\/","name":"Spirit Dust","description":"Bi\u017cuteria z Miedzi, Srebra i Kamieni Naturalnych","publisher":{"@id":"https:\/\/green-chough-870564.hostingersite.com\/#organization"},"potentialAction":[{"@type":"SearchAction","target":{"@type":"EntryPoint","urlTemplate":"https:\/\/green-chough-870564.hostingersite.com\/?s={search_term_string}"},"query-input":{"@type":"PropertyValueSpecification","valueRequired":true,"valueName":"search_term_string"}}],"inLanguage":"de"},{"@type":"Organization","@id":"https:\/\/green-chough-870564.hostingersite.com\/#organization","name":"Geisterstaub","url":"https:\/\/green-chough-870564.hostingersite.com\/","logo":{"@type":"ImageObject","inLanguage":"de","@id":"https:\/\/green-chough-870564.hostingersite.com\/#\/schema\/logo\/image\/","url":"https:\/\/spiritdust.pl\/wp-content\/uploads\/2026\/01\/logo-sd.png","contentUrl":"https:\/\/spiritdust.pl\/wp-content\/uploads\/2026\/01\/logo-sd.png","width":251,"height":368,"caption":"Geisterstaub"},"image":{"@id":"https:\/\/green-chough-870564.hostingersite.com\/#\/schema\/logo\/image\/"},"sameAs":["https:\/\/www.facebook.com\/spiritdustmj\/","https:\/\/instagram.com\/spirit__dust"]}]}},"_links":{"self":[{"href":"https:\/\/spiritdust.pl\/de\/wp-json\/wp\/v2\/product\/4977","targetHints":{"allow":["GET"]}}],"collection":[{"href":"https:\/\/spiritdust.pl\/de\/wp-json\/wp\/v2\/product"}],"about":[{"href":"https:\/\/spiritdust.pl\/de\/wp-json\/wp\/v2\/types\/product"}],"version-history":[{"count":0,"href":"https:\/\/spiritdust.pl\/de\/wp-json\/wp\/v2\/product\/4977\/revisions"}],"wp:featuredmedia":[{"embeddable":true,"href":"https:\/\/spiritdust.pl\/de\/wp-json\/wp\/v2\/media\/4978"}],"wp:attachment":[{"href":"https:\/\/spiritdust.pl\/de\/wp-json\/wp\/v2\/media?parent=4977"}],"wp:term":[{"taxonomy":"product_brand","embeddable":true,"href":"https:\/\/spiritdust.pl\/de\/wp-json\/wp\/v2\/product_brand?post=4977"},{"taxonomy":"product_cat","embeddable":true,"href":"https:\/\/spiritdust.pl\/de\/wp-json\/wp\/v2\/product_cat?post=4977"},{"taxonomy":"product_tag","embeddable":true,"href":"https:\/\/spiritdust.pl\/de\/wp-json\/wp\/v2\/product_tag?post=4977"}],"curies":[{"name":"wp","href":"https:\/\/api.w.org\/{rel}","templated":true}]}}