{"id":4982,"date":"2026-01-26T09:23:36","date_gmt":"2026-01-26T09:23:36","guid":{"rendered":"https:\/\/spiritdust.pl\/produkt\/magische-ohrstecker-mit-traubenachat-in-kupfer\/"},"modified":"2026-01-26T09:23:36","modified_gmt":"2026-01-26T09:23:36","slug":"magische-ohrstecker-mit-traubenachat-in-kupfer","status":"publish","type":"product","link":"https:\/\/spiritdust.pl\/de\/produkt\/magische-ohrstecker-mit-traubenachat-in-kupfer\/","title":{"rendered":"Magische Ohrstecker mit Traubenachat in Kupfer"},"content":{"rendered":"<div class=\"flex-shrink-0 flex flex-col relative items-end\">\n<div class=\"pt-0\">\n<div class=\"gizmo-bot-avatar flex h-8 w-8 items-center justify-center overflow-hidden rounded-full\">\n<div class=\"relative p-1 rounded-sm flex items-center justify-center bg-token-main-surface-primary text-token-text-primary h-8 w-8\">\n<p><strong>Magische Ohrstecker mit Traubenachat in Kupfer<\/strong><\/p>\n<p>Diese Ohrringe strahlen subtile Eleganz und die tiefe Energie der Natur aus. Die Kupferfassung verleiht ihnen W\u00e4rme und einen rustikalen Charakter, der die nat\u00fcrliche Sch\u00f6nheit des Traubenachats unterstreicht. Dieser Stein mit seinen intensiven Purpur- und Violettt\u00f6nen symbolisiert Harmonie, Ruhe und emotionale Ausgeglichenheit.  <\/p>\n<p><strong>Traubenachat<\/strong> f\u00f6rdert die innere Harmonie, sch\u00fctzt vor negativen Energien und hilft, Ruhe zu finden. Seine beruhigende Energie unterst\u00fctzt Klarheit des Geistes und Intuition. <\/p>\n<p>Diese Ohrringe eignen sich hervorragend f\u00fcr den t\u00e4glichen Gebrauch und verleihen besonderen Anl\u00e4ssen einen einzigartigen Charakter.<\/p>\n<p>Die Kupferfassung verst\u00e4rkt die Wirkung des Achats, w\u00e4hrend der Stecker und der Verschluss aus Chirurgenstahl Langlebigkeit und Tragekomfort gew\u00e4hrleisten. Dadurch sind die Ohrringe nicht nur sch\u00f6n, sondern auch praktisch. <\/p>\n<p>Diese Magischen Ohrstecker mit Traubenachat in Kupfer sind Schmuckst\u00fccke, die an die Harmonie und Ruhe der Natur erinnern und jedem Tag einen subtilen Zauber verleihen.<\/p>\n<\/div>\n<\/div>\n<\/div>\n<\/div>\n","protected":false},"excerpt":{"rendered":"<div class=\"flex max-w-full flex-col flex-grow\">\n<div class=\"min-h-8 text-message flex w-full flex-col items-end gap-2 whitespace-normal break-words text-start [.text-message+&amp;]:mt-5\" dir=\"auto\" data-message-author-role=\"assistant\" data-message-id=\"e37d3b1a-d597-4200-97d4-57fb7acf2184\" data-message-model-slug=\"gpt-4o-mini\">\n<div class=\"flex w-full flex-col gap-1 empty:hidden first:pt-[3px]\">\n<div class=\"markdown prose w-full break-words dark:prose-invert dark\">\n<p><strong>Magische Ohrstecker mit Traubenachat in Kupfer<\/strong><\/p>\n<p>Subtile Ohrringe mit Kupferfassung und Traubenachat. Dieser Stein symbolisiert Harmonie, Ruhe und Ausgeglichenheit, und die Kupferfassung verleiht W\u00e4rme und nat\u00fcrlichen Charme. Chirurgenstahl in Stecker und Verschluss sorgt f\u00fcr Langlebigkeit und Tragekomfort. Ideal f\u00fcr den Alltag und besondere Anl\u00e4sse.   <\/p>\n<\/div>\n<\/div>\n<\/div>\n<\/div>\n<p>&nbsp;<\/p>\n<p>Ich verpacke den Schmuck sorgf\u00e4ltig in einer dekorativen Schachtel, sodass er sofort als Geschenk bereit ist.<\/p>\n","protected":false},"featured_media":4983,"template":"","meta":{"inline_featured_image":false},"product_brand":[],"product_cat":[367],"product_tag":[372],"class_list":{"0":"post-4982","1":"product","2":"type-product","3":"status-publish","4":"has-post-thumbnail","6":"product_cat-ohrringe","7":"product_tag-traubenachat","9":"first","10":"instock","11":"taxable","12":"shipping-taxable","13":"purchasable","14":"product-type-simple"},"yoast_head":"<!-- This site is optimized with the Yoast SEO plugin v27.5 - https:\/\/yoast.com\/product\/yoast-seo-wordpress\/ -->\n<title>Magische Ohrstecker mit Traubenachat in Kupfer - Spirit Dust<\/title>\n<meta name=\"description\" content=\"Diese kupfernen Ohrringe mit Traubenachat verbinden die nat\u00fcrliche Sch\u00f6nheit des Steins mit Harmonie und Best\u00e4ndigkeit, ideal f\u00fcr den Alltag und besondere Anl\u00e4sse.\" \/>\n<meta name=\"robots\" content=\"index, follow, max-snippet:-1, max-image-preview:large, max-video-preview:-1\" \/>\n<link rel=\"canonical\" href=\"https:\/\/spiritdust.pl\/de\/produkt\/magische-ohrstecker-mit-traubenachat-in-kupfer\/\" \/>\n<meta property=\"og:locale\" content=\"de_DE\" \/>\n<meta property=\"og:type\" content=\"article\" \/>\n<meta property=\"og:title\" content=\"Magische Ohrstecker mit Traubenachat in Kupfer - Spirit Dust\" \/>\n<meta property=\"og:description\" content=\"Diese kupfernen Ohrringe mit Traubenachat verbinden die nat\u00fcrliche Sch\u00f6nheit des Steins mit Harmonie und Best\u00e4ndigkeit, ideal f\u00fcr den Alltag und besondere Anl\u00e4sse.\" \/>\n<meta property=\"og:url\" content=\"https:\/\/spiritdust.pl\/de\/produkt\/magische-ohrstecker-mit-traubenachat-in-kupfer\/\" \/>\n<meta property=\"og:site_name\" content=\"Spirit Dust\" \/>\n<meta property=\"article:publisher\" content=\"https:\/\/www.facebook.com\/spiritdustmj\/\" \/>\n<meta property=\"og:image\" content=\"https:\/\/spiritdust.pl\/wp-content\/uploads\/2026\/01\/DSC08537.jpg\" \/>\n\t<meta property=\"og:image:width\" content=\"1088\" \/>\n\t<meta property=\"og:image:height\" content=\"1080\" \/>\n\t<meta property=\"og:image:type\" content=\"image\/jpeg\" \/>\n<meta name=\"twitter:card\" content=\"summary_large_image\" \/>\n<meta name=\"twitter:label1\" content=\"Gesch\u00e4tzte Lesezeit\" \/>\n\t<meta name=\"twitter:data1\" content=\"1\u00a0Minute\" \/>\n<script type=\"application\/ld+json\" class=\"yoast-schema-graph\">{\"@context\":\"https:\\\/\\\/schema.org\",\"@graph\":[{\"@type\":\"WebPage\",\"@id\":\"https:\\\/\\\/spiritdust.pl\\\/de\\\/produkt\\\/magische-ohrstecker-mit-traubenachat-in-kupfer\\\/\",\"url\":\"https:\\\/\\\/spiritdust.pl\\\/de\\\/produkt\\\/magische-ohrstecker-mit-traubenachat-in-kupfer\\\/\",\"name\":\"Magische Ohrstecker mit Traubenachat in Kupfer - Spirit Dust\",\"isPartOf\":{\"@id\":\"https:\\\/\\\/green-chough-870564.hostingersite.com\\\/#website\"},\"primaryImageOfPage\":{\"@id\":\"https:\\\/\\\/spiritdust.pl\\\/de\\\/produkt\\\/magische-ohrstecker-mit-traubenachat-in-kupfer\\\/#primaryimage\"},\"image\":{\"@id\":\"https:\\\/\\\/spiritdust.pl\\\/de\\\/produkt\\\/magische-ohrstecker-mit-traubenachat-in-kupfer\\\/#primaryimage\"},\"thumbnailUrl\":\"https:\\\/\\\/spiritdust.pl\\\/wp-content\\\/uploads\\\/2026\\\/01\\\/DSC08537.jpg\",\"datePublished\":\"2026-01-26T09:23:36+00:00\",\"description\":\"Diese kupfernen Ohrringe mit Traubenachat verbinden die nat\u00fcrliche Sch\u00f6nheit des Steins mit Harmonie und Best\u00e4ndigkeit, ideal f\u00fcr den Alltag und besondere Anl\u00e4sse.\",\"breadcrumb\":{\"@id\":\"https:\\\/\\\/spiritdust.pl\\\/de\\\/produkt\\\/magische-ohrstecker-mit-traubenachat-in-kupfer\\\/#breadcrumb\"},\"inLanguage\":\"de\",\"potentialAction\":[{\"@type\":\"ReadAction\",\"target\":[\"https:\\\/\\\/spiritdust.pl\\\/de\\\/produkt\\\/magische-ohrstecker-mit-traubenachat-in-kupfer\\\/\"]}]},{\"@type\":\"ImageObject\",\"inLanguage\":\"de\",\"@id\":\"https:\\\/\\\/spiritdust.pl\\\/de\\\/produkt\\\/magische-ohrstecker-mit-traubenachat-in-kupfer\\\/#primaryimage\",\"url\":\"https:\\\/\\\/spiritdust.pl\\\/wp-content\\\/uploads\\\/2026\\\/01\\\/DSC08537.jpg\",\"contentUrl\":\"https:\\\/\\\/spiritdust.pl\\\/wp-content\\\/uploads\\\/2026\\\/01\\\/DSC08537.jpg\",\"width\":1088,\"height\":1080},{\"@type\":\"BreadcrumbList\",\"@id\":\"https:\\\/\\\/spiritdust.pl\\\/de\\\/produkt\\\/magische-ohrstecker-mit-traubenachat-in-kupfer\\\/#breadcrumb\",\"itemListElement\":[{\"@type\":\"ListItem\",\"position\":1,\"name\":\"Strona g\u0142\u00f3wna\",\"item\":\"https:\\\/\\\/spiritdust.pl\\\/de\\\/spirit-dust-schmuck-aus-kupfer-silber-und-natursteinen\\\/\"},{\"@type\":\"ListItem\",\"position\":2,\"name\":\"Shop\",\"item\":\"https:\\\/\\\/green-chough-870564.hostingersite.com\\\/shop\\\/\"},{\"@type\":\"ListItem\",\"position\":3,\"name\":\"Magische Ohrstecker mit Traubenachat in Kupfer\"}]},{\"@type\":\"WebSite\",\"@id\":\"https:\\\/\\\/green-chough-870564.hostingersite.com\\\/#website\",\"url\":\"https:\\\/\\\/green-chough-870564.hostingersite.com\\\/\",\"name\":\"Spirit Dust\",\"description\":\"Bi\u017cuteria z Miedzi, Srebra i Kamieni Naturalnych\",\"publisher\":{\"@id\":\"https:\\\/\\\/green-chough-870564.hostingersite.com\\\/#organization\"},\"potentialAction\":[{\"@type\":\"SearchAction\",\"target\":{\"@type\":\"EntryPoint\",\"urlTemplate\":\"https:\\\/\\\/green-chough-870564.hostingersite.com\\\/?s={search_term_string}\"},\"query-input\":{\"@type\":\"PropertyValueSpecification\",\"valueRequired\":true,\"valueName\":\"search_term_string\"}}],\"inLanguage\":\"de\"},{\"@type\":\"Organization\",\"@id\":\"https:\\\/\\\/green-chough-870564.hostingersite.com\\\/#organization\",\"name\":\"Geisterstaub\",\"url\":\"https:\\\/\\\/green-chough-870564.hostingersite.com\\\/\",\"logo\":{\"@type\":\"ImageObject\",\"inLanguage\":\"de\",\"@id\":\"https:\\\/\\\/green-chough-870564.hostingersite.com\\\/#\\\/schema\\\/logo\\\/image\\\/\",\"url\":\"https:\\\/\\\/spiritdust.pl\\\/wp-content\\\/uploads\\\/2026\\\/01\\\/logo-sd.png\",\"contentUrl\":\"https:\\\/\\\/spiritdust.pl\\\/wp-content\\\/uploads\\\/2026\\\/01\\\/logo-sd.png\",\"width\":251,\"height\":368,\"caption\":\"Geisterstaub\"},\"image\":{\"@id\":\"https:\\\/\\\/green-chough-870564.hostingersite.com\\\/#\\\/schema\\\/logo\\\/image\\\/\"},\"sameAs\":[\"https:\\\/\\\/www.facebook.com\\\/spiritdustmj\\\/\",\"https:\\\/\\\/instagram.com\\\/spirit__dust\"]}]}<\/script>\n<!-- \/ Yoast SEO plugin. -->","yoast_head_json":{"title":"Magische Ohrstecker mit Traubenachat in Kupfer - Spirit Dust","description":"Diese kupfernen Ohrringe mit Traubenachat verbinden die nat\u00fcrliche Sch\u00f6nheit des Steins mit Harmonie und Best\u00e4ndigkeit, ideal f\u00fcr den Alltag und besondere Anl\u00e4sse.","robots":{"index":"index","follow":"follow","max-snippet":"max-snippet:-1","max-image-preview":"max-image-preview:large","max-video-preview":"max-video-preview:-1"},"canonical":"https:\/\/spiritdust.pl\/de\/produkt\/magische-ohrstecker-mit-traubenachat-in-kupfer\/","og_locale":"de_DE","og_type":"article","og_title":"Magische Ohrstecker mit Traubenachat in Kupfer - Spirit Dust","og_description":"Diese kupfernen Ohrringe mit Traubenachat verbinden die nat\u00fcrliche Sch\u00f6nheit des Steins mit Harmonie und Best\u00e4ndigkeit, ideal f\u00fcr den Alltag und besondere Anl\u00e4sse.","og_url":"https:\/\/spiritdust.pl\/de\/produkt\/magische-ohrstecker-mit-traubenachat-in-kupfer\/","og_site_name":"Spirit Dust","article_publisher":"https:\/\/www.facebook.com\/spiritdustmj\/","og_image":[{"width":1088,"height":1080,"url":"https:\/\/spiritdust.pl\/wp-content\/uploads\/2026\/01\/DSC08537.jpg","type":"image\/jpeg"}],"twitter_card":"summary_large_image","twitter_misc":{"Gesch\u00e4tzte Lesezeit":"1\u00a0Minute"},"schema":{"@context":"https:\/\/schema.org","@graph":[{"@type":"WebPage","@id":"https:\/\/spiritdust.pl\/de\/produkt\/magische-ohrstecker-mit-traubenachat-in-kupfer\/","url":"https:\/\/spiritdust.pl\/de\/produkt\/magische-ohrstecker-mit-traubenachat-in-kupfer\/","name":"Magische Ohrstecker mit Traubenachat in Kupfer - Spirit Dust","isPartOf":{"@id":"https:\/\/green-chough-870564.hostingersite.com\/#website"},"primaryImageOfPage":{"@id":"https:\/\/spiritdust.pl\/de\/produkt\/magische-ohrstecker-mit-traubenachat-in-kupfer\/#primaryimage"},"image":{"@id":"https:\/\/spiritdust.pl\/de\/produkt\/magische-ohrstecker-mit-traubenachat-in-kupfer\/#primaryimage"},"thumbnailUrl":"https:\/\/spiritdust.pl\/wp-content\/uploads\/2026\/01\/DSC08537.jpg","datePublished":"2026-01-26T09:23:36+00:00","description":"Diese kupfernen Ohrringe mit Traubenachat verbinden die nat\u00fcrliche Sch\u00f6nheit des Steins mit Harmonie und Best\u00e4ndigkeit, ideal f\u00fcr den Alltag und besondere Anl\u00e4sse.","breadcrumb":{"@id":"https:\/\/spiritdust.pl\/de\/produkt\/magische-ohrstecker-mit-traubenachat-in-kupfer\/#breadcrumb"},"inLanguage":"de","potentialAction":[{"@type":"ReadAction","target":["https:\/\/spiritdust.pl\/de\/produkt\/magische-ohrstecker-mit-traubenachat-in-kupfer\/"]}]},{"@type":"ImageObject","inLanguage":"de","@id":"https:\/\/spiritdust.pl\/de\/produkt\/magische-ohrstecker-mit-traubenachat-in-kupfer\/#primaryimage","url":"https:\/\/spiritdust.pl\/wp-content\/uploads\/2026\/01\/DSC08537.jpg","contentUrl":"https:\/\/spiritdust.pl\/wp-content\/uploads\/2026\/01\/DSC08537.jpg","width":1088,"height":1080},{"@type":"BreadcrumbList","@id":"https:\/\/spiritdust.pl\/de\/produkt\/magische-ohrstecker-mit-traubenachat-in-kupfer\/#breadcrumb","itemListElement":[{"@type":"ListItem","position":1,"name":"Strona g\u0142\u00f3wna","item":"https:\/\/spiritdust.pl\/de\/spirit-dust-schmuck-aus-kupfer-silber-und-natursteinen\/"},{"@type":"ListItem","position":2,"name":"Shop","item":"https:\/\/green-chough-870564.hostingersite.com\/shop\/"},{"@type":"ListItem","position":3,"name":"Magische Ohrstecker mit Traubenachat in Kupfer"}]},{"@type":"WebSite","@id":"https:\/\/green-chough-870564.hostingersite.com\/#website","url":"https:\/\/green-chough-870564.hostingersite.com\/","name":"Spirit Dust","description":"Bi\u017cuteria z Miedzi, Srebra i Kamieni Naturalnych","publisher":{"@id":"https:\/\/green-chough-870564.hostingersite.com\/#organization"},"potentialAction":[{"@type":"SearchAction","target":{"@type":"EntryPoint","urlTemplate":"https:\/\/green-chough-870564.hostingersite.com\/?s={search_term_string}"},"query-input":{"@type":"PropertyValueSpecification","valueRequired":true,"valueName":"search_term_string"}}],"inLanguage":"de"},{"@type":"Organization","@id":"https:\/\/green-chough-870564.hostingersite.com\/#organization","name":"Geisterstaub","url":"https:\/\/green-chough-870564.hostingersite.com\/","logo":{"@type":"ImageObject","inLanguage":"de","@id":"https:\/\/green-chough-870564.hostingersite.com\/#\/schema\/logo\/image\/","url":"https:\/\/spiritdust.pl\/wp-content\/uploads\/2026\/01\/logo-sd.png","contentUrl":"https:\/\/spiritdust.pl\/wp-content\/uploads\/2026\/01\/logo-sd.png","width":251,"height":368,"caption":"Geisterstaub"},"image":{"@id":"https:\/\/green-chough-870564.hostingersite.com\/#\/schema\/logo\/image\/"},"sameAs":["https:\/\/www.facebook.com\/spiritdustmj\/","https:\/\/instagram.com\/spirit__dust"]}]}},"_links":{"self":[{"href":"https:\/\/spiritdust.pl\/de\/wp-json\/wp\/v2\/product\/4982","targetHints":{"allow":["GET"]}}],"collection":[{"href":"https:\/\/spiritdust.pl\/de\/wp-json\/wp\/v2\/product"}],"about":[{"href":"https:\/\/spiritdust.pl\/de\/wp-json\/wp\/v2\/types\/product"}],"version-history":[{"count":0,"href":"https:\/\/spiritdust.pl\/de\/wp-json\/wp\/v2\/product\/4982\/revisions"}],"wp:featuredmedia":[{"embeddable":true,"href":"https:\/\/spiritdust.pl\/de\/wp-json\/wp\/v2\/media\/4983"}],"wp:attachment":[{"href":"https:\/\/spiritdust.pl\/de\/wp-json\/wp\/v2\/media?parent=4982"}],"wp:term":[{"taxonomy":"product_brand","embeddable":true,"href":"https:\/\/spiritdust.pl\/de\/wp-json\/wp\/v2\/product_brand?post=4982"},{"taxonomy":"product_cat","embeddable":true,"href":"https:\/\/spiritdust.pl\/de\/wp-json\/wp\/v2\/product_cat?post=4982"},{"taxonomy":"product_tag","embeddable":true,"href":"https:\/\/spiritdust.pl\/de\/wp-json\/wp\/v2\/product_tag?post=4982"}],"curies":[{"name":"wp","href":"https:\/\/api.w.org\/{rel}","templated":true}]}}