{"id":4986,"date":"2026-01-26T09:23:36","date_gmt":"2026-01-26T09:23:36","guid":{"rendered":"https:\/\/spiritdust.pl\/produkt\/armband-strahlender-glanz-sonnenstein-und-haematit\/"},"modified":"2026-01-26T09:23:36","modified_gmt":"2026-01-26T09:23:36","slug":"armband-strahlender-glanz-sonnenstein-und-haematit","status":"publish","type":"product","link":"https:\/\/spiritdust.pl\/de\/produkt\/armband-strahlender-glanz-sonnenstein-und-haematit\/","title":{"rendered":"Armband Strahlender Glanz \u2013 Sonnenstein und H\u00e4matit"},"content":{"rendered":"<p><strong>Armband Strahlender Glanz \u2013 Sonnenstein und H\u00e4matit<\/strong><\/p>\n<p>Ein zartes, handgefertigtes Armband, bei dem warmer <strong>Sonnenstein<\/strong> auf tiefen, metallischen <strong>H\u00e4matit<\/strong> trifft. Die strahlenden Reflexe des Sonnensteins erhellen das Ganze wie Sonnenstrahlen an einem Sommermorgen, w\u00e4hrend der H\u00e4matit subtile Eleganz und Ausgeglichenheit verleiht. <\/p>\n<p><strong>Sonnenstein<\/strong> \u2013 auch \u201eStein des Lichts\u201c genannt, bringt positive Energie und f\u00f6rdert die innere Harmonie. Seine warmen Farben werden mit Freude und Ruhe assoziiert.<br \/>\n<strong>H\u00e4matit<\/strong> \u2013 oft als \u201eStein der St\u00e4rke\u201c bezeichnet, hilft, Gedanken zu erden und Selbstvertrauen zu schenken, indem er Stabilit\u00e4t und Ruhe bringt.<\/p>\n<p>Die schlichte Form dieses Armbands macht es ideal f\u00fcr den Alltag, und seine nat\u00fcrliche Sch\u00f6nheit zieht Blicke auf sich. Jedes St\u00fcck wird von Hand und mit Liebe zum Detail gefertigt, um ein einzigartiger Begleiter f\u00fcr deine Tage zu werden. <\/p>\n","protected":false},"excerpt":{"rendered":"<p>Zartes Armband mit <strong>Sonnenstein<\/strong> und <strong>H\u00e4matit<\/strong> \u2013 eine Kombination aus Freude, Licht und Harmonie. Der Sonnenstein bringt positive Energie, w\u00e4hrend der H\u00e4matit stabilisiert und erdet. Die handgefertigte, minimalistische Form verleiht jedem Tag einen subtilen Glanz.  <\/p>\n<p>Die Weite ist durch einen Schiebeknoten verstellbar.<\/p>\n<p class=\"p1\">Ich verpacke den Schmuck sorgf\u00e4ltig in einer dekorativen Schachtel, sodass er sofort als Geschenk bereit ist.<\/p>\n<p>&nbsp;<\/p>\n<p><strong data-start=\"1081\" data-end=\"1127\">Das Armband wird speziell f\u00fcr dich angefertigt<\/strong> \u2013 du kannst die Farbe der Zwischenst\u00fccke bei der Bestellung w\u00e4hlen.<br data-start=\"1187\" data-end=\"1190\">Aus diesem Grund handelt es sich um ein personalisiertes Produkt, das gem\u00e4\u00df den geltenden Bestimmungen <strong data-start=\"1246\" data-end=\"1270\">vom Umtausch ausgeschlossen ist<\/strong>.<\/p>\n","protected":false},"featured_media":4987,"template":"","meta":{"inline_featured_image":false},"product_brand":[],"product_cat":[168],"product_tag":[169,217],"class_list":{"0":"post-4986","1":"product","2":"type-product","3":"status-publish","4":"has-post-thumbnail","6":"product_cat-armbander","7":"product_tag-hamatit","8":"product_tag-sonnenstein","10":"first","11":"instock","12":"taxable","13":"shipping-taxable","14":"purchasable","15":"product-type-variable"},"yoast_head":"<!-- This site is optimized with the Yoast SEO plugin v27.1.1 - https:\/\/yoast.com\/product\/yoast-seo-wordpress\/ -->\n<title>Armband Strahlender Glanz \u2013 Sonnenstein und H\u00e4matit - Spirit Dust<\/title>\n<meta name=\"description\" content=\"Handgefertigtes Armband mit warmem Sonnenstein und tiefem H\u00e4matit, das strahlende Energie mit ruhiger Harmonie verbindet.\" \/>\n<meta name=\"robots\" content=\"index, follow, max-snippet:-1, max-image-preview:large, max-video-preview:-1\" \/>\n<link rel=\"canonical\" href=\"https:\/\/spiritdust.pl\/de\/produkt\/armband-strahlender-glanz-sonnenstein-und-haematit\/\" \/>\n<meta property=\"og:locale\" content=\"de_DE\" \/>\n<meta property=\"og:type\" content=\"article\" \/>\n<meta property=\"og:title\" content=\"Armband Strahlender Glanz \u2013 Sonnenstein und H\u00e4matit - Spirit Dust\" \/>\n<meta property=\"og:description\" content=\"Handgefertigtes Armband mit warmem Sonnenstein und tiefem H\u00e4matit, das strahlende Energie mit ruhiger Harmonie verbindet.\" \/>\n<meta property=\"og:url\" content=\"https:\/\/spiritdust.pl\/de\/produkt\/armband-strahlender-glanz-sonnenstein-und-haematit\/\" \/>\n<meta property=\"og:site_name\" content=\"Spirit Dust\" \/>\n<meta property=\"article:publisher\" content=\"https:\/\/www.facebook.com\/spiritdustmj\/\" \/>\n<meta property=\"og:image\" content=\"https:\/\/spiritdust.pl\/wp-content\/uploads\/2026\/01\/DSC08587.jpg\" \/>\n\t<meta property=\"og:image:width\" content=\"1088\" \/>\n\t<meta property=\"og:image:height\" content=\"1080\" \/>\n\t<meta property=\"og:image:type\" content=\"image\/jpeg\" \/>\n<meta name=\"twitter:card\" content=\"summary_large_image\" \/>\n<meta name=\"twitter:label1\" content=\"Gesch\u00e4tzte Lesezeit\" \/>\n\t<meta name=\"twitter:data1\" content=\"1\u00a0Minute\" \/>\n<script type=\"application\/ld+json\" class=\"yoast-schema-graph\">{\"@context\":\"https:\/\/schema.org\",\"@graph\":[{\"@type\":\"WebPage\",\"@id\":\"https:\/\/spiritdust.pl\/de\/produkt\/armband-strahlender-glanz-sonnenstein-und-haematit\/\",\"url\":\"https:\/\/spiritdust.pl\/de\/produkt\/armband-strahlender-glanz-sonnenstein-und-haematit\/\",\"name\":\"Armband Strahlender Glanz \u2013 Sonnenstein und H\u00e4matit - Spirit Dust\",\"isPartOf\":{\"@id\":\"https:\/\/green-chough-870564.hostingersite.com\/#website\"},\"primaryImageOfPage\":{\"@id\":\"https:\/\/spiritdust.pl\/de\/produkt\/armband-strahlender-glanz-sonnenstein-und-haematit\/#primaryimage\"},\"image\":{\"@id\":\"https:\/\/spiritdust.pl\/de\/produkt\/armband-strahlender-glanz-sonnenstein-und-haematit\/#primaryimage\"},\"thumbnailUrl\":\"https:\/\/spiritdust.pl\/wp-content\/uploads\/2026\/01\/DSC08587.jpg\",\"datePublished\":\"2026-01-26T09:23:36+00:00\",\"description\":\"Handgefertigtes Armband mit warmem Sonnenstein und tiefem H\u00e4matit, das strahlende Energie mit ruhiger Harmonie verbindet.\",\"breadcrumb\":{\"@id\":\"https:\/\/spiritdust.pl\/de\/produkt\/armband-strahlender-glanz-sonnenstein-und-haematit\/#breadcrumb\"},\"inLanguage\":\"de\",\"potentialAction\":[{\"@type\":\"ReadAction\",\"target\":[\"https:\/\/spiritdust.pl\/de\/produkt\/armband-strahlender-glanz-sonnenstein-und-haematit\/\"]}]},{\"@type\":\"ImageObject\",\"inLanguage\":\"de\",\"@id\":\"https:\/\/spiritdust.pl\/de\/produkt\/armband-strahlender-glanz-sonnenstein-und-haematit\/#primaryimage\",\"url\":\"https:\/\/spiritdust.pl\/wp-content\/uploads\/2026\/01\/DSC08587.jpg\",\"contentUrl\":\"https:\/\/spiritdust.pl\/wp-content\/uploads\/2026\/01\/DSC08587.jpg\",\"width\":1088,\"height\":1080},{\"@type\":\"BreadcrumbList\",\"@id\":\"https:\/\/spiritdust.pl\/de\/produkt\/armband-strahlender-glanz-sonnenstein-und-haematit\/#breadcrumb\",\"itemListElement\":[{\"@type\":\"ListItem\",\"position\":1,\"name\":\"Strona g\u0142\u00f3wna\",\"item\":\"https:\/\/spiritdust.pl\/de\/\"},{\"@type\":\"ListItem\",\"position\":2,\"name\":\"Shop\",\"item\":\"https:\/\/green-chough-870564.hostingersite.com\/shop\/\"},{\"@type\":\"ListItem\",\"position\":3,\"name\":\"Armband Strahlender Glanz \u2013 Sonnenstein und H\u00e4matit\"}]},{\"@type\":\"WebSite\",\"@id\":\"https:\/\/green-chough-870564.hostingersite.com\/#website\",\"url\":\"https:\/\/green-chough-870564.hostingersite.com\/\",\"name\":\"Spirit Dust\",\"description\":\"Bi\u017cuteria z Miedzi, Srebra i Kamieni Naturalnych\",\"publisher\":{\"@id\":\"https:\/\/green-chough-870564.hostingersite.com\/#organization\"},\"potentialAction\":[{\"@type\":\"SearchAction\",\"target\":{\"@type\":\"EntryPoint\",\"urlTemplate\":\"https:\/\/green-chough-870564.hostingersite.com\/?s={search_term_string}\"},\"query-input\":{\"@type\":\"PropertyValueSpecification\",\"valueRequired\":true,\"valueName\":\"search_term_string\"}}],\"inLanguage\":\"de\"},{\"@type\":\"Organization\",\"@id\":\"https:\/\/green-chough-870564.hostingersite.com\/#organization\",\"name\":\"Geisterstaub\",\"url\":\"https:\/\/green-chough-870564.hostingersite.com\/\",\"logo\":{\"@type\":\"ImageObject\",\"inLanguage\":\"de\",\"@id\":\"https:\/\/green-chough-870564.hostingersite.com\/#\/schema\/logo\/image\/\",\"url\":\"https:\/\/spiritdust.pl\/wp-content\/uploads\/2026\/01\/logo-sd.png\",\"contentUrl\":\"https:\/\/spiritdust.pl\/wp-content\/uploads\/2026\/01\/logo-sd.png\",\"width\":251,\"height\":368,\"caption\":\"Geisterstaub\"},\"image\":{\"@id\":\"https:\/\/green-chough-870564.hostingersite.com\/#\/schema\/logo\/image\/\"},\"sameAs\":[\"https:\/\/www.facebook.com\/spiritdustmj\/\",\"https:\/\/instagram.com\/spirit__dust\"]}]}<\/script>\n<!-- \/ Yoast SEO plugin. -->","yoast_head_json":{"title":"Armband Strahlender Glanz \u2013 Sonnenstein und H\u00e4matit - Spirit Dust","description":"Handgefertigtes Armband mit warmem Sonnenstein und tiefem H\u00e4matit, das strahlende Energie mit ruhiger Harmonie verbindet.","robots":{"index":"index","follow":"follow","max-snippet":"max-snippet:-1","max-image-preview":"max-image-preview:large","max-video-preview":"max-video-preview:-1"},"canonical":"https:\/\/spiritdust.pl\/de\/produkt\/armband-strahlender-glanz-sonnenstein-und-haematit\/","og_locale":"de_DE","og_type":"article","og_title":"Armband Strahlender Glanz \u2013 Sonnenstein und H\u00e4matit - Spirit Dust","og_description":"Handgefertigtes Armband mit warmem Sonnenstein und tiefem H\u00e4matit, das strahlende Energie mit ruhiger Harmonie verbindet.","og_url":"https:\/\/spiritdust.pl\/de\/produkt\/armband-strahlender-glanz-sonnenstein-und-haematit\/","og_site_name":"Spirit Dust","article_publisher":"https:\/\/www.facebook.com\/spiritdustmj\/","og_image":[{"width":1088,"height":1080,"url":"https:\/\/spiritdust.pl\/wp-content\/uploads\/2026\/01\/DSC08587.jpg","type":"image\/jpeg"}],"twitter_card":"summary_large_image","twitter_misc":{"Gesch\u00e4tzte Lesezeit":"1\u00a0Minute"},"schema":{"@context":"https:\/\/schema.org","@graph":[{"@type":"WebPage","@id":"https:\/\/spiritdust.pl\/de\/produkt\/armband-strahlender-glanz-sonnenstein-und-haematit\/","url":"https:\/\/spiritdust.pl\/de\/produkt\/armband-strahlender-glanz-sonnenstein-und-haematit\/","name":"Armband Strahlender Glanz \u2013 Sonnenstein und H\u00e4matit - Spirit Dust","isPartOf":{"@id":"https:\/\/green-chough-870564.hostingersite.com\/#website"},"primaryImageOfPage":{"@id":"https:\/\/spiritdust.pl\/de\/produkt\/armband-strahlender-glanz-sonnenstein-und-haematit\/#primaryimage"},"image":{"@id":"https:\/\/spiritdust.pl\/de\/produkt\/armband-strahlender-glanz-sonnenstein-und-haematit\/#primaryimage"},"thumbnailUrl":"https:\/\/spiritdust.pl\/wp-content\/uploads\/2026\/01\/DSC08587.jpg","datePublished":"2026-01-26T09:23:36+00:00","description":"Handgefertigtes Armband mit warmem Sonnenstein und tiefem H\u00e4matit, das strahlende Energie mit ruhiger Harmonie verbindet.","breadcrumb":{"@id":"https:\/\/spiritdust.pl\/de\/produkt\/armband-strahlender-glanz-sonnenstein-und-haematit\/#breadcrumb"},"inLanguage":"de","potentialAction":[{"@type":"ReadAction","target":["https:\/\/spiritdust.pl\/de\/produkt\/armband-strahlender-glanz-sonnenstein-und-haematit\/"]}]},{"@type":"ImageObject","inLanguage":"de","@id":"https:\/\/spiritdust.pl\/de\/produkt\/armband-strahlender-glanz-sonnenstein-und-haematit\/#primaryimage","url":"https:\/\/spiritdust.pl\/wp-content\/uploads\/2026\/01\/DSC08587.jpg","contentUrl":"https:\/\/spiritdust.pl\/wp-content\/uploads\/2026\/01\/DSC08587.jpg","width":1088,"height":1080},{"@type":"BreadcrumbList","@id":"https:\/\/spiritdust.pl\/de\/produkt\/armband-strahlender-glanz-sonnenstein-und-haematit\/#breadcrumb","itemListElement":[{"@type":"ListItem","position":1,"name":"Strona g\u0142\u00f3wna","item":"https:\/\/spiritdust.pl\/de\/"},{"@type":"ListItem","position":2,"name":"Shop","item":"https:\/\/green-chough-870564.hostingersite.com\/shop\/"},{"@type":"ListItem","position":3,"name":"Armband Strahlender Glanz \u2013 Sonnenstein und H\u00e4matit"}]},{"@type":"WebSite","@id":"https:\/\/green-chough-870564.hostingersite.com\/#website","url":"https:\/\/green-chough-870564.hostingersite.com\/","name":"Spirit Dust","description":"Bi\u017cuteria z Miedzi, Srebra i Kamieni Naturalnych","publisher":{"@id":"https:\/\/green-chough-870564.hostingersite.com\/#organization"},"potentialAction":[{"@type":"SearchAction","target":{"@type":"EntryPoint","urlTemplate":"https:\/\/green-chough-870564.hostingersite.com\/?s={search_term_string}"},"query-input":{"@type":"PropertyValueSpecification","valueRequired":true,"valueName":"search_term_string"}}],"inLanguage":"de"},{"@type":"Organization","@id":"https:\/\/green-chough-870564.hostingersite.com\/#organization","name":"Geisterstaub","url":"https:\/\/green-chough-870564.hostingersite.com\/","logo":{"@type":"ImageObject","inLanguage":"de","@id":"https:\/\/green-chough-870564.hostingersite.com\/#\/schema\/logo\/image\/","url":"https:\/\/spiritdust.pl\/wp-content\/uploads\/2026\/01\/logo-sd.png","contentUrl":"https:\/\/spiritdust.pl\/wp-content\/uploads\/2026\/01\/logo-sd.png","width":251,"height":368,"caption":"Geisterstaub"},"image":{"@id":"https:\/\/green-chough-870564.hostingersite.com\/#\/schema\/logo\/image\/"},"sameAs":["https:\/\/www.facebook.com\/spiritdustmj\/","https:\/\/instagram.com\/spirit__dust"]}]}},"_links":{"self":[{"href":"https:\/\/spiritdust.pl\/de\/wp-json\/wp\/v2\/product\/4986","targetHints":{"allow":["GET"]}}],"collection":[{"href":"https:\/\/spiritdust.pl\/de\/wp-json\/wp\/v2\/product"}],"about":[{"href":"https:\/\/spiritdust.pl\/de\/wp-json\/wp\/v2\/types\/product"}],"version-history":[{"count":0,"href":"https:\/\/spiritdust.pl\/de\/wp-json\/wp\/v2\/product\/4986\/revisions"}],"wp:featuredmedia":[{"embeddable":true,"href":"https:\/\/spiritdust.pl\/de\/wp-json\/wp\/v2\/media\/4987"}],"wp:attachment":[{"href":"https:\/\/spiritdust.pl\/de\/wp-json\/wp\/v2\/media?parent=4986"}],"wp:term":[{"taxonomy":"product_brand","embeddable":true,"href":"https:\/\/spiritdust.pl\/de\/wp-json\/wp\/v2\/product_brand?post=4986"},{"taxonomy":"product_cat","embeddable":true,"href":"https:\/\/spiritdust.pl\/de\/wp-json\/wp\/v2\/product_cat?post=4986"},{"taxonomy":"product_tag","embeddable":true,"href":"https:\/\/spiritdust.pl\/de\/wp-json\/wp\/v2\/product_tag?post=4986"}],"curies":[{"name":"wp","href":"https:\/\/api.w.org\/{rel}","templated":true}]}}