{"id":5803,"date":"2026-02-20T12:02:18","date_gmt":"2026-02-20T12:02:18","guid":{"rendered":"https:\/\/spiritdust.pl\/?post_type=product&#038;p=5803"},"modified":"2026-02-20T12:32:03","modified_gmt":"2026-02-20T12:32:03","slug":"silberring-mit-rosa-turmalin-115-kopia","status":"publish","type":"product","link":"https:\/\/spiritdust.pl\/de\/produkt\/silberring-mit-rosa-turmalin-115-kopia\/","title":{"rendered":"Silberring mit Labradorit \u2013 Violett und Feuer, Gr. 11"},"content":{"rendered":"<p data-start=\"210\" data-end=\"644\">Dieser Silberring mit Labradorit entstand von Grund auf in meiner Werkstatt. Zuerst formte ich ihn in Wachs und baute die Fassung direkt um den Stein herum. Es war mir wichtig, dass die Fassung nicht zuf\u00e4llig oder \u201eangeklebt\u201c wirkte, sondern nat\u00fcrlich aus seiner Form resultierte. Sp\u00e4ter bearbeitete ich das Silber von Hand \u2013 ich schliff die Oberfl\u00e4che, gl\u00e4ttete Details, modellierte die Krappen und vollendete das Ganze so lange, bis die Form stimmig aussah.   <\/p>\n<p data-start=\"646\" data-end=\"1126\">Das zentrale Element ist ein nat\u00fcrlicher Labradorit mit den Ma\u00dfen 30 \u00d7 10 mm. Er hat eine l\u00e4ngliche, marquisef\u00f6rmige Gestalt und eine sehr ausgepr\u00e4gte Labradorisierung. In einem Licht ist er k\u00fchl, pflaumen-violett, in einem anderen erscheint ein warmer, kupferfarbener Schimmer. Bei Bewegung der Hand ver\u00e4ndert sich der Stein flie\u00dfend \u2013 die Farbe ist nicht einheitlich, man sieht nat\u00fcrliche Linien, innere \u00dcberg\u00e4nge und die f\u00fcr Labradorit charakteristische Struktur. Gerade diese Uneinheitlichkeit macht jedes Exemplar einzigartig.    <\/p>\n<p data-start=\"1128\" data-end=\"1442\">Die Fassung hat einen leicht organischen, unregelm\u00e4\u00dfigen Charakter. Die Krappen sind deutlich und kr\u00e4ftig, dominieren aber nicht den Stein. Das Silber kontrastiert sanft mit der intensiven Farbe des Steins und betont dessen Zeichnung.  <\/p>\n<p data-start=\"1444\" data-end=\"1735\">Dieser Ring ist ausdrucksstark, aber nicht schwerf\u00e4llig in der Wahrnehmung. Er liegt gut am Finger und bleibt trotz des gr\u00f6\u00dferen Steins stabil und angenehm zu tragen. Er eignet sich als allt\u00e4glicher, charakteristischer Akzent oder als st\u00e4rkeres Element eines Stylings, wenn der restliche Schmuck minimalistisch bleibt.  <\/p>\n<p data-start=\"1737\" data-end=\"1802\">Er wurde als Einzelst\u00fcck gefertigt und wird nicht identisch wiederholt.<\/p>\n<hr data-start=\"1367\" data-end=\"1370\">\n<p data-start=\"1372\" data-end=\"1574\"><strong data-start=\"1372\" data-end=\"1383\">Stein:<\/strong> nat\u00fcrlicher Labradorit<br data-start=\"1404\" data-end=\"1407\"><strong data-start=\"1407\" data-end=\"1420\">Material:<\/strong> 925er Sterlingsilber<br data-start=\"1437\" data-end=\"1440\"><strong data-start=\"1440\" data-end=\"1452\">Gr\u00f6\u00dfe:<\/strong> 11 (PL)<br data-start=\"1460\" data-end=\"1463\"><strong data-start=\"1463\" data-end=\"1487\">Innendurchmesser:<\/strong> ca. 16,0 mm <br data-start=\"1499\" data-end=\"1502\"><strong data-start=\"1502\" data-end=\"1523\">Innenumfang:<\/strong> ca. 51 mm <br data-start=\"1533\" data-end=\"1536\"><strong data-start=\"1536\" data-end=\"1557\">Ma\u00dfe des Steins:<\/strong> ca. 30 \u00d7 10 mm <\/p>\n<p data-start=\"2518\" data-end=\"2551\">Entdecke auch andere <a class=\"cursor-pointer\" href=\"https:\/\/spiritdust.pl\/kategoria-produktu\/bizuteria\/pierscionki-srebrne\/?v=288404204e3d\" target=\"_blank\" rel=\"noopener\" data-start=\"2147\" data-end=\"2204\">einzigartige Silberringe<\/a>.<\/p>\n","protected":false},"excerpt":{"rendered":"<div class=\"flex flex-col text-sm pb-25\">\n<article class=\"text-token-text-primary w-full focus:outline-none [--shadow-height:45px] has-data-writing-block:pointer-events-none has-data-writing-block:-mt-(--shadow-height) has-data-writing-block:pt-(--shadow-height) [&amp;:has([data-writing-block])&gt;*]:pointer-events-auto scroll-mt-[calc(var(--header-height)+min(200px,max(70px,20svh)))]\" dir=\"auto\" data-turn-id=\"request-69984864-557c-832d-a054-adbd3d55360f-3\" data-testid=\"conversation-turn-22\" data-scroll-anchor=\"true\" data-turn=\"assistant\">\n<div class=\"text-base my-auto mx-auto pb-10 [--thread-content-margin:--spacing(4)] @w-sm\/main:[--thread-content-margin:--spacing(6)] @w-lg\/main:[--thread-content-margin:--spacing(16)] px-(--thread-content-margin)\">\n<div class=\"[--thread-content-max-width:40rem] @w-lg\/main:[--thread-content-max-width:48rem] mx-auto max-w-(--thread-content-max-width) flex-1 group\/turn-messages focus-visible:outline-hidden relative flex w-full min-w-0 flex-col agent-turn\">\n<div class=\"flex max-w-full flex-col grow\">\n<div class=\"min-h-8 text-message relative flex w-full flex-col items-end gap-2 text-start break-words whitespace-normal [.text-message+&amp;]:mt-1\" dir=\"auto\" data-message-author-role=\"assistant\" data-message-id=\"d1861186-7f7a-44b3-a2d2-89f168cb47df\" data-message-model-slug=\"gpt-5-2\">\n<div class=\"flex w-full flex-col gap-1 empty:hidden first:pt-[1px]\">\n<div class=\"markdown prose dark:prose-invert w-full wrap-break-word dark markdown-new-styling\">\n<p data-start=\"288\" data-end=\"469\" data-is-last-node=\"\" data-is-only-node=\"\">Handgefertigter Silberring mit nat\u00fcrlichem Labradorit (30 \u00d7 10 mm) in Gr\u00f6\u00dfe 11. Intensives Violett und feurige Reflexe, eingefasst in eine organische Fassung aus 925er Sterlingsilber. <\/p>\n<p data-start=\"288\" data-end=\"469\" data-is-last-node=\"\" data-is-only-node=\"\">Ich verpacke den Schmuck sorgf\u00e4ltig in einer dekorativen Schachtel, sodass er sofort als Geschenk bereit ist.<\/p>\n<\/div>\n<\/div>\n<\/div>\n<\/div>\n<\/div>\n<\/div>\n<\/article>\n<\/div>\n","protected":false},"featured_media":5816,"template":"","meta":{"inline_featured_image":false},"product_brand":[],"product_cat":[167,250],"product_tag":[210,199],"class_list":{"0":"post-5803","1":"product","2":"type-product","3":"status-publish","4":"has-post-thumbnail","6":"product_cat-schmuck","7":"product_cat-silberringe","8":"product_tag-labradorit","9":"product_tag-silber","11":"first","12":"instock","13":"taxable","14":"shipping-taxable","15":"purchasable","16":"product-type-simple"},"yoast_head":"<!-- This site is optimized with the Yoast SEO plugin v27.1.1 - https:\/\/yoast.com\/product\/yoast-seo-wordpress\/ -->\n<title>Silberring mit Labradorit \u2013 Violett und Feuer, Gr. 11 - Spirit Dust<\/title>\n<meta name=\"description\" content=\"Silberring mit Labradorit in Gr\u00f6\u00dfe 11. Naturstein mit intensiver violett-kupferfarbener Labradorisierung, handgefertigtes Unikat aus 925er Silber.\" \/>\n<meta name=\"robots\" content=\"index, follow, max-snippet:-1, max-image-preview:large, max-video-preview:-1\" \/>\n<link rel=\"canonical\" href=\"https:\/\/spiritdust.pl\/de\/produkt\/silberring-mit-rosa-turmalin-115-kopia\/\" \/>\n<meta property=\"og:locale\" content=\"de_DE\" \/>\n<meta property=\"og:type\" content=\"article\" \/>\n<meta property=\"og:title\" content=\"Silberring mit Labradorit \u2013 Violett und Feuer, Gr. 11 - Spirit Dust\" \/>\n<meta property=\"og:description\" content=\"Silberring mit Labradorit in Gr\u00f6\u00dfe 11. Naturstein mit intensiver violett-kupferfarbener Labradorisierung, handgefertigtes Unikat aus 925er Silber.\" \/>\n<meta property=\"og:url\" content=\"https:\/\/spiritdust.pl\/de\/produkt\/silberring-mit-rosa-turmalin-115-kopia\/\" \/>\n<meta property=\"og:site_name\" content=\"Spirit Dust\" \/>\n<meta property=\"article:publisher\" content=\"https:\/\/www.facebook.com\/spiritdustmj\/\" \/>\n<meta property=\"article:modified_time\" content=\"2026-02-20T12:32:03+00:00\" \/>\n<meta property=\"og:image\" content=\"https:\/\/spiritdust.pl\/wp-content\/uploads\/2026\/02\/DSC03214-scaled.jpg\" \/>\n\t<meta property=\"og:image:width\" content=\"2560\" \/>\n\t<meta property=\"og:image:height\" content=\"2560\" \/>\n\t<meta property=\"og:image:type\" content=\"image\/jpeg\" \/>\n<meta name=\"twitter:card\" content=\"summary_large_image\" \/>\n<meta name=\"twitter:label1\" content=\"Gesch\u00e4tzte Lesezeit\" \/>\n\t<meta name=\"twitter:data1\" content=\"1\u00a0Minute\" \/>\n<script type=\"application\/ld+json\" class=\"yoast-schema-graph\">{\"@context\":\"https:\/\/schema.org\",\"@graph\":[{\"@type\":\"WebPage\",\"@id\":\"https:\/\/spiritdust.pl\/de\/produkt\/silberring-mit-rosa-turmalin-115-kopia\/\",\"url\":\"https:\/\/spiritdust.pl\/de\/produkt\/silberring-mit-rosa-turmalin-115-kopia\/\",\"name\":\"Silberring mit Labradorit \u2013 Violett und Feuer, Gr. 11 - Spirit Dust\",\"isPartOf\":{\"@id\":\"https:\/\/green-chough-870564.hostingersite.com\/#website\"},\"primaryImageOfPage\":{\"@id\":\"https:\/\/spiritdust.pl\/de\/produkt\/silberring-mit-rosa-turmalin-115-kopia\/#primaryimage\"},\"image\":{\"@id\":\"https:\/\/spiritdust.pl\/de\/produkt\/silberring-mit-rosa-turmalin-115-kopia\/#primaryimage\"},\"thumbnailUrl\":\"https:\/\/spiritdust.pl\/wp-content\/uploads\/2026\/02\/DSC03214-scaled.jpg\",\"datePublished\":\"2026-02-20T12:02:18+00:00\",\"dateModified\":\"2026-02-20T12:32:03+00:00\",\"description\":\"Silberring mit Labradorit in Gr\u00f6\u00dfe 11. Naturstein mit intensiver violett-kupferfarbener Labradorisierung, handgefertigtes Unikat aus 925er Silber.\",\"breadcrumb\":{\"@id\":\"https:\/\/spiritdust.pl\/de\/produkt\/silberring-mit-rosa-turmalin-115-kopia\/#breadcrumb\"},\"inLanguage\":\"de\",\"potentialAction\":[{\"@type\":\"ReadAction\",\"target\":[\"https:\/\/spiritdust.pl\/de\/produkt\/silberring-mit-rosa-turmalin-115-kopia\/\"]}]},{\"@type\":\"ImageObject\",\"inLanguage\":\"de\",\"@id\":\"https:\/\/spiritdust.pl\/de\/produkt\/silberring-mit-rosa-turmalin-115-kopia\/#primaryimage\",\"url\":\"https:\/\/spiritdust.pl\/wp-content\/uploads\/2026\/02\/DSC03214-scaled.jpg\",\"contentUrl\":\"https:\/\/spiritdust.pl\/wp-content\/uploads\/2026\/02\/DSC03214-scaled.jpg\",\"width\":2560,\"height\":2560},{\"@type\":\"BreadcrumbList\",\"@id\":\"https:\/\/spiritdust.pl\/de\/produkt\/silberring-mit-rosa-turmalin-115-kopia\/#breadcrumb\",\"itemListElement\":[{\"@type\":\"ListItem\",\"position\":1,\"name\":\"Strona g\u0142\u00f3wna\",\"item\":\"https:\/\/spiritdust.pl\/de\/\"},{\"@type\":\"ListItem\",\"position\":2,\"name\":\"Shop\",\"item\":\"https:\/\/green-chough-870564.hostingersite.com\/shop\/\"},{\"@type\":\"ListItem\",\"position\":3,\"name\":\"Silberring mit Labradorit \u2013 Violett und Feuer, Gr. 11\"}]},{\"@type\":\"WebSite\",\"@id\":\"https:\/\/green-chough-870564.hostingersite.com\/#website\",\"url\":\"https:\/\/green-chough-870564.hostingersite.com\/\",\"name\":\"Spirit Dust\",\"description\":\"Bi\u017cuteria z Miedzi, Srebra i Kamieni Naturalnych\",\"publisher\":{\"@id\":\"https:\/\/green-chough-870564.hostingersite.com\/#organization\"},\"potentialAction\":[{\"@type\":\"SearchAction\",\"target\":{\"@type\":\"EntryPoint\",\"urlTemplate\":\"https:\/\/green-chough-870564.hostingersite.com\/?s={search_term_string}\"},\"query-input\":{\"@type\":\"PropertyValueSpecification\",\"valueRequired\":true,\"valueName\":\"search_term_string\"}}],\"inLanguage\":\"de\"},{\"@type\":\"Organization\",\"@id\":\"https:\/\/green-chough-870564.hostingersite.com\/#organization\",\"name\":\"Geisterstaub\",\"url\":\"https:\/\/green-chough-870564.hostingersite.com\/\",\"logo\":{\"@type\":\"ImageObject\",\"inLanguage\":\"de\",\"@id\":\"https:\/\/green-chough-870564.hostingersite.com\/#\/schema\/logo\/image\/\",\"url\":\"https:\/\/spiritdust.pl\/wp-content\/uploads\/2026\/01\/logo-sd.png\",\"contentUrl\":\"https:\/\/spiritdust.pl\/wp-content\/uploads\/2026\/01\/logo-sd.png\",\"width\":251,\"height\":368,\"caption\":\"Geisterstaub\"},\"image\":{\"@id\":\"https:\/\/green-chough-870564.hostingersite.com\/#\/schema\/logo\/image\/\"},\"sameAs\":[\"https:\/\/www.facebook.com\/spiritdustmj\/\",\"https:\/\/instagram.com\/spirit__dust\"]}]}<\/script>\n<!-- \/ Yoast SEO plugin. -->","yoast_head_json":{"title":"Silberring mit Labradorit \u2013 Violett und Feuer, Gr. 11 - Spirit Dust","description":"Silberring mit Labradorit in Gr\u00f6\u00dfe 11. Naturstein mit intensiver violett-kupferfarbener Labradorisierung, handgefertigtes Unikat aus 925er Silber.","robots":{"index":"index","follow":"follow","max-snippet":"max-snippet:-1","max-image-preview":"max-image-preview:large","max-video-preview":"max-video-preview:-1"},"canonical":"https:\/\/spiritdust.pl\/de\/produkt\/silberring-mit-rosa-turmalin-115-kopia\/","og_locale":"de_DE","og_type":"article","og_title":"Silberring mit Labradorit \u2013 Violett und Feuer, Gr. 11 - Spirit Dust","og_description":"Silberring mit Labradorit in Gr\u00f6\u00dfe 11. Naturstein mit intensiver violett-kupferfarbener Labradorisierung, handgefertigtes Unikat aus 925er Silber.","og_url":"https:\/\/spiritdust.pl\/de\/produkt\/silberring-mit-rosa-turmalin-115-kopia\/","og_site_name":"Spirit Dust","article_publisher":"https:\/\/www.facebook.com\/spiritdustmj\/","article_modified_time":"2026-02-20T12:32:03+00:00","og_image":[{"width":2560,"height":2560,"url":"https:\/\/spiritdust.pl\/wp-content\/uploads\/2026\/02\/DSC03214-scaled.jpg","type":"image\/jpeg"}],"twitter_card":"summary_large_image","twitter_misc":{"Gesch\u00e4tzte Lesezeit":"1\u00a0Minute"},"schema":{"@context":"https:\/\/schema.org","@graph":[{"@type":"WebPage","@id":"https:\/\/spiritdust.pl\/de\/produkt\/silberring-mit-rosa-turmalin-115-kopia\/","url":"https:\/\/spiritdust.pl\/de\/produkt\/silberring-mit-rosa-turmalin-115-kopia\/","name":"Silberring mit Labradorit \u2013 Violett und Feuer, Gr. 11 - Spirit Dust","isPartOf":{"@id":"https:\/\/green-chough-870564.hostingersite.com\/#website"},"primaryImageOfPage":{"@id":"https:\/\/spiritdust.pl\/de\/produkt\/silberring-mit-rosa-turmalin-115-kopia\/#primaryimage"},"image":{"@id":"https:\/\/spiritdust.pl\/de\/produkt\/silberring-mit-rosa-turmalin-115-kopia\/#primaryimage"},"thumbnailUrl":"https:\/\/spiritdust.pl\/wp-content\/uploads\/2026\/02\/DSC03214-scaled.jpg","datePublished":"2026-02-20T12:02:18+00:00","dateModified":"2026-02-20T12:32:03+00:00","description":"Silberring mit Labradorit in Gr\u00f6\u00dfe 11. Naturstein mit intensiver violett-kupferfarbener Labradorisierung, handgefertigtes Unikat aus 925er Silber.","breadcrumb":{"@id":"https:\/\/spiritdust.pl\/de\/produkt\/silberring-mit-rosa-turmalin-115-kopia\/#breadcrumb"},"inLanguage":"de","potentialAction":[{"@type":"ReadAction","target":["https:\/\/spiritdust.pl\/de\/produkt\/silberring-mit-rosa-turmalin-115-kopia\/"]}]},{"@type":"ImageObject","inLanguage":"de","@id":"https:\/\/spiritdust.pl\/de\/produkt\/silberring-mit-rosa-turmalin-115-kopia\/#primaryimage","url":"https:\/\/spiritdust.pl\/wp-content\/uploads\/2026\/02\/DSC03214-scaled.jpg","contentUrl":"https:\/\/spiritdust.pl\/wp-content\/uploads\/2026\/02\/DSC03214-scaled.jpg","width":2560,"height":2560},{"@type":"BreadcrumbList","@id":"https:\/\/spiritdust.pl\/de\/produkt\/silberring-mit-rosa-turmalin-115-kopia\/#breadcrumb","itemListElement":[{"@type":"ListItem","position":1,"name":"Strona g\u0142\u00f3wna","item":"https:\/\/spiritdust.pl\/de\/"},{"@type":"ListItem","position":2,"name":"Shop","item":"https:\/\/green-chough-870564.hostingersite.com\/shop\/"},{"@type":"ListItem","position":3,"name":"Silberring mit Labradorit \u2013 Violett und Feuer, Gr. 11"}]},{"@type":"WebSite","@id":"https:\/\/green-chough-870564.hostingersite.com\/#website","url":"https:\/\/green-chough-870564.hostingersite.com\/","name":"Spirit Dust","description":"Bi\u017cuteria z Miedzi, Srebra i Kamieni Naturalnych","publisher":{"@id":"https:\/\/green-chough-870564.hostingersite.com\/#organization"},"potentialAction":[{"@type":"SearchAction","target":{"@type":"EntryPoint","urlTemplate":"https:\/\/green-chough-870564.hostingersite.com\/?s={search_term_string}"},"query-input":{"@type":"PropertyValueSpecification","valueRequired":true,"valueName":"search_term_string"}}],"inLanguage":"de"},{"@type":"Organization","@id":"https:\/\/green-chough-870564.hostingersite.com\/#organization","name":"Geisterstaub","url":"https:\/\/green-chough-870564.hostingersite.com\/","logo":{"@type":"ImageObject","inLanguage":"de","@id":"https:\/\/green-chough-870564.hostingersite.com\/#\/schema\/logo\/image\/","url":"https:\/\/spiritdust.pl\/wp-content\/uploads\/2026\/01\/logo-sd.png","contentUrl":"https:\/\/spiritdust.pl\/wp-content\/uploads\/2026\/01\/logo-sd.png","width":251,"height":368,"caption":"Geisterstaub"},"image":{"@id":"https:\/\/green-chough-870564.hostingersite.com\/#\/schema\/logo\/image\/"},"sameAs":["https:\/\/www.facebook.com\/spiritdustmj\/","https:\/\/instagram.com\/spirit__dust"]}]}},"_links":{"self":[{"href":"https:\/\/spiritdust.pl\/de\/wp-json\/wp\/v2\/product\/5803","targetHints":{"allow":["GET"]}}],"collection":[{"href":"https:\/\/spiritdust.pl\/de\/wp-json\/wp\/v2\/product"}],"about":[{"href":"https:\/\/spiritdust.pl\/de\/wp-json\/wp\/v2\/types\/product"}],"version-history":[{"count":4,"href":"https:\/\/spiritdust.pl\/de\/wp-json\/wp\/v2\/product\/5803\/revisions"}],"predecessor-version":[{"id":5837,"href":"https:\/\/spiritdust.pl\/de\/wp-json\/wp\/v2\/product\/5803\/revisions\/5837"}],"wp:featuredmedia":[{"embeddable":true,"href":"https:\/\/spiritdust.pl\/de\/wp-json\/wp\/v2\/media\/5816"}],"wp:attachment":[{"href":"https:\/\/spiritdust.pl\/de\/wp-json\/wp\/v2\/media?parent=5803"}],"wp:term":[{"taxonomy":"product_brand","embeddable":true,"href":"https:\/\/spiritdust.pl\/de\/wp-json\/wp\/v2\/product_brand?post=5803"},{"taxonomy":"product_cat","embeddable":true,"href":"https:\/\/spiritdust.pl\/de\/wp-json\/wp\/v2\/product_cat?post=5803"},{"taxonomy":"product_tag","embeddable":true,"href":"https:\/\/spiritdust.pl\/de\/wp-json\/wp\/v2\/product_tag?post=5803"}],"curies":[{"name":"wp","href":"https:\/\/api.w.org\/{rel}","templated":true}]}}