{"id":6195,"date":"2026-03-13T16:27:31","date_gmt":"2026-03-13T16:27:31","guid":{"rendered":"https:\/\/spiritdust.pl\/produkt\/silberne-mondstein-halskette-mit-subtilem-schillern\/"},"modified":"2026-03-13T16:27:31","modified_gmt":"2026-03-13T16:27:31","slug":"silberne-mondstein-halskette-mit-subtilem-schillern","status":"publish","type":"product","link":"https:\/\/spiritdust.pl\/de\/produkt\/silberne-mondstein-halskette-mit-subtilem-schillern\/","title":{"rendered":"Silberne Mondstein-Halskette mit subtilem Schillern"},"content":{"rendered":"<div class=\"flex flex-col text-sm pb-25\">\n<article class=\"text-token-text-primary w-full focus:outline-none [--shadow-height:45px] has-data-writing-block:pointer-events-none has-data-writing-block:-mt-(--shadow-height) has-data-writing-block:pt-(--shadow-height) [&amp;:has([data-writing-block])&gt;*]:pointer-events-auto scroll-mt-[calc(var(--header-height)+min(200px,max(70px,20svh)))]\" dir=\"auto\" data-turn-id=\"request-WEB:1b685ffd-8158-4272-8e74-f0caac329a3b-5\" data-testid=\"conversation-turn-12\" data-scroll-anchor=\"true\" data-turn=\"assistant\">\n<div class=\"text-base my-auto mx-auto pb-10 [--thread-content-margin:var(--thread-content-margin-xs,calc(var(--spacing)*4))] @w-sm\/main:[--thread-content-margin:var(--thread-content-margin-sm,calc(var(--spacing)*6))] @w-lg\/main:[--thread-content-margin:var(--thread-content-margin-lg,calc(var(--spacing)*16))] px-(--thread-content-margin)\">\n<div class=\"[--thread-content-max-width:40rem] @w-lg\/main:[--thread-content-max-width:48rem] mx-auto max-w-(--thread-content-max-width) flex-1 group\/turn-messages focus-visible:outline-hidden relative flex w-full min-w-0 flex-col agent-turn\">\n<div class=\"flex max-w-full flex-col gap-4 grow\">\n<div class=\"min-h-8 text-message relative flex w-full flex-col items-end gap-2 text-start break-words whitespace-normal [.text-message+&amp;]:mt-1\" dir=\"auto\" data-message-author-role=\"assistant\" data-message-id=\"7bb4dbac-ca14-49a1-9c6c-a599dae450a8\" data-message-model-slug=\"gpt-5-3\">\n<div class=\"flex w-full flex-col gap-1 empty:hidden\">\n<div class=\"streaming-animation markdown prose dark:prose-invert w-full wrap-break-word dark markdown-new-styling\">\n<p data-start=\"131\" data-end=\"475\">Diese <strong data-start=\"135\" data-end=\"180\">Mondstein-Halskette aus Sterlingsilber<\/strong> hat eine ruhige, zarte Form. Der Stein schimmert in einem milchigen Wei\u00df mit rosa-violetten und k\u00fchlen blauen Reflexen. In einem Licht erscheint er fast durchsichtig, w\u00e4hrend nach einer Weile ein sanfter, leuchtender Schimmer erscheint. So ver\u00e4ndert sich sein Aussehen bei jeder Bewegung auf subtile Weise.   <\/p>\n<p data-start=\"477\" data-end=\"686\">Die nat\u00fcrliche Struktur des Minerals bewirkt, dass das Licht in ihm gestreut wird. Deshalb sieht der Stein nie gleich aus &#8211; manchmal dominiert ein k\u00fchles Blau, und ein anderes Mal erscheint ein weicher, perliger Schimmer. <\/p>\n<hr data-start=\"688\" data-end=\"691\">\n<h2 data-section-id=\"1w9lfi\" data-start=\"693\" data-end=\"719\">Handgebunden in Silber<\/h2>\n<p data-start=\"721\" data-end=\"906\">Ich habe den Stein von Hand in <strong data-start=\"748\" data-end=\"768\">Sterlingsilber<\/strong> gerahmt. Der schlichte, glatte Rahmen unterstreicht seine nat\u00fcrliche Struktur und die ruhigen Farben. Dadurch bleibt das ganze St\u00fcck minimalistisch und elegant.  <\/p>\n<p data-start=\"908\" data-end=\"1097\">Ich habe die R\u00fcckseite des Anh\u00e4ngers von Hand bearbeitet und mit einem dezenten Blumenmotiv verziert. Dadurch wird die Halskette auch von unten veredelt &#8211; auch dort, wo Schmuck normalerweise unsichtbar bleibt. <\/p>\n<hr data-start=\"1099\" data-end=\"1102\">\n<h2 data-section-id=\"rr8qua\" data-start=\"1104\" data-end=\"1138\">Charakter des Mondsteins<\/h2>\n<p data-start=\"1140\" data-end=\"1320\">Der Mondstein ist f\u00fcr ein charakteristisches optisches Ph\u00e4nomen bekannt, das Adulareszenz genannt wird. Dadurch entsteht das sanfte, leuchtende Leuchten, das unter der Oberfl\u00e4che des Minerals sichtbar ist. <\/p>\n<p data-start=\"1322\" data-end=\"1478\">Dar\u00fcber hinaus sind die nat\u00fcrlichen Linien und Strukturen im Stein ein nat\u00fcrliches Merkmal des Steins. Dadurch hat jedes St\u00fcck seine eigene Zeichnung und seinen einzigartigen Charakter. <\/p>\n<p data-start=\"1480\" data-end=\"1618\">Deshalb bleibt <strong data-start=\"1488\" data-end=\"1533\">eine Silberkette mit einem Mondstein<\/strong> ein Unikat &#8211; einen anderen identischen Stein gibt es praktisch nicht.<\/p>\n<hr data-start=\"1620\" data-end=\"1623\">\n<h2 data-section-id=\"qq606o\" data-start=\"1625\" data-end=\"1658\">Schlanke Form und bequem zu tragen<\/h2>\n<p data-start=\"1660\" data-end=\"1853\">Der Stein ist etwa <strong data-start=\"1676\" data-end=\"1690\">18 \u00d7 10 mm gro\u00df<\/strong>, sodass der Anh\u00e4nger klein und elegant ist. Seine leicht unregelm\u00e4\u00dfige Form verleiht der Komposition einen nat\u00fcrlichen Charakter, w\u00e4hrend er gut am Dekollet\u00e9 sitzt. <\/p>\n<p data-start=\"1855\" data-end=\"2047\">Ich habe die Kette an eine zarte Sterlingsilberkette geh\u00e4ngt, die das Ganze leicht und angenehm zu tragen macht, sowohl f\u00fcr den Alltag als auch f\u00fcr ein minimalistisches Styling. <\/p>\n<p data-start=\"2049\" data-end=\"2173\">Jede <strong data-start=\"2055\" data-end=\"2100\">Mondstein-Halskette aus Sterlingsilber<\/strong> wird in meiner Werkstatt von Hand gefertigt und existiert nur in einem St\u00fcck.<\/p>\n<hr data-start=\"2175\" data-end=\"2178\">\n<h2 data-section-id=\"1yopmz4\" data-start=\"2180\" data-end=\"2202\">Ma\u00dfe und Materialien<\/h2>\n<p data-start=\"2204\" data-end=\"2342\">&#8211; Stein: nat\u00fcrlicher Mondstein<br data-start=\"2241\" data-end=\"2244\">&#8211; Material: Sterling Silber 925<br data-start=\"2272\" data-end=\"2275\">&#8211; Ma\u00dfe des Steins: ca. 18 \u00d7 10 mm<br data-start=\"2313\" data-end=\"2316\">&#8211; St\u00fcck: einzeln <\/p>\n<p data-start=\"2221\" data-end=\"2376\">Sehen Sie auch andere <a style=\"background-color: #ffffff\" href=\"https:\/\/spiritdust.pl\/de\/kategorien\/schmuck\/silberschmuck\/silberketten\/?v=288404204e3d\" target=\"_blank\" rel=\"noopener\">Silberketten mit nat\u00fcrlichen Steinen<\/a>.<\/p>\n<\/div>\n<\/div>\n<\/div>\n<\/div>\n<\/div>\n<\/div>\n<\/article>\n<\/div>\n","protected":false},"excerpt":{"rendered":"<div class=\"text-base my-auto mx-auto [--thread-content-margin:var(--thread-content-margin-xs,calc(var(--spacing)*4))] @w-sm\/main:[--thread-content-margin:var(--thread-content-margin-sm,calc(var(--spacing)*6))] @w-lg\/main:[--thread-content-margin:var(--thread-content-margin-lg,calc(var(--spacing)*16))] px-(--thread-content-margin)\">\n<div class=\"[--thread-content-max-width:40rem] @w-lg\/main:[--thread-content-max-width:48rem] mx-auto max-w-(--thread-content-max-width) flex-1 group\/turn-messages focus-visible:outline-hidden relative flex w-full min-w-0 flex-col agent-turn\">\n<div class=\"flex max-w-full flex-col gap-4 grow\">\n<div class=\"min-h-8 text-message relative flex w-full flex-col items-end gap-2 text-start break-words whitespace-normal [.text-message+&amp;]:mt-1\" dir=\"auto\" data-message-author-role=\"assistant\" data-message-id=\"8fe3b1df-f5f7-4158-95a2-0c591d5b8b0e\" data-message-model-slug=\"gpt-5-3\">\n<div class=\"flex w-full flex-col gap-1 empty:hidden\">\n<div class=\"markdown prose dark:prose-invert w-full wrap-break-word dark markdown-new-styling\">\n<div class=\"flex flex-col text-sm pb-25\">\n<article class=\"text-token-text-primary w-full focus:outline-none [--shadow-height:45px] has-data-writing-block:pointer-events-none has-data-writing-block:-mt-(--shadow-height) has-data-writing-block:pt-(--shadow-height) [&amp;:has([data-writing-block])&gt;*]:pointer-events-auto scroll-mt-[calc(var(--header-height)+min(200px,max(70px,20svh)))]\" dir=\"auto\" data-turn-id=\"request-WEB:1b685ffd-8158-4272-8e74-f0caac329a3b-8\" data-testid=\"conversation-turn-18\" data-scroll-anchor=\"true\" data-turn=\"assistant\">\n<div class=\"text-base my-auto mx-auto pb-10 [--thread-content-margin:var(--thread-content-margin-xs,calc(var(--spacing)*4))] @w-sm\/main:[--thread-content-margin:var(--thread-content-margin-sm,calc(var(--spacing)*6))] @w-lg\/main:[--thread-content-margin:var(--thread-content-margin-lg,calc(var(--spacing)*16))] px-(--thread-content-margin)\">\n<div class=\"[--thread-content-max-width:40rem] @w-lg\/main:[--thread-content-max-width:48rem] mx-auto max-w-(--thread-content-max-width) flex-1 group\/turn-messages focus-visible:outline-hidden relative flex w-full min-w-0 flex-col agent-turn\">\n<div class=\"flex max-w-full flex-col gap-4 grow\">\n<div class=\"min-h-8 text-message relative flex w-full flex-col items-end gap-2 text-start break-words whitespace-normal [.text-message+&amp;]:mt-1\" dir=\"auto\" data-message-author-role=\"assistant\" data-message-id=\"f1ba1412-b3d8-491a-b1dd-6424c0bfd573\" data-message-model-slug=\"gpt-5-3\">\n<div class=\"flex w-full flex-col gap-1 empty:hidden\">\n<div class=\"markdown prose dark:prose-invert w-full wrap-break-word dark markdown-new-styling\">\n<p data-start=\"2514\" data-end=\"2764\" data-is-last-node=\"\" data-is-only-node=\"\">Silberne Halskette mit einem nat\u00fcrlichen Mondstein, der einen subtilen, milchigen Schimmer mit rosa und blauen Reflexen hat. Der ca. 18 \u00d7 10 mm gro\u00dfe Stein wurde von Hand in Sterlingsilber gefasst. Die Halskette wurde in einem St\u00fcck gefertigt.   <\/p>\n<p data-start=\"2514\" data-end=\"2764\" data-is-last-node=\"\" data-is-only-node=\"\">Ich verpacke den Schmuck sorgf\u00e4ltig in einer dekorativen Schachtel, sodass er sofort als Geschenk bereit ist.<\/p>\n<\/div>\n<\/div>\n<\/div>\n<\/div>\n<\/div>\n<\/div>\n<\/article>\n<\/div>\n<\/div>\n<\/div>\n<\/div>\n<\/div>\n<\/div>\n<\/div>\n","protected":false},"featured_media":6198,"template":"","meta":{"inline_featured_image":false},"product_brand":[],"product_cat":[167,256],"product_tag":[171,199],"class_list":{"0":"post-6195","1":"product","2":"type-product","3":"status-publish","4":"has-post-thumbnail","6":"product_cat-schmuck","7":"product_cat-silberketten","8":"product_tag-mondstein","9":"product_tag-silber","11":"first","12":"instock","13":"taxable","14":"shipping-taxable","15":"purchasable","16":"product-type-simple"},"yoast_head":"<!-- This site is optimized with the Yoast SEO plugin v27.5 - https:\/\/yoast.com\/product\/yoast-seo-wordpress\/ -->\n<title>Silberne Mondstein-Halskette mit subtilem Schillern - Spirit Dust<\/title>\n<meta name=\"description\" content=\"Silberne Halskette mit einem nat\u00fcrlichen Mondstein, der zart milchig schimmert. Handgefertigt aus Sterlingsilber, Stein ca. 18 \u00d7 10 mm.\" \/>\n<meta name=\"robots\" content=\"index, follow, max-snippet:-1, max-image-preview:large, max-video-preview:-1\" \/>\n<link rel=\"canonical\" href=\"https:\/\/spiritdust.pl\/de\/produkt\/silberne-mondstein-halskette-mit-subtilem-schillern\/\" \/>\n<meta property=\"og:locale\" content=\"de_DE\" \/>\n<meta property=\"og:type\" content=\"article\" \/>\n<meta property=\"og:title\" content=\"Silberne Mondstein-Halskette mit subtilem Schillern - Spirit Dust\" \/>\n<meta property=\"og:description\" content=\"Silberne Halskette mit einem nat\u00fcrlichen Mondstein, der zart milchig schimmert. Handgefertigt aus Sterlingsilber, Stein ca. 18 \u00d7 10 mm.\" \/>\n<meta property=\"og:url\" content=\"https:\/\/spiritdust.pl\/de\/produkt\/silberne-mondstein-halskette-mit-subtilem-schillern\/\" \/>\n<meta property=\"og:site_name\" content=\"Spirit Dust\" \/>\n<meta property=\"article:publisher\" content=\"https:\/\/www.facebook.com\/spiritdustmj\/\" \/>\n<meta property=\"og:image\" content=\"https:\/\/spiritdust.pl\/wp-content\/uploads\/2026\/03\/DSC03320.jpg\" \/>\n\t<meta property=\"og:image:width\" content=\"1920\" \/>\n\t<meta property=\"og:image:height\" content=\"1920\" \/>\n\t<meta property=\"og:image:type\" content=\"image\/jpeg\" \/>\n<meta name=\"twitter:card\" content=\"summary_large_image\" \/>\n<meta name=\"twitter:label1\" content=\"Gesch\u00e4tzte Lesezeit\" \/>\n\t<meta name=\"twitter:data1\" content=\"2\u00a0Minuten\" \/>\n<script type=\"application\/ld+json\" class=\"yoast-schema-graph\">{\"@context\":\"https:\\\/\\\/schema.org\",\"@graph\":[{\"@type\":\"WebPage\",\"@id\":\"https:\\\/\\\/spiritdust.pl\\\/de\\\/produkt\\\/silberne-mondstein-halskette-mit-subtilem-schillern\\\/\",\"url\":\"https:\\\/\\\/spiritdust.pl\\\/de\\\/produkt\\\/silberne-mondstein-halskette-mit-subtilem-schillern\\\/\",\"name\":\"Silberne Mondstein-Halskette mit subtilem Schillern - Spirit Dust\",\"isPartOf\":{\"@id\":\"https:\\\/\\\/green-chough-870564.hostingersite.com\\\/#website\"},\"primaryImageOfPage\":{\"@id\":\"https:\\\/\\\/spiritdust.pl\\\/de\\\/produkt\\\/silberne-mondstein-halskette-mit-subtilem-schillern\\\/#primaryimage\"},\"image\":{\"@id\":\"https:\\\/\\\/spiritdust.pl\\\/de\\\/produkt\\\/silberne-mondstein-halskette-mit-subtilem-schillern\\\/#primaryimage\"},\"thumbnailUrl\":\"https:\\\/\\\/spiritdust.pl\\\/wp-content\\\/uploads\\\/2026\\\/03\\\/DSC03320.jpg\",\"datePublished\":\"2026-03-13T16:27:31+00:00\",\"description\":\"Silberne Halskette mit einem nat\u00fcrlichen Mondstein, der zart milchig schimmert. Handgefertigt aus Sterlingsilber, Stein ca. 18 \u00d7 10 mm.\",\"breadcrumb\":{\"@id\":\"https:\\\/\\\/spiritdust.pl\\\/de\\\/produkt\\\/silberne-mondstein-halskette-mit-subtilem-schillern\\\/#breadcrumb\"},\"inLanguage\":\"de\",\"potentialAction\":[{\"@type\":\"ReadAction\",\"target\":[\"https:\\\/\\\/spiritdust.pl\\\/de\\\/produkt\\\/silberne-mondstein-halskette-mit-subtilem-schillern\\\/\"]}]},{\"@type\":\"ImageObject\",\"inLanguage\":\"de\",\"@id\":\"https:\\\/\\\/spiritdust.pl\\\/de\\\/produkt\\\/silberne-mondstein-halskette-mit-subtilem-schillern\\\/#primaryimage\",\"url\":\"https:\\\/\\\/spiritdust.pl\\\/wp-content\\\/uploads\\\/2026\\\/03\\\/DSC03320.jpg\",\"contentUrl\":\"https:\\\/\\\/spiritdust.pl\\\/wp-content\\\/uploads\\\/2026\\\/03\\\/DSC03320.jpg\",\"width\":1920,\"height\":1920},{\"@type\":\"BreadcrumbList\",\"@id\":\"https:\\\/\\\/spiritdust.pl\\\/de\\\/produkt\\\/silberne-mondstein-halskette-mit-subtilem-schillern\\\/#breadcrumb\",\"itemListElement\":[{\"@type\":\"ListItem\",\"position\":1,\"name\":\"Strona g\u0142\u00f3wna\",\"item\":\"https:\\\/\\\/spiritdust.pl\\\/de\\\/spirit-dust-schmuck-aus-kupfer-silber-und-natursteinen\\\/\"},{\"@type\":\"ListItem\",\"position\":2,\"name\":\"Shop\",\"item\":\"https:\\\/\\\/green-chough-870564.hostingersite.com\\\/shop\\\/\"},{\"@type\":\"ListItem\",\"position\":3,\"name\":\"Silberne Mondstein-Halskette mit subtilem Schillern\"}]},{\"@type\":\"WebSite\",\"@id\":\"https:\\\/\\\/green-chough-870564.hostingersite.com\\\/#website\",\"url\":\"https:\\\/\\\/green-chough-870564.hostingersite.com\\\/\",\"name\":\"Spirit Dust\",\"description\":\"Bi\u017cuteria z Miedzi, Srebra i Kamieni Naturalnych\",\"publisher\":{\"@id\":\"https:\\\/\\\/green-chough-870564.hostingersite.com\\\/#organization\"},\"potentialAction\":[{\"@type\":\"SearchAction\",\"target\":{\"@type\":\"EntryPoint\",\"urlTemplate\":\"https:\\\/\\\/green-chough-870564.hostingersite.com\\\/?s={search_term_string}\"},\"query-input\":{\"@type\":\"PropertyValueSpecification\",\"valueRequired\":true,\"valueName\":\"search_term_string\"}}],\"inLanguage\":\"de\"},{\"@type\":\"Organization\",\"@id\":\"https:\\\/\\\/green-chough-870564.hostingersite.com\\\/#organization\",\"name\":\"Geisterstaub\",\"url\":\"https:\\\/\\\/green-chough-870564.hostingersite.com\\\/\",\"logo\":{\"@type\":\"ImageObject\",\"inLanguage\":\"de\",\"@id\":\"https:\\\/\\\/green-chough-870564.hostingersite.com\\\/#\\\/schema\\\/logo\\\/image\\\/\",\"url\":\"https:\\\/\\\/spiritdust.pl\\\/wp-content\\\/uploads\\\/2026\\\/01\\\/logo-sd.png\",\"contentUrl\":\"https:\\\/\\\/spiritdust.pl\\\/wp-content\\\/uploads\\\/2026\\\/01\\\/logo-sd.png\",\"width\":251,\"height\":368,\"caption\":\"Geisterstaub\"},\"image\":{\"@id\":\"https:\\\/\\\/green-chough-870564.hostingersite.com\\\/#\\\/schema\\\/logo\\\/image\\\/\"},\"sameAs\":[\"https:\\\/\\\/www.facebook.com\\\/spiritdustmj\\\/\",\"https:\\\/\\\/instagram.com\\\/spirit__dust\"]}]}<\/script>\n<!-- \/ Yoast SEO plugin. -->","yoast_head_json":{"title":"Silberne Mondstein-Halskette mit subtilem Schillern - Spirit Dust","description":"Silberne Halskette mit einem nat\u00fcrlichen Mondstein, der zart milchig schimmert. Handgefertigt aus Sterlingsilber, Stein ca. 18 \u00d7 10 mm.","robots":{"index":"index","follow":"follow","max-snippet":"max-snippet:-1","max-image-preview":"max-image-preview:large","max-video-preview":"max-video-preview:-1"},"canonical":"https:\/\/spiritdust.pl\/de\/produkt\/silberne-mondstein-halskette-mit-subtilem-schillern\/","og_locale":"de_DE","og_type":"article","og_title":"Silberne Mondstein-Halskette mit subtilem Schillern - Spirit Dust","og_description":"Silberne Halskette mit einem nat\u00fcrlichen Mondstein, der zart milchig schimmert. Handgefertigt aus Sterlingsilber, Stein ca. 18 \u00d7 10 mm.","og_url":"https:\/\/spiritdust.pl\/de\/produkt\/silberne-mondstein-halskette-mit-subtilem-schillern\/","og_site_name":"Spirit Dust","article_publisher":"https:\/\/www.facebook.com\/spiritdustmj\/","og_image":[{"width":1920,"height":1920,"url":"https:\/\/spiritdust.pl\/wp-content\/uploads\/2026\/03\/DSC03320.jpg","type":"image\/jpeg"}],"twitter_card":"summary_large_image","twitter_misc":{"Gesch\u00e4tzte Lesezeit":"2\u00a0Minuten"},"schema":{"@context":"https:\/\/schema.org","@graph":[{"@type":"WebPage","@id":"https:\/\/spiritdust.pl\/de\/produkt\/silberne-mondstein-halskette-mit-subtilem-schillern\/","url":"https:\/\/spiritdust.pl\/de\/produkt\/silberne-mondstein-halskette-mit-subtilem-schillern\/","name":"Silberne Mondstein-Halskette mit subtilem Schillern - Spirit Dust","isPartOf":{"@id":"https:\/\/green-chough-870564.hostingersite.com\/#website"},"primaryImageOfPage":{"@id":"https:\/\/spiritdust.pl\/de\/produkt\/silberne-mondstein-halskette-mit-subtilem-schillern\/#primaryimage"},"image":{"@id":"https:\/\/spiritdust.pl\/de\/produkt\/silberne-mondstein-halskette-mit-subtilem-schillern\/#primaryimage"},"thumbnailUrl":"https:\/\/spiritdust.pl\/wp-content\/uploads\/2026\/03\/DSC03320.jpg","datePublished":"2026-03-13T16:27:31+00:00","description":"Silberne Halskette mit einem nat\u00fcrlichen Mondstein, der zart milchig schimmert. Handgefertigt aus Sterlingsilber, Stein ca. 18 \u00d7 10 mm.","breadcrumb":{"@id":"https:\/\/spiritdust.pl\/de\/produkt\/silberne-mondstein-halskette-mit-subtilem-schillern\/#breadcrumb"},"inLanguage":"de","potentialAction":[{"@type":"ReadAction","target":["https:\/\/spiritdust.pl\/de\/produkt\/silberne-mondstein-halskette-mit-subtilem-schillern\/"]}]},{"@type":"ImageObject","inLanguage":"de","@id":"https:\/\/spiritdust.pl\/de\/produkt\/silberne-mondstein-halskette-mit-subtilem-schillern\/#primaryimage","url":"https:\/\/spiritdust.pl\/wp-content\/uploads\/2026\/03\/DSC03320.jpg","contentUrl":"https:\/\/spiritdust.pl\/wp-content\/uploads\/2026\/03\/DSC03320.jpg","width":1920,"height":1920},{"@type":"BreadcrumbList","@id":"https:\/\/spiritdust.pl\/de\/produkt\/silberne-mondstein-halskette-mit-subtilem-schillern\/#breadcrumb","itemListElement":[{"@type":"ListItem","position":1,"name":"Strona g\u0142\u00f3wna","item":"https:\/\/spiritdust.pl\/de\/spirit-dust-schmuck-aus-kupfer-silber-und-natursteinen\/"},{"@type":"ListItem","position":2,"name":"Shop","item":"https:\/\/green-chough-870564.hostingersite.com\/shop\/"},{"@type":"ListItem","position":3,"name":"Silberne Mondstein-Halskette mit subtilem Schillern"}]},{"@type":"WebSite","@id":"https:\/\/green-chough-870564.hostingersite.com\/#website","url":"https:\/\/green-chough-870564.hostingersite.com\/","name":"Spirit Dust","description":"Bi\u017cuteria z Miedzi, Srebra i Kamieni Naturalnych","publisher":{"@id":"https:\/\/green-chough-870564.hostingersite.com\/#organization"},"potentialAction":[{"@type":"SearchAction","target":{"@type":"EntryPoint","urlTemplate":"https:\/\/green-chough-870564.hostingersite.com\/?s={search_term_string}"},"query-input":{"@type":"PropertyValueSpecification","valueRequired":true,"valueName":"search_term_string"}}],"inLanguage":"de"},{"@type":"Organization","@id":"https:\/\/green-chough-870564.hostingersite.com\/#organization","name":"Geisterstaub","url":"https:\/\/green-chough-870564.hostingersite.com\/","logo":{"@type":"ImageObject","inLanguage":"de","@id":"https:\/\/green-chough-870564.hostingersite.com\/#\/schema\/logo\/image\/","url":"https:\/\/spiritdust.pl\/wp-content\/uploads\/2026\/01\/logo-sd.png","contentUrl":"https:\/\/spiritdust.pl\/wp-content\/uploads\/2026\/01\/logo-sd.png","width":251,"height":368,"caption":"Geisterstaub"},"image":{"@id":"https:\/\/green-chough-870564.hostingersite.com\/#\/schema\/logo\/image\/"},"sameAs":["https:\/\/www.facebook.com\/spiritdustmj\/","https:\/\/instagram.com\/spirit__dust"]}]}},"_links":{"self":[{"href":"https:\/\/spiritdust.pl\/de\/wp-json\/wp\/v2\/product\/6195","targetHints":{"allow":["GET"]}}],"collection":[{"href":"https:\/\/spiritdust.pl\/de\/wp-json\/wp\/v2\/product"}],"about":[{"href":"https:\/\/spiritdust.pl\/de\/wp-json\/wp\/v2\/types\/product"}],"version-history":[{"count":0,"href":"https:\/\/spiritdust.pl\/de\/wp-json\/wp\/v2\/product\/6195\/revisions"}],"wp:featuredmedia":[{"embeddable":true,"href":"https:\/\/spiritdust.pl\/de\/wp-json\/wp\/v2\/media\/6198"}],"wp:attachment":[{"href":"https:\/\/spiritdust.pl\/de\/wp-json\/wp\/v2\/media?parent=6195"}],"wp:term":[{"taxonomy":"product_brand","embeddable":true,"href":"https:\/\/spiritdust.pl\/de\/wp-json\/wp\/v2\/product_brand?post=6195"},{"taxonomy":"product_cat","embeddable":true,"href":"https:\/\/spiritdust.pl\/de\/wp-json\/wp\/v2\/product_cat?post=6195"},{"taxonomy":"product_tag","embeddable":true,"href":"https:\/\/spiritdust.pl\/de\/wp-json\/wp\/v2\/product_tag?post=6195"}],"curies":[{"name":"wp","href":"https:\/\/api.w.org\/{rel}","templated":true}]}}