{"id":6207,"date":"2026-03-13T16:21:19","date_gmt":"2026-03-13T16:21:19","guid":{"rendered":"https:\/\/spiritdust.pl\/produkt\/silberne-halskette-mit-labradorit-und-feder\/"},"modified":"2026-03-13T16:21:19","modified_gmt":"2026-03-13T16:21:19","slug":"silberne-halskette-mit-labradorit-und-feder","status":"publish","type":"product","link":"https:\/\/spiritdust.pl\/de\/produkt\/silberne-halskette-mit-labradorit-und-feder\/","title":{"rendered":"Silberne Halskette mit Labradorit und Feder"},"content":{"rendered":"<div class=\"flex flex-col text-sm pb-25\">\n<article class=\"text-token-text-primary w-full focus:outline-none [--shadow-height:45px] has-data-writing-block:pointer-events-none has-data-writing-block:-mt-(--shadow-height) has-data-writing-block:pt-(--shadow-height) [&amp;:has([data-writing-block])&gt;*]:pointer-events-auto scroll-mt-[calc(var(--header-height)+min(200px,max(70px,20svh)))]\" dir=\"auto\" data-turn-id=\"request-WEB:1b685ffd-8158-4272-8e74-f0caac329a3b-5\" data-testid=\"conversation-turn-12\" data-scroll-anchor=\"true\" data-turn=\"assistant\">\n<div class=\"text-base my-auto mx-auto pb-10 [--thread-content-margin:var(--thread-content-margin-xs,calc(var(--spacing)*4))] @w-sm\/main:[--thread-content-margin:var(--thread-content-margin-sm,calc(var(--spacing)*6))] @w-lg\/main:[--thread-content-margin:var(--thread-content-margin-lg,calc(var(--spacing)*16))] px-(--thread-content-margin)\">\n<div class=\"[--thread-content-max-width:40rem] @w-lg\/main:[--thread-content-max-width:48rem] mx-auto max-w-(--thread-content-max-width) flex-1 group\/turn-messages focus-visible:outline-hidden relative flex w-full min-w-0 flex-col agent-turn\">\n<div class=\"flex max-w-full flex-col gap-4 grow\">\n<div class=\"min-h-8 text-message relative flex w-full flex-col items-end gap-2 text-start break-words whitespace-normal [.text-message+&amp;]:mt-1\" dir=\"auto\" data-message-author-role=\"assistant\" data-message-id=\"7bb4dbac-ca14-49a1-9c6c-a599dae450a8\" data-message-model-slug=\"gpt-5-3\">\n<div class=\"flex w-full flex-col gap-1 empty:hidden\">\n<div class=\"streaming-animation markdown prose dark:prose-invert w-full wrap-break-word dark markdown-new-styling\">\n<p data-start=\"711\" data-end=\"996\">Diese Halskette aus Labradorit und Federn hat eine schlanke, leichte Form. Der Stein schimmert in Granat, Violett und k\u00fchlem Blau. In einem Licht erscheint er dunkler, w\u00e4hrend er bei Bewegung hellere Reflexe zeigt. So \u00e4ndert sich seine Farbe bei jeder Bewegung auf subtile Weise.   <\/p>\n<p data-start=\"998\" data-end=\"1211\">Die nat\u00fcrliche Struktur des Labradorits l\u00e4sst die Oberfl\u00e4che auf Licht reagieren. Deshalb sieht der Stein nie gleich aus. Manchmal dominiert ein k\u00fchles Blau, ein anderes Mal erscheinen pflaumen- oder dunkelblaue Reflexe.  <\/p>\n<h2 data-section-id=\"1w9lfi\" data-start=\"1213\" data-end=\"1239\">Handgebunden in Silber<\/h2>\n<p data-start=\"1241\" data-end=\"1417\">Ich habe den Stein von Hand in <strong data-start=\"1268\" data-end=\"1288\">Sterlingsilber<\/strong> gerahmt. Der schlichte, glatte Rahmen unterstreicht die nat\u00fcrliche Zeichnung des Minerals und sein Schillern. Dadurch bleibt das ganze St\u00fcck ruhig und elegant.  <\/p>\n<p data-start=\"1419\" data-end=\"1605\">An der Unterseite des Anh\u00e4ngers habe ich eine zarte Silberfeder aufgeh\u00e4ngt, die der Komposition Leichtigkeit verleiht. Dieses winzige Element bewegt sich bei jeder Bewegung, so dass die Halskette eine subtile Dynamik erh\u00e4lt. <\/p>\n<p data-start=\"1607\" data-end=\"1742\">Ich habe die R\u00fcckseite des Anh\u00e4ngers von Hand bearbeitet und mit einem dezenten Blumenmotiv verziert. So bleibt der Schmuck auf allen Seiten poliert. <\/p>\n<h2 data-section-id=\"qq606o\" data-start=\"1744\" data-end=\"1777\">Schlanke Form und bequem zu tragen<\/h2>\n<p data-start=\"1779\" data-end=\"1930\">Der Stein ist etwa <strong data-start=\"1795\" data-end=\"1809\">25 \u00d7 10 mm gro\u00df<\/strong>, sodass der Anh\u00e4nger schlank und elegant ist. Die vertikale Form sitzt gut am Dekollet\u00e9 und verl\u00e4ngert es optisch. <\/p>\n<p data-start=\"1932\" data-end=\"2058\">Ich habe die Kette an eine zarte Sterlingsilberkette geh\u00e4ngt, die gut zu der minimalistischen Form des Anh\u00e4ngers passt.<\/p>\n<p data-start=\"2060\" data-end=\"2195\">Jede Labradorit- und Federkette wird in meinem Atelier von Hand gefertigt. Deshalb gibt es dieses Modell nur in einem Exemplar. <\/p>\n<h2 data-section-id=\"1yopmz4\" data-start=\"2197\" data-end=\"2219\">Ma\u00dfe und Materialien<\/h2>\n<p data-start=\"2221\" data-end=\"2376\">&#8211; Stein: nat\u00fcrlicher Labradorit<br data-start=\"2251\" data-end=\"2254\">&#8211; Material: Sterling Silber 925<br data-start=\"2282\" data-end=\"2285\">&#8211; Ma\u00dfe des Steins: ca. 25 \u00d7 10 mm<br data-start=\"2319\" data-end=\"2322\">&#8211; Anh\u00e4nger: Silberfeder<br data-start=\"2349\" data-end=\"2352\">&#8211; St\u00fcck: einzeln <\/p>\n<p data-start=\"2221\" data-end=\"2376\">Sehen Sie auch andere <a style=\"background-color: #ffffff\" href=\"https:\/\/spiritdust.pl\/de\/kategorien\/schmuck\/silberschmuck\/silberketten\/?v=288404204e3d\" target=\"_blank\" rel=\"noopener\">Silberketten mit nat\u00fcrlichen Steinen<\/a>.<\/p>\n<\/div>\n<\/div>\n<\/div>\n<\/div>\n<\/div>\n<\/div>\n<\/article>\n<\/div>\n","protected":false},"excerpt":{"rendered":"<div class=\"text-base my-auto mx-auto [--thread-content-margin:var(--thread-content-margin-xs,calc(var(--spacing)*4))] @w-sm\/main:[--thread-content-margin:var(--thread-content-margin-sm,calc(var(--spacing)*6))] @w-lg\/main:[--thread-content-margin:var(--thread-content-margin-lg,calc(var(--spacing)*16))] px-(--thread-content-margin)\">\n<div class=\"[--thread-content-max-width:40rem] @w-lg\/main:[--thread-content-max-width:48rem] mx-auto max-w-(--thread-content-max-width) flex-1 group\/turn-messages focus-visible:outline-hidden relative flex w-full min-w-0 flex-col agent-turn\">\n<div class=\"flex max-w-full flex-col gap-4 grow\">\n<div class=\"min-h-8 text-message relative flex w-full flex-col items-end gap-2 text-start break-words whitespace-normal [.text-message+&amp;]:mt-1\" dir=\"auto\" data-message-author-role=\"assistant\" data-message-id=\"8fe3b1df-f5f7-4158-95a2-0c591d5b8b0e\" data-message-model-slug=\"gpt-5-3\">\n<div class=\"flex w-full flex-col gap-1 empty:hidden\">\n<div class=\"markdown prose dark:prose-invert w-full wrap-break-word dark markdown-new-styling\">\n<p data-start=\"1495\" data-end=\"1796\" data-is-last-node=\"\" data-is-only-node=\"\">Silberne Halskette mit einem nat\u00fcrlichen, granatviolett schillernden Labradorit. Ich habe den schlanken Stein von ca. 25 \u00d7 10 mm in Sterlingsilber gefasst und mit einer zarten Feder erg\u00e4nzt, die der Komposition Leichtigkeit verleiht. Die Halskette wurde von Hand gefertigt und existiert nur in einem Exemplar.   <\/p>\n<\/div>\n<\/div>\n<\/div>\n<\/div>\n<\/div>\n<\/div>\n<p>Ich verpacke den Schmuck sorgf\u00e4ltig in einer dekorativen Schachtel, sodass er sofort als Geschenk bereit ist.<\/p>\n","protected":false},"featured_media":6210,"template":"","meta":{"inline_featured_image":false},"product_brand":[],"product_cat":[167,256],"product_tag":[210,199],"class_list":{"0":"post-6207","1":"product","2":"type-product","3":"status-publish","4":"has-post-thumbnail","6":"product_cat-schmuck","7":"product_cat-silberketten","8":"product_tag-labradorit","9":"product_tag-silber","11":"first","12":"instock","13":"taxable","14":"shipping-taxable","15":"purchasable","16":"product-type-simple"},"yoast_head":"<!-- This site is optimized with the Yoast SEO plugin v27.5 - https:\/\/yoast.com\/product\/yoast-seo-wordpress\/ -->\n<title>Silberne Halskette mit Labradorit und Feder - Spirit Dust<\/title>\n<meta name=\"description\" content=\"Silberne Halskette mit nat\u00fcrlichem Labradorit und zarter Feder. Handgefertigt in Sterlingsilber, der schlanke Stein ca. 25 \u00d7 10 mm.\" \/>\n<meta name=\"robots\" content=\"index, follow, max-snippet:-1, max-image-preview:large, max-video-preview:-1\" \/>\n<link rel=\"canonical\" href=\"https:\/\/spiritdust.pl\/de\/produkt\/silberne-halskette-mit-labradorit-und-feder\/\" \/>\n<meta property=\"og:locale\" content=\"de_DE\" \/>\n<meta property=\"og:type\" content=\"article\" \/>\n<meta property=\"og:title\" content=\"Silberne Halskette mit Labradorit und Feder - Spirit Dust\" \/>\n<meta property=\"og:description\" content=\"Silberne Halskette mit nat\u00fcrlichem Labradorit und zarter Feder. Handgefertigt in Sterlingsilber, der schlanke Stein ca. 25 \u00d7 10 mm.\" \/>\n<meta property=\"og:url\" content=\"https:\/\/spiritdust.pl\/de\/produkt\/silberne-halskette-mit-labradorit-und-feder\/\" \/>\n<meta property=\"og:site_name\" content=\"Spirit Dust\" \/>\n<meta property=\"article:publisher\" content=\"https:\/\/www.facebook.com\/spiritdustmj\/\" \/>\n<meta property=\"og:image\" content=\"https:\/\/spiritdust.pl\/wp-content\/uploads\/2026\/03\/DSC03314.jpg\" \/>\n\t<meta property=\"og:image:width\" content=\"1920\" \/>\n\t<meta property=\"og:image:height\" content=\"1920\" \/>\n\t<meta property=\"og:image:type\" content=\"image\/jpeg\" \/>\n<meta name=\"twitter:card\" content=\"summary_large_image\" \/>\n<meta name=\"twitter:label1\" content=\"Gesch\u00e4tzte Lesezeit\" \/>\n\t<meta name=\"twitter:data1\" content=\"1\u00a0Minute\" \/>\n<script type=\"application\/ld+json\" class=\"yoast-schema-graph\">{\"@context\":\"https:\\\/\\\/schema.org\",\"@graph\":[{\"@type\":\"WebPage\",\"@id\":\"https:\\\/\\\/spiritdust.pl\\\/de\\\/produkt\\\/silberne-halskette-mit-labradorit-und-feder\\\/\",\"url\":\"https:\\\/\\\/spiritdust.pl\\\/de\\\/produkt\\\/silberne-halskette-mit-labradorit-und-feder\\\/\",\"name\":\"Silberne Halskette mit Labradorit und Feder - Spirit Dust\",\"isPartOf\":{\"@id\":\"https:\\\/\\\/green-chough-870564.hostingersite.com\\\/#website\"},\"primaryImageOfPage\":{\"@id\":\"https:\\\/\\\/spiritdust.pl\\\/de\\\/produkt\\\/silberne-halskette-mit-labradorit-und-feder\\\/#primaryimage\"},\"image\":{\"@id\":\"https:\\\/\\\/spiritdust.pl\\\/de\\\/produkt\\\/silberne-halskette-mit-labradorit-und-feder\\\/#primaryimage\"},\"thumbnailUrl\":\"https:\\\/\\\/spiritdust.pl\\\/wp-content\\\/uploads\\\/2026\\\/03\\\/DSC03314.jpg\",\"datePublished\":\"2026-03-13T16:21:19+00:00\",\"description\":\"Silberne Halskette mit nat\u00fcrlichem Labradorit und zarter Feder. Handgefertigt in Sterlingsilber, der schlanke Stein ca. 25 \u00d7 10 mm.\",\"breadcrumb\":{\"@id\":\"https:\\\/\\\/spiritdust.pl\\\/de\\\/produkt\\\/silberne-halskette-mit-labradorit-und-feder\\\/#breadcrumb\"},\"inLanguage\":\"de\",\"potentialAction\":[{\"@type\":\"ReadAction\",\"target\":[\"https:\\\/\\\/spiritdust.pl\\\/de\\\/produkt\\\/silberne-halskette-mit-labradorit-und-feder\\\/\"]}]},{\"@type\":\"ImageObject\",\"inLanguage\":\"de\",\"@id\":\"https:\\\/\\\/spiritdust.pl\\\/de\\\/produkt\\\/silberne-halskette-mit-labradorit-und-feder\\\/#primaryimage\",\"url\":\"https:\\\/\\\/spiritdust.pl\\\/wp-content\\\/uploads\\\/2026\\\/03\\\/DSC03314.jpg\",\"contentUrl\":\"https:\\\/\\\/spiritdust.pl\\\/wp-content\\\/uploads\\\/2026\\\/03\\\/DSC03314.jpg\",\"width\":1920,\"height\":1920},{\"@type\":\"BreadcrumbList\",\"@id\":\"https:\\\/\\\/spiritdust.pl\\\/de\\\/produkt\\\/silberne-halskette-mit-labradorit-und-feder\\\/#breadcrumb\",\"itemListElement\":[{\"@type\":\"ListItem\",\"position\":1,\"name\":\"Strona g\u0142\u00f3wna\",\"item\":\"https:\\\/\\\/spiritdust.pl\\\/de\\\/spirit-dust-schmuck-aus-kupfer-silber-und-natursteinen\\\/\"},{\"@type\":\"ListItem\",\"position\":2,\"name\":\"Shop\",\"item\":\"https:\\\/\\\/green-chough-870564.hostingersite.com\\\/shop\\\/\"},{\"@type\":\"ListItem\",\"position\":3,\"name\":\"Silberne Halskette mit Labradorit und Feder\"}]},{\"@type\":\"WebSite\",\"@id\":\"https:\\\/\\\/green-chough-870564.hostingersite.com\\\/#website\",\"url\":\"https:\\\/\\\/green-chough-870564.hostingersite.com\\\/\",\"name\":\"Spirit Dust\",\"description\":\"Bi\u017cuteria z Miedzi, Srebra i Kamieni Naturalnych\",\"publisher\":{\"@id\":\"https:\\\/\\\/green-chough-870564.hostingersite.com\\\/#organization\"},\"potentialAction\":[{\"@type\":\"SearchAction\",\"target\":{\"@type\":\"EntryPoint\",\"urlTemplate\":\"https:\\\/\\\/green-chough-870564.hostingersite.com\\\/?s={search_term_string}\"},\"query-input\":{\"@type\":\"PropertyValueSpecification\",\"valueRequired\":true,\"valueName\":\"search_term_string\"}}],\"inLanguage\":\"de\"},{\"@type\":\"Organization\",\"@id\":\"https:\\\/\\\/green-chough-870564.hostingersite.com\\\/#organization\",\"name\":\"Geisterstaub\",\"url\":\"https:\\\/\\\/green-chough-870564.hostingersite.com\\\/\",\"logo\":{\"@type\":\"ImageObject\",\"inLanguage\":\"de\",\"@id\":\"https:\\\/\\\/green-chough-870564.hostingersite.com\\\/#\\\/schema\\\/logo\\\/image\\\/\",\"url\":\"https:\\\/\\\/spiritdust.pl\\\/wp-content\\\/uploads\\\/2026\\\/01\\\/logo-sd.png\",\"contentUrl\":\"https:\\\/\\\/spiritdust.pl\\\/wp-content\\\/uploads\\\/2026\\\/01\\\/logo-sd.png\",\"width\":251,\"height\":368,\"caption\":\"Geisterstaub\"},\"image\":{\"@id\":\"https:\\\/\\\/green-chough-870564.hostingersite.com\\\/#\\\/schema\\\/logo\\\/image\\\/\"},\"sameAs\":[\"https:\\\/\\\/www.facebook.com\\\/spiritdustmj\\\/\",\"https:\\\/\\\/instagram.com\\\/spirit__dust\"]}]}<\/script>\n<!-- \/ Yoast SEO plugin. -->","yoast_head_json":{"title":"Silberne Halskette mit Labradorit und Feder - Spirit Dust","description":"Silberne Halskette mit nat\u00fcrlichem Labradorit und zarter Feder. Handgefertigt in Sterlingsilber, der schlanke Stein ca. 25 \u00d7 10 mm.","robots":{"index":"index","follow":"follow","max-snippet":"max-snippet:-1","max-image-preview":"max-image-preview:large","max-video-preview":"max-video-preview:-1"},"canonical":"https:\/\/spiritdust.pl\/de\/produkt\/silberne-halskette-mit-labradorit-und-feder\/","og_locale":"de_DE","og_type":"article","og_title":"Silberne Halskette mit Labradorit und Feder - Spirit Dust","og_description":"Silberne Halskette mit nat\u00fcrlichem Labradorit und zarter Feder. Handgefertigt in Sterlingsilber, der schlanke Stein ca. 25 \u00d7 10 mm.","og_url":"https:\/\/spiritdust.pl\/de\/produkt\/silberne-halskette-mit-labradorit-und-feder\/","og_site_name":"Spirit Dust","article_publisher":"https:\/\/www.facebook.com\/spiritdustmj\/","og_image":[{"width":1920,"height":1920,"url":"https:\/\/spiritdust.pl\/wp-content\/uploads\/2026\/03\/DSC03314.jpg","type":"image\/jpeg"}],"twitter_card":"summary_large_image","twitter_misc":{"Gesch\u00e4tzte Lesezeit":"1\u00a0Minute"},"schema":{"@context":"https:\/\/schema.org","@graph":[{"@type":"WebPage","@id":"https:\/\/spiritdust.pl\/de\/produkt\/silberne-halskette-mit-labradorit-und-feder\/","url":"https:\/\/spiritdust.pl\/de\/produkt\/silberne-halskette-mit-labradorit-und-feder\/","name":"Silberne Halskette mit Labradorit und Feder - Spirit Dust","isPartOf":{"@id":"https:\/\/green-chough-870564.hostingersite.com\/#website"},"primaryImageOfPage":{"@id":"https:\/\/spiritdust.pl\/de\/produkt\/silberne-halskette-mit-labradorit-und-feder\/#primaryimage"},"image":{"@id":"https:\/\/spiritdust.pl\/de\/produkt\/silberne-halskette-mit-labradorit-und-feder\/#primaryimage"},"thumbnailUrl":"https:\/\/spiritdust.pl\/wp-content\/uploads\/2026\/03\/DSC03314.jpg","datePublished":"2026-03-13T16:21:19+00:00","description":"Silberne Halskette mit nat\u00fcrlichem Labradorit und zarter Feder. Handgefertigt in Sterlingsilber, der schlanke Stein ca. 25 \u00d7 10 mm.","breadcrumb":{"@id":"https:\/\/spiritdust.pl\/de\/produkt\/silberne-halskette-mit-labradorit-und-feder\/#breadcrumb"},"inLanguage":"de","potentialAction":[{"@type":"ReadAction","target":["https:\/\/spiritdust.pl\/de\/produkt\/silberne-halskette-mit-labradorit-und-feder\/"]}]},{"@type":"ImageObject","inLanguage":"de","@id":"https:\/\/spiritdust.pl\/de\/produkt\/silberne-halskette-mit-labradorit-und-feder\/#primaryimage","url":"https:\/\/spiritdust.pl\/wp-content\/uploads\/2026\/03\/DSC03314.jpg","contentUrl":"https:\/\/spiritdust.pl\/wp-content\/uploads\/2026\/03\/DSC03314.jpg","width":1920,"height":1920},{"@type":"BreadcrumbList","@id":"https:\/\/spiritdust.pl\/de\/produkt\/silberne-halskette-mit-labradorit-und-feder\/#breadcrumb","itemListElement":[{"@type":"ListItem","position":1,"name":"Strona g\u0142\u00f3wna","item":"https:\/\/spiritdust.pl\/de\/spirit-dust-schmuck-aus-kupfer-silber-und-natursteinen\/"},{"@type":"ListItem","position":2,"name":"Shop","item":"https:\/\/green-chough-870564.hostingersite.com\/shop\/"},{"@type":"ListItem","position":3,"name":"Silberne Halskette mit Labradorit und Feder"}]},{"@type":"WebSite","@id":"https:\/\/green-chough-870564.hostingersite.com\/#website","url":"https:\/\/green-chough-870564.hostingersite.com\/","name":"Spirit Dust","description":"Bi\u017cuteria z Miedzi, Srebra i Kamieni Naturalnych","publisher":{"@id":"https:\/\/green-chough-870564.hostingersite.com\/#organization"},"potentialAction":[{"@type":"SearchAction","target":{"@type":"EntryPoint","urlTemplate":"https:\/\/green-chough-870564.hostingersite.com\/?s={search_term_string}"},"query-input":{"@type":"PropertyValueSpecification","valueRequired":true,"valueName":"search_term_string"}}],"inLanguage":"de"},{"@type":"Organization","@id":"https:\/\/green-chough-870564.hostingersite.com\/#organization","name":"Geisterstaub","url":"https:\/\/green-chough-870564.hostingersite.com\/","logo":{"@type":"ImageObject","inLanguage":"de","@id":"https:\/\/green-chough-870564.hostingersite.com\/#\/schema\/logo\/image\/","url":"https:\/\/spiritdust.pl\/wp-content\/uploads\/2026\/01\/logo-sd.png","contentUrl":"https:\/\/spiritdust.pl\/wp-content\/uploads\/2026\/01\/logo-sd.png","width":251,"height":368,"caption":"Geisterstaub"},"image":{"@id":"https:\/\/green-chough-870564.hostingersite.com\/#\/schema\/logo\/image\/"},"sameAs":["https:\/\/www.facebook.com\/spiritdustmj\/","https:\/\/instagram.com\/spirit__dust"]}]}},"_links":{"self":[{"href":"https:\/\/spiritdust.pl\/de\/wp-json\/wp\/v2\/product\/6207","targetHints":{"allow":["GET"]}}],"collection":[{"href":"https:\/\/spiritdust.pl\/de\/wp-json\/wp\/v2\/product"}],"about":[{"href":"https:\/\/spiritdust.pl\/de\/wp-json\/wp\/v2\/types\/product"}],"version-history":[{"count":0,"href":"https:\/\/spiritdust.pl\/de\/wp-json\/wp\/v2\/product\/6207\/revisions"}],"wp:featuredmedia":[{"embeddable":true,"href":"https:\/\/spiritdust.pl\/de\/wp-json\/wp\/v2\/media\/6210"}],"wp:attachment":[{"href":"https:\/\/spiritdust.pl\/de\/wp-json\/wp\/v2\/media?parent=6207"}],"wp:term":[{"taxonomy":"product_brand","embeddable":true,"href":"https:\/\/spiritdust.pl\/de\/wp-json\/wp\/v2\/product_brand?post=6207"},{"taxonomy":"product_cat","embeddable":true,"href":"https:\/\/spiritdust.pl\/de\/wp-json\/wp\/v2\/product_cat?post=6207"},{"taxonomy":"product_tag","embeddable":true,"href":"https:\/\/spiritdust.pl\/de\/wp-json\/wp\/v2\/product_tag?post=6207"}],"curies":[{"name":"wp","href":"https:\/\/api.w.org\/{rel}","templated":true}]}}