{"id":6208,"date":"2026-03-13T16:33:57","date_gmt":"2026-03-13T16:33:57","guid":{"rendered":"https:\/\/spiritdust.pl\/produkt\/silberne-halskette-mit-weissen-muscheln-und-federn\/"},"modified":"2026-03-13T16:33:57","modified_gmt":"2026-03-13T16:33:57","slug":"silberne-halskette-mit-weissen-muscheln-und-federn","status":"publish","type":"product","link":"https:\/\/spiritdust.pl\/de\/produkt\/silberne-halskette-mit-weissen-muscheln-und-federn\/","title":{"rendered":"Silberne Halskette mit wei\u00dfen Muscheln und Federn"},"content":{"rendered":"<div class=\"flex flex-col text-sm pb-25\">\n<article class=\"text-token-text-primary w-full focus:outline-none [--shadow-height:45px] has-data-writing-block:pointer-events-none has-data-writing-block:-mt-(--shadow-height) has-data-writing-block:pt-(--shadow-height) [&amp;:has([data-writing-block])&gt;*]:pointer-events-auto scroll-mt-[calc(var(--header-height)+min(200px,max(70px,20svh)))]\" dir=\"auto\" data-turn-id=\"request-WEB:1b685ffd-8158-4272-8e74-f0caac329a3b-5\" data-testid=\"conversation-turn-12\" data-scroll-anchor=\"true\" data-turn=\"assistant\">\n<div class=\"text-base my-auto mx-auto pb-10 [--thread-content-margin:var(--thread-content-margin-xs,calc(var(--spacing)*4))] @w-sm\/main:[--thread-content-margin:var(--thread-content-margin-sm,calc(var(--spacing)*6))] @w-lg\/main:[--thread-content-margin:var(--thread-content-margin-lg,calc(var(--spacing)*16))] px-(--thread-content-margin)\">\n<div class=\"[--thread-content-max-width:40rem] @w-lg\/main:[--thread-content-max-width:48rem] mx-auto max-w-(--thread-content-max-width) flex-1 group\/turn-messages focus-visible:outline-hidden relative flex w-full min-w-0 flex-col agent-turn\">\n<div class=\"flex max-w-full flex-col gap-4 grow\">\n<div class=\"min-h-8 text-message relative flex w-full flex-col items-end gap-2 text-start break-words whitespace-normal [.text-message+&amp;]:mt-1\" dir=\"auto\" data-message-author-role=\"assistant\" data-message-id=\"7bb4dbac-ca14-49a1-9c6c-a599dae450a8\" data-message-model-slug=\"gpt-5-3\">\n<div class=\"flex w-full flex-col gap-1 empty:hidden\">\n<div class=\"streaming-animation markdown prose dark:prose-invert w-full wrap-break-word dark markdown-new-styling\">\n<p data-start=\"98\" data-end=\"379\">Diese wei\u00dfe Muschel- und Feder-Halskette aus Sterlingsilber hat eine ruhige, nat\u00fcrliche Ausstrahlung. In der Mitte befindet sich ein heller Stein aus Perlmutt, der inneren Schicht der Muschel. Seine Oberfl\u00e4che reflektiert das Licht sanft und subtil, so dass ein zarter, perlenartiger Schimmer entsteht.  <\/p>\n<p data-start=\"381\" data-end=\"662\">Je nach Lichteinfall kann der Stein eher milchig wei\u00df oder leicht cremig erscheinen. Die nat\u00fcrliche Struktur des Perlmutts bewirkt, dass das Licht in die Mitte des Steins gestreut wird. Daher ist die Oberfl\u00e4che nie ganz gleichm\u00e4\u00dfig und weist immer feine Glanzunterschiede auf.  <\/p>\n<p data-start=\"664\" data-end=\"773\">So bleibt die silberne Halskette mit wei\u00dfer Muschel und Feder ein Schmuckst\u00fcck mit einer ruhigen, nat\u00fcrlichen \u00c4sthetik.<\/p>\n<hr data-start=\"775\" data-end=\"778\">\n<h2 data-section-id=\"1w9lfi\" data-start=\"780\" data-end=\"806\">Handgebunden in Silber<\/h2>\n<p data-start=\"808\" data-end=\"1002\">Ich habe die Muschel von Hand in <strong data-start=\"835\" data-end=\"855\">Sterlingsilber<\/strong> gefasst und mit einem dekorativen Rahmen aus kleinen Silberperlen um den Stein herum versehen. Dieses Detail unterstreicht die Form und verleiht dem ganzen St\u00fcck eine zarte Textur.  <\/p>\n<p data-start=\"1004\" data-end=\"1244\">An den Seiten des Anh\u00e4ngers habe ich kleine Silberkugeln angebracht, die die Komposition ausgleichen. Am unteren Ende befindet sich ein kleiner Anh\u00e4nger in Form einer <strong data-start=\"1133\" data-end=\"1153\">silbernen Feder<\/strong>. Dieses Element verleiht der Kette Leichtigkeit und eine subtile Bewegung, wenn sie sich an der Kette bewegt.  <\/p>\n<p data-start=\"1246\" data-end=\"1380\">Ich habe die R\u00fcckseite des Anh\u00e4ngers von Hand bearbeitet und mit einem zarten Blumenmuster verziert. So bleibt der Schmuck auf allen Seiten poliert. <\/p>\n<hr data-start=\"1382\" data-end=\"1385\">\n<h2 data-section-id=\"1p2kbh5\" data-start=\"1387\" data-end=\"1412\">Nat\u00fcrliches Perlmutt<\/h2>\n<p data-start=\"1414\" data-end=\"1620\">Eine Schale ist das kalkhaltige Au\u00dfenskelett eines Weichtieres. Im Inneren befindet sich <strong data-start=\"1491\" data-end=\"1507\">Perlmutt<\/strong>, eine Schicht mit einem charakteristischen, zarten Glanz. Sie ist f\u00fcr die subtile Reflexion des Lichts verantwortlich.  <\/p>\n<p data-start=\"1622\" data-end=\"1806\">Das Material f\u00fcr diese Halskette stammt von der Art <strong data-start=\"1680\" data-end=\"1699\">Pinctada Maxima<\/strong>, die f\u00fcr ihre hohe Qualit\u00e4t an Perlmutt bekannt ist. Der Stein hat seine nat\u00fcrliche Textur behalten und wurde nicht nachbearbeitet. <\/p>\n<p data-start=\"1808\" data-end=\"1937\">Deshalb hat jede <strong data-start=\"1822\" data-end=\"1869\">Silberkette mit wei\u00dfer Muschel und Feder<\/strong> eine leicht unterschiedliche Oberfl\u00e4chengestaltung und bleibt ein Einzelst\u00fcck.<\/p>\n<hr data-start=\"1939\" data-end=\"1942\">\n<h2 data-section-id=\"124acx0\" data-start=\"1944\" data-end=\"1978\">Eine zarte Halskette f\u00fcr den Alltag<\/h2>\n<p data-start=\"1980\" data-end=\"2212\">Der Stein misst etwa <strong data-start=\"2004\" data-end=\"2022\">12,4 \u00d7 12,4 mm<\/strong>, so dass der Anh\u00e4nger klein und bequem zu tragen ist. Die helle Farbe der Muschel harmoniert gut mit dem Silber und macht die Halskette sowohl f\u00fcr helle als auch f\u00fcr dunklere Stile geeignet. <\/p>\n<p data-start=\"2214\" data-end=\"2314\">Ich habe ihn an eine zarte Kette aus Sterlingsilber geh\u00e4ngt, die die Form des Anh\u00e4ngers dezent unterstreicht.<\/p>\n<p data-start=\"2316\" data-end=\"2442\">Jede <strong data-start=\"2322\" data-end=\"2369\">Sterlingsilber-Halskette mit einer wei\u00dfen Muschel und einer Feder<\/strong> wird in meinem Atelier von Hand gefertigt und existiert nur in einem St\u00fcck.<\/p>\n<hr data-start=\"2444\" data-end=\"2447\">\n<h2 data-section-id=\"1yopmz4\" data-start=\"2449\" data-end=\"2471\">Ma\u00dfe und Materialien<\/h2>\n<p data-start=\"2473\" data-end=\"2668\">Stein: nat\u00fcrliche Muschel (Perlmutt)<br data-start=\"2512\" data-end=\"2515\">Material: Sterlingsilber<br data-start=\"2541\" data-end=\"2544\">Steinma\u00dfe: ca. 12,4 \u00d7 12,4 mm<br data-start=\"2584\" data-end=\"2587\">Schliff: konvexe Platte<br data-start=\"2608\" data-end=\"2611\">Herkunft des Materials: Indonesien<br data-start=\"2643\" data-end=\"2646\">Exemplar: einzeln <\/p>\n<p data-start=\"2221\" data-end=\"2376\">Sehen Sie auch andere <a style=\"background-color: #ffffff\" href=\"https:\/\/spiritdust.pl\/de\/kategorien\/schmuck\/silberschmuck\/silberketten\/?v=288404204e3d\" target=\"_blank\" rel=\"noopener\">Silberketten mit nat\u00fcrlichen Steinen<\/a>.<\/p>\n<\/div>\n<\/div>\n<\/div>\n<\/div>\n<\/div>\n<\/div>\n<\/article>\n<\/div>\n","protected":false},"excerpt":{"rendered":"<div class=\"text-base my-auto mx-auto [--thread-content-margin:var(--thread-content-margin-xs,calc(var(--spacing)*4))] @w-sm\/main:[--thread-content-margin:var(--thread-content-margin-sm,calc(var(--spacing)*6))] @w-lg\/main:[--thread-content-margin:var(--thread-content-margin-lg,calc(var(--spacing)*16))] px-(--thread-content-margin)\">\n<div class=\"[--thread-content-max-width:40rem] @w-lg\/main:[--thread-content-max-width:48rem] mx-auto max-w-(--thread-content-max-width) flex-1 group\/turn-messages focus-visible:outline-hidden relative flex w-full min-w-0 flex-col agent-turn\">\n<div class=\"flex max-w-full flex-col gap-4 grow\">\n<div class=\"min-h-8 text-message relative flex w-full flex-col items-end gap-2 text-start break-words whitespace-normal [.text-message+&amp;]:mt-1\" dir=\"auto\" data-message-author-role=\"assistant\" data-message-id=\"8fe3b1df-f5f7-4158-95a2-0c591d5b8b0e\" data-message-model-slug=\"gpt-5-3\">\n<div class=\"flex w-full flex-col gap-1 empty:hidden\">\n<div class=\"markdown prose dark:prose-invert w-full wrap-break-word dark markdown-new-styling\">\n<div class=\"flex flex-col text-sm pb-25\">\n<article class=\"text-token-text-primary w-full focus:outline-none [--shadow-height:45px] has-data-writing-block:pointer-events-none has-data-writing-block:-mt-(--shadow-height) has-data-writing-block:pt-(--shadow-height) [&amp;:has([data-writing-block])&gt;*]:pointer-events-auto scroll-mt-[calc(var(--header-height)+min(200px,max(70px,20svh)))]\" dir=\"auto\" data-turn-id=\"request-WEB:1b685ffd-8158-4272-8e74-f0caac329a3b-8\" data-testid=\"conversation-turn-18\" data-scroll-anchor=\"true\" data-turn=\"assistant\">\n<div class=\"text-base my-auto mx-auto pb-10 [--thread-content-margin:var(--thread-content-margin-xs,calc(var(--spacing)*4))] @w-sm\/main:[--thread-content-margin:var(--thread-content-margin-sm,calc(var(--spacing)*6))] @w-lg\/main:[--thread-content-margin:var(--thread-content-margin-lg,calc(var(--spacing)*16))] px-(--thread-content-margin)\">\n<div class=\"[--thread-content-max-width:40rem] @w-lg\/main:[--thread-content-max-width:48rem] mx-auto max-w-(--thread-content-max-width) flex-1 group\/turn-messages focus-visible:outline-hidden relative flex w-full min-w-0 flex-col agent-turn\">\n<div class=\"flex max-w-full flex-col gap-4 grow\">\n<div class=\"min-h-8 text-message relative flex w-full flex-col items-end gap-2 text-start break-words whitespace-normal [.text-message+&amp;]:mt-1\" dir=\"auto\" data-message-author-role=\"assistant\" data-message-id=\"f1ba1412-b3d8-491a-b1dd-6424c0bfd573\" data-message-model-slug=\"gpt-5-3\">\n<div class=\"flex w-full flex-col gap-1 empty:hidden\">\n<div class=\"markdown prose dark:prose-invert w-full wrap-break-word dark markdown-new-styling\">\n<div class=\"text-base my-auto mx-auto [--thread-content-margin:var(--thread-content-margin-xs,calc(var(--spacing)*4))] @w-sm\/main:[--thread-content-margin:var(--thread-content-margin-sm,calc(var(--spacing)*6))] @w-lg\/main:[--thread-content-margin:var(--thread-content-margin-lg,calc(var(--spacing)*16))] px-(--thread-content-margin)\">\n<div class=\"[--thread-content-max-width:40rem] @w-lg\/main:[--thread-content-max-width:48rem] mx-auto max-w-(--thread-content-max-width) flex-1 group\/turn-messages focus-visible:outline-hidden relative flex w-full min-w-0 flex-col agent-turn\">\n<div class=\"flex max-w-full flex-col gap-4 grow\">\n<div class=\"min-h-8 text-message relative flex w-full flex-col items-end gap-2 text-start break-words whitespace-normal [.text-message+&amp;]:mt-1\" dir=\"auto\" data-message-author-role=\"assistant\" data-message-id=\"a43ea2f5-dc9c-43cb-82e3-d8d376782f27\" data-message-model-slug=\"gpt-5-3\">\n<div class=\"flex w-full flex-col gap-1 empty:hidden\">\n<div class=\"markdown prose dark:prose-invert w-full wrap-break-word dark markdown-new-styling\">\n<p data-start=\"2850\" data-end=\"3015\">Eine zarte Halskette aus Sterlingsilber mit einer nat\u00fcrlichen wei\u00dfen Muschel, die in Sterlingsilber gefasst ist, und einer kleinen Feder. Der Stein ist ca. 12,4 \u00d7 12,4 mm gro\u00df und hat einen dezenten Perlmuttglanz.  <\/p>\n<\/div>\n<\/div>\n<\/div>\n<\/div>\n<\/div>\n<\/div>\n<p data-start=\"2514\" data-end=\"2764\" data-is-last-node=\"\" data-is-only-node=\"\">Ich verpacke den Schmuck sorgf\u00e4ltig in einer dekorativen Schachtel, sodass er sofort als Geschenk bereit ist.<\/p>\n<\/div>\n<\/div>\n<\/div>\n<\/div>\n<\/div>\n<\/div>\n<\/article>\n<\/div>\n<\/div>\n<\/div>\n<\/div>\n<\/div>\n<\/div>\n<\/div>\n","protected":false},"featured_media":6127,"template":"","meta":{"inline_featured_image":false},"product_brand":[],"product_cat":[167,256],"product_tag":[199,387],"class_list":{"0":"post-6208","1":"product","2":"type-product","3":"status-publish","4":"has-post-thumbnail","6":"product_cat-schmuck","7":"product_cat-silberketten","8":"product_tag-silber","9":"product_tag-weise-muschel-2","11":"first","12":"instock","13":"taxable","14":"shipping-taxable","15":"purchasable","16":"product-type-simple"},"yoast_head":"<!-- This site is optimized with the Yoast SEO plugin v27.5 - https:\/\/yoast.com\/product\/yoast-seo-wordpress\/ -->\n<title>Silberne Halskette mit wei\u00dfen Muscheln und Federn - Spirit Dust<\/title>\n<meta name=\"description\" content=\"Silberne Halskette mit wei\u00dfer Muschel und Feder, handgefertigt aus Sterlingsilber. Nat\u00fcrliches Perlmutt misst etwa 12,4 \u00d7 12,4 mm.\" \/>\n<meta name=\"robots\" content=\"index, follow, max-snippet:-1, max-image-preview:large, max-video-preview:-1\" \/>\n<link rel=\"canonical\" href=\"https:\/\/spiritdust.pl\/de\/produkt\/silberne-halskette-mit-weissen-muscheln-und-federn\/\" \/>\n<meta property=\"og:locale\" content=\"de_DE\" \/>\n<meta property=\"og:type\" content=\"article\" \/>\n<meta property=\"og:title\" content=\"Silberne Halskette mit wei\u00dfen Muscheln und Federn - Spirit Dust\" \/>\n<meta property=\"og:description\" content=\"Silberne Halskette mit wei\u00dfer Muschel und Feder, handgefertigt aus Sterlingsilber. Nat\u00fcrliches Perlmutt misst etwa 12,4 \u00d7 12,4 mm.\" \/>\n<meta property=\"og:url\" content=\"https:\/\/spiritdust.pl\/de\/produkt\/silberne-halskette-mit-weissen-muscheln-und-federn\/\" \/>\n<meta property=\"og:site_name\" content=\"Spirit Dust\" \/>\n<meta property=\"article:publisher\" content=\"https:\/\/www.facebook.com\/spiritdustmj\/\" \/>\n<meta property=\"og:image\" content=\"https:\/\/spiritdust.pl\/wp-content\/uploads\/2026\/03\/DSC03378.jpg\" \/>\n\t<meta property=\"og:image:width\" content=\"1920\" \/>\n\t<meta property=\"og:image:height\" content=\"1920\" \/>\n\t<meta property=\"og:image:type\" content=\"image\/jpeg\" \/>\n<meta name=\"twitter:card\" content=\"summary_large_image\" \/>\n<meta name=\"twitter:label1\" content=\"Gesch\u00e4tzte Lesezeit\" \/>\n\t<meta name=\"twitter:data1\" content=\"2\u00a0Minuten\" \/>\n<script type=\"application\/ld+json\" class=\"yoast-schema-graph\">{\"@context\":\"https:\\\/\\\/schema.org\",\"@graph\":[{\"@type\":\"WebPage\",\"@id\":\"https:\\\/\\\/spiritdust.pl\\\/de\\\/produkt\\\/silberne-halskette-mit-weissen-muscheln-und-federn\\\/\",\"url\":\"https:\\\/\\\/spiritdust.pl\\\/de\\\/produkt\\\/silberne-halskette-mit-weissen-muscheln-und-federn\\\/\",\"name\":\"Silberne Halskette mit wei\u00dfen Muscheln und Federn - Spirit Dust\",\"isPartOf\":{\"@id\":\"https:\\\/\\\/green-chough-870564.hostingersite.com\\\/#website\"},\"primaryImageOfPage\":{\"@id\":\"https:\\\/\\\/spiritdust.pl\\\/de\\\/produkt\\\/silberne-halskette-mit-weissen-muscheln-und-federn\\\/#primaryimage\"},\"image\":{\"@id\":\"https:\\\/\\\/spiritdust.pl\\\/de\\\/produkt\\\/silberne-halskette-mit-weissen-muscheln-und-federn\\\/#primaryimage\"},\"thumbnailUrl\":\"https:\\\/\\\/spiritdust.pl\\\/wp-content\\\/uploads\\\/2026\\\/03\\\/DSC03378.jpg\",\"datePublished\":\"2026-03-13T16:33:57+00:00\",\"description\":\"Silberne Halskette mit wei\u00dfer Muschel und Feder, handgefertigt aus Sterlingsilber. Nat\u00fcrliches Perlmutt misst etwa 12,4 \u00d7 12,4 mm.\",\"breadcrumb\":{\"@id\":\"https:\\\/\\\/spiritdust.pl\\\/de\\\/produkt\\\/silberne-halskette-mit-weissen-muscheln-und-federn\\\/#breadcrumb\"},\"inLanguage\":\"de\",\"potentialAction\":[{\"@type\":\"ReadAction\",\"target\":[\"https:\\\/\\\/spiritdust.pl\\\/de\\\/produkt\\\/silberne-halskette-mit-weissen-muscheln-und-federn\\\/\"]}]},{\"@type\":\"ImageObject\",\"inLanguage\":\"de\",\"@id\":\"https:\\\/\\\/spiritdust.pl\\\/de\\\/produkt\\\/silberne-halskette-mit-weissen-muscheln-und-federn\\\/#primaryimage\",\"url\":\"https:\\\/\\\/spiritdust.pl\\\/wp-content\\\/uploads\\\/2026\\\/03\\\/DSC03378.jpg\",\"contentUrl\":\"https:\\\/\\\/spiritdust.pl\\\/wp-content\\\/uploads\\\/2026\\\/03\\\/DSC03378.jpg\",\"width\":1920,\"height\":1920},{\"@type\":\"BreadcrumbList\",\"@id\":\"https:\\\/\\\/spiritdust.pl\\\/de\\\/produkt\\\/silberne-halskette-mit-weissen-muscheln-und-federn\\\/#breadcrumb\",\"itemListElement\":[{\"@type\":\"ListItem\",\"position\":1,\"name\":\"Strona g\u0142\u00f3wna\",\"item\":\"https:\\\/\\\/spiritdust.pl\\\/de\\\/spirit-dust-schmuck-aus-kupfer-silber-und-natursteinen\\\/\"},{\"@type\":\"ListItem\",\"position\":2,\"name\":\"Shop\",\"item\":\"https:\\\/\\\/green-chough-870564.hostingersite.com\\\/shop\\\/\"},{\"@type\":\"ListItem\",\"position\":3,\"name\":\"Silberne Halskette mit wei\u00dfen Muscheln und Federn\"}]},{\"@type\":\"WebSite\",\"@id\":\"https:\\\/\\\/green-chough-870564.hostingersite.com\\\/#website\",\"url\":\"https:\\\/\\\/green-chough-870564.hostingersite.com\\\/\",\"name\":\"Spirit Dust\",\"description\":\"Bi\u017cuteria z Miedzi, Srebra i Kamieni Naturalnych\",\"publisher\":{\"@id\":\"https:\\\/\\\/green-chough-870564.hostingersite.com\\\/#organization\"},\"potentialAction\":[{\"@type\":\"SearchAction\",\"target\":{\"@type\":\"EntryPoint\",\"urlTemplate\":\"https:\\\/\\\/green-chough-870564.hostingersite.com\\\/?s={search_term_string}\"},\"query-input\":{\"@type\":\"PropertyValueSpecification\",\"valueRequired\":true,\"valueName\":\"search_term_string\"}}],\"inLanguage\":\"de\"},{\"@type\":\"Organization\",\"@id\":\"https:\\\/\\\/green-chough-870564.hostingersite.com\\\/#organization\",\"name\":\"Geisterstaub\",\"url\":\"https:\\\/\\\/green-chough-870564.hostingersite.com\\\/\",\"logo\":{\"@type\":\"ImageObject\",\"inLanguage\":\"de\",\"@id\":\"https:\\\/\\\/green-chough-870564.hostingersite.com\\\/#\\\/schema\\\/logo\\\/image\\\/\",\"url\":\"https:\\\/\\\/spiritdust.pl\\\/wp-content\\\/uploads\\\/2026\\\/01\\\/logo-sd.png\",\"contentUrl\":\"https:\\\/\\\/spiritdust.pl\\\/wp-content\\\/uploads\\\/2026\\\/01\\\/logo-sd.png\",\"width\":251,\"height\":368,\"caption\":\"Geisterstaub\"},\"image\":{\"@id\":\"https:\\\/\\\/green-chough-870564.hostingersite.com\\\/#\\\/schema\\\/logo\\\/image\\\/\"},\"sameAs\":[\"https:\\\/\\\/www.facebook.com\\\/spiritdustmj\\\/\",\"https:\\\/\\\/instagram.com\\\/spirit__dust\"]}]}<\/script>\n<!-- \/ Yoast SEO plugin. -->","yoast_head_json":{"title":"Silberne Halskette mit wei\u00dfen Muscheln und Federn - Spirit Dust","description":"Silberne Halskette mit wei\u00dfer Muschel und Feder, handgefertigt aus Sterlingsilber. Nat\u00fcrliches Perlmutt misst etwa 12,4 \u00d7 12,4 mm.","robots":{"index":"index","follow":"follow","max-snippet":"max-snippet:-1","max-image-preview":"max-image-preview:large","max-video-preview":"max-video-preview:-1"},"canonical":"https:\/\/spiritdust.pl\/de\/produkt\/silberne-halskette-mit-weissen-muscheln-und-federn\/","og_locale":"de_DE","og_type":"article","og_title":"Silberne Halskette mit wei\u00dfen Muscheln und Federn - Spirit Dust","og_description":"Silberne Halskette mit wei\u00dfer Muschel und Feder, handgefertigt aus Sterlingsilber. Nat\u00fcrliches Perlmutt misst etwa 12,4 \u00d7 12,4 mm.","og_url":"https:\/\/spiritdust.pl\/de\/produkt\/silberne-halskette-mit-weissen-muscheln-und-federn\/","og_site_name":"Spirit Dust","article_publisher":"https:\/\/www.facebook.com\/spiritdustmj\/","og_image":[{"width":1920,"height":1920,"url":"https:\/\/spiritdust.pl\/wp-content\/uploads\/2026\/03\/DSC03378.jpg","type":"image\/jpeg"}],"twitter_card":"summary_large_image","twitter_misc":{"Gesch\u00e4tzte Lesezeit":"2\u00a0Minuten"},"schema":{"@context":"https:\/\/schema.org","@graph":[{"@type":"WebPage","@id":"https:\/\/spiritdust.pl\/de\/produkt\/silberne-halskette-mit-weissen-muscheln-und-federn\/","url":"https:\/\/spiritdust.pl\/de\/produkt\/silberne-halskette-mit-weissen-muscheln-und-federn\/","name":"Silberne Halskette mit wei\u00dfen Muscheln und Federn - Spirit Dust","isPartOf":{"@id":"https:\/\/green-chough-870564.hostingersite.com\/#website"},"primaryImageOfPage":{"@id":"https:\/\/spiritdust.pl\/de\/produkt\/silberne-halskette-mit-weissen-muscheln-und-federn\/#primaryimage"},"image":{"@id":"https:\/\/spiritdust.pl\/de\/produkt\/silberne-halskette-mit-weissen-muscheln-und-federn\/#primaryimage"},"thumbnailUrl":"https:\/\/spiritdust.pl\/wp-content\/uploads\/2026\/03\/DSC03378.jpg","datePublished":"2026-03-13T16:33:57+00:00","description":"Silberne Halskette mit wei\u00dfer Muschel und Feder, handgefertigt aus Sterlingsilber. Nat\u00fcrliches Perlmutt misst etwa 12,4 \u00d7 12,4 mm.","breadcrumb":{"@id":"https:\/\/spiritdust.pl\/de\/produkt\/silberne-halskette-mit-weissen-muscheln-und-federn\/#breadcrumb"},"inLanguage":"de","potentialAction":[{"@type":"ReadAction","target":["https:\/\/spiritdust.pl\/de\/produkt\/silberne-halskette-mit-weissen-muscheln-und-federn\/"]}]},{"@type":"ImageObject","inLanguage":"de","@id":"https:\/\/spiritdust.pl\/de\/produkt\/silberne-halskette-mit-weissen-muscheln-und-federn\/#primaryimage","url":"https:\/\/spiritdust.pl\/wp-content\/uploads\/2026\/03\/DSC03378.jpg","contentUrl":"https:\/\/spiritdust.pl\/wp-content\/uploads\/2026\/03\/DSC03378.jpg","width":1920,"height":1920},{"@type":"BreadcrumbList","@id":"https:\/\/spiritdust.pl\/de\/produkt\/silberne-halskette-mit-weissen-muscheln-und-federn\/#breadcrumb","itemListElement":[{"@type":"ListItem","position":1,"name":"Strona g\u0142\u00f3wna","item":"https:\/\/spiritdust.pl\/de\/spirit-dust-schmuck-aus-kupfer-silber-und-natursteinen\/"},{"@type":"ListItem","position":2,"name":"Shop","item":"https:\/\/green-chough-870564.hostingersite.com\/shop\/"},{"@type":"ListItem","position":3,"name":"Silberne Halskette mit wei\u00dfen Muscheln und Federn"}]},{"@type":"WebSite","@id":"https:\/\/green-chough-870564.hostingersite.com\/#website","url":"https:\/\/green-chough-870564.hostingersite.com\/","name":"Spirit Dust","description":"Bi\u017cuteria z Miedzi, Srebra i Kamieni Naturalnych","publisher":{"@id":"https:\/\/green-chough-870564.hostingersite.com\/#organization"},"potentialAction":[{"@type":"SearchAction","target":{"@type":"EntryPoint","urlTemplate":"https:\/\/green-chough-870564.hostingersite.com\/?s={search_term_string}"},"query-input":{"@type":"PropertyValueSpecification","valueRequired":true,"valueName":"search_term_string"}}],"inLanguage":"de"},{"@type":"Organization","@id":"https:\/\/green-chough-870564.hostingersite.com\/#organization","name":"Geisterstaub","url":"https:\/\/green-chough-870564.hostingersite.com\/","logo":{"@type":"ImageObject","inLanguage":"de","@id":"https:\/\/green-chough-870564.hostingersite.com\/#\/schema\/logo\/image\/","url":"https:\/\/spiritdust.pl\/wp-content\/uploads\/2026\/01\/logo-sd.png","contentUrl":"https:\/\/spiritdust.pl\/wp-content\/uploads\/2026\/01\/logo-sd.png","width":251,"height":368,"caption":"Geisterstaub"},"image":{"@id":"https:\/\/green-chough-870564.hostingersite.com\/#\/schema\/logo\/image\/"},"sameAs":["https:\/\/www.facebook.com\/spiritdustmj\/","https:\/\/instagram.com\/spirit__dust"]}]}},"_links":{"self":[{"href":"https:\/\/spiritdust.pl\/de\/wp-json\/wp\/v2\/product\/6208","targetHints":{"allow":["GET"]}}],"collection":[{"href":"https:\/\/spiritdust.pl\/de\/wp-json\/wp\/v2\/product"}],"about":[{"href":"https:\/\/spiritdust.pl\/de\/wp-json\/wp\/v2\/types\/product"}],"version-history":[{"count":0,"href":"https:\/\/spiritdust.pl\/de\/wp-json\/wp\/v2\/product\/6208\/revisions"}],"wp:featuredmedia":[{"embeddable":true,"href":"https:\/\/spiritdust.pl\/de\/wp-json\/wp\/v2\/media\/6127"}],"wp:attachment":[{"href":"https:\/\/spiritdust.pl\/de\/wp-json\/wp\/v2\/media?parent=6208"}],"wp:term":[{"taxonomy":"product_brand","embeddable":true,"href":"https:\/\/spiritdust.pl\/de\/wp-json\/wp\/v2\/product_brand?post=6208"},{"taxonomy":"product_cat","embeddable":true,"href":"https:\/\/spiritdust.pl\/de\/wp-json\/wp\/v2\/product_cat?post=6208"},{"taxonomy":"product_tag","embeddable":true,"href":"https:\/\/spiritdust.pl\/de\/wp-json\/wp\/v2\/product_tag?post=6208"}],"curies":[{"name":"wp","href":"https:\/\/api.w.org\/{rel}","templated":true}]}}