{"id":6283,"date":"2026-03-28T12:44:14","date_gmt":"2026-03-28T12:44:14","guid":{"rendered":"https:\/\/spiritdust.pl\/?post_type=product&#038;p=6283"},"modified":"2026-04-10T11:28:33","modified_gmt":"2026-04-10T11:28:33","slug":"silberne-mondstein-halskette-mit-subtilem-schillern-kopia","status":"publish","type":"product","link":"https:\/\/spiritdust.pl\/de\/produkt\/silberne-mondstein-halskette-mit-subtilem-schillern-kopia\/","title":{"rendered":"Mondstein-Halskette &#8211; Licht in Bewegung"},"content":{"rendered":"<div class=\"flex flex-col text-sm pb-25\">\n<article class=\"text-token-text-primary w-full focus:outline-none [--shadow-height:45px] has-data-writing-block:pointer-events-none has-data-writing-block:-mt-(--shadow-height) has-data-writing-block:pt-(--shadow-height) [&amp;:has([data-writing-block])&gt;*]:pointer-events-auto scroll-mt-[calc(var(--header-height)+min(200px,max(70px,20svh)))]\" dir=\"auto\" data-turn-id=\"request-WEB:1b685ffd-8158-4272-8e74-f0caac329a3b-5\" data-testid=\"conversation-turn-12\" data-scroll-anchor=\"true\" data-turn=\"assistant\">\n<div class=\"text-base my-auto mx-auto pb-10 [--thread-content-margin:var(--thread-content-margin-xs,calc(var(--spacing)*4))] @w-sm\/main:[--thread-content-margin:var(--thread-content-margin-sm,calc(var(--spacing)*6))] @w-lg\/main:[--thread-content-margin:var(--thread-content-margin-lg,calc(var(--spacing)*16))] px-(--thread-content-margin)\">\n<div class=\"[--thread-content-max-width:40rem] @w-lg\/main:[--thread-content-max-width:48rem] mx-auto max-w-(--thread-content-max-width) flex-1 group\/turn-messages focus-visible:outline-hidden relative flex w-full min-w-0 flex-col agent-turn\">\n<div class=\"flex max-w-full flex-col gap-4 grow\">\n<div class=\"min-h-8 text-message relative flex w-full flex-col items-end gap-2 text-start break-words whitespace-normal [.text-message+&amp;]:mt-1\" dir=\"auto\" data-message-author-role=\"assistant\" data-message-id=\"7bb4dbac-ca14-49a1-9c6c-a599dae450a8\" data-message-model-slug=\"gpt-5-3\">\n<div class=\"flex w-full flex-col gap-1 empty:hidden\">\n<div class=\"streaming-animation markdown prose dark:prose-invert w-full wrap-break-word dark markdown-new-styling\">\n<p data-start=\"378\" data-end=\"577\">Die Mondstein-Halskette Licht in Bewegung ver\u00e4ndert sich mit dem Licht. In einem Moment ist sie k\u00fchl und leicht blau, im n\u00e4chsten f\u00e4ngt sie w\u00e4rmere, rosa Reflexe ein. Es kommt auf den Winkel und den Moment an.<\/p>\n<p data-start=\"579\" data-end=\"817\">Die facettierte Oberfl\u00e4che l\u00e4sst den Stein das Licht st\u00e4rker reflektieren als glatte Formen. Es ist jedoch kein starkes Aufblitzen, sondern eher etwas Subtiles. Der Effekt ist nur bei Bewegung zu sehen, wenn das Licht \u00fcber die Oberfl\u00e4che des Steins &#8222;gleitet\u201e.<\/p>\n<p data-start=\"819\" data-end=\"1039\">Die Fassung habe ich von Hand aus Silber gefertigt. Sie hat eine leicht organische Form und kleine Kugeln an der Unterseite. Dieses Detail verleiht ihm Charakter, dominiert aber nicht das Ganze. Die Form ist nicht perfekt gleichm\u00e4\u00dfig und das l\u00e4sst sie nat\u00fcrlicher aussehen.<\/p>\n<p data-start=\"1041\" data-end=\"1250\">Diese Mondstein-Halskette eignet sich gut f\u00fcr den Alltag. Sie passt gut zu schlichten Outfits, geht aber auch bei auff\u00e4lligeren Stylings nicht verloren. Du kannst sie solo tragen oder mit anderen Ketten kombinieren.<\/p>\n<p data-start=\"1252\" data-end=\"1354\">Jedes St\u00fcck ist etwas anders. Es unterscheidet sich im Licht, in den Farb\u00fcberg\u00e4ngen und darin, wie es auf Bewegung reagiert.<\/p>\n<hr data-start=\"1356\" data-end=\"1359\" \/>\n<h3 data-section-id=\"mo7uo6\" data-start=\"1361\" data-end=\"1388\"><span role=\"text\"><strong data-start=\"1365\" data-end=\"1386\">Mondstein<\/strong><\/span><\/h3>\n<p data-start=\"1389\" data-end=\"1531\">Mondstein wird mit Gelassenheit und Intuition in Verbindung gebracht. Er wird oft von denjenigen gew\u00e4hlt, die einen sanften, wechselnden Effekt statt eines starken Blitzes m\u00f6gen.<\/p>\n<hr data-start=\"1533\" data-end=\"1536\" \/>\n<h3 data-section-id=\"16mu38h\" data-start=\"1538\" data-end=\"1594\"><span role=\"text\"><strong data-start=\"1542\" data-end=\"1592\">Warum diese Mondstein-Halskette<\/strong><\/span><\/h3>\n<p data-start=\"1595\" data-end=\"1759\">Es ist eine gute Wahl, wenn du etwas Einfaches suchst, das nicht auff\u00e4llt. Er \u00fcberw\u00e4ltigt nicht, aber er ist auch nicht &#8222;flach\u201e. Das Licht und die Art und Weise, wie der Stein wirkt, machen hier viel aus.<\/p>\n<hr data-start=\"1761\" data-end=\"1764\" \/>\n<h3 data-section-id=\"1g6t877\" data-start=\"1766\" data-end=\"1784\"><span role=\"text\"><strong data-start=\"1770\" data-end=\"1782\">F\u00fcr wen<\/strong><\/span><\/h3>\n<ul>\n<li data-start=\"1785\" data-end=\"1930\">F\u00fcr jemanden, der einfache Dinge mit Charakter mag<\/li>\n<li data-start=\"1785\" data-end=\"1930\">F\u00fcr die Person, die auf Details und Licht achtet<\/li>\n<li data-start=\"1785\" data-end=\"1930\">F\u00fcr jemanden, der keinen massenproduzierten Schmuck will<\/li>\n<\/ul>\n<hr data-start=\"1932\" data-end=\"1935\" \/>\n<h3 data-section-id=\"gnmnj1\" data-start=\"1937\" data-end=\"1963\"><span role=\"text\"><strong data-start=\"1941\" data-end=\"1961\">Technische Daten:<\/strong><\/span><\/h3>\n<ul>\n<li data-start=\"1964\" data-end=\"2095\">Material: 925er Silber<\/li>\n<li data-start=\"1964\" data-end=\"2095\">Stein: Mondstein (facettiert)<\/li>\n<li data-start=\"1964\" data-end=\"2095\">Abmessungen des Anh\u00e4ngers mit Krawatte: 34 x 16 mm<\/li>\n<li>Kettenl\u00e4nge: 42 cm + 3 cm Verl\u00e4ngerung<\/li>\n<li data-start=\"1964\" data-end=\"2095\">Ausf\u00fchrung: manuell<\/li>\n<\/ul>\n<p data-start=\"2221\" data-end=\"2376\">Sehen Sie auch andere <a style=\"background-color: #ffffff;\" href=\"https:\/\/spiritdust.pl\/de\/kategorien\/schmuck\/silberschmuck\/silberketten\/?v=288404204e3d\" target=\"_blank\" rel=\"noopener\">Silberketten mit nat\u00fcrlichen Steinen<\/a>.<\/p>\n<\/div>\n<\/div>\n<\/div>\n<\/div>\n<\/div>\n<\/div>\n<\/article>\n<\/div>\n","protected":false},"excerpt":{"rendered":"<div class=\"text-base my-auto mx-auto [--thread-content-margin:var(--thread-content-margin-xs,calc(var(--spacing)*4))] @w-sm\/main:[--thread-content-margin:var(--thread-content-margin-sm,calc(var(--spacing)*6))] @w-lg\/main:[--thread-content-margin:var(--thread-content-margin-lg,calc(var(--spacing)*16))] px-(--thread-content-margin)\">\n<div class=\"[--thread-content-max-width:40rem] @w-lg\/main:[--thread-content-max-width:48rem] mx-auto max-w-(--thread-content-max-width) flex-1 group\/turn-messages focus-visible:outline-hidden relative flex w-full min-w-0 flex-col agent-turn\">\n<div class=\"flex max-w-full flex-col gap-4 grow\">\n<div class=\"min-h-8 text-message relative flex w-full flex-col items-end gap-2 text-start break-words whitespace-normal [.text-message+&amp;]:mt-1\" dir=\"auto\" data-message-author-role=\"assistant\" data-message-id=\"8fe3b1df-f5f7-4158-95a2-0c591d5b8b0e\" data-message-model-slug=\"gpt-5-3\">\n<div class=\"flex w-full flex-col gap-1 empty:hidden\">\n<div class=\"markdown prose dark:prose-invert w-full wrap-break-word dark markdown-new-styling\">\n<div class=\"flex flex-col text-sm pb-25\">\n<article class=\"text-token-text-primary w-full focus:outline-none [--shadow-height:45px] has-data-writing-block:pointer-events-none has-data-writing-block:-mt-(--shadow-height) has-data-writing-block:pt-(--shadow-height) [&amp;:has([data-writing-block])&gt;*]:pointer-events-auto scroll-mt-[calc(var(--header-height)+min(200px,max(70px,20svh)))]\" dir=\"auto\" data-turn-id=\"request-WEB:1b685ffd-8158-4272-8e74-f0caac329a3b-8\" data-testid=\"conversation-turn-18\" data-scroll-anchor=\"true\" data-turn=\"assistant\">\n<div class=\"text-base my-auto mx-auto pb-10 [--thread-content-margin:var(--thread-content-margin-xs,calc(var(--spacing)*4))] @w-sm\/main:[--thread-content-margin:var(--thread-content-margin-sm,calc(var(--spacing)*6))] @w-lg\/main:[--thread-content-margin:var(--thread-content-margin-lg,calc(var(--spacing)*16))] px-(--thread-content-margin)\">\n<div class=\"[--thread-content-max-width:40rem] @w-lg\/main:[--thread-content-max-width:48rem] mx-auto max-w-(--thread-content-max-width) flex-1 group\/turn-messages focus-visible:outline-hidden relative flex w-full min-w-0 flex-col agent-turn\">\n<div class=\"flex max-w-full flex-col gap-4 grow\">\n<div class=\"min-h-8 text-message relative flex w-full flex-col items-end gap-2 text-start break-words whitespace-normal [.text-message+&amp;]:mt-1\" dir=\"auto\" data-message-author-role=\"assistant\" data-message-id=\"f1ba1412-b3d8-491a-b1dd-6424c0bfd573\" data-message-model-slug=\"gpt-5-3\">\n<div class=\"flex w-full flex-col gap-1 empty:hidden\">\n<div class=\"markdown prose dark:prose-invert w-full wrap-break-word dark markdown-new-styling\">\n<p data-start=\"2125\" data-end=\"2212\">Mondstein-Halskette aus Silber, die sich je nach Lichteinfall ver\u00e4ndert.<\/p>\n<p data-start=\"2514\" data-end=\"2764\" data-is-last-node=\"\" data-is-only-node=\"\">Ich verpacke den Schmuck sorgf\u00e4ltig in einer dekorativen Schachtel, sodass er sofort als Geschenk bereit ist.<\/p>\n<\/div>\n<\/div>\n<\/div>\n<\/div>\n<\/div>\n<\/div>\n<\/article>\n<\/div>\n<\/div>\n<\/div>\n<\/div>\n<\/div>\n<\/div>\n<\/div>\n","protected":false},"featured_media":6290,"template":"","meta":{"inline_featured_image":false},"product_brand":[],"product_cat":[167,256],"product_tag":[171,199],"class_list":{"0":"post-6283","1":"product","2":"type-product","3":"status-publish","4":"has-post-thumbnail","6":"product_cat-schmuck","7":"product_cat-silberketten","8":"product_tag-mondstein","9":"product_tag-silber","11":"first","12":"instock","13":"taxable","14":"shipping-taxable","15":"purchasable","16":"product-type-simple"},"yoast_head":"<!-- This site is optimized with the Yoast SEO plugin v27.1.1 - https:\/\/yoast.com\/product\/yoast-seo-wordpress\/ -->\n<title>Mondstein-Halskette - Licht in Bewegung - Spirit Dust<\/title>\n<meta name=\"description\" content=\"Mondstein-Halskette, handgefertigt aus 925er Silber, mit zartem, wechselndem Funkeln und einzigartigem Charakter. Schau sie dir bei Spirit Dust an.\" \/>\n<meta name=\"robots\" content=\"index, follow, max-snippet:-1, max-image-preview:large, max-video-preview:-1\" \/>\n<link rel=\"canonical\" href=\"https:\/\/spiritdust.pl\/de\/produkt\/silberne-mondstein-halskette-mit-subtilem-schillern-kopia\/\" \/>\n<meta property=\"og:locale\" content=\"de_DE\" \/>\n<meta property=\"og:type\" content=\"article\" \/>\n<meta property=\"og:title\" content=\"Mondstein-Halskette - Licht in Bewegung - Spirit Dust\" \/>\n<meta property=\"og:description\" content=\"Mondstein-Halskette, handgefertigt aus 925er Silber, mit zartem, wechselndem Funkeln und einzigartigem Charakter. Schau sie dir bei Spirit Dust an.\" \/>\n<meta property=\"og:url\" content=\"https:\/\/spiritdust.pl\/de\/produkt\/silberne-mondstein-halskette-mit-subtilem-schillern-kopia\/\" \/>\n<meta property=\"og:site_name\" content=\"Spirit Dust\" \/>\n<meta property=\"article:publisher\" content=\"https:\/\/www.facebook.com\/spiritdustmj\/\" \/>\n<meta property=\"article:modified_time\" content=\"2026-04-10T11:28:33+00:00\" \/>\n<meta property=\"og:image\" content=\"https:\/\/spiritdust.pl\/wp-content\/uploads\/2026\/03\/DSC03418-scaled.jpg\" \/>\n\t<meta property=\"og:image:width\" content=\"2560\" \/>\n\t<meta property=\"og:image:height\" content=\"2560\" \/>\n\t<meta property=\"og:image:type\" content=\"image\/jpeg\" \/>\n<meta name=\"twitter:card\" content=\"summary_large_image\" \/>\n<meta name=\"twitter:label1\" content=\"Gesch\u00e4tzte Lesezeit\" \/>\n\t<meta name=\"twitter:data1\" content=\"3\u00a0Minuten\" \/>\n<script type=\"application\/ld+json\" class=\"yoast-schema-graph\">{\"@context\":\"https:\/\/schema.org\",\"@graph\":[{\"@type\":\"WebPage\",\"@id\":\"https:\/\/spiritdust.pl\/de\/produkt\/silberne-mondstein-halskette-mit-subtilem-schillern-kopia\/\",\"url\":\"https:\/\/spiritdust.pl\/de\/produkt\/silberne-mondstein-halskette-mit-subtilem-schillern-kopia\/\",\"name\":\"Mondstein-Halskette - Licht in Bewegung - Spirit Dust\",\"isPartOf\":{\"@id\":\"https:\/\/green-chough-870564.hostingersite.com\/#website\"},\"primaryImageOfPage\":{\"@id\":\"https:\/\/spiritdust.pl\/de\/produkt\/silberne-mondstein-halskette-mit-subtilem-schillern-kopia\/#primaryimage\"},\"image\":{\"@id\":\"https:\/\/spiritdust.pl\/de\/produkt\/silberne-mondstein-halskette-mit-subtilem-schillern-kopia\/#primaryimage\"},\"thumbnailUrl\":\"https:\/\/spiritdust.pl\/wp-content\/uploads\/2026\/03\/DSC03418-scaled.jpg\",\"datePublished\":\"2026-03-28T12:44:14+00:00\",\"dateModified\":\"2026-04-10T11:28:33+00:00\",\"description\":\"Mondstein-Halskette, handgefertigt aus 925er Silber, mit zartem, wechselndem Funkeln und einzigartigem Charakter. Schau sie dir bei Spirit Dust an.\",\"breadcrumb\":{\"@id\":\"https:\/\/spiritdust.pl\/de\/produkt\/silberne-mondstein-halskette-mit-subtilem-schillern-kopia\/#breadcrumb\"},\"inLanguage\":\"de\",\"potentialAction\":[{\"@type\":\"ReadAction\",\"target\":[\"https:\/\/spiritdust.pl\/de\/produkt\/silberne-mondstein-halskette-mit-subtilem-schillern-kopia\/\"]}]},{\"@type\":\"ImageObject\",\"inLanguage\":\"de\",\"@id\":\"https:\/\/spiritdust.pl\/de\/produkt\/silberne-mondstein-halskette-mit-subtilem-schillern-kopia\/#primaryimage\",\"url\":\"https:\/\/spiritdust.pl\/wp-content\/uploads\/2026\/03\/DSC03418-scaled.jpg\",\"contentUrl\":\"https:\/\/spiritdust.pl\/wp-content\/uploads\/2026\/03\/DSC03418-scaled.jpg\",\"width\":2560,\"height\":2560,\"caption\":\"Spirit Dust Mondstein Halskette\"},{\"@type\":\"BreadcrumbList\",\"@id\":\"https:\/\/spiritdust.pl\/de\/produkt\/silberne-mondstein-halskette-mit-subtilem-schillern-kopia\/#breadcrumb\",\"itemListElement\":[{\"@type\":\"ListItem\",\"position\":1,\"name\":\"Strona g\u0142\u00f3wna\",\"item\":\"https:\/\/spiritdust.pl\/de\/\"},{\"@type\":\"ListItem\",\"position\":2,\"name\":\"Shop\",\"item\":\"https:\/\/green-chough-870564.hostingersite.com\/shop\/\"},{\"@type\":\"ListItem\",\"position\":3,\"name\":\"Mondstein-Halskette &#8211; Licht in Bewegung\"}]},{\"@type\":\"WebSite\",\"@id\":\"https:\/\/green-chough-870564.hostingersite.com\/#website\",\"url\":\"https:\/\/green-chough-870564.hostingersite.com\/\",\"name\":\"Spirit Dust\",\"description\":\"Bi\u017cuteria z Miedzi, Srebra i Kamieni Naturalnych\",\"publisher\":{\"@id\":\"https:\/\/green-chough-870564.hostingersite.com\/#organization\"},\"potentialAction\":[{\"@type\":\"SearchAction\",\"target\":{\"@type\":\"EntryPoint\",\"urlTemplate\":\"https:\/\/green-chough-870564.hostingersite.com\/?s={search_term_string}\"},\"query-input\":{\"@type\":\"PropertyValueSpecification\",\"valueRequired\":true,\"valueName\":\"search_term_string\"}}],\"inLanguage\":\"de\"},{\"@type\":\"Organization\",\"@id\":\"https:\/\/green-chough-870564.hostingersite.com\/#organization\",\"name\":\"Geisterstaub\",\"url\":\"https:\/\/green-chough-870564.hostingersite.com\/\",\"logo\":{\"@type\":\"ImageObject\",\"inLanguage\":\"de\",\"@id\":\"https:\/\/green-chough-870564.hostingersite.com\/#\/schema\/logo\/image\/\",\"url\":\"https:\/\/spiritdust.pl\/wp-content\/uploads\/2026\/01\/logo-sd.png\",\"contentUrl\":\"https:\/\/spiritdust.pl\/wp-content\/uploads\/2026\/01\/logo-sd.png\",\"width\":251,\"height\":368,\"caption\":\"Geisterstaub\"},\"image\":{\"@id\":\"https:\/\/green-chough-870564.hostingersite.com\/#\/schema\/logo\/image\/\"},\"sameAs\":[\"https:\/\/www.facebook.com\/spiritdustmj\/\",\"https:\/\/instagram.com\/spirit__dust\"]}]}<\/script>\n<!-- \/ Yoast SEO plugin. -->","yoast_head_json":{"title":"Mondstein-Halskette - Licht in Bewegung - Spirit Dust","description":"Mondstein-Halskette, handgefertigt aus 925er Silber, mit zartem, wechselndem Funkeln und einzigartigem Charakter. Schau sie dir bei Spirit Dust an.","robots":{"index":"index","follow":"follow","max-snippet":"max-snippet:-1","max-image-preview":"max-image-preview:large","max-video-preview":"max-video-preview:-1"},"canonical":"https:\/\/spiritdust.pl\/de\/produkt\/silberne-mondstein-halskette-mit-subtilem-schillern-kopia\/","og_locale":"de_DE","og_type":"article","og_title":"Mondstein-Halskette - Licht in Bewegung - Spirit Dust","og_description":"Mondstein-Halskette, handgefertigt aus 925er Silber, mit zartem, wechselndem Funkeln und einzigartigem Charakter. Schau sie dir bei Spirit Dust an.","og_url":"https:\/\/spiritdust.pl\/de\/produkt\/silberne-mondstein-halskette-mit-subtilem-schillern-kopia\/","og_site_name":"Spirit Dust","article_publisher":"https:\/\/www.facebook.com\/spiritdustmj\/","article_modified_time":"2026-04-10T11:28:33+00:00","og_image":[{"width":2560,"height":2560,"url":"https:\/\/spiritdust.pl\/wp-content\/uploads\/2026\/03\/DSC03418-scaled.jpg","type":"image\/jpeg"}],"twitter_card":"summary_large_image","twitter_misc":{"Gesch\u00e4tzte Lesezeit":"3\u00a0Minuten"},"schema":{"@context":"https:\/\/schema.org","@graph":[{"@type":"WebPage","@id":"https:\/\/spiritdust.pl\/de\/produkt\/silberne-mondstein-halskette-mit-subtilem-schillern-kopia\/","url":"https:\/\/spiritdust.pl\/de\/produkt\/silberne-mondstein-halskette-mit-subtilem-schillern-kopia\/","name":"Mondstein-Halskette - Licht in Bewegung - Spirit Dust","isPartOf":{"@id":"https:\/\/green-chough-870564.hostingersite.com\/#website"},"primaryImageOfPage":{"@id":"https:\/\/spiritdust.pl\/de\/produkt\/silberne-mondstein-halskette-mit-subtilem-schillern-kopia\/#primaryimage"},"image":{"@id":"https:\/\/spiritdust.pl\/de\/produkt\/silberne-mondstein-halskette-mit-subtilem-schillern-kopia\/#primaryimage"},"thumbnailUrl":"https:\/\/spiritdust.pl\/wp-content\/uploads\/2026\/03\/DSC03418-scaled.jpg","datePublished":"2026-03-28T12:44:14+00:00","dateModified":"2026-04-10T11:28:33+00:00","description":"Mondstein-Halskette, handgefertigt aus 925er Silber, mit zartem, wechselndem Funkeln und einzigartigem Charakter. Schau sie dir bei Spirit Dust an.","breadcrumb":{"@id":"https:\/\/spiritdust.pl\/de\/produkt\/silberne-mondstein-halskette-mit-subtilem-schillern-kopia\/#breadcrumb"},"inLanguage":"de","potentialAction":[{"@type":"ReadAction","target":["https:\/\/spiritdust.pl\/de\/produkt\/silberne-mondstein-halskette-mit-subtilem-schillern-kopia\/"]}]},{"@type":"ImageObject","inLanguage":"de","@id":"https:\/\/spiritdust.pl\/de\/produkt\/silberne-mondstein-halskette-mit-subtilem-schillern-kopia\/#primaryimage","url":"https:\/\/spiritdust.pl\/wp-content\/uploads\/2026\/03\/DSC03418-scaled.jpg","contentUrl":"https:\/\/spiritdust.pl\/wp-content\/uploads\/2026\/03\/DSC03418-scaled.jpg","width":2560,"height":2560,"caption":"Spirit Dust Mondstein Halskette"},{"@type":"BreadcrumbList","@id":"https:\/\/spiritdust.pl\/de\/produkt\/silberne-mondstein-halskette-mit-subtilem-schillern-kopia\/#breadcrumb","itemListElement":[{"@type":"ListItem","position":1,"name":"Strona g\u0142\u00f3wna","item":"https:\/\/spiritdust.pl\/de\/"},{"@type":"ListItem","position":2,"name":"Shop","item":"https:\/\/green-chough-870564.hostingersite.com\/shop\/"},{"@type":"ListItem","position":3,"name":"Mondstein-Halskette &#8211; Licht in Bewegung"}]},{"@type":"WebSite","@id":"https:\/\/green-chough-870564.hostingersite.com\/#website","url":"https:\/\/green-chough-870564.hostingersite.com\/","name":"Spirit Dust","description":"Bi\u017cuteria z Miedzi, Srebra i Kamieni Naturalnych","publisher":{"@id":"https:\/\/green-chough-870564.hostingersite.com\/#organization"},"potentialAction":[{"@type":"SearchAction","target":{"@type":"EntryPoint","urlTemplate":"https:\/\/green-chough-870564.hostingersite.com\/?s={search_term_string}"},"query-input":{"@type":"PropertyValueSpecification","valueRequired":true,"valueName":"search_term_string"}}],"inLanguage":"de"},{"@type":"Organization","@id":"https:\/\/green-chough-870564.hostingersite.com\/#organization","name":"Geisterstaub","url":"https:\/\/green-chough-870564.hostingersite.com\/","logo":{"@type":"ImageObject","inLanguage":"de","@id":"https:\/\/green-chough-870564.hostingersite.com\/#\/schema\/logo\/image\/","url":"https:\/\/spiritdust.pl\/wp-content\/uploads\/2026\/01\/logo-sd.png","contentUrl":"https:\/\/spiritdust.pl\/wp-content\/uploads\/2026\/01\/logo-sd.png","width":251,"height":368,"caption":"Geisterstaub"},"image":{"@id":"https:\/\/green-chough-870564.hostingersite.com\/#\/schema\/logo\/image\/"},"sameAs":["https:\/\/www.facebook.com\/spiritdustmj\/","https:\/\/instagram.com\/spirit__dust"]}]}},"_links":{"self":[{"href":"https:\/\/spiritdust.pl\/de\/wp-json\/wp\/v2\/product\/6283","targetHints":{"allow":["GET"]}}],"collection":[{"href":"https:\/\/spiritdust.pl\/de\/wp-json\/wp\/v2\/product"}],"about":[{"href":"https:\/\/spiritdust.pl\/de\/wp-json\/wp\/v2\/types\/product"}],"version-history":[{"count":2,"href":"https:\/\/spiritdust.pl\/de\/wp-json\/wp\/v2\/product\/6283\/revisions"}],"predecessor-version":[{"id":6548,"href":"https:\/\/spiritdust.pl\/de\/wp-json\/wp\/v2\/product\/6283\/revisions\/6548"}],"wp:featuredmedia":[{"embeddable":true,"href":"https:\/\/spiritdust.pl\/de\/wp-json\/wp\/v2\/media\/6290"}],"wp:attachment":[{"href":"https:\/\/spiritdust.pl\/de\/wp-json\/wp\/v2\/media?parent=6283"}],"wp:term":[{"taxonomy":"product_brand","embeddable":true,"href":"https:\/\/spiritdust.pl\/de\/wp-json\/wp\/v2\/product_brand?post=6283"},{"taxonomy":"product_cat","embeddable":true,"href":"https:\/\/spiritdust.pl\/de\/wp-json\/wp\/v2\/product_cat?post=6283"},{"taxonomy":"product_tag","embeddable":true,"href":"https:\/\/spiritdust.pl\/de\/wp-json\/wp\/v2\/product_tag?post=6283"}],"curies":[{"name":"wp","href":"https:\/\/api.w.org\/{rel}","templated":true}]}}