{"id":6305,"date":"2026-03-28T13:02:19","date_gmt":"2026-03-28T13:02:19","guid":{"rendered":"https:\/\/spiritdust.pl\/?post_type=product&#038;p=6305"},"modified":"2026-04-10T11:28:36","modified_gmt":"2026-04-10T11:28:36","slug":"silberne-mondstein-halskette-mit-subtilem-schillern-kopia-kopia-kopia","status":"publish","type":"product","link":"https:\/\/spiritdust.pl\/de\/produkt\/silberne-mondstein-halskette-mit-subtilem-schillern-kopia-kopia-kopia\/","title":{"rendered":"Mondstein Halskette &#8211; rosa hell"},"content":{"rendered":"<div class=\"flex flex-col text-sm pb-25\">\n<article class=\"text-token-text-primary w-full focus:outline-none [--shadow-height:45px] has-data-writing-block:pointer-events-none has-data-writing-block:-mt-(--shadow-height) has-data-writing-block:pt-(--shadow-height) [&amp;:has([data-writing-block])&gt;*]:pointer-events-auto scroll-mt-[calc(var(--header-height)+min(200px,max(70px,20svh)))]\" dir=\"auto\" data-turn-id=\"request-WEB:1b685ffd-8158-4272-8e74-f0caac329a3b-5\" data-testid=\"conversation-turn-12\" data-scroll-anchor=\"true\" data-turn=\"assistant\">\n<div class=\"text-base my-auto mx-auto pb-10 [--thread-content-margin:var(--thread-content-margin-xs,calc(var(--spacing)*4))] @w-sm\/main:[--thread-content-margin:var(--thread-content-margin-sm,calc(var(--spacing)*6))] @w-lg\/main:[--thread-content-margin:var(--thread-content-margin-lg,calc(var(--spacing)*16))] px-(--thread-content-margin)\">\n<div class=\"[--thread-content-max-width:40rem] @w-lg\/main:[--thread-content-max-width:48rem] mx-auto max-w-(--thread-content-max-width) flex-1 group\/turn-messages focus-visible:outline-hidden relative flex w-full min-w-0 flex-col agent-turn\">\n<div class=\"flex max-w-full flex-col gap-4 grow\">\n<div class=\"min-h-8 text-message relative flex w-full flex-col items-end gap-2 text-start break-words whitespace-normal [.text-message+&amp;]:mt-1\" dir=\"auto\" data-message-author-role=\"assistant\" data-message-id=\"7bb4dbac-ca14-49a1-9c6c-a599dae450a8\" data-message-model-slug=\"gpt-5-3\">\n<div class=\"flex w-full flex-col gap-1 empty:hidden\">\n<div class=\"streaming-animation markdown prose dark:prose-invert w-full wrap-break-word dark markdown-new-styling\">\n<p data-start=\"232\" data-end=\"441\">Die Mondstein-Rosa-Licht-Halskette hat eine w\u00e4rmere, weichere Ausstrahlung. Wenn du dich bewegst, erscheinen zarte rosa und milchige Reflexe, die sich je nach Lichteinfall ver\u00e4ndern.<\/p>\n<p data-start=\"443\" data-end=\"611\">Die Oberfl\u00e4che des Steins ist glatt, sodass das Licht ruhig \u00fcber ihn f\u00e4llt. Es gibt keine scharfen Blitze, sondern nur eine subtile Farbver\u00e4nderung, die man am besten in Bewegung sieht.<\/p>\n<p data-start=\"613\" data-end=\"840\">Die Fassung habe ich von Hand aus Silber gefertigt. Sie hat eine einfache Form, eine leicht organische Gestalt und kleine Kugeln am unteren Ende. Dieses Detail verleiht ihm Charakter, dominiert aber nicht das Ganze. Das ganze St\u00fcck ist nicht perfekt gleichm\u00e4\u00dfig, was es nat\u00fcrlicher aussehen l\u00e4sst.<\/p>\n<p data-start=\"842\" data-end=\"1055\">Diese Mondstein-Halskette l\u00e4sst sich gut im Alltag tragen. Sie passt gut zu hellen, zarten Sachen, bildet aber auch einen sch\u00f6nen Kontrast zu dunklerer Kleidung. Du kannst sie alleine tragen oder sie mit anderen Ketten kombinieren.<\/p>\n<p data-start=\"1057\" data-end=\"1159\">Jedes St\u00fcck ist etwas anders. Es unterscheidet sich im Licht, in den Farb\u00fcberg\u00e4ngen und darin, wie es auf Bewegung reagiert.<\/p>\n<hr data-start=\"1161\" data-end=\"1164\" \/>\n<h3 data-section-id=\"mo7uo6\" data-start=\"1166\" data-end=\"1193\"><span role=\"text\"><strong data-start=\"1170\" data-end=\"1191\">Mondstein<\/strong><\/span><\/h3>\n<p data-start=\"1194\" data-end=\"1307\">Der Mondstein wird mit Gelassenheit und Intuition in Verbindung gebracht. Diese Version zeigt seine w\u00e4rmere, rosigere Seite mehr.<\/p>\n<hr data-start=\"1309\" data-end=\"1312\" \/>\n<h3 data-section-id=\"16mu38h\" data-start=\"1314\" data-end=\"1370\"><span role=\"text\"><strong data-start=\"1318\" data-end=\"1368\">Warum diese Mondstein-Halskette<\/strong><\/span><\/h3>\n<p data-start=\"1371\" data-end=\"1492\">Es ist eine gute Wahl, wenn du weiches, sanftes Licht anstelle von starken Reflexionen magst. Es ist ruhig, sieht aber nicht flach aus.<\/p>\n<hr data-start=\"1494\" data-end=\"1497\" \/>\n<h3 data-section-id=\"1g6t877\" data-start=\"1499\" data-end=\"1517\"><span role=\"text\"><strong data-start=\"1503\" data-end=\"1515\">F\u00fcr wen<\/strong><\/span><\/h3>\n<ul>\n<li data-start=\"1518\" data-end=\"1667\">F\u00fcr jemanden, der helle, sanfte T\u00f6ne mag<\/li>\n<li data-start=\"1518\" data-end=\"1667\">F\u00fcr die Person, die nach zartem Schmuck mit Charakter sucht<\/li>\n<li data-start=\"1518\" data-end=\"1667\">F\u00fcr jemanden, der keinen massenproduzierten Schmuck will<\/li>\n<\/ul>\n<hr data-start=\"1669\" data-end=\"1672\" \/>\n<h3 data-section-id=\"gnmnj1\" data-start=\"1674\" data-end=\"1700\"><span role=\"text\"><strong data-start=\"1678\" data-end=\"1698\">Technische Daten:<\/strong><\/span><\/h3>\n<ul>\n<li data-start=\"1701\" data-end=\"1873\">Material: 925er Silber<\/li>\n<li data-start=\"1701\" data-end=\"1873\">Stein: Mondstein (glatt)<\/li>\n<li data-start=\"1701\" data-end=\"1873\">Abmessungen des Anh\u00e4ngers mit Krawatte: 33 x 16 mm<\/li>\n<li data-start=\"1701\" data-end=\"1873\">Kettenl\u00e4nge: 42 cm + 3 cm Verl\u00e4ngerung<\/li>\n<li data-start=\"1701\" data-end=\"1873\">Ausf\u00fchrung: manuell<\/li>\n<\/ul>\n<p data-start=\"2221\" data-end=\"2376\">Sehen Sie auch andere <a style=\"background-color: #ffffff;\" href=\"https:\/\/spiritdust.pl\/de\/kategorien\/schmuck\/silberschmuck\/silberketten\/?v=288404204e3d\" target=\"_blank\" rel=\"noopener\">Silberketten mit nat\u00fcrlichen Steinen<\/a>.<\/p>\n<\/div>\n<\/div>\n<\/div>\n<\/div>\n<\/div>\n<\/div>\n<\/article>\n<\/div>\n","protected":false},"excerpt":{"rendered":"<div class=\"text-base my-auto mx-auto [--thread-content-margin:var(--thread-content-margin-xs,calc(var(--spacing)*4))] @w-sm\/main:[--thread-content-margin:var(--thread-content-margin-sm,calc(var(--spacing)*6))] @w-lg\/main:[--thread-content-margin:var(--thread-content-margin-lg,calc(var(--spacing)*16))] px-(--thread-content-margin)\">\n<div class=\"[--thread-content-max-width:40rem] @w-lg\/main:[--thread-content-max-width:48rem] mx-auto max-w-(--thread-content-max-width) flex-1 group\/turn-messages focus-visible:outline-hidden relative flex w-full min-w-0 flex-col agent-turn\">\n<div class=\"flex max-w-full flex-col gap-4 grow\">\n<div class=\"min-h-8 text-message relative flex w-full flex-col items-end gap-2 text-start break-words whitespace-normal [.text-message+&amp;]:mt-1\" dir=\"auto\" data-message-author-role=\"assistant\" data-message-id=\"8fe3b1df-f5f7-4158-95a2-0c591d5b8b0e\" data-message-model-slug=\"gpt-5-3\">\n<div class=\"flex w-full flex-col gap-1 empty:hidden\">\n<div class=\"markdown prose dark:prose-invert w-full wrap-break-word dark markdown-new-styling\">\n<div class=\"flex flex-col text-sm pb-25\">\n<article class=\"text-token-text-primary w-full focus:outline-none [--shadow-height:45px] has-data-writing-block:pointer-events-none has-data-writing-block:-mt-(--shadow-height) has-data-writing-block:pt-(--shadow-height) [&amp;:has([data-writing-block])&gt;*]:pointer-events-auto scroll-mt-[calc(var(--header-height)+min(200px,max(70px,20svh)))]\" dir=\"auto\" data-turn-id=\"request-WEB:1b685ffd-8158-4272-8e74-f0caac329a3b-8\" data-testid=\"conversation-turn-18\" data-scroll-anchor=\"true\" data-turn=\"assistant\">\n<div class=\"text-base my-auto mx-auto pb-10 [--thread-content-margin:var(--thread-content-margin-xs,calc(var(--spacing)*4))] @w-sm\/main:[--thread-content-margin:var(--thread-content-margin-sm,calc(var(--spacing)*6))] @w-lg\/main:[--thread-content-margin:var(--thread-content-margin-lg,calc(var(--spacing)*16))] px-(--thread-content-margin)\">\n<div class=\"[--thread-content-max-width:40rem] @w-lg\/main:[--thread-content-max-width:48rem] mx-auto max-w-(--thread-content-max-width) flex-1 group\/turn-messages focus-visible:outline-hidden relative flex w-full min-w-0 flex-col agent-turn\">\n<div class=\"flex max-w-full flex-col gap-4 grow\">\n<div class=\"min-h-8 text-message relative flex w-full flex-col items-end gap-2 text-start break-words whitespace-normal [.text-message+&amp;]:mt-1\" dir=\"auto\" data-message-author-role=\"assistant\" data-message-id=\"f1ba1412-b3d8-491a-b1dd-6424c0bfd573\" data-message-model-slug=\"gpt-5-3\">\n<div class=\"flex w-full flex-col gap-1 empty:hidden\">\n<div class=\"markdown prose dark:prose-invert w-full wrap-break-word dark markdown-new-styling\">\n<p data-start=\"1903\" data-end=\"2003\">Mondstein-Halskette mit zarten rosa-milchigen Reflexen und einer glatten Oberfl\u00e4che.<\/p>\n<p data-start=\"2514\" data-end=\"2764\" data-is-last-node=\"\" data-is-only-node=\"\">Ich verpacke den Schmuck sorgf\u00e4ltig in einer dekorativen Schachtel, sodass er sofort als Geschenk bereit ist.<\/p>\n<\/div>\n<\/div>\n<\/div>\n<\/div>\n<\/div>\n<\/div>\n<\/article>\n<\/div>\n<\/div>\n<\/div>\n<\/div>\n<\/div>\n<\/div>\n<\/div>\n","protected":false},"featured_media":6311,"template":"","meta":{"inline_featured_image":false},"product_brand":[],"product_cat":[167,256],"product_tag":[171,199],"class_list":{"0":"post-6305","1":"product","2":"type-product","3":"status-publish","4":"has-post-thumbnail","6":"product_cat-schmuck","7":"product_cat-silberketten","8":"product_tag-mondstein","9":"product_tag-silber","11":"first","12":"instock","13":"taxable","14":"shipping-taxable","15":"purchasable","16":"product-type-simple"},"yoast_head":"<!-- This site is optimized with the Yoast SEO plugin v27.1.1 - https:\/\/yoast.com\/product\/yoast-seo-wordpress\/ -->\n<title>Mondstein Halskette - rosa hell - Spirit Dust<\/title>\n<meta name=\"description\" content=\"Mondstein-Halskette mit rosa und milchigen Reflexen. Handgefertigt aus 925er Silber, raffiniert und einzigartig. Schau dir Spirit Dust an.\" \/>\n<meta name=\"robots\" content=\"index, follow, max-snippet:-1, max-image-preview:large, max-video-preview:-1\" \/>\n<link rel=\"canonical\" href=\"https:\/\/spiritdust.pl\/de\/produkt\/silberne-mondstein-halskette-mit-subtilem-schillern-kopia-kopia-kopia\/\" \/>\n<meta property=\"og:locale\" content=\"de_DE\" \/>\n<meta property=\"og:type\" content=\"article\" \/>\n<meta property=\"og:title\" content=\"Mondstein Halskette - rosa hell - Spirit Dust\" \/>\n<meta property=\"og:description\" content=\"Mondstein-Halskette mit rosa und milchigen Reflexen. Handgefertigt aus 925er Silber, raffiniert und einzigartig. Schau dir Spirit Dust an.\" \/>\n<meta property=\"og:url\" content=\"https:\/\/spiritdust.pl\/de\/produkt\/silberne-mondstein-halskette-mit-subtilem-schillern-kopia-kopia-kopia\/\" \/>\n<meta property=\"og:site_name\" content=\"Spirit Dust\" \/>\n<meta property=\"article:publisher\" content=\"https:\/\/www.facebook.com\/spiritdustmj\/\" \/>\n<meta property=\"article:modified_time\" content=\"2026-04-10T11:28:36+00:00\" \/>\n<meta property=\"og:image\" content=\"https:\/\/spiritdust.pl\/wp-content\/uploads\/2026\/03\/DSC03432-scaled.jpg\" \/>\n\t<meta property=\"og:image:width\" content=\"2560\" \/>\n\t<meta property=\"og:image:height\" content=\"2560\" \/>\n\t<meta property=\"og:image:type\" content=\"image\/jpeg\" \/>\n<meta name=\"twitter:card\" content=\"summary_large_image\" \/>\n<meta name=\"twitter:label1\" content=\"Gesch\u00e4tzte Lesezeit\" \/>\n\t<meta name=\"twitter:data1\" content=\"2\u00a0Minuten\" \/>\n<script type=\"application\/ld+json\" class=\"yoast-schema-graph\">{\"@context\":\"https:\/\/schema.org\",\"@graph\":[{\"@type\":\"WebPage\",\"@id\":\"https:\/\/spiritdust.pl\/de\/produkt\/silberne-mondstein-halskette-mit-subtilem-schillern-kopia-kopia-kopia\/\",\"url\":\"https:\/\/spiritdust.pl\/de\/produkt\/silberne-mondstein-halskette-mit-subtilem-schillern-kopia-kopia-kopia\/\",\"name\":\"Mondstein Halskette - rosa hell - Spirit Dust\",\"isPartOf\":{\"@id\":\"https:\/\/green-chough-870564.hostingersite.com\/#website\"},\"primaryImageOfPage\":{\"@id\":\"https:\/\/spiritdust.pl\/de\/produkt\/silberne-mondstein-halskette-mit-subtilem-schillern-kopia-kopia-kopia\/#primaryimage\"},\"image\":{\"@id\":\"https:\/\/spiritdust.pl\/de\/produkt\/silberne-mondstein-halskette-mit-subtilem-schillern-kopia-kopia-kopia\/#primaryimage\"},\"thumbnailUrl\":\"https:\/\/spiritdust.pl\/wp-content\/uploads\/2026\/03\/DSC03432-scaled.jpg\",\"datePublished\":\"2026-03-28T13:02:19+00:00\",\"dateModified\":\"2026-04-10T11:28:36+00:00\",\"description\":\"Mondstein-Halskette mit rosa und milchigen Reflexen. Handgefertigt aus 925er Silber, raffiniert und einzigartig. Schau dir Spirit Dust an.\",\"breadcrumb\":{\"@id\":\"https:\/\/spiritdust.pl\/de\/produkt\/silberne-mondstein-halskette-mit-subtilem-schillern-kopia-kopia-kopia\/#breadcrumb\"},\"inLanguage\":\"de\",\"potentialAction\":[{\"@type\":\"ReadAction\",\"target\":[\"https:\/\/spiritdust.pl\/de\/produkt\/silberne-mondstein-halskette-mit-subtilem-schillern-kopia-kopia-kopia\/\"]}]},{\"@type\":\"ImageObject\",\"inLanguage\":\"de\",\"@id\":\"https:\/\/spiritdust.pl\/de\/produkt\/silberne-mondstein-halskette-mit-subtilem-schillern-kopia-kopia-kopia\/#primaryimage\",\"url\":\"https:\/\/spiritdust.pl\/wp-content\/uploads\/2026\/03\/DSC03432-scaled.jpg\",\"contentUrl\":\"https:\/\/spiritdust.pl\/wp-content\/uploads\/2026\/03\/DSC03432-scaled.jpg\",\"width\":2560,\"height\":2560,\"caption\":\"Mondstein Halskette Silber Rose Highlights\"},{\"@type\":\"BreadcrumbList\",\"@id\":\"https:\/\/spiritdust.pl\/de\/produkt\/silberne-mondstein-halskette-mit-subtilem-schillern-kopia-kopia-kopia\/#breadcrumb\",\"itemListElement\":[{\"@type\":\"ListItem\",\"position\":1,\"name\":\"Strona g\u0142\u00f3wna\",\"item\":\"https:\/\/spiritdust.pl\/de\/\"},{\"@type\":\"ListItem\",\"position\":2,\"name\":\"Shop\",\"item\":\"https:\/\/green-chough-870564.hostingersite.com\/shop\/\"},{\"@type\":\"ListItem\",\"position\":3,\"name\":\"Mondstein Halskette &#8211; rosa hell\"}]},{\"@type\":\"WebSite\",\"@id\":\"https:\/\/green-chough-870564.hostingersite.com\/#website\",\"url\":\"https:\/\/green-chough-870564.hostingersite.com\/\",\"name\":\"Spirit Dust\",\"description\":\"Bi\u017cuteria z Miedzi, Srebra i Kamieni Naturalnych\",\"publisher\":{\"@id\":\"https:\/\/green-chough-870564.hostingersite.com\/#organization\"},\"potentialAction\":[{\"@type\":\"SearchAction\",\"target\":{\"@type\":\"EntryPoint\",\"urlTemplate\":\"https:\/\/green-chough-870564.hostingersite.com\/?s={search_term_string}\"},\"query-input\":{\"@type\":\"PropertyValueSpecification\",\"valueRequired\":true,\"valueName\":\"search_term_string\"}}],\"inLanguage\":\"de\"},{\"@type\":\"Organization\",\"@id\":\"https:\/\/green-chough-870564.hostingersite.com\/#organization\",\"name\":\"Geisterstaub\",\"url\":\"https:\/\/green-chough-870564.hostingersite.com\/\",\"logo\":{\"@type\":\"ImageObject\",\"inLanguage\":\"de\",\"@id\":\"https:\/\/green-chough-870564.hostingersite.com\/#\/schema\/logo\/image\/\",\"url\":\"https:\/\/spiritdust.pl\/wp-content\/uploads\/2026\/01\/logo-sd.png\",\"contentUrl\":\"https:\/\/spiritdust.pl\/wp-content\/uploads\/2026\/01\/logo-sd.png\",\"width\":251,\"height\":368,\"caption\":\"Geisterstaub\"},\"image\":{\"@id\":\"https:\/\/green-chough-870564.hostingersite.com\/#\/schema\/logo\/image\/\"},\"sameAs\":[\"https:\/\/www.facebook.com\/spiritdustmj\/\",\"https:\/\/instagram.com\/spirit__dust\"]}]}<\/script>\n<!-- \/ Yoast SEO plugin. -->","yoast_head_json":{"title":"Mondstein Halskette - rosa hell - Spirit Dust","description":"Mondstein-Halskette mit rosa und milchigen Reflexen. Handgefertigt aus 925er Silber, raffiniert und einzigartig. Schau dir Spirit Dust an.","robots":{"index":"index","follow":"follow","max-snippet":"max-snippet:-1","max-image-preview":"max-image-preview:large","max-video-preview":"max-video-preview:-1"},"canonical":"https:\/\/spiritdust.pl\/de\/produkt\/silberne-mondstein-halskette-mit-subtilem-schillern-kopia-kopia-kopia\/","og_locale":"de_DE","og_type":"article","og_title":"Mondstein Halskette - rosa hell - Spirit Dust","og_description":"Mondstein-Halskette mit rosa und milchigen Reflexen. Handgefertigt aus 925er Silber, raffiniert und einzigartig. Schau dir Spirit Dust an.","og_url":"https:\/\/spiritdust.pl\/de\/produkt\/silberne-mondstein-halskette-mit-subtilem-schillern-kopia-kopia-kopia\/","og_site_name":"Spirit Dust","article_publisher":"https:\/\/www.facebook.com\/spiritdustmj\/","article_modified_time":"2026-04-10T11:28:36+00:00","og_image":[{"width":2560,"height":2560,"url":"https:\/\/spiritdust.pl\/wp-content\/uploads\/2026\/03\/DSC03432-scaled.jpg","type":"image\/jpeg"}],"twitter_card":"summary_large_image","twitter_misc":{"Gesch\u00e4tzte Lesezeit":"2\u00a0Minuten"},"schema":{"@context":"https:\/\/schema.org","@graph":[{"@type":"WebPage","@id":"https:\/\/spiritdust.pl\/de\/produkt\/silberne-mondstein-halskette-mit-subtilem-schillern-kopia-kopia-kopia\/","url":"https:\/\/spiritdust.pl\/de\/produkt\/silberne-mondstein-halskette-mit-subtilem-schillern-kopia-kopia-kopia\/","name":"Mondstein Halskette - rosa hell - Spirit Dust","isPartOf":{"@id":"https:\/\/green-chough-870564.hostingersite.com\/#website"},"primaryImageOfPage":{"@id":"https:\/\/spiritdust.pl\/de\/produkt\/silberne-mondstein-halskette-mit-subtilem-schillern-kopia-kopia-kopia\/#primaryimage"},"image":{"@id":"https:\/\/spiritdust.pl\/de\/produkt\/silberne-mondstein-halskette-mit-subtilem-schillern-kopia-kopia-kopia\/#primaryimage"},"thumbnailUrl":"https:\/\/spiritdust.pl\/wp-content\/uploads\/2026\/03\/DSC03432-scaled.jpg","datePublished":"2026-03-28T13:02:19+00:00","dateModified":"2026-04-10T11:28:36+00:00","description":"Mondstein-Halskette mit rosa und milchigen Reflexen. Handgefertigt aus 925er Silber, raffiniert und einzigartig. Schau dir Spirit Dust an.","breadcrumb":{"@id":"https:\/\/spiritdust.pl\/de\/produkt\/silberne-mondstein-halskette-mit-subtilem-schillern-kopia-kopia-kopia\/#breadcrumb"},"inLanguage":"de","potentialAction":[{"@type":"ReadAction","target":["https:\/\/spiritdust.pl\/de\/produkt\/silberne-mondstein-halskette-mit-subtilem-schillern-kopia-kopia-kopia\/"]}]},{"@type":"ImageObject","inLanguage":"de","@id":"https:\/\/spiritdust.pl\/de\/produkt\/silberne-mondstein-halskette-mit-subtilem-schillern-kopia-kopia-kopia\/#primaryimage","url":"https:\/\/spiritdust.pl\/wp-content\/uploads\/2026\/03\/DSC03432-scaled.jpg","contentUrl":"https:\/\/spiritdust.pl\/wp-content\/uploads\/2026\/03\/DSC03432-scaled.jpg","width":2560,"height":2560,"caption":"Mondstein Halskette Silber Rose Highlights"},{"@type":"BreadcrumbList","@id":"https:\/\/spiritdust.pl\/de\/produkt\/silberne-mondstein-halskette-mit-subtilem-schillern-kopia-kopia-kopia\/#breadcrumb","itemListElement":[{"@type":"ListItem","position":1,"name":"Strona g\u0142\u00f3wna","item":"https:\/\/spiritdust.pl\/de\/"},{"@type":"ListItem","position":2,"name":"Shop","item":"https:\/\/green-chough-870564.hostingersite.com\/shop\/"},{"@type":"ListItem","position":3,"name":"Mondstein Halskette &#8211; rosa hell"}]},{"@type":"WebSite","@id":"https:\/\/green-chough-870564.hostingersite.com\/#website","url":"https:\/\/green-chough-870564.hostingersite.com\/","name":"Spirit Dust","description":"Bi\u017cuteria z Miedzi, Srebra i Kamieni Naturalnych","publisher":{"@id":"https:\/\/green-chough-870564.hostingersite.com\/#organization"},"potentialAction":[{"@type":"SearchAction","target":{"@type":"EntryPoint","urlTemplate":"https:\/\/green-chough-870564.hostingersite.com\/?s={search_term_string}"},"query-input":{"@type":"PropertyValueSpecification","valueRequired":true,"valueName":"search_term_string"}}],"inLanguage":"de"},{"@type":"Organization","@id":"https:\/\/green-chough-870564.hostingersite.com\/#organization","name":"Geisterstaub","url":"https:\/\/green-chough-870564.hostingersite.com\/","logo":{"@type":"ImageObject","inLanguage":"de","@id":"https:\/\/green-chough-870564.hostingersite.com\/#\/schema\/logo\/image\/","url":"https:\/\/spiritdust.pl\/wp-content\/uploads\/2026\/01\/logo-sd.png","contentUrl":"https:\/\/spiritdust.pl\/wp-content\/uploads\/2026\/01\/logo-sd.png","width":251,"height":368,"caption":"Geisterstaub"},"image":{"@id":"https:\/\/green-chough-870564.hostingersite.com\/#\/schema\/logo\/image\/"},"sameAs":["https:\/\/www.facebook.com\/spiritdustmj\/","https:\/\/instagram.com\/spirit__dust"]}]}},"_links":{"self":[{"href":"https:\/\/spiritdust.pl\/de\/wp-json\/wp\/v2\/product\/6305","targetHints":{"allow":["GET"]}}],"collection":[{"href":"https:\/\/spiritdust.pl\/de\/wp-json\/wp\/v2\/product"}],"about":[{"href":"https:\/\/spiritdust.pl\/de\/wp-json\/wp\/v2\/types\/product"}],"version-history":[{"count":2,"href":"https:\/\/spiritdust.pl\/de\/wp-json\/wp\/v2\/product\/6305\/revisions"}],"predecessor-version":[{"id":6549,"href":"https:\/\/spiritdust.pl\/de\/wp-json\/wp\/v2\/product\/6305\/revisions\/6549"}],"wp:featuredmedia":[{"embeddable":true,"href":"https:\/\/spiritdust.pl\/de\/wp-json\/wp\/v2\/media\/6311"}],"wp:attachment":[{"href":"https:\/\/spiritdust.pl\/de\/wp-json\/wp\/v2\/media?parent=6305"}],"wp:term":[{"taxonomy":"product_brand","embeddable":true,"href":"https:\/\/spiritdust.pl\/de\/wp-json\/wp\/v2\/product_brand?post=6305"},{"taxonomy":"product_cat","embeddable":true,"href":"https:\/\/spiritdust.pl\/de\/wp-json\/wp\/v2\/product_cat?post=6305"},{"taxonomy":"product_tag","embeddable":true,"href":"https:\/\/spiritdust.pl\/de\/wp-json\/wp\/v2\/product_tag?post=6305"}],"curies":[{"name":"wp","href":"https:\/\/api.w.org\/{rel}","templated":true}]}}