{"id":6360,"date":"2026-03-30T12:49:20","date_gmt":"2026-03-30T12:49:20","guid":{"rendered":"https:\/\/spiritdust.pl\/?post_type=product&#038;p=6360"},"modified":"2026-04-10T11:28:30","modified_gmt":"2026-04-10T11:28:30","slug":"silberring-mit-labradorit-violett-und-feuer-gr-11-kopia-kopia","status":"publish","type":"product","link":"https:\/\/spiritdust.pl\/de\/produkt\/silberring-mit-labradorit-violett-und-feuer-gr-11-kopia-kopia\/","title":{"rendered":"Silberner Mondsteinring &#8211; \u00e4therisch, r. 16"},"content":{"rendered":"<p data-start=\"163\" data-end=\"508\">Der silberne Mondsteinring wurde von Grund auf in meinem Atelier entworfen. Zuerst habe ich seine Form in Wachs geformt und die Fassung direkt um den Stein herum gebaut, damit das Ganze stimmig ist und sich nat\u00fcrlich aus seiner Form ergibt. Ich wollte, dass die Form nicht symmetrisch oder &#8222;aufgeklebt\u201e ist, sondern so aussieht, als w\u00e4re sie mit ihr geschaffen worden.<\/p>\n<p data-start=\"510\" data-end=\"795\">Nach dem Gie\u00dfen in Sterlingsilber ging ich zur manuellen Endbearbeitung \u00fcber. Ich habe die Oberfl\u00e4che geschliffen, die \u00dcberg\u00e4nge gegl\u00e4ttet und dann die Details verfeinert, bis das Ganze harmonisch aussah. Dadurch hat die Fassung einen organischen, leicht rohen Charakter, wirkt aber trotzdem leicht.<\/p>\n<h2 data-section-id=\"1iiv3eh\" data-start=\"797\" data-end=\"863\"><span role=\"text\"><strong data-start=\"800\" data-end=\"863\">Silberner Mondsteinring &#8211; Licht und Variation<\/strong><\/span><\/h2>\n<p data-start=\"865\" data-end=\"1184\">Das Herzst\u00fcck ist ein nat\u00fcrlicher Mondstein, der etwa 20 \u00d7 8,5 mm gro\u00df ist. Seine Oberfl\u00e4che reagiert auf das Licht &#8211; mal leuchtet er in einem k\u00fchlen Blau, dann wieder in einem sanften Rosa und schimmert milchig. Au\u00dferdem bewegt sich das Licht bei jeder Handbewegung \u00fcber sein Inneres und enth\u00fcllt nat\u00fcrliche Linien und eine subtile Struktur.<\/p>\n<p data-start=\"1186\" data-end=\"1276\">Daher ist der Stein nicht einheitlich. Er ver\u00e4ndert sich und sieht jedes Mal ein bisschen anders aus.<\/p>\n<h2 data-section-id=\"k4k4vo\" data-start=\"1278\" data-end=\"1301\"><span role=\"text\"><strong data-start=\"1281\" data-end=\"1301\">Form und Verschlei\u00df<\/strong><\/span><\/h2>\n<p data-start=\"1303\" data-end=\"1610\">Die Fassung hat einen unregelm\u00e4\u00dfigen, organischen Charakter und die Pfoten sind ausgepr\u00e4gt, dominieren den Stein aber nicht. So halten sie den Stein fest und lassen das Licht frei auf seiner Oberfl\u00e4che wirken. Das Silber bildet einen sanften Kontrast zu seinem pastellfarbenen Schimmer und unterstreicht so die Zeichnung des Steins noch st\u00e4rker.<\/p>\n<p data-start=\"1612\" data-end=\"1840\">Der Ring selbst ist unverwechselbar, aber optisch nicht \u00fcberw\u00e4ltigend. Er sitzt gut am Finger und ist trotz des gro\u00dfen Steins angenehm zu tragen. Du kannst ihn jeden Tag tragen oder ihn als einen st\u00e4rkeren Styling-Akzent verwenden.<\/p>\n<p data-start=\"1842\" data-end=\"1914\">Sie wurde in einem Exemplar erstellt und wird daher nicht identisch vervielf\u00e4ltigt werden.<\/p>\n<hr data-start=\"2026\" data-end=\"2029\" \/>\n<h2 data-section-id=\"1n98y8v\" data-start=\"2031\" data-end=\"2049\"><span role=\"text\"><strong data-start=\"2034\" data-end=\"2047\">F\u00fcr wen?<\/strong><\/span><\/h2>\n<p data-start=\"2050\" data-end=\"2174\">F\u00fcr die Person, die subtile, aber nicht offensichtliche Formen mag. Er wird von jemandem am meisten gesch\u00e4tzt, der auf Licht, Details und Variationen im Stein achtet.<\/p>\n<hr data-start=\"2176\" data-end=\"2179\" \/>\n<h2 data-section-id=\"120ag5a\" data-start=\"2181\" data-end=\"2206\"><span role=\"text\"><strong data-start=\"2184\" data-end=\"2204\">Technische Daten:<\/strong><\/span><\/h2>\n<p data-start=\"2207\" data-end=\"2393\">Stein: nat\u00fcrlicher Mondstein<br data-start=\"2242\" data-end=\"2245\" \/>Material: Sterlingsilber<br data-start=\"2271\" data-end=\"2274\" \/>Gr\u00f6\u00dfe: 16 (PL)<br data-start=\"2290\" data-end=\"2293\" \/>Innendurchmesser: ca. 17,8 mm<br data-start=\"2325\" data-end=\"2328\" \/>Innenumfang: ca. 56 mm<br data-start=\"2355\" data-end=\"2358\" \/>Steingr\u00f6\u00dfe: ca. 20 \u00d7 8,5 mm.<\/p>\n<p data-start=\"616\" data-end=\"906\">Entdecke auch andere <a class=\"cursor-pointer\" style=\"background-color: #ffffff;\" href=\"https:\/\/spiritdust.pl\/kategoria-produktu\/bizuteria\/pierscionki-srebrne\/?v=288404204e3d\" target=\"_blank\" rel=\"noopener\" data-start=\"2147\" data-end=\"2204\">einzigartige Silberringe<\/a>.<\/p>\n","protected":false},"excerpt":{"rendered":"<div class=\"flex flex-col text-sm pb-25\">\n<article class=\"text-token-text-primary w-full focus:outline-none [--shadow-height:45px] has-data-writing-block:pointer-events-none has-data-writing-block:-mt-(--shadow-height) has-data-writing-block:pt-(--shadow-height) [&amp;:has([data-writing-block])&gt;*]:pointer-events-auto scroll-mt-[calc(var(--header-height)+min(200px,max(70px,20svh)))]\" dir=\"auto\" data-turn-id=\"request-69984864-557c-832d-a054-adbd3d55360f-3\" data-testid=\"conversation-turn-22\" data-scroll-anchor=\"true\" data-turn=\"assistant\">\n<div class=\"text-base my-auto mx-auto pb-10 [--thread-content-margin:--spacing(4)] @w-sm\/main:[--thread-content-margin:--spacing(6)] @w-lg\/main:[--thread-content-margin:--spacing(16)] px-(--thread-content-margin)\">\n<div class=\"[--thread-content-max-width:40rem] @w-lg\/main:[--thread-content-max-width:48rem] mx-auto max-w-(--thread-content-max-width) flex-1 group\/turn-messages focus-visible:outline-hidden relative flex w-full min-w-0 flex-col agent-turn\">\n<div class=\"flex max-w-full flex-col grow\">\n<div class=\"min-h-8 text-message relative flex w-full flex-col items-end gap-2 text-start break-words whitespace-normal [.text-message+&amp;]:mt-1\" dir=\"auto\" data-message-author-role=\"assistant\" data-message-id=\"d1861186-7f7a-44b3-a2d2-89f168cb47df\" data-message-model-slug=\"gpt-5-2\">\n<div class=\"flex w-full flex-col gap-1 empty:hidden first:pt-[1px]\">\n<div class=\"markdown prose dark:prose-invert w-full wrap-break-word dark markdown-new-styling\">\n<p data-start=\"2422\" data-end=\"2513\">Silberner Mondsteinring (20\u00d78,5 mm), himmlisch, handgefertigt, Gr\u00f6\u00dfe 16.<\/p>\n<p data-start=\"288\" data-end=\"469\" data-is-last-node=\"\" data-is-only-node=\"\">Ich verpacke den Schmuck sorgf\u00e4ltig in einer dekorativen Schachtel, sodass er sofort als Geschenk bereit ist.<\/p>\n<\/div>\n<\/div>\n<\/div>\n<\/div>\n<\/div>\n<\/div>\n<\/article>\n<\/div>\n","protected":false},"featured_media":6369,"template":"","meta":{"inline_featured_image":false},"product_brand":[],"product_cat":[167,250],"product_tag":[171,199],"class_list":{"0":"post-6360","1":"product","2":"type-product","3":"status-publish","4":"has-post-thumbnail","6":"product_cat-schmuck","7":"product_cat-silberringe","8":"product_tag-mondstein","9":"product_tag-silber","11":"first","12":"instock","13":"taxable","14":"shipping-taxable","15":"purchasable","16":"product-type-simple"},"yoast_head":"<!-- This site is optimized with the Yoast SEO plugin v27.1.1 - https:\/\/yoast.com\/product\/yoast-seo-wordpress\/ -->\n<title>Silberner Mondsteinring - \u00e4therisch, r. 16 - Spirit Dust<\/title>\n<meta name=\"description\" content=\"Silberner Mondsteinring, Gr\u00f6\u00dfe 16. Handgefertigt, mit einem nat\u00fcrlichen Stein mit einem \u00e4therischen rosa-blauen Schimmer.\" \/>\n<meta name=\"robots\" content=\"index, follow, max-snippet:-1, max-image-preview:large, max-video-preview:-1\" \/>\n<link rel=\"canonical\" href=\"https:\/\/spiritdust.pl\/de\/produkt\/silberring-mit-labradorit-violett-und-feuer-gr-11-kopia-kopia\/\" \/>\n<meta property=\"og:locale\" content=\"de_DE\" \/>\n<meta property=\"og:type\" content=\"article\" \/>\n<meta property=\"og:title\" content=\"Silberner Mondsteinring - \u00e4therisch, r. 16 - Spirit Dust\" \/>\n<meta property=\"og:description\" content=\"Silberner Mondsteinring, Gr\u00f6\u00dfe 16. Handgefertigt, mit einem nat\u00fcrlichen Stein mit einem \u00e4therischen rosa-blauen Schimmer.\" \/>\n<meta property=\"og:url\" content=\"https:\/\/spiritdust.pl\/de\/produkt\/silberring-mit-labradorit-violett-und-feuer-gr-11-kopia-kopia\/\" \/>\n<meta property=\"og:site_name\" content=\"Spirit Dust\" \/>\n<meta property=\"article:publisher\" content=\"https:\/\/www.facebook.com\/spiritdustmj\/\" \/>\n<meta property=\"article:modified_time\" content=\"2026-04-10T11:28:30+00:00\" \/>\n<meta property=\"og:image\" content=\"https:\/\/spiritdust.pl\/wp-content\/uploads\/2026\/03\/DSC03480-scaled.jpg\" \/>\n\t<meta property=\"og:image:width\" content=\"2560\" \/>\n\t<meta property=\"og:image:height\" content=\"2560\" \/>\n\t<meta property=\"og:image:type\" content=\"image\/jpeg\" \/>\n<meta name=\"twitter:card\" content=\"summary_large_image\" \/>\n<meta name=\"twitter:label1\" content=\"Gesch\u00e4tzte Lesezeit\" \/>\n\t<meta name=\"twitter:data1\" content=\"3\u00a0Minuten\" \/>\n<script type=\"application\/ld+json\" class=\"yoast-schema-graph\">{\"@context\":\"https:\/\/schema.org\",\"@graph\":[{\"@type\":\"WebPage\",\"@id\":\"https:\/\/spiritdust.pl\/de\/produkt\/silberring-mit-labradorit-violett-und-feuer-gr-11-kopia-kopia\/\",\"url\":\"https:\/\/spiritdust.pl\/de\/produkt\/silberring-mit-labradorit-violett-und-feuer-gr-11-kopia-kopia\/\",\"name\":\"Silberner Mondsteinring - \u00e4therisch, r. 16 - Spirit Dust\",\"isPartOf\":{\"@id\":\"https:\/\/green-chough-870564.hostingersite.com\/#website\"},\"primaryImageOfPage\":{\"@id\":\"https:\/\/spiritdust.pl\/de\/produkt\/silberring-mit-labradorit-violett-und-feuer-gr-11-kopia-kopia\/#primaryimage\"},\"image\":{\"@id\":\"https:\/\/spiritdust.pl\/de\/produkt\/silberring-mit-labradorit-violett-und-feuer-gr-11-kopia-kopia\/#primaryimage\"},\"thumbnailUrl\":\"https:\/\/spiritdust.pl\/wp-content\/uploads\/2026\/03\/DSC03480-scaled.jpg\",\"datePublished\":\"2026-03-30T12:49:20+00:00\",\"dateModified\":\"2026-04-10T11:28:30+00:00\",\"description\":\"Silberner Mondsteinring, Gr\u00f6\u00dfe 16. Handgefertigt, mit einem nat\u00fcrlichen Stein mit einem \u00e4therischen rosa-blauen Schimmer.\",\"breadcrumb\":{\"@id\":\"https:\/\/spiritdust.pl\/de\/produkt\/silberring-mit-labradorit-violett-und-feuer-gr-11-kopia-kopia\/#breadcrumb\"},\"inLanguage\":\"de\",\"potentialAction\":[{\"@type\":\"ReadAction\",\"target\":[\"https:\/\/spiritdust.pl\/de\/produkt\/silberring-mit-labradorit-violett-und-feuer-gr-11-kopia-kopia\/\"]}]},{\"@type\":\"ImageObject\",\"inLanguage\":\"de\",\"@id\":\"https:\/\/spiritdust.pl\/de\/produkt\/silberring-mit-labradorit-violett-und-feuer-gr-11-kopia-kopia\/#primaryimage\",\"url\":\"https:\/\/spiritdust.pl\/wp-content\/uploads\/2026\/03\/DSC03480-scaled.jpg\",\"contentUrl\":\"https:\/\/spiritdust.pl\/wp-content\/uploads\/2026\/03\/DSC03480-scaled.jpg\",\"width\":2560,\"height\":2560},{\"@type\":\"BreadcrumbList\",\"@id\":\"https:\/\/spiritdust.pl\/de\/produkt\/silberring-mit-labradorit-violett-und-feuer-gr-11-kopia-kopia\/#breadcrumb\",\"itemListElement\":[{\"@type\":\"ListItem\",\"position\":1,\"name\":\"Strona g\u0142\u00f3wna\",\"item\":\"https:\/\/spiritdust.pl\/de\/\"},{\"@type\":\"ListItem\",\"position\":2,\"name\":\"Shop\",\"item\":\"https:\/\/green-chough-870564.hostingersite.com\/shop\/\"},{\"@type\":\"ListItem\",\"position\":3,\"name\":\"Silberner Mondsteinring &#8211; \u00e4therisch, r. 16\"}]},{\"@type\":\"WebSite\",\"@id\":\"https:\/\/green-chough-870564.hostingersite.com\/#website\",\"url\":\"https:\/\/green-chough-870564.hostingersite.com\/\",\"name\":\"Spirit Dust\",\"description\":\"Bi\u017cuteria z Miedzi, Srebra i Kamieni Naturalnych\",\"publisher\":{\"@id\":\"https:\/\/green-chough-870564.hostingersite.com\/#organization\"},\"potentialAction\":[{\"@type\":\"SearchAction\",\"target\":{\"@type\":\"EntryPoint\",\"urlTemplate\":\"https:\/\/green-chough-870564.hostingersite.com\/?s={search_term_string}\"},\"query-input\":{\"@type\":\"PropertyValueSpecification\",\"valueRequired\":true,\"valueName\":\"search_term_string\"}}],\"inLanguage\":\"de\"},{\"@type\":\"Organization\",\"@id\":\"https:\/\/green-chough-870564.hostingersite.com\/#organization\",\"name\":\"Geisterstaub\",\"url\":\"https:\/\/green-chough-870564.hostingersite.com\/\",\"logo\":{\"@type\":\"ImageObject\",\"inLanguage\":\"de\",\"@id\":\"https:\/\/green-chough-870564.hostingersite.com\/#\/schema\/logo\/image\/\",\"url\":\"https:\/\/spiritdust.pl\/wp-content\/uploads\/2026\/01\/logo-sd.png\",\"contentUrl\":\"https:\/\/spiritdust.pl\/wp-content\/uploads\/2026\/01\/logo-sd.png\",\"width\":251,\"height\":368,\"caption\":\"Geisterstaub\"},\"image\":{\"@id\":\"https:\/\/green-chough-870564.hostingersite.com\/#\/schema\/logo\/image\/\"},\"sameAs\":[\"https:\/\/www.facebook.com\/spiritdustmj\/\",\"https:\/\/instagram.com\/spirit__dust\"]}]}<\/script>\n<!-- \/ Yoast SEO plugin. -->","yoast_head_json":{"title":"Silberner Mondsteinring - \u00e4therisch, r. 16 - Spirit Dust","description":"Silberner Mondsteinring, Gr\u00f6\u00dfe 16. Handgefertigt, mit einem nat\u00fcrlichen Stein mit einem \u00e4therischen rosa-blauen Schimmer.","robots":{"index":"index","follow":"follow","max-snippet":"max-snippet:-1","max-image-preview":"max-image-preview:large","max-video-preview":"max-video-preview:-1"},"canonical":"https:\/\/spiritdust.pl\/de\/produkt\/silberring-mit-labradorit-violett-und-feuer-gr-11-kopia-kopia\/","og_locale":"de_DE","og_type":"article","og_title":"Silberner Mondsteinring - \u00e4therisch, r. 16 - Spirit Dust","og_description":"Silberner Mondsteinring, Gr\u00f6\u00dfe 16. Handgefertigt, mit einem nat\u00fcrlichen Stein mit einem \u00e4therischen rosa-blauen Schimmer.","og_url":"https:\/\/spiritdust.pl\/de\/produkt\/silberring-mit-labradorit-violett-und-feuer-gr-11-kopia-kopia\/","og_site_name":"Spirit Dust","article_publisher":"https:\/\/www.facebook.com\/spiritdustmj\/","article_modified_time":"2026-04-10T11:28:30+00:00","og_image":[{"width":2560,"height":2560,"url":"https:\/\/spiritdust.pl\/wp-content\/uploads\/2026\/03\/DSC03480-scaled.jpg","type":"image\/jpeg"}],"twitter_card":"summary_large_image","twitter_misc":{"Gesch\u00e4tzte Lesezeit":"3\u00a0Minuten"},"schema":{"@context":"https:\/\/schema.org","@graph":[{"@type":"WebPage","@id":"https:\/\/spiritdust.pl\/de\/produkt\/silberring-mit-labradorit-violett-und-feuer-gr-11-kopia-kopia\/","url":"https:\/\/spiritdust.pl\/de\/produkt\/silberring-mit-labradorit-violett-und-feuer-gr-11-kopia-kopia\/","name":"Silberner Mondsteinring - \u00e4therisch, r. 16 - Spirit Dust","isPartOf":{"@id":"https:\/\/green-chough-870564.hostingersite.com\/#website"},"primaryImageOfPage":{"@id":"https:\/\/spiritdust.pl\/de\/produkt\/silberring-mit-labradorit-violett-und-feuer-gr-11-kopia-kopia\/#primaryimage"},"image":{"@id":"https:\/\/spiritdust.pl\/de\/produkt\/silberring-mit-labradorit-violett-und-feuer-gr-11-kopia-kopia\/#primaryimage"},"thumbnailUrl":"https:\/\/spiritdust.pl\/wp-content\/uploads\/2026\/03\/DSC03480-scaled.jpg","datePublished":"2026-03-30T12:49:20+00:00","dateModified":"2026-04-10T11:28:30+00:00","description":"Silberner Mondsteinring, Gr\u00f6\u00dfe 16. Handgefertigt, mit einem nat\u00fcrlichen Stein mit einem \u00e4therischen rosa-blauen Schimmer.","breadcrumb":{"@id":"https:\/\/spiritdust.pl\/de\/produkt\/silberring-mit-labradorit-violett-und-feuer-gr-11-kopia-kopia\/#breadcrumb"},"inLanguage":"de","potentialAction":[{"@type":"ReadAction","target":["https:\/\/spiritdust.pl\/de\/produkt\/silberring-mit-labradorit-violett-und-feuer-gr-11-kopia-kopia\/"]}]},{"@type":"ImageObject","inLanguage":"de","@id":"https:\/\/spiritdust.pl\/de\/produkt\/silberring-mit-labradorit-violett-und-feuer-gr-11-kopia-kopia\/#primaryimage","url":"https:\/\/spiritdust.pl\/wp-content\/uploads\/2026\/03\/DSC03480-scaled.jpg","contentUrl":"https:\/\/spiritdust.pl\/wp-content\/uploads\/2026\/03\/DSC03480-scaled.jpg","width":2560,"height":2560},{"@type":"BreadcrumbList","@id":"https:\/\/spiritdust.pl\/de\/produkt\/silberring-mit-labradorit-violett-und-feuer-gr-11-kopia-kopia\/#breadcrumb","itemListElement":[{"@type":"ListItem","position":1,"name":"Strona g\u0142\u00f3wna","item":"https:\/\/spiritdust.pl\/de\/"},{"@type":"ListItem","position":2,"name":"Shop","item":"https:\/\/green-chough-870564.hostingersite.com\/shop\/"},{"@type":"ListItem","position":3,"name":"Silberner Mondsteinring &#8211; \u00e4therisch, r. 16"}]},{"@type":"WebSite","@id":"https:\/\/green-chough-870564.hostingersite.com\/#website","url":"https:\/\/green-chough-870564.hostingersite.com\/","name":"Spirit Dust","description":"Bi\u017cuteria z Miedzi, Srebra i Kamieni Naturalnych","publisher":{"@id":"https:\/\/green-chough-870564.hostingersite.com\/#organization"},"potentialAction":[{"@type":"SearchAction","target":{"@type":"EntryPoint","urlTemplate":"https:\/\/green-chough-870564.hostingersite.com\/?s={search_term_string}"},"query-input":{"@type":"PropertyValueSpecification","valueRequired":true,"valueName":"search_term_string"}}],"inLanguage":"de"},{"@type":"Organization","@id":"https:\/\/green-chough-870564.hostingersite.com\/#organization","name":"Geisterstaub","url":"https:\/\/green-chough-870564.hostingersite.com\/","logo":{"@type":"ImageObject","inLanguage":"de","@id":"https:\/\/green-chough-870564.hostingersite.com\/#\/schema\/logo\/image\/","url":"https:\/\/spiritdust.pl\/wp-content\/uploads\/2026\/01\/logo-sd.png","contentUrl":"https:\/\/spiritdust.pl\/wp-content\/uploads\/2026\/01\/logo-sd.png","width":251,"height":368,"caption":"Geisterstaub"},"image":{"@id":"https:\/\/green-chough-870564.hostingersite.com\/#\/schema\/logo\/image\/"},"sameAs":["https:\/\/www.facebook.com\/spiritdustmj\/","https:\/\/instagram.com\/spirit__dust"]}]}},"_links":{"self":[{"href":"https:\/\/spiritdust.pl\/de\/wp-json\/wp\/v2\/product\/6360","targetHints":{"allow":["GET"]}}],"collection":[{"href":"https:\/\/spiritdust.pl\/de\/wp-json\/wp\/v2\/product"}],"about":[{"href":"https:\/\/spiritdust.pl\/de\/wp-json\/wp\/v2\/types\/product"}],"version-history":[{"count":3,"href":"https:\/\/spiritdust.pl\/de\/wp-json\/wp\/v2\/product\/6360\/revisions"}],"predecessor-version":[{"id":6551,"href":"https:\/\/spiritdust.pl\/de\/wp-json\/wp\/v2\/product\/6360\/revisions\/6551"}],"wp:featuredmedia":[{"embeddable":true,"href":"https:\/\/spiritdust.pl\/de\/wp-json\/wp\/v2\/media\/6369"}],"wp:attachment":[{"href":"https:\/\/spiritdust.pl\/de\/wp-json\/wp\/v2\/media?parent=6360"}],"wp:term":[{"taxonomy":"product_brand","embeddable":true,"href":"https:\/\/spiritdust.pl\/de\/wp-json\/wp\/v2\/product_brand?post=6360"},{"taxonomy":"product_cat","embeddable":true,"href":"https:\/\/spiritdust.pl\/de\/wp-json\/wp\/v2\/product_cat?post=6360"},{"taxonomy":"product_tag","embeddable":true,"href":"https:\/\/spiritdust.pl\/de\/wp-json\/wp\/v2\/product_tag?post=6360"}],"curies":[{"name":"wp","href":"https:\/\/api.w.org\/{rel}","templated":true}]}}