{"id":6502,"date":"2026-03-31T14:04:54","date_gmt":"2026-03-31T14:04:54","guid":{"rendered":"https:\/\/spiritdust.pl\/produkt\/sterling-silber-blumenohrringe-feine-925er-sterling-silber-ohrstecker\/"},"modified":"2026-03-31T14:04:54","modified_gmt":"2026-03-31T14:04:54","slug":"sterling-silber-blumenohrringe-feine-925er-sterling-silber-ohrstecker","status":"publish","type":"product","link":"https:\/\/spiritdust.pl\/de\/produkt\/sterling-silber-blumenohrringe-feine-925er-sterling-silber-ohrstecker\/","title":{"rendered":"Sterling Silber Blumenohrringe &#8211; feine 925er Sterling Silber Ohrstecker"},"content":{"rendered":"<p data-start=\"140\" data-end=\"313\">Die Blumenohrringe aus Sterlingsilber sind kleine Ohrstecker mit einem Durchmesser von etwa 8,5 mm. Sie sind leicht und sitzen gut am Ohr, so dass sie sich gut als Ohrringe f\u00fcr das t\u00e4gliche Tragen eignen. <\/p>\n<p data-start=\"315\" data-end=\"522\">Die Form ist einfach und klar. Die Blume ist nicht \u00fcbertrieben oder dekorativ. Sie ist ein kleines Detail, das das Ganze vervollst\u00e4ndigt und nicht die ganze Aufmerksamkeit auf sich zieht. Daher passt sie zu einer Vielzahl von Stilen und muss nicht angepasst werden.   <\/p>\n<p data-start=\"524\" data-end=\"748\">Die Oberfl\u00e4che ist nicht vollkommen glatt. Sie hat eine feine Textur, die das Licht streut und daf\u00fcr sorgt, dass die Ohrringe nicht flach aussehen. Bei genauerem Hinsehen kannst du subtile Lichtbrechungen und Reflexionen erkennen, die ihre Form betonen.  <\/p>\n<p data-start=\"750\" data-end=\"894\">Silberne Blumenohrringe in dieser Gr\u00f6\u00dfe sind bequem. Sie st\u00f6ren nicht, verheddern sich nicht und eignen sich auch gut als &#8222;dauerhafte\u201e Ohrringe. <\/p>\n<hr data-start=\"896\" data-end=\"899\">\n<h3 data-section-id=\"noc2xr\" data-start=\"901\" data-end=\"944\"><span role=\"text\"><strong data-start=\"905\" data-end=\"944\">Silberne Blumenohrringe f\u00fcr den Alltag<\/strong><\/span><\/h3>\n<p data-start=\"946\" data-end=\"1124\">Dies ist eine gute Wahl, wenn du sehr kleine Ohrringe magst, die praktisch und neutral, aber nicht v\u00f6llig schlicht sind. Du kannst sie solo oder als Erg\u00e4nzung zu gr\u00f6\u00dferem Schmuck tragen. <\/p>\n<p data-start=\"1126\" data-end=\"1227\">Ihre Gr\u00f6\u00dfe macht sie unauff\u00e4llig, aber sie verschwinden nicht v\u00f6llig. Du kannst ihre Form und Struktur immer noch sehen. <\/p>\n<hr data-start=\"1229\" data-end=\"1232\">\n<h3 data-section-id=\"1u5lfa4\" data-start=\"1234\" data-end=\"1251\"><span role=\"text\"><strong data-start=\"1238\" data-end=\"1251\">F\u00fcr wen?<\/strong><\/span><\/h3>\n<ul>\n<li data-start=\"1253\" data-end=\"1401\">F\u00fcr die Person, die sch\u00f6nen Schmuck mag.<\/li>\n<li data-start=\"1253\" data-end=\"1401\">F\u00fcr jemanden, der nach einfachen Ohrringen f\u00fcr den Alltag sucht.<\/li>\n<li data-start=\"1253\" data-end=\"1401\">F\u00fcr jemanden, der keine glatten, &#8222;perfekten\u201e Formen will.<\/li>\n<\/ul>\n<hr data-start=\"1403\" data-end=\"1406\">\n<h3 data-section-id=\"1n6mjs6\" data-start=\"1408\" data-end=\"1426\"><span role=\"text\"><strong data-start=\"1412\" data-end=\"1426\">Details:<\/strong><\/span><\/h3>\n<ul>\n<li data-start=\"1428\" data-end=\"1555\">Material: 925er Silber<\/li>\n<li data-start=\"1428\" data-end=\"1555\">Durchmesser: ca. 8,5 mm <\/li>\n<li data-start=\"1428\" data-end=\"1555\">Verschluss: Stifte (Widder)<\/li>\n<li data-start=\"1428\" data-end=\"1555\">Oberfl\u00e4che: leicht unregelm\u00e4\u00dfig, poliert<\/li>\n<\/ul>\n<p>Siehe auch andere <a class=\"cursor-pointer\" style=\"background-color: #ffffff\" href=\"https:\/\/spiritdust.pl\/de\/kategorien\/schmuck\/silberschmuck\/silberohrringe\/?v=288404204e3d\" target=\"_blank\" rel=\"noopener\" data-start=\"2147\" data-end=\"2204\">einzigartige Silberohrringe<\/a>.<\/p>\n","protected":false},"excerpt":{"rendered":"<p data-start=\"1585\" data-end=\"1714\"><strong data-start=\"1585\" data-end=\"1612\">Blumen-Ohrringe aus Sterlingsilber<\/strong>, 8,5 mm. Feine 925er Silberpfosten mit einer zarten Textur, leicht und bequem f\u00fcr den t\u00e4glichen Gebrauch. <\/p>\n<p data-start=\"1218\" data-end=\"1347\">Ich verpacke den Schmuck sorgf\u00e4ltig in einer dekorativen Schachtel, sodass er sofort als Geschenk bereit ist.<\/p>\n","protected":false},"featured_media":6397,"template":"","meta":{"inline_featured_image":false},"product_brand":[],"product_cat":[167,197],"product_tag":[199],"class_list":{"0":"post-6502","1":"product","2":"type-product","3":"status-publish","4":"has-post-thumbnail","6":"product_cat-schmuck","7":"product_cat-silberohrringe","8":"product_tag-silber","10":"first","11":"instock","12":"taxable","13":"shipping-taxable","14":"purchasable","15":"product-type-simple"},"yoast_head":"<!-- This site is optimized with the Yoast SEO plugin v27.1.1 - https:\/\/yoast.com\/product\/yoast-seo-wordpress\/ -->\n<title>Sterling Silber Blumenohrringe - feine 925er Sterling Silber Ohrstecker - Spirit Dust<\/title>\n<meta name=\"description\" content=\"Blumenohrringe aus Sterlingsilber 8,5 mm, feine Sterlingsilberpfosten mit einer unregelm\u00e4\u00dfigen Oberfl\u00e4che, die das Licht reflektiert und sich gut als Alltagsohrringe eignet.\" \/>\n<meta name=\"robots\" content=\"index, follow, max-snippet:-1, max-image-preview:large, max-video-preview:-1\" \/>\n<link rel=\"canonical\" href=\"https:\/\/spiritdust.pl\/de\/produkt\/sterling-silber-blumenohrringe-feine-925er-sterling-silber-ohrstecker\/\" \/>\n<meta property=\"og:locale\" content=\"de_DE\" \/>\n<meta property=\"og:type\" content=\"article\" \/>\n<meta property=\"og:title\" content=\"Sterling Silber Blumenohrringe - feine 925er Sterling Silber Ohrstecker - Spirit Dust\" \/>\n<meta property=\"og:description\" content=\"Blumenohrringe aus Sterlingsilber 8,5 mm, feine Sterlingsilberpfosten mit einer unregelm\u00e4\u00dfigen Oberfl\u00e4che, die das Licht reflektiert und sich gut als Alltagsohrringe eignet.\" \/>\n<meta property=\"og:url\" content=\"https:\/\/spiritdust.pl\/de\/produkt\/sterling-silber-blumenohrringe-feine-925er-sterling-silber-ohrstecker\/\" \/>\n<meta property=\"og:site_name\" content=\"Spirit Dust\" \/>\n<meta property=\"article:publisher\" content=\"https:\/\/www.facebook.com\/spiritdustmj\/\" \/>\n<meta property=\"og:image\" content=\"https:\/\/spiritdust.pl\/wp-content\/uploads\/2026\/03\/DSC03524-scaled.jpg\" \/>\n\t<meta property=\"og:image:width\" content=\"2560\" \/>\n\t<meta property=\"og:image:height\" content=\"2560\" \/>\n\t<meta property=\"og:image:type\" content=\"image\/jpeg\" \/>\n<meta name=\"twitter:card\" content=\"summary_large_image\" \/>\n<meta name=\"twitter:label1\" content=\"Gesch\u00e4tzte Lesezeit\" \/>\n\t<meta name=\"twitter:data1\" content=\"1\u00a0Minute\" \/>\n<script type=\"application\/ld+json\" class=\"yoast-schema-graph\">{\"@context\":\"https:\/\/schema.org\",\"@graph\":[{\"@type\":\"WebPage\",\"@id\":\"https:\/\/spiritdust.pl\/de\/produkt\/sterling-silber-blumenohrringe-feine-925er-sterling-silber-ohrstecker\/\",\"url\":\"https:\/\/spiritdust.pl\/de\/produkt\/sterling-silber-blumenohrringe-feine-925er-sterling-silber-ohrstecker\/\",\"name\":\"Sterling Silber Blumenohrringe - feine 925er Sterling Silber Ohrstecker - Spirit Dust\",\"isPartOf\":{\"@id\":\"https:\/\/green-chough-870564.hostingersite.com\/#website\"},\"primaryImageOfPage\":{\"@id\":\"https:\/\/spiritdust.pl\/de\/produkt\/sterling-silber-blumenohrringe-feine-925er-sterling-silber-ohrstecker\/#primaryimage\"},\"image\":{\"@id\":\"https:\/\/spiritdust.pl\/de\/produkt\/sterling-silber-blumenohrringe-feine-925er-sterling-silber-ohrstecker\/#primaryimage\"},\"thumbnailUrl\":\"https:\/\/spiritdust.pl\/wp-content\/uploads\/2026\/03\/DSC03524-scaled.jpg\",\"datePublished\":\"2026-03-31T14:04:54+00:00\",\"description\":\"Blumenohrringe aus Sterlingsilber 8,5 mm, feine Sterlingsilberpfosten mit einer unregelm\u00e4\u00dfigen Oberfl\u00e4che, die das Licht reflektiert und sich gut als Alltagsohrringe eignet.\",\"breadcrumb\":{\"@id\":\"https:\/\/spiritdust.pl\/de\/produkt\/sterling-silber-blumenohrringe-feine-925er-sterling-silber-ohrstecker\/#breadcrumb\"},\"inLanguage\":\"de\",\"potentialAction\":[{\"@type\":\"ReadAction\",\"target\":[\"https:\/\/spiritdust.pl\/de\/produkt\/sterling-silber-blumenohrringe-feine-925er-sterling-silber-ohrstecker\/\"]}]},{\"@type\":\"ImageObject\",\"inLanguage\":\"de\",\"@id\":\"https:\/\/spiritdust.pl\/de\/produkt\/sterling-silber-blumenohrringe-feine-925er-sterling-silber-ohrstecker\/#primaryimage\",\"url\":\"https:\/\/spiritdust.pl\/wp-content\/uploads\/2026\/03\/DSC03524-scaled.jpg\",\"contentUrl\":\"https:\/\/spiritdust.pl\/wp-content\/uploads\/2026\/03\/DSC03524-scaled.jpg\",\"width\":2560,\"height\":2560},{\"@type\":\"BreadcrumbList\",\"@id\":\"https:\/\/spiritdust.pl\/de\/produkt\/sterling-silber-blumenohrringe-feine-925er-sterling-silber-ohrstecker\/#breadcrumb\",\"itemListElement\":[{\"@type\":\"ListItem\",\"position\":1,\"name\":\"Strona g\u0142\u00f3wna\",\"item\":\"https:\/\/spiritdust.pl\/de\/\"},{\"@type\":\"ListItem\",\"position\":2,\"name\":\"Shop\",\"item\":\"https:\/\/green-chough-870564.hostingersite.com\/shop\/\"},{\"@type\":\"ListItem\",\"position\":3,\"name\":\"Sterling Silber Blumenohrringe &#8211; feine 925er Sterling Silber Ohrstecker\"}]},{\"@type\":\"WebSite\",\"@id\":\"https:\/\/green-chough-870564.hostingersite.com\/#website\",\"url\":\"https:\/\/green-chough-870564.hostingersite.com\/\",\"name\":\"Spirit Dust\",\"description\":\"Bi\u017cuteria z Miedzi, Srebra i Kamieni Naturalnych\",\"publisher\":{\"@id\":\"https:\/\/green-chough-870564.hostingersite.com\/#organization\"},\"potentialAction\":[{\"@type\":\"SearchAction\",\"target\":{\"@type\":\"EntryPoint\",\"urlTemplate\":\"https:\/\/green-chough-870564.hostingersite.com\/?s={search_term_string}\"},\"query-input\":{\"@type\":\"PropertyValueSpecification\",\"valueRequired\":true,\"valueName\":\"search_term_string\"}}],\"inLanguage\":\"de\"},{\"@type\":\"Organization\",\"@id\":\"https:\/\/green-chough-870564.hostingersite.com\/#organization\",\"name\":\"Geisterstaub\",\"url\":\"https:\/\/green-chough-870564.hostingersite.com\/\",\"logo\":{\"@type\":\"ImageObject\",\"inLanguage\":\"de\",\"@id\":\"https:\/\/green-chough-870564.hostingersite.com\/#\/schema\/logo\/image\/\",\"url\":\"https:\/\/spiritdust.pl\/wp-content\/uploads\/2026\/01\/logo-sd.png\",\"contentUrl\":\"https:\/\/spiritdust.pl\/wp-content\/uploads\/2026\/01\/logo-sd.png\",\"width\":251,\"height\":368,\"caption\":\"Geisterstaub\"},\"image\":{\"@id\":\"https:\/\/green-chough-870564.hostingersite.com\/#\/schema\/logo\/image\/\"},\"sameAs\":[\"https:\/\/www.facebook.com\/spiritdustmj\/\",\"https:\/\/instagram.com\/spirit__dust\"]}]}<\/script>\n<!-- \/ Yoast SEO plugin. -->","yoast_head_json":{"title":"Sterling Silber Blumenohrringe - feine 925er Sterling Silber Ohrstecker - Spirit Dust","description":"Blumenohrringe aus Sterlingsilber 8,5 mm, feine Sterlingsilberpfosten mit einer unregelm\u00e4\u00dfigen Oberfl\u00e4che, die das Licht reflektiert und sich gut als Alltagsohrringe eignet.","robots":{"index":"index","follow":"follow","max-snippet":"max-snippet:-1","max-image-preview":"max-image-preview:large","max-video-preview":"max-video-preview:-1"},"canonical":"https:\/\/spiritdust.pl\/de\/produkt\/sterling-silber-blumenohrringe-feine-925er-sterling-silber-ohrstecker\/","og_locale":"de_DE","og_type":"article","og_title":"Sterling Silber Blumenohrringe - feine 925er Sterling Silber Ohrstecker - Spirit Dust","og_description":"Blumenohrringe aus Sterlingsilber 8,5 mm, feine Sterlingsilberpfosten mit einer unregelm\u00e4\u00dfigen Oberfl\u00e4che, die das Licht reflektiert und sich gut als Alltagsohrringe eignet.","og_url":"https:\/\/spiritdust.pl\/de\/produkt\/sterling-silber-blumenohrringe-feine-925er-sterling-silber-ohrstecker\/","og_site_name":"Spirit Dust","article_publisher":"https:\/\/www.facebook.com\/spiritdustmj\/","og_image":[{"width":2560,"height":2560,"url":"https:\/\/spiritdust.pl\/wp-content\/uploads\/2026\/03\/DSC03524-scaled.jpg","type":"image\/jpeg"}],"twitter_card":"summary_large_image","twitter_misc":{"Gesch\u00e4tzte Lesezeit":"1\u00a0Minute"},"schema":{"@context":"https:\/\/schema.org","@graph":[{"@type":"WebPage","@id":"https:\/\/spiritdust.pl\/de\/produkt\/sterling-silber-blumenohrringe-feine-925er-sterling-silber-ohrstecker\/","url":"https:\/\/spiritdust.pl\/de\/produkt\/sterling-silber-blumenohrringe-feine-925er-sterling-silber-ohrstecker\/","name":"Sterling Silber Blumenohrringe - feine 925er Sterling Silber Ohrstecker - Spirit Dust","isPartOf":{"@id":"https:\/\/green-chough-870564.hostingersite.com\/#website"},"primaryImageOfPage":{"@id":"https:\/\/spiritdust.pl\/de\/produkt\/sterling-silber-blumenohrringe-feine-925er-sterling-silber-ohrstecker\/#primaryimage"},"image":{"@id":"https:\/\/spiritdust.pl\/de\/produkt\/sterling-silber-blumenohrringe-feine-925er-sterling-silber-ohrstecker\/#primaryimage"},"thumbnailUrl":"https:\/\/spiritdust.pl\/wp-content\/uploads\/2026\/03\/DSC03524-scaled.jpg","datePublished":"2026-03-31T14:04:54+00:00","description":"Blumenohrringe aus Sterlingsilber 8,5 mm, feine Sterlingsilberpfosten mit einer unregelm\u00e4\u00dfigen Oberfl\u00e4che, die das Licht reflektiert und sich gut als Alltagsohrringe eignet.","breadcrumb":{"@id":"https:\/\/spiritdust.pl\/de\/produkt\/sterling-silber-blumenohrringe-feine-925er-sterling-silber-ohrstecker\/#breadcrumb"},"inLanguage":"de","potentialAction":[{"@type":"ReadAction","target":["https:\/\/spiritdust.pl\/de\/produkt\/sterling-silber-blumenohrringe-feine-925er-sterling-silber-ohrstecker\/"]}]},{"@type":"ImageObject","inLanguage":"de","@id":"https:\/\/spiritdust.pl\/de\/produkt\/sterling-silber-blumenohrringe-feine-925er-sterling-silber-ohrstecker\/#primaryimage","url":"https:\/\/spiritdust.pl\/wp-content\/uploads\/2026\/03\/DSC03524-scaled.jpg","contentUrl":"https:\/\/spiritdust.pl\/wp-content\/uploads\/2026\/03\/DSC03524-scaled.jpg","width":2560,"height":2560},{"@type":"BreadcrumbList","@id":"https:\/\/spiritdust.pl\/de\/produkt\/sterling-silber-blumenohrringe-feine-925er-sterling-silber-ohrstecker\/#breadcrumb","itemListElement":[{"@type":"ListItem","position":1,"name":"Strona g\u0142\u00f3wna","item":"https:\/\/spiritdust.pl\/de\/"},{"@type":"ListItem","position":2,"name":"Shop","item":"https:\/\/green-chough-870564.hostingersite.com\/shop\/"},{"@type":"ListItem","position":3,"name":"Sterling Silber Blumenohrringe &#8211; feine 925er Sterling Silber Ohrstecker"}]},{"@type":"WebSite","@id":"https:\/\/green-chough-870564.hostingersite.com\/#website","url":"https:\/\/green-chough-870564.hostingersite.com\/","name":"Spirit Dust","description":"Bi\u017cuteria z Miedzi, Srebra i Kamieni Naturalnych","publisher":{"@id":"https:\/\/green-chough-870564.hostingersite.com\/#organization"},"potentialAction":[{"@type":"SearchAction","target":{"@type":"EntryPoint","urlTemplate":"https:\/\/green-chough-870564.hostingersite.com\/?s={search_term_string}"},"query-input":{"@type":"PropertyValueSpecification","valueRequired":true,"valueName":"search_term_string"}}],"inLanguage":"de"},{"@type":"Organization","@id":"https:\/\/green-chough-870564.hostingersite.com\/#organization","name":"Geisterstaub","url":"https:\/\/green-chough-870564.hostingersite.com\/","logo":{"@type":"ImageObject","inLanguage":"de","@id":"https:\/\/green-chough-870564.hostingersite.com\/#\/schema\/logo\/image\/","url":"https:\/\/spiritdust.pl\/wp-content\/uploads\/2026\/01\/logo-sd.png","contentUrl":"https:\/\/spiritdust.pl\/wp-content\/uploads\/2026\/01\/logo-sd.png","width":251,"height":368,"caption":"Geisterstaub"},"image":{"@id":"https:\/\/green-chough-870564.hostingersite.com\/#\/schema\/logo\/image\/"},"sameAs":["https:\/\/www.facebook.com\/spiritdustmj\/","https:\/\/instagram.com\/spirit__dust"]}]}},"_links":{"self":[{"href":"https:\/\/spiritdust.pl\/de\/wp-json\/wp\/v2\/product\/6502","targetHints":{"allow":["GET"]}}],"collection":[{"href":"https:\/\/spiritdust.pl\/de\/wp-json\/wp\/v2\/product"}],"about":[{"href":"https:\/\/spiritdust.pl\/de\/wp-json\/wp\/v2\/types\/product"}],"version-history":[{"count":0,"href":"https:\/\/spiritdust.pl\/de\/wp-json\/wp\/v2\/product\/6502\/revisions"}],"wp:featuredmedia":[{"embeddable":true,"href":"https:\/\/spiritdust.pl\/de\/wp-json\/wp\/v2\/media\/6397"}],"wp:attachment":[{"href":"https:\/\/spiritdust.pl\/de\/wp-json\/wp\/v2\/media?parent=6502"}],"wp:term":[{"taxonomy":"product_brand","embeddable":true,"href":"https:\/\/spiritdust.pl\/de\/wp-json\/wp\/v2\/product_brand?post=6502"},{"taxonomy":"product_cat","embeddable":true,"href":"https:\/\/spiritdust.pl\/de\/wp-json\/wp\/v2\/product_cat?post=6502"},{"taxonomy":"product_tag","embeddable":true,"href":"https:\/\/spiritdust.pl\/de\/wp-json\/wp\/v2\/product_tag?post=6502"}],"curies":[{"name":"wp","href":"https:\/\/api.w.org\/{rel}","templated":true}]}}