{"id":6515,"date":"2026-03-31T14:12:15","date_gmt":"2026-03-31T14:12:15","guid":{"rendered":"https:\/\/spiritdust.pl\/produkt\/silberne-blatt-ohrringe-zarter-zweig-am-ohr\/"},"modified":"2026-03-31T14:12:15","modified_gmt":"2026-03-31T14:12:15","slug":"silberne-blatt-ohrringe-zarter-zweig-am-ohr","status":"publish","type":"product","link":"https:\/\/spiritdust.pl\/de\/produkt\/silberne-blatt-ohrringe-zarter-zweig-am-ohr\/","title":{"rendered":"Silberne Blatt-Ohrringe &#8211; zarter Zweig am Ohr"},"content":{"rendered":"<p data-start=\"224\" data-end=\"426\">Diese Blattohrringe aus Sterlingsilber haben die Form eines kleinen Zweigs, der sich zart ans Ohr schmiegt. Durch ihre Gr\u00f6\u00dfe (ca. 12,19 x 7 mm) sind sie gut sichtbar, aber dennoch leicht und bequem f\u00fcr den Alltag zu tragen. <\/p>\n<p data-start=\"428\" data-end=\"674\">Die Form ist einfach, aber nicht flach. Die einzelnen Bl\u00e4tter haben eine ausgepr\u00e4gte Textur, so dass das Licht nicht gleichm\u00e4\u00dfig reflektiert wird. Stattdessen gibt es subtile Reflexionen, die die Details betonen und dem Ganzen ein nat\u00fcrlicheres Aussehen verleihen.  <\/p>\n<p data-start=\"676\" data-end=\"874\">Es ist eine von der Natur inspirierte Form, aber ohne \u00dcbertreibung. Der Zweig ist lesbar, aber er wirkt nicht dekorativ oder &#8222;schmuckhaft\u201e im klassischen Sinne. Vielmehr ist er ein ruhiger Akzent, der das Ganze gut erg\u00e4nzt.  <\/p>\n<p data-start=\"876\" data-end=\"1106\">Blattsilber-Ohrringe, die du jeden Tag tragen kannst. Sie sind leicht, st\u00f6ren nicht und liegen gut am Ohr an. Dank ihrer l\u00e4nglichen Form legen sie sich entlang des Ohrl\u00e4ppchens und sehen so nat\u00fcrlicher aus als klassische runde Ohrstecker.  <\/p>\n<hr data-start=\"1108\" data-end=\"1111\">\n<h3 data-section-id=\"rdy3na\" data-start=\"1113\" data-end=\"1161\"><span role=\"text\"><strong data-start=\"1117\" data-end=\"1161\">Silberne Blatt-Ohrringe in Form eines Zweigs<\/strong><\/span><\/h3>\n<p data-start=\"1163\" data-end=\"1346\">Diese Form funktioniert gut, wenn du Pflanzenmotive magst, aber auf eine einfachere Art und Weise. Es handelt sich nicht um ein Zierblatt oder eine realistische Pflanze. Es ist eher eine Abk\u00fcrzung der Form, die nur eine leichte Richtung vorgibt.  <\/p>\n<p data-start=\"1348\" data-end=\"1416\">Auf diese Weise passen die Ohrringe zu verschiedenen Dingen und dr\u00e4ngen sich dem Stil nicht auf.<\/p>\n<hr data-start=\"1418\" data-end=\"1421\">\n<h3 data-section-id=\"1u5lfa4\" data-start=\"1423\" data-end=\"1440\"><span role=\"text\"><strong data-start=\"1427\" data-end=\"1440\">F\u00fcr wen?<\/strong><\/span><\/h3>\n<ul>\n<li data-start=\"1442\" data-end=\"1622\">F\u00fcr die Person, die nat\u00fcrliche Motive mag, ohne es jedoch zu \u00fcbertreiben.<\/li>\n<li data-start=\"1442\" data-end=\"1622\">F\u00fcr jemanden, der nach leichten Ohrringen f\u00fcr den Alltag sucht.<\/li>\n<li data-start=\"1442\" data-end=\"1622\">F\u00fcr jemanden, der etwas Einfaches, aber nicht v\u00f6llig Offensichtliches will.<\/li>\n<\/ul>\n<hr data-start=\"1624\" data-end=\"1627\">\n<h3 data-section-id=\"1n6mjs6\" data-start=\"1629\" data-end=\"1647\"><span role=\"text\"><strong data-start=\"1633\" data-end=\"1647\">Details:<\/strong><\/span><\/h3>\n<ul>\n<li data-start=\"1649\" data-end=\"1781\">Material: 925er Silber<\/li>\n<li data-start=\"1649\" data-end=\"1781\">Abmessungen: ca. 12,19 x 7 mm <\/li>\n<li data-start=\"1649\" data-end=\"1781\">Verschluss: Stifte (Widder)<\/li>\n<li data-start=\"1649\" data-end=\"1781\">Oberfl\u00e4che: leicht unregelm\u00e4\u00dfig, poliert<\/li>\n<\/ul>\n<p>Siehe auch andere <a class=\"cursor-pointer\" style=\"background-color: #ffffff\" href=\"https:\/\/spiritdust.pl\/de\/kategorien\/schmuck\/silberschmuck\/silberohrringe\/?v=288404204e3d\" target=\"_blank\" rel=\"noopener\" data-start=\"2147\" data-end=\"2204\">einzigartige Silberohrringe<\/a>.<\/p>\n","protected":false},"excerpt":{"rendered":"<p data-start=\"1811\" data-end=\"1941\">Silberne Blatt-Ohrringe in Form eines kleinen Zweigs. Leichte 925er Silbernadeln mit l\u00e4nglicher Form und zarter Textur. <\/p>\n<p data-start=\"1218\" data-end=\"1347\">Ich verpacke den Schmuck sorgf\u00e4ltig in einer dekorativen Schachtel, sodass er sofort als Geschenk bereit ist.<\/p>\n","protected":false},"featured_media":6406,"template":"","meta":{"inline_featured_image":false},"product_brand":[],"product_cat":[167,197],"product_tag":[199],"class_list":{"0":"post-6515","1":"product","2":"type-product","3":"status-publish","4":"has-post-thumbnail","6":"product_cat-schmuck","7":"product_cat-silberohrringe","8":"product_tag-silber","10":"first","11":"instock","12":"taxable","13":"shipping-taxable","14":"purchasable","15":"product-type-simple"},"yoast_head":"<!-- This site is optimized with the Yoast SEO plugin v27.1.1 - https:\/\/yoast.com\/product\/yoast-seo-wordpress\/ -->\n<title>Silberne Blatt-Ohrringe - zarter Zweig am Ohr - Spirit Dust<\/title>\n<meta name=\"description\" content=\"Silberne Blattohrringe 12,19 x 7 mm, zarte 925er Silberzweige mit einer subtilen Textur, leicht und bequem f\u00fcr den t\u00e4glichen Gebrauch.\" \/>\n<meta name=\"robots\" content=\"index, follow, max-snippet:-1, max-image-preview:large, max-video-preview:-1\" \/>\n<link rel=\"canonical\" href=\"https:\/\/spiritdust.pl\/de\/produkt\/silberne-blatt-ohrringe-zarter-zweig-am-ohr\/\" \/>\n<meta property=\"og:locale\" content=\"de_DE\" \/>\n<meta property=\"og:type\" content=\"article\" \/>\n<meta property=\"og:title\" content=\"Silberne Blatt-Ohrringe - zarter Zweig am Ohr - Spirit Dust\" \/>\n<meta property=\"og:description\" content=\"Silberne Blattohrringe 12,19 x 7 mm, zarte 925er Silberzweige mit einer subtilen Textur, leicht und bequem f\u00fcr den t\u00e4glichen Gebrauch.\" \/>\n<meta property=\"og:url\" content=\"https:\/\/spiritdust.pl\/de\/produkt\/silberne-blatt-ohrringe-zarter-zweig-am-ohr\/\" \/>\n<meta property=\"og:site_name\" content=\"Spirit Dust\" \/>\n<meta property=\"article:publisher\" content=\"https:\/\/www.facebook.com\/spiritdustmj\/\" \/>\n<meta property=\"og:image\" content=\"https:\/\/spiritdust.pl\/wp-content\/uploads\/2026\/03\/DSC03526-scaled.jpg\" \/>\n\t<meta property=\"og:image:width\" content=\"2560\" \/>\n\t<meta property=\"og:image:height\" content=\"2560\" \/>\n\t<meta property=\"og:image:type\" content=\"image\/jpeg\" \/>\n<meta name=\"twitter:card\" content=\"summary_large_image\" \/>\n<meta name=\"twitter:label1\" content=\"Gesch\u00e4tzte Lesezeit\" \/>\n\t<meta name=\"twitter:data1\" content=\"1\u00a0Minute\" \/>\n<script type=\"application\/ld+json\" class=\"yoast-schema-graph\">{\"@context\":\"https:\/\/schema.org\",\"@graph\":[{\"@type\":\"WebPage\",\"@id\":\"https:\/\/spiritdust.pl\/de\/produkt\/silberne-blatt-ohrringe-zarter-zweig-am-ohr\/\",\"url\":\"https:\/\/spiritdust.pl\/de\/produkt\/silberne-blatt-ohrringe-zarter-zweig-am-ohr\/\",\"name\":\"Silberne Blatt-Ohrringe - zarter Zweig am Ohr - Spirit Dust\",\"isPartOf\":{\"@id\":\"https:\/\/green-chough-870564.hostingersite.com\/#website\"},\"primaryImageOfPage\":{\"@id\":\"https:\/\/spiritdust.pl\/de\/produkt\/silberne-blatt-ohrringe-zarter-zweig-am-ohr\/#primaryimage\"},\"image\":{\"@id\":\"https:\/\/spiritdust.pl\/de\/produkt\/silberne-blatt-ohrringe-zarter-zweig-am-ohr\/#primaryimage\"},\"thumbnailUrl\":\"https:\/\/spiritdust.pl\/wp-content\/uploads\/2026\/03\/DSC03526-scaled.jpg\",\"datePublished\":\"2026-03-31T14:12:15+00:00\",\"description\":\"Silberne Blattohrringe 12,19 x 7 mm, zarte 925er Silberzweige mit einer subtilen Textur, leicht und bequem f\u00fcr den t\u00e4glichen Gebrauch.\",\"breadcrumb\":{\"@id\":\"https:\/\/spiritdust.pl\/de\/produkt\/silberne-blatt-ohrringe-zarter-zweig-am-ohr\/#breadcrumb\"},\"inLanguage\":\"de\",\"potentialAction\":[{\"@type\":\"ReadAction\",\"target\":[\"https:\/\/spiritdust.pl\/de\/produkt\/silberne-blatt-ohrringe-zarter-zweig-am-ohr\/\"]}]},{\"@type\":\"ImageObject\",\"inLanguage\":\"de\",\"@id\":\"https:\/\/spiritdust.pl\/de\/produkt\/silberne-blatt-ohrringe-zarter-zweig-am-ohr\/#primaryimage\",\"url\":\"https:\/\/spiritdust.pl\/wp-content\/uploads\/2026\/03\/DSC03526-scaled.jpg\",\"contentUrl\":\"https:\/\/spiritdust.pl\/wp-content\/uploads\/2026\/03\/DSC03526-scaled.jpg\",\"width\":2560,\"height\":2560},{\"@type\":\"BreadcrumbList\",\"@id\":\"https:\/\/spiritdust.pl\/de\/produkt\/silberne-blatt-ohrringe-zarter-zweig-am-ohr\/#breadcrumb\",\"itemListElement\":[{\"@type\":\"ListItem\",\"position\":1,\"name\":\"Strona g\u0142\u00f3wna\",\"item\":\"https:\/\/spiritdust.pl\/de\/\"},{\"@type\":\"ListItem\",\"position\":2,\"name\":\"Shop\",\"item\":\"https:\/\/green-chough-870564.hostingersite.com\/shop\/\"},{\"@type\":\"ListItem\",\"position\":3,\"name\":\"Silberne Blatt-Ohrringe &#8211; zarter Zweig am Ohr\"}]},{\"@type\":\"WebSite\",\"@id\":\"https:\/\/green-chough-870564.hostingersite.com\/#website\",\"url\":\"https:\/\/green-chough-870564.hostingersite.com\/\",\"name\":\"Spirit Dust\",\"description\":\"Bi\u017cuteria z Miedzi, Srebra i Kamieni Naturalnych\",\"publisher\":{\"@id\":\"https:\/\/green-chough-870564.hostingersite.com\/#organization\"},\"potentialAction\":[{\"@type\":\"SearchAction\",\"target\":{\"@type\":\"EntryPoint\",\"urlTemplate\":\"https:\/\/green-chough-870564.hostingersite.com\/?s={search_term_string}\"},\"query-input\":{\"@type\":\"PropertyValueSpecification\",\"valueRequired\":true,\"valueName\":\"search_term_string\"}}],\"inLanguage\":\"de\"},{\"@type\":\"Organization\",\"@id\":\"https:\/\/green-chough-870564.hostingersite.com\/#organization\",\"name\":\"Geisterstaub\",\"url\":\"https:\/\/green-chough-870564.hostingersite.com\/\",\"logo\":{\"@type\":\"ImageObject\",\"inLanguage\":\"de\",\"@id\":\"https:\/\/green-chough-870564.hostingersite.com\/#\/schema\/logo\/image\/\",\"url\":\"https:\/\/spiritdust.pl\/wp-content\/uploads\/2026\/01\/logo-sd.png\",\"contentUrl\":\"https:\/\/spiritdust.pl\/wp-content\/uploads\/2026\/01\/logo-sd.png\",\"width\":251,\"height\":368,\"caption\":\"Geisterstaub\"},\"image\":{\"@id\":\"https:\/\/green-chough-870564.hostingersite.com\/#\/schema\/logo\/image\/\"},\"sameAs\":[\"https:\/\/www.facebook.com\/spiritdustmj\/\",\"https:\/\/instagram.com\/spirit__dust\"]}]}<\/script>\n<!-- \/ Yoast SEO plugin. -->","yoast_head_json":{"title":"Silberne Blatt-Ohrringe - zarter Zweig am Ohr - Spirit Dust","description":"Silberne Blattohrringe 12,19 x 7 mm, zarte 925er Silberzweige mit einer subtilen Textur, leicht und bequem f\u00fcr den t\u00e4glichen Gebrauch.","robots":{"index":"index","follow":"follow","max-snippet":"max-snippet:-1","max-image-preview":"max-image-preview:large","max-video-preview":"max-video-preview:-1"},"canonical":"https:\/\/spiritdust.pl\/de\/produkt\/silberne-blatt-ohrringe-zarter-zweig-am-ohr\/","og_locale":"de_DE","og_type":"article","og_title":"Silberne Blatt-Ohrringe - zarter Zweig am Ohr - Spirit Dust","og_description":"Silberne Blattohrringe 12,19 x 7 mm, zarte 925er Silberzweige mit einer subtilen Textur, leicht und bequem f\u00fcr den t\u00e4glichen Gebrauch.","og_url":"https:\/\/spiritdust.pl\/de\/produkt\/silberne-blatt-ohrringe-zarter-zweig-am-ohr\/","og_site_name":"Spirit Dust","article_publisher":"https:\/\/www.facebook.com\/spiritdustmj\/","og_image":[{"width":2560,"height":2560,"url":"https:\/\/spiritdust.pl\/wp-content\/uploads\/2026\/03\/DSC03526-scaled.jpg","type":"image\/jpeg"}],"twitter_card":"summary_large_image","twitter_misc":{"Gesch\u00e4tzte Lesezeit":"1\u00a0Minute"},"schema":{"@context":"https:\/\/schema.org","@graph":[{"@type":"WebPage","@id":"https:\/\/spiritdust.pl\/de\/produkt\/silberne-blatt-ohrringe-zarter-zweig-am-ohr\/","url":"https:\/\/spiritdust.pl\/de\/produkt\/silberne-blatt-ohrringe-zarter-zweig-am-ohr\/","name":"Silberne Blatt-Ohrringe - zarter Zweig am Ohr - Spirit Dust","isPartOf":{"@id":"https:\/\/green-chough-870564.hostingersite.com\/#website"},"primaryImageOfPage":{"@id":"https:\/\/spiritdust.pl\/de\/produkt\/silberne-blatt-ohrringe-zarter-zweig-am-ohr\/#primaryimage"},"image":{"@id":"https:\/\/spiritdust.pl\/de\/produkt\/silberne-blatt-ohrringe-zarter-zweig-am-ohr\/#primaryimage"},"thumbnailUrl":"https:\/\/spiritdust.pl\/wp-content\/uploads\/2026\/03\/DSC03526-scaled.jpg","datePublished":"2026-03-31T14:12:15+00:00","description":"Silberne Blattohrringe 12,19 x 7 mm, zarte 925er Silberzweige mit einer subtilen Textur, leicht und bequem f\u00fcr den t\u00e4glichen Gebrauch.","breadcrumb":{"@id":"https:\/\/spiritdust.pl\/de\/produkt\/silberne-blatt-ohrringe-zarter-zweig-am-ohr\/#breadcrumb"},"inLanguage":"de","potentialAction":[{"@type":"ReadAction","target":["https:\/\/spiritdust.pl\/de\/produkt\/silberne-blatt-ohrringe-zarter-zweig-am-ohr\/"]}]},{"@type":"ImageObject","inLanguage":"de","@id":"https:\/\/spiritdust.pl\/de\/produkt\/silberne-blatt-ohrringe-zarter-zweig-am-ohr\/#primaryimage","url":"https:\/\/spiritdust.pl\/wp-content\/uploads\/2026\/03\/DSC03526-scaled.jpg","contentUrl":"https:\/\/spiritdust.pl\/wp-content\/uploads\/2026\/03\/DSC03526-scaled.jpg","width":2560,"height":2560},{"@type":"BreadcrumbList","@id":"https:\/\/spiritdust.pl\/de\/produkt\/silberne-blatt-ohrringe-zarter-zweig-am-ohr\/#breadcrumb","itemListElement":[{"@type":"ListItem","position":1,"name":"Strona g\u0142\u00f3wna","item":"https:\/\/spiritdust.pl\/de\/"},{"@type":"ListItem","position":2,"name":"Shop","item":"https:\/\/green-chough-870564.hostingersite.com\/shop\/"},{"@type":"ListItem","position":3,"name":"Silberne Blatt-Ohrringe &#8211; zarter Zweig am Ohr"}]},{"@type":"WebSite","@id":"https:\/\/green-chough-870564.hostingersite.com\/#website","url":"https:\/\/green-chough-870564.hostingersite.com\/","name":"Spirit Dust","description":"Bi\u017cuteria z Miedzi, Srebra i Kamieni Naturalnych","publisher":{"@id":"https:\/\/green-chough-870564.hostingersite.com\/#organization"},"potentialAction":[{"@type":"SearchAction","target":{"@type":"EntryPoint","urlTemplate":"https:\/\/green-chough-870564.hostingersite.com\/?s={search_term_string}"},"query-input":{"@type":"PropertyValueSpecification","valueRequired":true,"valueName":"search_term_string"}}],"inLanguage":"de"},{"@type":"Organization","@id":"https:\/\/green-chough-870564.hostingersite.com\/#organization","name":"Geisterstaub","url":"https:\/\/green-chough-870564.hostingersite.com\/","logo":{"@type":"ImageObject","inLanguage":"de","@id":"https:\/\/green-chough-870564.hostingersite.com\/#\/schema\/logo\/image\/","url":"https:\/\/spiritdust.pl\/wp-content\/uploads\/2026\/01\/logo-sd.png","contentUrl":"https:\/\/spiritdust.pl\/wp-content\/uploads\/2026\/01\/logo-sd.png","width":251,"height":368,"caption":"Geisterstaub"},"image":{"@id":"https:\/\/green-chough-870564.hostingersite.com\/#\/schema\/logo\/image\/"},"sameAs":["https:\/\/www.facebook.com\/spiritdustmj\/","https:\/\/instagram.com\/spirit__dust"]}]}},"_links":{"self":[{"href":"https:\/\/spiritdust.pl\/de\/wp-json\/wp\/v2\/product\/6515","targetHints":{"allow":["GET"]}}],"collection":[{"href":"https:\/\/spiritdust.pl\/de\/wp-json\/wp\/v2\/product"}],"about":[{"href":"https:\/\/spiritdust.pl\/de\/wp-json\/wp\/v2\/types\/product"}],"version-history":[{"count":0,"href":"https:\/\/spiritdust.pl\/de\/wp-json\/wp\/v2\/product\/6515\/revisions"}],"wp:featuredmedia":[{"embeddable":true,"href":"https:\/\/spiritdust.pl\/de\/wp-json\/wp\/v2\/media\/6406"}],"wp:attachment":[{"href":"https:\/\/spiritdust.pl\/de\/wp-json\/wp\/v2\/media?parent=6515"}],"wp:term":[{"taxonomy":"product_brand","embeddable":true,"href":"https:\/\/spiritdust.pl\/de\/wp-json\/wp\/v2\/product_brand?post=6515"},{"taxonomy":"product_cat","embeddable":true,"href":"https:\/\/spiritdust.pl\/de\/wp-json\/wp\/v2\/product_cat?post=6515"},{"taxonomy":"product_tag","embeddable":true,"href":"https:\/\/spiritdust.pl\/de\/wp-json\/wp\/v2\/product_tag?post=6515"}],"curies":[{"name":"wp","href":"https:\/\/api.w.org\/{rel}","templated":true}]}}