{"id":6668,"date":"2026-04-22T16:20:46","date_gmt":"2026-04-22T16:20:46","guid":{"rendered":"https:\/\/spiritdust.pl\/produkt\/mondstein-halskette-gefluester-des-mondes\/"},"modified":"2026-04-22T16:20:46","modified_gmt":"2026-04-22T16:20:46","slug":"mondstein-halskette-gefluester-des-mondes","status":"publish","type":"product","link":"https:\/\/spiritdust.pl\/de\/produkt\/mondstein-halskette-gefluester-des-mondes\/","title":{"rendered":"Mondstein-Halskette &#8211; Gefl\u00fcster des Mondes"},"content":{"rendered":"<p data-start=\"249\" data-end=\"408\">Bei der <strong data-start=\"249\" data-end=\"303\">Mondstein-Halskette &#8222;Whisper of the Moon\u201e<\/strong> habe ich an etwas sehr Leichtes gedacht. Eine, die nicht sofort ins Auge sticht, aber daf\u00fcr l\u00e4nger getragen werden kann. <\/p>\n<p data-start=\"410\" data-end=\"573\">In der Mitte befindet sich ein Tropfen aus Mondstein. Er hat ein weiches, leicht milchiges Inneres und reflektiert sanft das Licht. Er ist nicht perfekt und genau das ist das Sch\u00f6nste an ihm.  <\/p>\n<p data-start=\"575\" data-end=\"734\">\u00dcberall liegen kleine Steine herum &#8211; Bergkristall, Topas, Rosenquarz, Rauchquarz und H\u00e4matit. Jeder ein bisschen anders, so dass das Ganze nicht &#8222;gleichm\u00e4\u00dfig\u201e, sondern eher lebendig ist. <\/p>\n<p data-start=\"736\" data-end=\"871\">Diese <strong data-start=\"740\" data-end=\"777\">Mondstein-Halskette<\/strong> habe ich Stein f\u00fcr Stein von Hand zusammengesetzt. Ich mache keine zwei gleichen, denn das w\u00fcrde sowieso nicht funktionieren. <\/p>\n<h2 data-section-id=\"j7mn0t\" data-start=\"873\" data-end=\"919\">Zarte Mondstein-Halskette<\/h2>\n<p data-start=\"921\" data-end=\"1092\">Sie liegt eng am Hals an, ist leicht und bequem. Du kannst sie jeden Tag tragen und hast trotzdem das Gef\u00fchl, dass sie etwas Besonderes ist. Sie dominiert das Styling nicht, sondern erg\u00e4nzt es.  <\/p>\n<h2 data-section-id=\"sjt45o\" data-start=\"1094\" data-end=\"1109\">\u00dcber die Steine<\/h2>\n<p data-start=\"1111\" data-end=\"1313\">Die Steine, die ich f\u00fcr diese Kette verwendet habe, sind nat\u00fcrlich und variieren daher in Farbe, Klarheit und Textur. Sie sind nicht perfekt gleichm\u00e4\u00dfig &#8211; und genau das macht das Ganze lebendiger. <\/p>\n<p data-start=\"1315\" data-end=\"1438\">Ich w\u00e4hle sie so aus, dass sie zusammen eine koh\u00e4rente Komposition bilden. Selbst kleine Unterschiede spielen eine Rolle und beeinflussen den endg\u00fcltigen Effekt. <\/p>\n<p data-start=\"900\" data-end=\"1016\">Wenn du zarte Dinge wie diese magst, kannst du dir auch andere Designs hier ansehen:<br data-start=\"977\" data-end=\"980\">\ud83d\udc49 <a href=\"https:\/\/spiritdust.pl\/de\/kategorien\/schmuck\/silberschmuck\/silberketten\/?v=288404204e3d\" target=\"_blank\" rel=\"noopener\"><em data-start=\"983\" data-end=\"1016\">[Link zur Kategorie Halsketten].<\/em><\/a><\/p>\n<hr data-start=\"1248\" data-end=\"1251\">\n<h2 data-section-id=\"1pta2jj\" data-start=\"1691\" data-end=\"1703\">F\u00fcr wen?<\/h2>\n<ul>\n<li data-start=\"1705\" data-end=\"1846\">F\u00fcr die Person, die helle, ruhige Formen und zarten Schmuck mit Charakter mag.<\/li>\n<li data-start=\"1705\" data-end=\"1846\">F\u00fcr jemanden, der etwas Subtiles, aber nicht Klischeehaftes sucht.<\/li>\n<\/ul>\n<hr data-start=\"1848\" data-end=\"1851\">\n<h2 data-section-id=\"b0rohq\" data-start=\"1853\" data-end=\"1872\">Technische Daten:<\/h2>\n<ul data-start=\"1874\" data-end=\"2088\">\n<li data-section-id=\"1p6hw28\" data-start=\"1874\" data-end=\"1914\">L\u00e4nge: ca. 39 cm + 6 cm Verl\u00e4ngerungsst\u00fcck <\/li>\n<li data-section-id=\"1px2y54\" data-start=\"1915\" data-end=\"1945\">Material: 925er Silber<\/li>\n<li data-section-id=\"wzygwd\" data-start=\"1946\" data-end=\"2037\">Steine: Mondstein, Bergkristall, Topas, Rosenquarz, Rauchquarz, H\u00e4matit<\/li>\n<li data-section-id=\"14esi6k\" data-start=\"2038\" data-end=\"2059\">Ausf\u00fchrung: manuell<\/li>\n<li data-section-id=\"1q36cpn\" data-start=\"2060\" data-end=\"2088\">einzigartig: ein Exemplar<\/li>\n<\/ul>\n","protected":false},"excerpt":{"rendered":"<p>Zarte Halskette mit Mondstein und klaren Natursteinen. Leicht, dezent und handgefertigt. <\/p>\n<p>Ich verpacke den Schmuck sorgf\u00e4ltig in einer dekorativen Schachtel, sodass er sofort als Geschenk bereit ist.<\/p>\n","protected":false},"featured_media":6614,"template":"","meta":{"inline_featured_image":false},"product_brand":[],"product_cat":[167,256],"product_tag":[193,169,171,254,200,327],"class_list":{"0":"post-6668","1":"product","2":"type-product","3":"status-publish","4":"has-post-thumbnail","6":"product_cat-schmuck","7":"product_cat-silberketten","8":"product_tag-bergkristall","9":"product_tag-hamatit","10":"product_tag-mondstein","11":"product_tag-rauchquarz","12":"product_tag-rosenquarz","13":"product_tag-topas","15":"first","16":"outofstock","17":"taxable","18":"shipping-taxable","19":"purchasable","20":"product-type-simple"},"yoast_head":"<!-- This site is optimized with the Yoast SEO plugin v27.5 - https:\/\/yoast.com\/product\/yoast-seo-wordpress\/ -->\n<title>Mondstein-Halskette - Gefl\u00fcster des Mondes - Spirit Dust<\/title>\n<meta name=\"description\" content=\"Zarte Halskette mit Mondstein, Strassstein und klaren Natursteinen. Handgefertigt aus 925er Silber.\" \/>\n<meta name=\"robots\" content=\"index, follow, max-snippet:-1, max-image-preview:large, max-video-preview:-1\" \/>\n<link rel=\"canonical\" href=\"https:\/\/spiritdust.pl\/de\/produkt\/mondstein-halskette-gefluester-des-mondes\/\" \/>\n<meta property=\"og:locale\" content=\"de_DE\" \/>\n<meta property=\"og:type\" content=\"article\" \/>\n<meta property=\"og:title\" content=\"Mondstein-Halskette - Gefl\u00fcster des Mondes - Spirit Dust\" \/>\n<meta property=\"og:description\" content=\"Zarte Halskette mit Mondstein, Strassstein und klaren Natursteinen. Handgefertigt aus 925er Silber.\" \/>\n<meta property=\"og:url\" content=\"https:\/\/spiritdust.pl\/de\/produkt\/mondstein-halskette-gefluester-des-mondes\/\" \/>\n<meta property=\"og:site_name\" content=\"Spirit Dust\" \/>\n<meta property=\"article:publisher\" content=\"https:\/\/www.facebook.com\/spiritdustmj\/\" \/>\n<meta property=\"og:image\" content=\"https:\/\/spiritdust.pl\/wp-content\/uploads\/2026\/04\/DSC03552-scaled.jpg\" \/>\n\t<meta property=\"og:image:width\" content=\"2560\" \/>\n\t<meta property=\"og:image:height\" content=\"2560\" \/>\n\t<meta property=\"og:image:type\" content=\"image\/jpeg\" \/>\n<meta name=\"twitter:card\" content=\"summary_large_image\" \/>\n<meta name=\"twitter:label1\" content=\"Gesch\u00e4tzte Lesezeit\" \/>\n\t<meta name=\"twitter:data1\" content=\"1\u00a0Minute\" \/>\n<script type=\"application\/ld+json\" class=\"yoast-schema-graph\">{\"@context\":\"https:\\\/\\\/schema.org\",\"@graph\":[{\"@type\":\"WebPage\",\"@id\":\"https:\\\/\\\/spiritdust.pl\\\/de\\\/produkt\\\/mondstein-halskette-gefluester-des-mondes\\\/\",\"url\":\"https:\\\/\\\/spiritdust.pl\\\/de\\\/produkt\\\/mondstein-halskette-gefluester-des-mondes\\\/\",\"name\":\"Mondstein-Halskette - Gefl\u00fcster des Mondes - Spirit Dust\",\"isPartOf\":{\"@id\":\"https:\\\/\\\/green-chough-870564.hostingersite.com\\\/#website\"},\"primaryImageOfPage\":{\"@id\":\"https:\\\/\\\/spiritdust.pl\\\/de\\\/produkt\\\/mondstein-halskette-gefluester-des-mondes\\\/#primaryimage\"},\"image\":{\"@id\":\"https:\\\/\\\/spiritdust.pl\\\/de\\\/produkt\\\/mondstein-halskette-gefluester-des-mondes\\\/#primaryimage\"},\"thumbnailUrl\":\"https:\\\/\\\/spiritdust.pl\\\/wp-content\\\/uploads\\\/2026\\\/04\\\/DSC03552-scaled.jpg\",\"datePublished\":\"2026-04-22T16:20:46+00:00\",\"description\":\"Zarte Halskette mit Mondstein, Strassstein und klaren Natursteinen. Handgefertigt aus 925er Silber.\",\"breadcrumb\":{\"@id\":\"https:\\\/\\\/spiritdust.pl\\\/de\\\/produkt\\\/mondstein-halskette-gefluester-des-mondes\\\/#breadcrumb\"},\"inLanguage\":\"de\",\"potentialAction\":[{\"@type\":\"ReadAction\",\"target\":[\"https:\\\/\\\/spiritdust.pl\\\/de\\\/produkt\\\/mondstein-halskette-gefluester-des-mondes\\\/\"]}]},{\"@type\":\"ImageObject\",\"inLanguage\":\"de\",\"@id\":\"https:\\\/\\\/spiritdust.pl\\\/de\\\/produkt\\\/mondstein-halskette-gefluester-des-mondes\\\/#primaryimage\",\"url\":\"https:\\\/\\\/spiritdust.pl\\\/wp-content\\\/uploads\\\/2026\\\/04\\\/DSC03552-scaled.jpg\",\"contentUrl\":\"https:\\\/\\\/spiritdust.pl\\\/wp-content\\\/uploads\\\/2026\\\/04\\\/DSC03552-scaled.jpg\",\"width\":2560,\"height\":2560,\"caption\":\"naszyjnik z czarnym turmalinem srebro 925\"},{\"@type\":\"BreadcrumbList\",\"@id\":\"https:\\\/\\\/spiritdust.pl\\\/de\\\/produkt\\\/mondstein-halskette-gefluester-des-mondes\\\/#breadcrumb\",\"itemListElement\":[{\"@type\":\"ListItem\",\"position\":1,\"name\":\"Strona g\u0142\u00f3wna\",\"item\":\"https:\\\/\\\/spiritdust.pl\\\/de\\\/spirit-dust-schmuck-aus-kupfer-silber-und-natursteinen\\\/\"},{\"@type\":\"ListItem\",\"position\":2,\"name\":\"Shop\",\"item\":\"https:\\\/\\\/green-chough-870564.hostingersite.com\\\/shop\\\/\"},{\"@type\":\"ListItem\",\"position\":3,\"name\":\"Mondstein-Halskette &#8211; Gefl\u00fcster des Mondes\"}]},{\"@type\":\"WebSite\",\"@id\":\"https:\\\/\\\/green-chough-870564.hostingersite.com\\\/#website\",\"url\":\"https:\\\/\\\/green-chough-870564.hostingersite.com\\\/\",\"name\":\"Spirit Dust\",\"description\":\"Bi\u017cuteria z Miedzi, Srebra i Kamieni Naturalnych\",\"publisher\":{\"@id\":\"https:\\\/\\\/green-chough-870564.hostingersite.com\\\/#organization\"},\"potentialAction\":[{\"@type\":\"SearchAction\",\"target\":{\"@type\":\"EntryPoint\",\"urlTemplate\":\"https:\\\/\\\/green-chough-870564.hostingersite.com\\\/?s={search_term_string}\"},\"query-input\":{\"@type\":\"PropertyValueSpecification\",\"valueRequired\":true,\"valueName\":\"search_term_string\"}}],\"inLanguage\":\"de\"},{\"@type\":\"Organization\",\"@id\":\"https:\\\/\\\/green-chough-870564.hostingersite.com\\\/#organization\",\"name\":\"Geisterstaub\",\"url\":\"https:\\\/\\\/green-chough-870564.hostingersite.com\\\/\",\"logo\":{\"@type\":\"ImageObject\",\"inLanguage\":\"de\",\"@id\":\"https:\\\/\\\/green-chough-870564.hostingersite.com\\\/#\\\/schema\\\/logo\\\/image\\\/\",\"url\":\"https:\\\/\\\/spiritdust.pl\\\/wp-content\\\/uploads\\\/2026\\\/01\\\/logo-sd.png\",\"contentUrl\":\"https:\\\/\\\/spiritdust.pl\\\/wp-content\\\/uploads\\\/2026\\\/01\\\/logo-sd.png\",\"width\":251,\"height\":368,\"caption\":\"Geisterstaub\"},\"image\":{\"@id\":\"https:\\\/\\\/green-chough-870564.hostingersite.com\\\/#\\\/schema\\\/logo\\\/image\\\/\"},\"sameAs\":[\"https:\\\/\\\/www.facebook.com\\\/spiritdustmj\\\/\",\"https:\\\/\\\/instagram.com\\\/spirit__dust\"]}]}<\/script>\n<!-- \/ Yoast SEO plugin. -->","yoast_head_json":{"title":"Mondstein-Halskette - Gefl\u00fcster des Mondes - Spirit Dust","description":"Zarte Halskette mit Mondstein, Strassstein und klaren Natursteinen. Handgefertigt aus 925er Silber.","robots":{"index":"index","follow":"follow","max-snippet":"max-snippet:-1","max-image-preview":"max-image-preview:large","max-video-preview":"max-video-preview:-1"},"canonical":"https:\/\/spiritdust.pl\/de\/produkt\/mondstein-halskette-gefluester-des-mondes\/","og_locale":"de_DE","og_type":"article","og_title":"Mondstein-Halskette - Gefl\u00fcster des Mondes - Spirit Dust","og_description":"Zarte Halskette mit Mondstein, Strassstein und klaren Natursteinen. Handgefertigt aus 925er Silber.","og_url":"https:\/\/spiritdust.pl\/de\/produkt\/mondstein-halskette-gefluester-des-mondes\/","og_site_name":"Spirit Dust","article_publisher":"https:\/\/www.facebook.com\/spiritdustmj\/","og_image":[{"width":2560,"height":2560,"url":"https:\/\/spiritdust.pl\/wp-content\/uploads\/2026\/04\/DSC03552-scaled.jpg","type":"image\/jpeg"}],"twitter_card":"summary_large_image","twitter_misc":{"Gesch\u00e4tzte Lesezeit":"1\u00a0Minute"},"schema":{"@context":"https:\/\/schema.org","@graph":[{"@type":"WebPage","@id":"https:\/\/spiritdust.pl\/de\/produkt\/mondstein-halskette-gefluester-des-mondes\/","url":"https:\/\/spiritdust.pl\/de\/produkt\/mondstein-halskette-gefluester-des-mondes\/","name":"Mondstein-Halskette - Gefl\u00fcster des Mondes - Spirit Dust","isPartOf":{"@id":"https:\/\/green-chough-870564.hostingersite.com\/#website"},"primaryImageOfPage":{"@id":"https:\/\/spiritdust.pl\/de\/produkt\/mondstein-halskette-gefluester-des-mondes\/#primaryimage"},"image":{"@id":"https:\/\/spiritdust.pl\/de\/produkt\/mondstein-halskette-gefluester-des-mondes\/#primaryimage"},"thumbnailUrl":"https:\/\/spiritdust.pl\/wp-content\/uploads\/2026\/04\/DSC03552-scaled.jpg","datePublished":"2026-04-22T16:20:46+00:00","description":"Zarte Halskette mit Mondstein, Strassstein und klaren Natursteinen. Handgefertigt aus 925er Silber.","breadcrumb":{"@id":"https:\/\/spiritdust.pl\/de\/produkt\/mondstein-halskette-gefluester-des-mondes\/#breadcrumb"},"inLanguage":"de","potentialAction":[{"@type":"ReadAction","target":["https:\/\/spiritdust.pl\/de\/produkt\/mondstein-halskette-gefluester-des-mondes\/"]}]},{"@type":"ImageObject","inLanguage":"de","@id":"https:\/\/spiritdust.pl\/de\/produkt\/mondstein-halskette-gefluester-des-mondes\/#primaryimage","url":"https:\/\/spiritdust.pl\/wp-content\/uploads\/2026\/04\/DSC03552-scaled.jpg","contentUrl":"https:\/\/spiritdust.pl\/wp-content\/uploads\/2026\/04\/DSC03552-scaled.jpg","width":2560,"height":2560,"caption":"naszyjnik z czarnym turmalinem srebro 925"},{"@type":"BreadcrumbList","@id":"https:\/\/spiritdust.pl\/de\/produkt\/mondstein-halskette-gefluester-des-mondes\/#breadcrumb","itemListElement":[{"@type":"ListItem","position":1,"name":"Strona g\u0142\u00f3wna","item":"https:\/\/spiritdust.pl\/de\/spirit-dust-schmuck-aus-kupfer-silber-und-natursteinen\/"},{"@type":"ListItem","position":2,"name":"Shop","item":"https:\/\/green-chough-870564.hostingersite.com\/shop\/"},{"@type":"ListItem","position":3,"name":"Mondstein-Halskette &#8211; Gefl\u00fcster des Mondes"}]},{"@type":"WebSite","@id":"https:\/\/green-chough-870564.hostingersite.com\/#website","url":"https:\/\/green-chough-870564.hostingersite.com\/","name":"Spirit Dust","description":"Bi\u017cuteria z Miedzi, Srebra i Kamieni Naturalnych","publisher":{"@id":"https:\/\/green-chough-870564.hostingersite.com\/#organization"},"potentialAction":[{"@type":"SearchAction","target":{"@type":"EntryPoint","urlTemplate":"https:\/\/green-chough-870564.hostingersite.com\/?s={search_term_string}"},"query-input":{"@type":"PropertyValueSpecification","valueRequired":true,"valueName":"search_term_string"}}],"inLanguage":"de"},{"@type":"Organization","@id":"https:\/\/green-chough-870564.hostingersite.com\/#organization","name":"Geisterstaub","url":"https:\/\/green-chough-870564.hostingersite.com\/","logo":{"@type":"ImageObject","inLanguage":"de","@id":"https:\/\/green-chough-870564.hostingersite.com\/#\/schema\/logo\/image\/","url":"https:\/\/spiritdust.pl\/wp-content\/uploads\/2026\/01\/logo-sd.png","contentUrl":"https:\/\/spiritdust.pl\/wp-content\/uploads\/2026\/01\/logo-sd.png","width":251,"height":368,"caption":"Geisterstaub"},"image":{"@id":"https:\/\/green-chough-870564.hostingersite.com\/#\/schema\/logo\/image\/"},"sameAs":["https:\/\/www.facebook.com\/spiritdustmj\/","https:\/\/instagram.com\/spirit__dust"]}]}},"_links":{"self":[{"href":"https:\/\/spiritdust.pl\/de\/wp-json\/wp\/v2\/product\/6668","targetHints":{"allow":["GET"]}}],"collection":[{"href":"https:\/\/spiritdust.pl\/de\/wp-json\/wp\/v2\/product"}],"about":[{"href":"https:\/\/spiritdust.pl\/de\/wp-json\/wp\/v2\/types\/product"}],"version-history":[{"count":0,"href":"https:\/\/spiritdust.pl\/de\/wp-json\/wp\/v2\/product\/6668\/revisions"}],"wp:featuredmedia":[{"embeddable":true,"href":"https:\/\/spiritdust.pl\/de\/wp-json\/wp\/v2\/media\/6614"}],"wp:attachment":[{"href":"https:\/\/spiritdust.pl\/de\/wp-json\/wp\/v2\/media?parent=6668"}],"wp:term":[{"taxonomy":"product_brand","embeddable":true,"href":"https:\/\/spiritdust.pl\/de\/wp-json\/wp\/v2\/product_brand?post=6668"},{"taxonomy":"product_cat","embeddable":true,"href":"https:\/\/spiritdust.pl\/de\/wp-json\/wp\/v2\/product_cat?post=6668"},{"taxonomy":"product_tag","embeddable":true,"href":"https:\/\/spiritdust.pl\/de\/wp-json\/wp\/v2\/product_tag?post=6668"}],"curies":[{"name":"wp","href":"https:\/\/api.w.org\/{rel}","templated":true}]}}