{"id":6691,"date":"2026-04-22T16:20:54","date_gmt":"2026-04-22T16:20:54","guid":{"rendered":"https:\/\/spiritdust.pl\/produkt\/schwarze-turmalin-halskette-under-the-night-sky\/"},"modified":"2026-04-22T16:20:54","modified_gmt":"2026-04-22T16:20:54","slug":"schwarze-turmalin-halskette-under-the-night-sky","status":"publish","type":"product","link":"https:\/\/spiritdust.pl\/de\/produkt\/schwarze-turmalin-halskette-under-the-night-sky\/","title":{"rendered":"Schwarze Turmalin-Halskette &#8211; Under the Night Sky"},"content":{"rendered":"<p data-start=\"125\" data-end=\"266\">Ich habe <strong data-start=\"125\" data-end=\"179\">die schwarze Turmalin-Halskette &#8222;Under the Night Sky\u201e<\/strong> als kontrastreichere Version gemacht. Immer noch ruhig, aber mit mehr Charakter. <\/p>\n<p data-start=\"268\" data-end=\"446\">In der Mitte ist ein St\u00fcck schwarzer Turmalin. Ich habe ihn in seiner nat\u00fcrlichen Form belassen, so dass er seine eigene Textur hat und nicht vollkommen glatt ist. Das l\u00e4sst ihn noch roher und echter aussehen.  <\/p>\n<p data-start=\"448\" data-end=\"676\">\u00dcberall liegen kleine Steine herum &#8211; Bergkristall, Topas, Labradorit, Iolith, Saphir und Onyx. Sie sind mal heller und mal dunkler, also ist das Ganze nicht einheitlich. Es ist ein bisschen wie der Nachthimmel &#8211; er ist nicht &#8222;flach\u201e schwarz, sondern es ist einfach etwas los.  <\/p>\n<p data-start=\"678\" data-end=\"834\">Ich stelle diese <strong data-start=\"682\" data-end=\"716\">schwarze Turmalin-Halskette<\/strong> Stein f\u00fcr Stein von Hand zusammen. Es gibt keine zwei identischen St\u00fccke, denn jedes Arrangement f\u00e4llt etwas anders aus. <\/p>\n<h2 data-section-id=\"1rynhc3\" data-start=\"836\" data-end=\"884\">Schwarze Turmalin-Halskette &#8211; rohe Form<\/h2>\n<p data-start=\"886\" data-end=\"1067\">Am Hals sitzt er eng und stabil, ist aber nicht schwer. Er hat eine ruhige Ausstrahlung, aber er ist nicht auf offensichtliche Weise zart. Vielmehr ist es eine leise Ber\u00fchrung, die man erst nach einer Weile bemerkt.  <\/p>\n<h2 data-section-id=\"sjt45o\" data-start=\"1069\" data-end=\"1084\">\u00dcber die Steine<\/h2>\n<p data-start=\"1086\" data-end=\"1294\">Die Steine, die ich f\u00fcr diese Kette verwendet habe, sind nat\u00fcrlich und k\u00f6nnen daher in Farbe, Textur und Reinheit variieren. Sie sind nicht perfekt gleichm\u00e4\u00dfig &#8211; und das l\u00e4sst jedes St\u00fcck ein wenig anders aussehen. <\/p>\n<p data-start=\"1296\" data-end=\"1415\">Ich w\u00e4hle sie so aus, dass sie zusammen ein koh\u00e4rentes Ganzes bilden. Selbst kleine Unterschiede spielen eine Rolle und beeinflussen die endg\u00fcltige Wirkung. <\/p>\n<p data-start=\"900\" data-end=\"1016\">Wenn du zarte Dinge wie diese magst, kannst du dir auch andere Designs hier ansehen:<br data-start=\"977\" data-end=\"980\">\ud83d\udc49 <a href=\"https:\/\/spiritdust.pl\/de\/kategorien\/schmuck\/silberschmuck\/silberketten\/?v=288404204e3d\" target=\"_blank\" rel=\"noopener\"><em data-start=\"983\" data-end=\"1016\">[Link zur Kategorie Halsketten].<\/em><\/a><\/p>\n<hr data-start=\"1248\" data-end=\"1251\">\n<h2 data-section-id=\"1pta2jj\" data-start=\"1682\" data-end=\"1694\">F\u00fcr wen?<\/h2>\n<ul>\n<li data-start=\"1696\" data-end=\"1814\">F\u00fcr die Person, die Kontraste und strengere Formen mag.<\/li>\n<li data-start=\"1696\" data-end=\"1814\">F\u00fcr jemanden, der auf der Suche nach Schmuck ist, der ruhig ist, aber Charakter hat.<\/li>\n<\/ul>\n<hr data-start=\"1816\" data-end=\"1819\">\n<h2 data-section-id=\"b0rohq\" data-start=\"1821\" data-end=\"1840\">Technische Daten:<\/h2>\n<ul data-start=\"1842\" data-end=\"2052\">\n<li data-section-id=\"1p6hw28\" data-start=\"1842\" data-end=\"1882\">L\u00e4nge: ca. 39 cm + 6 cm Verl\u00e4ngerungsst\u00fcck <\/li>\n<li data-section-id=\"1px2y54\" data-start=\"1883\" data-end=\"1913\">Material: 925er Silber<\/li>\n<li data-section-id=\"1jo5e69\" data-start=\"1914\" data-end=\"2001\">Steine: Schwarzer Turmalin, Bergkristall, Topas, Labradorit, Iolith, Saphir, Onyx<\/li>\n<li data-section-id=\"14esi6k\" data-start=\"2002\" data-end=\"2023\">Ausf\u00fchrung: manuell<\/li>\n<li data-section-id=\"1q36cpn\" data-start=\"2024\" data-end=\"2052\">einzigartig: ein Exemplar<\/li>\n<\/ul>\n","protected":false},"excerpt":{"rendered":"<p data-start=\"97\" data-end=\"236\">Halskette mit schwarzem Turmalin und Natursteinen. Roh, ruhig, mit einem ausgepr\u00e4gten Charakter. Handgefertigt, ein Einzelst\u00fcck.  <\/p>\n<p>Ich verpacke den Schmuck sorgf\u00e4ltig in einer dekorativen Schachtel, sodass er sofort als Geschenk bereit ist.<\/p>\n","protected":false},"featured_media":6623,"template":"","meta":{"inline_featured_image":false},"product_brand":[],"product_cat":[167,256],"product_tag":[193,390,210,319,198,220,327],"class_list":{"0":"post-6691","1":"product","2":"type-product","3":"status-publish","4":"has-post-thumbnail","6":"product_cat-schmuck","7":"product_cat-silberketten","8":"product_tag-bergkristall","9":"product_tag-iolite","10":"product_tag-labradorit","11":"product_tag-onyx","12":"product_tag-saphir","13":"product_tag-schwarzer-turmalin","14":"product_tag-topas","16":"first","17":"instock","18":"taxable","19":"shipping-taxable","20":"purchasable","21":"product-type-simple"},"yoast_head":"<!-- This site is optimized with the Yoast SEO plugin v27.5 - https:\/\/yoast.com\/product\/yoast-seo-wordpress\/ -->\n<title>Schwarze Turmalin-Halskette - Under the Night Sky - Spirit Dust<\/title>\n<meta name=\"description\" content=\"Halskette mit schwarzem Turmalin und Natursteinen. Handgefertigt aus 925er Silber, mit einem rohen, ruhigen Charakter und einer einzigartigen Form.\" \/>\n<meta name=\"robots\" content=\"index, follow, max-snippet:-1, max-image-preview:large, max-video-preview:-1\" \/>\n<link rel=\"canonical\" href=\"https:\/\/spiritdust.pl\/de\/produkt\/schwarze-turmalin-halskette-under-the-night-sky\/\" \/>\n<meta property=\"og:locale\" content=\"de_DE\" \/>\n<meta property=\"og:type\" content=\"article\" \/>\n<meta property=\"og:title\" content=\"Schwarze Turmalin-Halskette - Under the Night Sky - Spirit Dust\" \/>\n<meta property=\"og:description\" content=\"Halskette mit schwarzem Turmalin und Natursteinen. Handgefertigt aus 925er Silber, mit einem rohen, ruhigen Charakter und einer einzigartigen Form.\" \/>\n<meta property=\"og:url\" content=\"https:\/\/spiritdust.pl\/de\/produkt\/schwarze-turmalin-halskette-under-the-night-sky\/\" \/>\n<meta property=\"og:site_name\" content=\"Spirit Dust\" \/>\n<meta property=\"article:publisher\" content=\"https:\/\/www.facebook.com\/spiritdustmj\/\" \/>\n<meta property=\"og:image\" content=\"https:\/\/spiritdust.pl\/wp-content\/uploads\/2026\/04\/DSC03559-scaled.jpg\" \/>\n\t<meta property=\"og:image:width\" content=\"2560\" \/>\n\t<meta property=\"og:image:height\" content=\"2560\" \/>\n\t<meta property=\"og:image:type\" content=\"image\/jpeg\" \/>\n<meta name=\"twitter:card\" content=\"summary_large_image\" \/>\n<meta name=\"twitter:label1\" content=\"Gesch\u00e4tzte Lesezeit\" \/>\n\t<meta name=\"twitter:data1\" content=\"2\u00a0Minuten\" \/>\n<script type=\"application\/ld+json\" class=\"yoast-schema-graph\">{\"@context\":\"https:\\\/\\\/schema.org\",\"@graph\":[{\"@type\":\"WebPage\",\"@id\":\"https:\\\/\\\/spiritdust.pl\\\/de\\\/produkt\\\/schwarze-turmalin-halskette-under-the-night-sky\\\/\",\"url\":\"https:\\\/\\\/spiritdust.pl\\\/de\\\/produkt\\\/schwarze-turmalin-halskette-under-the-night-sky\\\/\",\"name\":\"Schwarze Turmalin-Halskette - Under the Night Sky - Spirit Dust\",\"isPartOf\":{\"@id\":\"https:\\\/\\\/green-chough-870564.hostingersite.com\\\/#website\"},\"primaryImageOfPage\":{\"@id\":\"https:\\\/\\\/spiritdust.pl\\\/de\\\/produkt\\\/schwarze-turmalin-halskette-under-the-night-sky\\\/#primaryimage\"},\"image\":{\"@id\":\"https:\\\/\\\/spiritdust.pl\\\/de\\\/produkt\\\/schwarze-turmalin-halskette-under-the-night-sky\\\/#primaryimage\"},\"thumbnailUrl\":\"https:\\\/\\\/spiritdust.pl\\\/wp-content\\\/uploads\\\/2026\\\/04\\\/DSC03559-scaled.jpg\",\"datePublished\":\"2026-04-22T16:20:54+00:00\",\"description\":\"Halskette mit schwarzem Turmalin und Natursteinen. Handgefertigt aus 925er Silber, mit einem rohen, ruhigen Charakter und einer einzigartigen Form.\",\"breadcrumb\":{\"@id\":\"https:\\\/\\\/spiritdust.pl\\\/de\\\/produkt\\\/schwarze-turmalin-halskette-under-the-night-sky\\\/#breadcrumb\"},\"inLanguage\":\"de\",\"potentialAction\":[{\"@type\":\"ReadAction\",\"target\":[\"https:\\\/\\\/spiritdust.pl\\\/de\\\/produkt\\\/schwarze-turmalin-halskette-under-the-night-sky\\\/\"]}]},{\"@type\":\"ImageObject\",\"inLanguage\":\"de\",\"@id\":\"https:\\\/\\\/spiritdust.pl\\\/de\\\/produkt\\\/schwarze-turmalin-halskette-under-the-night-sky\\\/#primaryimage\",\"url\":\"https:\\\/\\\/spiritdust.pl\\\/wp-content\\\/uploads\\\/2026\\\/04\\\/DSC03559-scaled.jpg\",\"contentUrl\":\"https:\\\/\\\/spiritdust.pl\\\/wp-content\\\/uploads\\\/2026\\\/04\\\/DSC03559-scaled.jpg\",\"width\":2560,\"height\":2560,\"caption\":\"naszyjnik z turmalinem czarnym srebro 925\"},{\"@type\":\"BreadcrumbList\",\"@id\":\"https:\\\/\\\/spiritdust.pl\\\/de\\\/produkt\\\/schwarze-turmalin-halskette-under-the-night-sky\\\/#breadcrumb\",\"itemListElement\":[{\"@type\":\"ListItem\",\"position\":1,\"name\":\"Strona g\u0142\u00f3wna\",\"item\":\"https:\\\/\\\/spiritdust.pl\\\/de\\\/spirit-dust-schmuck-aus-kupfer-silber-und-natursteinen\\\/\"},{\"@type\":\"ListItem\",\"position\":2,\"name\":\"Shop\",\"item\":\"https:\\\/\\\/green-chough-870564.hostingersite.com\\\/shop\\\/\"},{\"@type\":\"ListItem\",\"position\":3,\"name\":\"Schwarze Turmalin-Halskette &#8211; Under the Night Sky\"}]},{\"@type\":\"WebSite\",\"@id\":\"https:\\\/\\\/green-chough-870564.hostingersite.com\\\/#website\",\"url\":\"https:\\\/\\\/green-chough-870564.hostingersite.com\\\/\",\"name\":\"Spirit Dust\",\"description\":\"Bi\u017cuteria z Miedzi, Srebra i Kamieni Naturalnych\",\"publisher\":{\"@id\":\"https:\\\/\\\/green-chough-870564.hostingersite.com\\\/#organization\"},\"potentialAction\":[{\"@type\":\"SearchAction\",\"target\":{\"@type\":\"EntryPoint\",\"urlTemplate\":\"https:\\\/\\\/green-chough-870564.hostingersite.com\\\/?s={search_term_string}\"},\"query-input\":{\"@type\":\"PropertyValueSpecification\",\"valueRequired\":true,\"valueName\":\"search_term_string\"}}],\"inLanguage\":\"de\"},{\"@type\":\"Organization\",\"@id\":\"https:\\\/\\\/green-chough-870564.hostingersite.com\\\/#organization\",\"name\":\"Geisterstaub\",\"url\":\"https:\\\/\\\/green-chough-870564.hostingersite.com\\\/\",\"logo\":{\"@type\":\"ImageObject\",\"inLanguage\":\"de\",\"@id\":\"https:\\\/\\\/green-chough-870564.hostingersite.com\\\/#\\\/schema\\\/logo\\\/image\\\/\",\"url\":\"https:\\\/\\\/spiritdust.pl\\\/wp-content\\\/uploads\\\/2026\\\/01\\\/logo-sd.png\",\"contentUrl\":\"https:\\\/\\\/spiritdust.pl\\\/wp-content\\\/uploads\\\/2026\\\/01\\\/logo-sd.png\",\"width\":251,\"height\":368,\"caption\":\"Geisterstaub\"},\"image\":{\"@id\":\"https:\\\/\\\/green-chough-870564.hostingersite.com\\\/#\\\/schema\\\/logo\\\/image\\\/\"},\"sameAs\":[\"https:\\\/\\\/www.facebook.com\\\/spiritdustmj\\\/\",\"https:\\\/\\\/instagram.com\\\/spirit__dust\"]}]}<\/script>\n<!-- \/ Yoast SEO plugin. -->","yoast_head_json":{"title":"Schwarze Turmalin-Halskette - Under the Night Sky - Spirit Dust","description":"Halskette mit schwarzem Turmalin und Natursteinen. Handgefertigt aus 925er Silber, mit einem rohen, ruhigen Charakter und einer einzigartigen Form.","robots":{"index":"index","follow":"follow","max-snippet":"max-snippet:-1","max-image-preview":"max-image-preview:large","max-video-preview":"max-video-preview:-1"},"canonical":"https:\/\/spiritdust.pl\/de\/produkt\/schwarze-turmalin-halskette-under-the-night-sky\/","og_locale":"de_DE","og_type":"article","og_title":"Schwarze Turmalin-Halskette - Under the Night Sky - Spirit Dust","og_description":"Halskette mit schwarzem Turmalin und Natursteinen. Handgefertigt aus 925er Silber, mit einem rohen, ruhigen Charakter und einer einzigartigen Form.","og_url":"https:\/\/spiritdust.pl\/de\/produkt\/schwarze-turmalin-halskette-under-the-night-sky\/","og_site_name":"Spirit Dust","article_publisher":"https:\/\/www.facebook.com\/spiritdustmj\/","og_image":[{"width":2560,"height":2560,"url":"https:\/\/spiritdust.pl\/wp-content\/uploads\/2026\/04\/DSC03559-scaled.jpg","type":"image\/jpeg"}],"twitter_card":"summary_large_image","twitter_misc":{"Gesch\u00e4tzte Lesezeit":"2\u00a0Minuten"},"schema":{"@context":"https:\/\/schema.org","@graph":[{"@type":"WebPage","@id":"https:\/\/spiritdust.pl\/de\/produkt\/schwarze-turmalin-halskette-under-the-night-sky\/","url":"https:\/\/spiritdust.pl\/de\/produkt\/schwarze-turmalin-halskette-under-the-night-sky\/","name":"Schwarze Turmalin-Halskette - Under the Night Sky - Spirit Dust","isPartOf":{"@id":"https:\/\/green-chough-870564.hostingersite.com\/#website"},"primaryImageOfPage":{"@id":"https:\/\/spiritdust.pl\/de\/produkt\/schwarze-turmalin-halskette-under-the-night-sky\/#primaryimage"},"image":{"@id":"https:\/\/spiritdust.pl\/de\/produkt\/schwarze-turmalin-halskette-under-the-night-sky\/#primaryimage"},"thumbnailUrl":"https:\/\/spiritdust.pl\/wp-content\/uploads\/2026\/04\/DSC03559-scaled.jpg","datePublished":"2026-04-22T16:20:54+00:00","description":"Halskette mit schwarzem Turmalin und Natursteinen. Handgefertigt aus 925er Silber, mit einem rohen, ruhigen Charakter und einer einzigartigen Form.","breadcrumb":{"@id":"https:\/\/spiritdust.pl\/de\/produkt\/schwarze-turmalin-halskette-under-the-night-sky\/#breadcrumb"},"inLanguage":"de","potentialAction":[{"@type":"ReadAction","target":["https:\/\/spiritdust.pl\/de\/produkt\/schwarze-turmalin-halskette-under-the-night-sky\/"]}]},{"@type":"ImageObject","inLanguage":"de","@id":"https:\/\/spiritdust.pl\/de\/produkt\/schwarze-turmalin-halskette-under-the-night-sky\/#primaryimage","url":"https:\/\/spiritdust.pl\/wp-content\/uploads\/2026\/04\/DSC03559-scaled.jpg","contentUrl":"https:\/\/spiritdust.pl\/wp-content\/uploads\/2026\/04\/DSC03559-scaled.jpg","width":2560,"height":2560,"caption":"naszyjnik z turmalinem czarnym srebro 925"},{"@type":"BreadcrumbList","@id":"https:\/\/spiritdust.pl\/de\/produkt\/schwarze-turmalin-halskette-under-the-night-sky\/#breadcrumb","itemListElement":[{"@type":"ListItem","position":1,"name":"Strona g\u0142\u00f3wna","item":"https:\/\/spiritdust.pl\/de\/spirit-dust-schmuck-aus-kupfer-silber-und-natursteinen\/"},{"@type":"ListItem","position":2,"name":"Shop","item":"https:\/\/green-chough-870564.hostingersite.com\/shop\/"},{"@type":"ListItem","position":3,"name":"Schwarze Turmalin-Halskette &#8211; Under the Night Sky"}]},{"@type":"WebSite","@id":"https:\/\/green-chough-870564.hostingersite.com\/#website","url":"https:\/\/green-chough-870564.hostingersite.com\/","name":"Spirit Dust","description":"Bi\u017cuteria z Miedzi, Srebra i Kamieni Naturalnych","publisher":{"@id":"https:\/\/green-chough-870564.hostingersite.com\/#organization"},"potentialAction":[{"@type":"SearchAction","target":{"@type":"EntryPoint","urlTemplate":"https:\/\/green-chough-870564.hostingersite.com\/?s={search_term_string}"},"query-input":{"@type":"PropertyValueSpecification","valueRequired":true,"valueName":"search_term_string"}}],"inLanguage":"de"},{"@type":"Organization","@id":"https:\/\/green-chough-870564.hostingersite.com\/#organization","name":"Geisterstaub","url":"https:\/\/green-chough-870564.hostingersite.com\/","logo":{"@type":"ImageObject","inLanguage":"de","@id":"https:\/\/green-chough-870564.hostingersite.com\/#\/schema\/logo\/image\/","url":"https:\/\/spiritdust.pl\/wp-content\/uploads\/2026\/01\/logo-sd.png","contentUrl":"https:\/\/spiritdust.pl\/wp-content\/uploads\/2026\/01\/logo-sd.png","width":251,"height":368,"caption":"Geisterstaub"},"image":{"@id":"https:\/\/green-chough-870564.hostingersite.com\/#\/schema\/logo\/image\/"},"sameAs":["https:\/\/www.facebook.com\/spiritdustmj\/","https:\/\/instagram.com\/spirit__dust"]}]}},"_links":{"self":[{"href":"https:\/\/spiritdust.pl\/de\/wp-json\/wp\/v2\/product\/6691","targetHints":{"allow":["GET"]}}],"collection":[{"href":"https:\/\/spiritdust.pl\/de\/wp-json\/wp\/v2\/product"}],"about":[{"href":"https:\/\/spiritdust.pl\/de\/wp-json\/wp\/v2\/types\/product"}],"version-history":[{"count":0,"href":"https:\/\/spiritdust.pl\/de\/wp-json\/wp\/v2\/product\/6691\/revisions"}],"wp:featuredmedia":[{"embeddable":true,"href":"https:\/\/spiritdust.pl\/de\/wp-json\/wp\/v2\/media\/6623"}],"wp:attachment":[{"href":"https:\/\/spiritdust.pl\/de\/wp-json\/wp\/v2\/media?parent=6691"}],"wp:term":[{"taxonomy":"product_brand","embeddable":true,"href":"https:\/\/spiritdust.pl\/de\/wp-json\/wp\/v2\/product_brand?post=6691"},{"taxonomy":"product_cat","embeddable":true,"href":"https:\/\/spiritdust.pl\/de\/wp-json\/wp\/v2\/product_cat?post=6691"},{"taxonomy":"product_tag","embeddable":true,"href":"https:\/\/spiritdust.pl\/de\/wp-json\/wp\/v2\/product_tag?post=6691"}],"curies":[{"name":"wp","href":"https:\/\/api.w.org\/{rel}","templated":true}]}}