{"id":7222,"date":"2026-05-09T16:05:36","date_gmt":"2026-05-09T16:05:36","guid":{"rendered":"https:\/\/spiritdust.pl\/?post_type=product&#038;p=7222"},"modified":"2026-05-09T17:46:07","modified_gmt":"2026-05-09T17:46:07","slug":"silberne-mond-halskette-mit-achat-aqua-lunaria-kopia-kopia-kopia-kopia","status":"publish","type":"product","link":"https:\/\/spiritdust.pl\/de\/produkt\/silberne-mond-halskette-mit-achat-aqua-lunaria-kopia-kopia-kopia-kopia\/","title":{"rendered":"Silberne Mondstein-Halskette - Rose Luna"},"content":{"rendered":"<div class=\"flex flex-col text-sm pb-25\">\n<article class=\"text-token-text-primary w-full focus:outline-none [--shadow-height:45px] has-data-writing-block:pointer-events-none has-data-writing-block:-mt-(--shadow-height) has-data-writing-block:pt-(--shadow-height) [&amp;:has([data-writing-block])&gt;*]:pointer-events-auto scroll-mt-[calc(var(--header-height)+min(200px,max(70px,20svh)))]\" dir=\"auto\" data-turn-id=\"request-WEB:1b685ffd-8158-4272-8e74-f0caac329a3b-5\" data-testid=\"conversation-turn-12\" data-scroll-anchor=\"true\" data-turn=\"assistant\">\n<div class=\"text-base my-auto mx-auto pb-10 [--thread-content-margin:var(--thread-content-margin-xs,calc(var(--spacing)*4))] @w-sm\/main:[--thread-content-margin:var(--thread-content-margin-sm,calc(var(--spacing)*6))] @w-lg\/main:[--thread-content-margin:var(--thread-content-margin-lg,calc(var(--spacing)*16))] px-(--thread-content-margin)\">\n<div class=\"[--thread-content-max-width:40rem] @w-lg\/main:[--thread-content-max-width:48rem] mx-auto max-w-(--thread-content-max-width) flex-1 group\/turn-messages focus-visible:outline-hidden relative flex w-full min-w-0 flex-col agent-turn\">\n<div class=\"flex max-w-full flex-col gap-4 grow\">\n<div class=\"min-h-8 text-message relative flex w-full flex-col items-end gap-2 text-start break-words whitespace-normal [.text-message+&amp;]:mt-1\" dir=\"auto\" data-message-author-role=\"assistant\" data-message-id=\"7bb4dbac-ca14-49a1-9c6c-a599dae450a8\" data-message-model-slug=\"gpt-5-3\">\n<div class=\"flex w-full flex-col gap-1 empty:hidden\">\n<div class=\"streaming-animation markdown prose dark:prose-invert w-full wrap-break-word dark markdown-new-styling\">\n<p data-start=\"187\" data-end=\"598\">Diese Mondstein-Halskette aus Sterlingsilber wurde vom sanften Licht des Mondes, den Pastellt\u00f6nen der Morgend\u00e4mmerung und den subtilen Formen der Natur inspiriert. Das zentrale Element ist ein facettierter Mondstein mit einem sanften rosa-blauen Schimmer, der das Licht wundersch\u00f6n reflektiert und bei jeder Bewegung seinen Charakter ver\u00e4ndert. Darunter habe ich einen Tropfen Rosenquarz aufgeh\u00e4ngt, der dem ganzen St\u00fcck eine noch \u00e4therischere und romantischere Atmosph\u00e4re verleiht.  <\/p>\n<p data-start=\"669\" data-end=\"975\">Die Halskette wurde in Handarbeit aus Sterlingsilber gefertigt. Die organische Form erinnert an ineinander verschlungene Zweige oder Waldwurzeln, weshalb der Schmuck wie ein kleiner Talisman aus einer M\u00e4rchenwelt aussieht. Jedes Detail und jede Textur wurde von Hand gefertigt und das oxidierte Silber hebt die Struktur und den zarten Glanz der Steine hervor.  <\/p>\n<p data-start=\"977\" data-end=\"1266\">Der Mondstein wird seit Jahren mit Intuition, weiblicher Energie und Ruhe in Verbindung gebracht. In Kombination mit Rosenquarz bildet er ein harmonisches Duo voller Leichtigkeit und Raffinesse. So zieht die silberne Mondstein-Halskette mit ihrem zarten Licht und romantischen Charakter die Blicke auf sich.  <\/p>\n<p data-start=\"1268\" data-end=\"1548\">Die Halskette passt wunderbar zu leichten, luftigen Styles, bildet aber auch einen sch\u00f6nen Kontrast zu dunklerer Kleidung. Die l\u00e4ngliche Form verschlankt den Hals und verleiht dem Ganzen Leichtigkeit. Dies ist Schmuck f\u00fcr Menschen, die subtile Accessoires mit m\u00e4rchenhaftem Charakter und nat\u00fcrlichem Charakter m\u00f6gen.  <\/p>\n<p data-start=\"1550\" data-end=\"1758\">Diese silberne Mondstein-Halskette habe ich in einem St\u00fcck von Hand in der Spirit Dust-Werkstatt hergestellt. Es wird kein zweites identisches St\u00fcck hergestellt, daher bleibt jedes Detail einzigartig. <\/p>\n<h2 data-section-id=\"1yopmz4\" data-start=\"1760\" data-end=\"1782\">Ma\u00dfe und Materialien<\/h2>\n<ul data-start=\"1784\" data-end=\"1928\">\n<li data-section-id=\"f0ihif\" data-start=\"1784\" data-end=\"1804\">925er Sterlingsilber<\/li>\n<li data-section-id=\"144vimg\" data-start=\"1805\" data-end=\"1826\">Mondstein<\/li>\n<li data-section-id=\"1vlztbs\" data-start=\"1827\" data-end=\"1843\">Rosenquarz<\/li>\n<li data-section-id=\"y7gt3h\" data-start=\"1844\" data-end=\"1890\">Kettenl\u00e4nge: 40 cm + 5 cm Verl\u00e4ngerung<\/li>\n<li data-section-id=\"103bis0\" data-start=\"1891\" data-end=\"1928\">Ma\u00dfe des Anh\u00e4ngers: ca. 4,5 x 2,5 cm <\/li>\n<\/ul>\n<p data-start=\"709\" data-end=\"1026\">Sehen Sie auch andere <a style=\"background-color: #ffffff\" href=\"https:\/\/spiritdust.pl\/de\/kategorien\/schmuck\/silberschmuck\/silberketten\/?v=288404204e3d\" target=\"_blank\" rel=\"noopener\">Silberketten mit nat\u00fcrlichen Steinen<\/a>.<\/p>\n<\/div>\n<\/div>\n<\/div>\n<\/div>\n<\/div>\n<\/div>\n<\/article>\n<\/div>\n","protected":false},"excerpt":{"rendered":"<div class=\"text-base my-auto mx-auto [--thread-content-margin:var(--thread-content-margin-xs,calc(var(--spacing)*4))] @w-sm\/main:[--thread-content-margin:var(--thread-content-margin-sm,calc(var(--spacing)*6))] @w-lg\/main:[--thread-content-margin:var(--thread-content-margin-lg,calc(var(--spacing)*16))] px-(--thread-content-margin)\">\n<div class=\"[--thread-content-max-width:40rem] @w-lg\/main:[--thread-content-max-width:48rem] mx-auto max-w-(--thread-content-max-width) flex-1 group\/turn-messages focus-visible:outline-hidden relative flex w-full min-w-0 flex-col agent-turn\">\n<div class=\"flex max-w-full flex-col gap-4 grow\">\n<div class=\"min-h-8 text-message relative flex w-full flex-col items-end gap-2 text-start break-words whitespace-normal [.text-message+&amp;]:mt-1\" dir=\"auto\" data-message-author-role=\"assistant\" data-message-id=\"8fe3b1df-f5f7-4158-95a2-0c591d5b8b0e\" data-message-model-slug=\"gpt-5-3\">\n<div class=\"flex w-full flex-col gap-1 empty:hidden\">\n<div class=\"markdown prose dark:prose-invert w-full wrap-break-word dark markdown-new-styling\">\n<div class=\"flex flex-col text-sm pb-25\">\n<article class=\"text-token-text-primary w-full focus:outline-none [--shadow-height:45px] has-data-writing-block:pointer-events-none has-data-writing-block:-mt-(--shadow-height) has-data-writing-block:pt-(--shadow-height) [&amp;:has([data-writing-block])&gt;*]:pointer-events-auto scroll-mt-[calc(var(--header-height)+min(200px,max(70px,20svh)))]\" dir=\"auto\" data-turn-id=\"request-WEB:1b685ffd-8158-4272-8e74-f0caac329a3b-8\" data-testid=\"conversation-turn-18\" data-scroll-anchor=\"true\" data-turn=\"assistant\">\n<div class=\"text-base my-auto mx-auto pb-10 [--thread-content-margin:var(--thread-content-margin-xs,calc(var(--spacing)*4))] @w-sm\/main:[--thread-content-margin:var(--thread-content-margin-sm,calc(var(--spacing)*6))] @w-lg\/main:[--thread-content-margin:var(--thread-content-margin-lg,calc(var(--spacing)*16))] px-(--thread-content-margin)\">\n<div class=\"[--thread-content-max-width:40rem] @w-lg\/main:[--thread-content-max-width:48rem] mx-auto max-w-(--thread-content-max-width) flex-1 group\/turn-messages focus-visible:outline-hidden relative flex w-full min-w-0 flex-col agent-turn\">\n<div class=\"flex max-w-full flex-col gap-4 grow\">\n<div class=\"min-h-8 text-message relative flex w-full flex-col items-end gap-2 text-start break-words whitespace-normal [.text-message+&amp;]:mt-1\" dir=\"auto\" data-message-author-role=\"assistant\" data-message-id=\"f1ba1412-b3d8-491a-b1dd-6424c0bfd573\" data-message-model-slug=\"gpt-5-3\">\n<div class=\"flex w-full flex-col gap-1 empty:hidden\">\n<div class=\"markdown prose dark:prose-invert w-full wrap-break-word dark markdown-new-styling\">\n<section class=\"text-token-text-primary w-full focus:outline-none [--shadow-height:45px] has-data-writing-block:pointer-events-none has-data-writing-block:-mt-(--shadow-height) has-data-writing-block:pt-(--shadow-height) [&amp;:has([data-writing-block])&gt;*]:pointer-events-auto [content-visibility:auto] supports-[content-visibility:auto]:[contain-intrinsic-size:auto_100lvh] R6Vx5W_threadScrollVars scroll-mb-[calc(var(--scroll-root-safe-area-inset-bottom,0px)+var(--thread-response-height))] scroll-mt-[calc(var(--header-height)+min(200px,max(70px,20svh)))]\" dir=\"auto\" data-turn-id=\"request-WEB:d04caf63-1d4d-4aa9-ae2b-86258ac05464-12\" data-testid=\"conversation-turn-26\" data-scroll-anchor=\"false\" data-turn=\"assistant\">\n<div class=\"text-base my-auto mx-auto pb-10 [--thread-content-margin:var(--thread-content-margin-xs,calc(var(--spacing)*4))] @w-sm\/main:[--thread-content-margin:var(--thread-content-margin-sm,calc(var(--spacing)*6))] @w-lg\/main:[--thread-content-margin:var(--thread-content-margin-lg,calc(var(--spacing)*16))] px-(--thread-content-margin)\">\n<div class=\"[--thread-content-max-width:40rem] @w-lg\/main:[--thread-content-max-width:48rem] mx-auto max-w-(--thread-content-max-width) flex-1 group\/turn-messages focus-visible:outline-hidden relative flex w-full min-w-0 flex-col agent-turn\">\n<div class=\"flex max-w-full flex-col gap-4 grow\">\n<div class=\"min-h-8 text-message relative flex w-full flex-col items-end gap-2 text-start break-words whitespace-normal outline-none keyboard-focused:focus-ring [.text-message+&amp;]:mt-1\" dir=\"auto\" data-message-author-role=\"assistant\" data-message-id=\"97303e79-5df0-4073-9f47-cfdd29f5bcd5\" data-message-model-slug=\"gpt-5-5\" data-turn-start-message=\"true\">\n<div class=\"flex w-full flex-col gap-1 empty:hidden\">\n<div class=\"markdown prose dark:prose-invert w-full wrap-break-word dark markdown-new-styling\">\n<div class=\"text-base my-auto mx-auto [--thread-content-margin:var(--thread-content-margin-xs,calc(var(--spacing)*4))] @w-sm\/main:[--thread-content-margin:var(--thread-content-margin-sm,calc(var(--spacing)*6))] @w-lg\/main:[--thread-content-margin:var(--thread-content-margin-lg,calc(var(--spacing)*16))] px-(--thread-content-margin)\">\n<div class=\"[--thread-content-max-width:40rem] @w-lg\/main:[--thread-content-max-width:48rem] mx-auto max-w-(--thread-content-max-width) flex-1 group\/turn-messages focus-visible:outline-hidden relative flex w-full min-w-0 flex-col agent-turn\">\n<div class=\"flex max-w-full flex-col gap-4 grow\">\n<div class=\"min-h-8 text-message relative flex w-full flex-col items-end gap-2 text-start break-words whitespace-normal outline-none keyboard-focused:focus-ring [.text-message+&amp;]:mt-1\" dir=\"auto\" data-message-author-role=\"assistant\" data-message-id=\"e9940881-ec30-4a8a-8cbd-cd64a37de34a\" data-message-model-slug=\"gpt-5-5\">\n<div class=\"flex w-full flex-col gap-1 empty:hidden\">\n<div class=\"markdown prose dark:prose-invert wrap-break-word w-full dark markdown-new-styling\">\n<p data-start=\"2177\" data-end=\"2358\">Eine handgefertigte Halskette aus Sterlingsilber mit Mondstein und Rosenquarz mit einem subtilen, romantischen Touch. Die organische, von Zweigen inspirierte Form verleiht ihr eine m\u00e4rchenhafte Ausstrahlung. <\/p>\n<\/div>\n<\/div>\n<\/div>\n<\/div>\n<div class=\"z-0 flex min-h-[46px] justify-start\">Ich verpacke den Schmuck sorgf\u00e4ltig in einer dekorativen Schachtel, sodass er sofort als Geschenk bereit ist.<\/div>\n<\/div>\n<\/div>\n<\/div>\n<\/div>\n<\/div>\n<\/div>\n<\/div>\n<\/div>\n<\/section>\n<\/div>\n<\/div>\n<\/div>\n<\/div>\n<\/div>\n<\/div>\n<\/article>\n<\/div>\n<\/div>\n<\/div>\n<\/div>\n<\/div>\n<\/div>\n<\/div>\n","protected":false},"featured_media":7229,"template":"","meta":{"inline_featured_image":false},"product_brand":[],"product_cat":[167,256],"product_tag":[171,200,199],"class_list":{"0":"post-7222","1":"product","2":"type-product","3":"status-publish","4":"has-post-thumbnail","6":"product_cat-schmuck","7":"product_cat-silberketten","8":"product_tag-mondstein","9":"product_tag-rosenquarz","10":"product_tag-silber","12":"first","13":"outofstock","14":"taxable","15":"shipping-taxable","16":"purchasable","17":"product-type-simple"},"yoast_head":"<!-- This site is optimized with the Yoast SEO plugin v27.5 - https:\/\/yoast.com\/product\/yoast-seo-wordpress\/ -->\n<title>Silberne Mondstein-Halskette - Rose Luna - Spirit Dust<\/title>\n<meta name=\"description\" content=\"Handgefertigte Halskette aus Sterlingsilber mit Mondstein und Rosenquarz. Zarter, romantischer Schmuck, inspiriert vom Mondlicht.\" \/>\n<meta name=\"robots\" content=\"index, follow, max-snippet:-1, max-image-preview:large, max-video-preview:-1\" \/>\n<link rel=\"canonical\" href=\"https:\/\/spiritdust.pl\/de\/produkt\/silberne-mond-halskette-mit-achat-aqua-lunaria-kopia-kopia-kopia-kopia\/\" \/>\n<meta property=\"og:locale\" content=\"de_DE\" \/>\n<meta property=\"og:type\" content=\"article\" \/>\n<meta property=\"og:title\" content=\"Silberne Mondstein-Halskette - Rose Luna - Spirit Dust\" \/>\n<meta property=\"og:description\" content=\"Handgefertigte Halskette aus Sterlingsilber mit Mondstein und Rosenquarz. Zarter, romantischer Schmuck, inspiriert vom Mondlicht.\" \/>\n<meta property=\"og:url\" content=\"https:\/\/spiritdust.pl\/de\/produkt\/silberne-mond-halskette-mit-achat-aqua-lunaria-kopia-kopia-kopia-kopia\/\" \/>\n<meta property=\"og:site_name\" content=\"Spirit Dust\" \/>\n<meta property=\"article:publisher\" content=\"https:\/\/www.facebook.com\/spiritdustmj\/\" \/>\n<meta property=\"article:modified_time\" content=\"2026-05-09T17:46:07+00:00\" \/>\n<meta property=\"og:image\" content=\"https:\/\/spiritdust.pl\/wp-content\/uploads\/2026\/05\/DSC03808-scaled.jpg\" \/>\n\t<meta property=\"og:image:width\" content=\"2560\" \/>\n\t<meta property=\"og:image:height\" content=\"2560\" \/>\n\t<meta property=\"og:image:type\" content=\"image\/jpeg\" \/>\n<meta name=\"twitter:card\" content=\"summary_large_image\" \/>\n<meta name=\"twitter:label1\" content=\"Gesch\u00e4tzte Lesezeit\" \/>\n\t<meta name=\"twitter:data1\" content=\"2\u00a0Minuten\" \/>\n<script type=\"application\/ld+json\" class=\"yoast-schema-graph\">{\"@context\":\"https:\\\/\\\/schema.org\",\"@graph\":[{\"@type\":\"WebPage\",\"@id\":\"https:\\\/\\\/spiritdust.pl\\\/de\\\/produkt\\\/silberne-mond-halskette-mit-achat-aqua-lunaria-kopia-kopia-kopia-kopia\\\/\",\"url\":\"https:\\\/\\\/spiritdust.pl\\\/de\\\/produkt\\\/silberne-mond-halskette-mit-achat-aqua-lunaria-kopia-kopia-kopia-kopia\\\/\",\"name\":\"Silberne Mondstein-Halskette - Rose Luna - Spirit Dust\",\"isPartOf\":{\"@id\":\"https:\\\/\\\/green-chough-870564.hostingersite.com\\\/#website\"},\"primaryImageOfPage\":{\"@id\":\"https:\\\/\\\/spiritdust.pl\\\/de\\\/produkt\\\/silberne-mond-halskette-mit-achat-aqua-lunaria-kopia-kopia-kopia-kopia\\\/#primaryimage\"},\"image\":{\"@id\":\"https:\\\/\\\/spiritdust.pl\\\/de\\\/produkt\\\/silberne-mond-halskette-mit-achat-aqua-lunaria-kopia-kopia-kopia-kopia\\\/#primaryimage\"},\"thumbnailUrl\":\"https:\\\/\\\/spiritdust.pl\\\/wp-content\\\/uploads\\\/2026\\\/05\\\/DSC03808-scaled.jpg\",\"datePublished\":\"2026-05-09T16:05:36+00:00\",\"dateModified\":\"2026-05-09T17:46:07+00:00\",\"description\":\"Handgefertigte Halskette aus Sterlingsilber mit Mondstein und Rosenquarz. Zarter, romantischer Schmuck, inspiriert vom Mondlicht.\",\"breadcrumb\":{\"@id\":\"https:\\\/\\\/spiritdust.pl\\\/de\\\/produkt\\\/silberne-mond-halskette-mit-achat-aqua-lunaria-kopia-kopia-kopia-kopia\\\/#breadcrumb\"},\"inLanguage\":\"de\",\"potentialAction\":[{\"@type\":\"ReadAction\",\"target\":[\"https:\\\/\\\/spiritdust.pl\\\/de\\\/produkt\\\/silberne-mond-halskette-mit-achat-aqua-lunaria-kopia-kopia-kopia-kopia\\\/\"]}]},{\"@type\":\"ImageObject\",\"inLanguage\":\"de\",\"@id\":\"https:\\\/\\\/spiritdust.pl\\\/de\\\/produkt\\\/silberne-mond-halskette-mit-achat-aqua-lunaria-kopia-kopia-kopia-kopia\\\/#primaryimage\",\"url\":\"https:\\\/\\\/spiritdust.pl\\\/wp-content\\\/uploads\\\/2026\\\/05\\\/DSC03808-scaled.jpg\",\"contentUrl\":\"https:\\\/\\\/spiritdust.pl\\\/wp-content\\\/uploads\\\/2026\\\/05\\\/DSC03808-scaled.jpg\",\"width\":2560,\"height\":2560},{\"@type\":\"BreadcrumbList\",\"@id\":\"https:\\\/\\\/spiritdust.pl\\\/de\\\/produkt\\\/silberne-mond-halskette-mit-achat-aqua-lunaria-kopia-kopia-kopia-kopia\\\/#breadcrumb\",\"itemListElement\":[{\"@type\":\"ListItem\",\"position\":1,\"name\":\"Strona g\u0142\u00f3wna\",\"item\":\"https:\\\/\\\/spiritdust.pl\\\/de\\\/spirit-dust-schmuck-aus-kupfer-silber-und-natursteinen\\\/\"},{\"@type\":\"ListItem\",\"position\":2,\"name\":\"Shop\",\"item\":\"https:\\\/\\\/green-chough-870564.hostingersite.com\\\/shop\\\/\"},{\"@type\":\"ListItem\",\"position\":3,\"name\":\"Silberne Mondstein-Halskette &#8211; Rose Luna\"}]},{\"@type\":\"WebSite\",\"@id\":\"https:\\\/\\\/green-chough-870564.hostingersite.com\\\/#website\",\"url\":\"https:\\\/\\\/green-chough-870564.hostingersite.com\\\/\",\"name\":\"Spirit Dust\",\"description\":\"Bi\u017cuteria z Miedzi, Srebra i Kamieni Naturalnych\",\"publisher\":{\"@id\":\"https:\\\/\\\/green-chough-870564.hostingersite.com\\\/#organization\"},\"potentialAction\":[{\"@type\":\"SearchAction\",\"target\":{\"@type\":\"EntryPoint\",\"urlTemplate\":\"https:\\\/\\\/green-chough-870564.hostingersite.com\\\/?s={search_term_string}\"},\"query-input\":{\"@type\":\"PropertyValueSpecification\",\"valueRequired\":true,\"valueName\":\"search_term_string\"}}],\"inLanguage\":\"de\"},{\"@type\":\"Organization\",\"@id\":\"https:\\\/\\\/green-chough-870564.hostingersite.com\\\/#organization\",\"name\":\"Geisterstaub\",\"url\":\"https:\\\/\\\/green-chough-870564.hostingersite.com\\\/\",\"logo\":{\"@type\":\"ImageObject\",\"inLanguage\":\"de\",\"@id\":\"https:\\\/\\\/green-chough-870564.hostingersite.com\\\/#\\\/schema\\\/logo\\\/image\\\/\",\"url\":\"https:\\\/\\\/spiritdust.pl\\\/wp-content\\\/uploads\\\/2026\\\/01\\\/logo-sd.png\",\"contentUrl\":\"https:\\\/\\\/spiritdust.pl\\\/wp-content\\\/uploads\\\/2026\\\/01\\\/logo-sd.png\",\"width\":251,\"height\":368,\"caption\":\"Geisterstaub\"},\"image\":{\"@id\":\"https:\\\/\\\/green-chough-870564.hostingersite.com\\\/#\\\/schema\\\/logo\\\/image\\\/\"},\"sameAs\":[\"https:\\\/\\\/www.facebook.com\\\/spiritdustmj\\\/\",\"https:\\\/\\\/instagram.com\\\/spirit__dust\"]}]}<\/script>\n<!-- \/ Yoast SEO plugin. -->","yoast_head_json":{"title":"Silberne Mondstein-Halskette - Rose Luna - Spirit Dust","description":"Handgefertigte Halskette aus Sterlingsilber mit Mondstein und Rosenquarz. Zarter, romantischer Schmuck, inspiriert vom Mondlicht.","robots":{"index":"index","follow":"follow","max-snippet":"max-snippet:-1","max-image-preview":"max-image-preview:large","max-video-preview":"max-video-preview:-1"},"canonical":"https:\/\/spiritdust.pl\/de\/produkt\/silberne-mond-halskette-mit-achat-aqua-lunaria-kopia-kopia-kopia-kopia\/","og_locale":"de_DE","og_type":"article","og_title":"Silberne Mondstein-Halskette - Rose Luna - Spirit Dust","og_description":"Handgefertigte Halskette aus Sterlingsilber mit Mondstein und Rosenquarz. Zarter, romantischer Schmuck, inspiriert vom Mondlicht.","og_url":"https:\/\/spiritdust.pl\/de\/produkt\/silberne-mond-halskette-mit-achat-aqua-lunaria-kopia-kopia-kopia-kopia\/","og_site_name":"Spirit Dust","article_publisher":"https:\/\/www.facebook.com\/spiritdustmj\/","article_modified_time":"2026-05-09T17:46:07+00:00","og_image":[{"width":2560,"height":2560,"url":"https:\/\/spiritdust.pl\/wp-content\/uploads\/2026\/05\/DSC03808-scaled.jpg","type":"image\/jpeg"}],"twitter_card":"summary_large_image","twitter_misc":{"Gesch\u00e4tzte Lesezeit":"2\u00a0Minuten"},"schema":{"@context":"https:\/\/schema.org","@graph":[{"@type":"WebPage","@id":"https:\/\/spiritdust.pl\/de\/produkt\/silberne-mond-halskette-mit-achat-aqua-lunaria-kopia-kopia-kopia-kopia\/","url":"https:\/\/spiritdust.pl\/de\/produkt\/silberne-mond-halskette-mit-achat-aqua-lunaria-kopia-kopia-kopia-kopia\/","name":"Silberne Mondstein-Halskette - Rose Luna - Spirit Dust","isPartOf":{"@id":"https:\/\/green-chough-870564.hostingersite.com\/#website"},"primaryImageOfPage":{"@id":"https:\/\/spiritdust.pl\/de\/produkt\/silberne-mond-halskette-mit-achat-aqua-lunaria-kopia-kopia-kopia-kopia\/#primaryimage"},"image":{"@id":"https:\/\/spiritdust.pl\/de\/produkt\/silberne-mond-halskette-mit-achat-aqua-lunaria-kopia-kopia-kopia-kopia\/#primaryimage"},"thumbnailUrl":"https:\/\/spiritdust.pl\/wp-content\/uploads\/2026\/05\/DSC03808-scaled.jpg","datePublished":"2026-05-09T16:05:36+00:00","dateModified":"2026-05-09T17:46:07+00:00","description":"Handgefertigte Halskette aus Sterlingsilber mit Mondstein und Rosenquarz. Zarter, romantischer Schmuck, inspiriert vom Mondlicht.","breadcrumb":{"@id":"https:\/\/spiritdust.pl\/de\/produkt\/silberne-mond-halskette-mit-achat-aqua-lunaria-kopia-kopia-kopia-kopia\/#breadcrumb"},"inLanguage":"de","potentialAction":[{"@type":"ReadAction","target":["https:\/\/spiritdust.pl\/de\/produkt\/silberne-mond-halskette-mit-achat-aqua-lunaria-kopia-kopia-kopia-kopia\/"]}]},{"@type":"ImageObject","inLanguage":"de","@id":"https:\/\/spiritdust.pl\/de\/produkt\/silberne-mond-halskette-mit-achat-aqua-lunaria-kopia-kopia-kopia-kopia\/#primaryimage","url":"https:\/\/spiritdust.pl\/wp-content\/uploads\/2026\/05\/DSC03808-scaled.jpg","contentUrl":"https:\/\/spiritdust.pl\/wp-content\/uploads\/2026\/05\/DSC03808-scaled.jpg","width":2560,"height":2560},{"@type":"BreadcrumbList","@id":"https:\/\/spiritdust.pl\/de\/produkt\/silberne-mond-halskette-mit-achat-aqua-lunaria-kopia-kopia-kopia-kopia\/#breadcrumb","itemListElement":[{"@type":"ListItem","position":1,"name":"Strona g\u0142\u00f3wna","item":"https:\/\/spiritdust.pl\/de\/spirit-dust-schmuck-aus-kupfer-silber-und-natursteinen\/"},{"@type":"ListItem","position":2,"name":"Shop","item":"https:\/\/green-chough-870564.hostingersite.com\/shop\/"},{"@type":"ListItem","position":3,"name":"Silberne Mondstein-Halskette &#8211; Rose Luna"}]},{"@type":"WebSite","@id":"https:\/\/green-chough-870564.hostingersite.com\/#website","url":"https:\/\/green-chough-870564.hostingersite.com\/","name":"Spirit Dust","description":"Bi\u017cuteria z Miedzi, Srebra i Kamieni Naturalnych","publisher":{"@id":"https:\/\/green-chough-870564.hostingersite.com\/#organization"},"potentialAction":[{"@type":"SearchAction","target":{"@type":"EntryPoint","urlTemplate":"https:\/\/green-chough-870564.hostingersite.com\/?s={search_term_string}"},"query-input":{"@type":"PropertyValueSpecification","valueRequired":true,"valueName":"search_term_string"}}],"inLanguage":"de"},{"@type":"Organization","@id":"https:\/\/green-chough-870564.hostingersite.com\/#organization","name":"Geisterstaub","url":"https:\/\/green-chough-870564.hostingersite.com\/","logo":{"@type":"ImageObject","inLanguage":"de","@id":"https:\/\/green-chough-870564.hostingersite.com\/#\/schema\/logo\/image\/","url":"https:\/\/spiritdust.pl\/wp-content\/uploads\/2026\/01\/logo-sd.png","contentUrl":"https:\/\/spiritdust.pl\/wp-content\/uploads\/2026\/01\/logo-sd.png","width":251,"height":368,"caption":"Geisterstaub"},"image":{"@id":"https:\/\/green-chough-870564.hostingersite.com\/#\/schema\/logo\/image\/"},"sameAs":["https:\/\/www.facebook.com\/spiritdustmj\/","https:\/\/instagram.com\/spirit__dust"]}]}},"_links":{"self":[{"href":"https:\/\/spiritdust.pl\/de\/wp-json\/wp\/v2\/product\/7222","targetHints":{"allow":["GET"]}}],"collection":[{"href":"https:\/\/spiritdust.pl\/de\/wp-json\/wp\/v2\/product"}],"about":[{"href":"https:\/\/spiritdust.pl\/de\/wp-json\/wp\/v2\/types\/product"}],"version-history":[{"count":2,"href":"https:\/\/spiritdust.pl\/de\/wp-json\/wp\/v2\/product\/7222\/revisions"}],"predecessor-version":[{"id":7314,"href":"https:\/\/spiritdust.pl\/de\/wp-json\/wp\/v2\/product\/7222\/revisions\/7314"}],"wp:featuredmedia":[{"embeddable":true,"href":"https:\/\/spiritdust.pl\/de\/wp-json\/wp\/v2\/media\/7229"}],"wp:attachment":[{"href":"https:\/\/spiritdust.pl\/de\/wp-json\/wp\/v2\/media?parent=7222"}],"wp:term":[{"taxonomy":"product_brand","embeddable":true,"href":"https:\/\/spiritdust.pl\/de\/wp-json\/wp\/v2\/product_brand?post=7222"},{"taxonomy":"product_cat","embeddable":true,"href":"https:\/\/spiritdust.pl\/de\/wp-json\/wp\/v2\/product_cat?post=7222"},{"taxonomy":"product_tag","embeddable":true,"href":"https:\/\/spiritdust.pl\/de\/wp-json\/wp\/v2\/product_tag?post=7222"}],"curies":[{"name":"wp","href":"https:\/\/api.w.org\/{rel}","templated":true}]}}