{"id":7427,"date":"2026-05-11T21:00:57","date_gmt":"2026-05-11T21:00:57","guid":{"rendered":"https:\/\/spiritdust.pl\/produkt\/silberring-mit-rosenquarz-155-blush-thorn\/"},"modified":"2026-05-11T21:00:57","modified_gmt":"2026-05-11T21:00:57","slug":"silberring-mit-rosenquarz-155-blush-thorn","status":"publish","type":"product","link":"https:\/\/spiritdust.pl\/de\/produkt\/silberring-mit-rosenquarz-155-blush-thorn\/","title":{"rendered":"Silberring mit Rosenquarz 15,5 - Blush Thorn"},"content":{"rendered":"<h3 data-section-id=\"u7sbte\" data-start=\"61\" data-end=\"121\">Von der Natur inspirierter Silberring mit Rosenquarz<\/h3>\n<p data-start=\"123\" data-end=\"413\">Dieser Silberring mit Rosenquarz wurde von Waldzweigen und organischen Formen inspiriert, die nie perfekt symmetrisch sind. Ich wollte, dass er ein bisschen wie ein kleines Fragment aussieht, das ich bei einem Spaziergang im Wald gefunden habe. Roh, zart und gleichzeitig ein bisschen m\u00e4rchenhaft.  <\/p>\n<p data-start=\"415\" data-end=\"780\">In der Mitte habe ich einen facettierten Rosenquarz in einem k\u00fchlen, pudrigen Farbton eingefasst. Der Stein reflektiert das Licht wundersch\u00f6n und ver\u00e4ndert sich je nach Blickwinkel. In einem Moment wirkt er eher milchig und im n\u00e4chsten glasig und zart transparent. Dank des rechteckigen Schliffs hat der Ring einen magischeren Charakter als die klassischen romantischen Modelle mit dem rosa Stein.   <\/p>\n<p data-start=\"782\" data-end=\"1085\">Ich habe diesen Rosenquarzring aus Sterlingsilber von Hand mit dem Wachsausschmelzverfahren hergestellt. Dadurch ist die Struktur des Rings und der Fassung unregelm\u00e4\u00dfig und voller winziger Details, die an \u00c4ste oder Wurzeln erinnern. Ich mag diese Formen, weil sie nat\u00fcrlicher aussehen und etwas Lebendiges an sich haben.  <\/p>\n<h3 data-section-id=\"cmlz24\" data-start=\"1087\" data-end=\"1132\">Handgefertigter Ring aus 925er Silber<\/h3>\n<p data-start=\"1134\" data-end=\"1406\">Jedes Detail wurde in meinem Spirit Dust-Studio von Hand gefertigt. Es handelt sich nicht um einen Abguss von einem vorgefertigten Katalogmodell. Deshalb hat der Ring seinen eigenen Charakter und sieht nicht perfekt &#8222;fabrikgefertigt\u201e aus. Es sind diese kleinen Unregelm\u00e4\u00dfigkeiten, die das Ganze noch authentischer aussehen lassen.  <\/p>\n<p data-start=\"1408\" data-end=\"1609\">Seit Jahren wird der Rosenquarz mit Ruhe, Zartheit und sanfter Energie in Verbindung gebracht. Hier ist er jedoch nicht zu s\u00fc\u00df oder zuckrig. Er erinnert eher an das k\u00fchle Rosa, das man kurz vor Sonnenuntergang sieht.  <\/p>\n<p data-start=\"1611\" data-end=\"1669\">Dies ist eine einzelne Einheit und es wird keine zweite identische Einheit geschaffen.<\/p>\n<h3 data-section-id=\"heby9z\" data-start=\"1671\" data-end=\"1690\">Technische Daten<\/h3>\n<ul data-start=\"1692\" data-end=\"1922\">\n<li data-section-id=\"f0ihif\" data-start=\"1692\" data-end=\"1712\">925er Sterlingsilber<\/li>\n<li data-section-id=\"1vlztbs\" data-start=\"1713\" data-end=\"1729\">Rosenquarz<\/li>\n<li data-section-id=\"ullz6s\" data-start=\"83\" data-end=\"116\">Steinabmessungen: 10&#215;8 mm<\/li>\n<li data-section-id=\"ygp5wj\" data-start=\"471\" data-end=\"491\">DE Gr\u00f6\u00dfe: 15,5<\/li>\n<li data-section-id=\"1arcq1w\" data-start=\"492\" data-end=\"533\">Innendurchmesser: ca. 17,5-17,6 mm <\/li>\n<li data-section-id=\"o2mdlo\" data-start=\"534\" data-end=\"568\">Innenumfang: ca. 55-56 mm <\/li>\n<li data-section-id=\"1192cco\" data-start=\"569\" data-end=\"586\" data-is-last-node=\"\">US-Gr\u00f6\u00dfe: 7.5<\/li>\n<li data-section-id=\"1083rqd\" data-start=\"1844\" data-end=\"1887\">handgefertigt im Wachsausschmelzverfahren<\/li>\n<li data-section-id=\"1pbsru4\" data-start=\"1888\" data-end=\"1922\">nur in einem St\u00fcck erh\u00e4ltlich<\/li>\n<\/ul>\n<p>Siehe auch andere <a style=\"background-color: #ffffff\" href=\"https:\/\/spiritdust.pl\/de\/kategorien\/schmuck\/silberschmuck\/silberringe\/?v=288404204e3d\" target=\"_blank\" rel=\"noopener\">Silberringe mit Natursteinen<\/a>.<\/p>\n","protected":false},"excerpt":{"rendered":"<p data-start=\"1469\" data-end=\"1553\">Ein handgefertigter Ring aus Sterlingsilber mit Rosenquarz in einer organischen, wald\u00e4hnlichen Form.<\/p>\n<p data-start=\"1469\" data-end=\"1553\">Ich verpacke den Schmuck sorgf\u00e4ltig in einer dekorativen Schachtel, sodass er sofort als Geschenk bereit ist.<\/p>\n","protected":false},"featured_media":7437,"template":"","meta":{"inline_featured_image":false},"product_brand":[],"product_cat":[167,250],"product_tag":[200,199],"class_list":{"0":"post-7427","1":"product","2":"type-product","3":"status-publish","4":"has-post-thumbnail","6":"product_cat-schmuck","7":"product_cat-silberringe","8":"product_tag-rosenquarz","9":"product_tag-silber","11":"first","12":"instock","13":"taxable","14":"shipping-taxable","15":"purchasable","16":"product-type-simple"},"yoast_head":"<!-- This site is optimized with the Yoast SEO plugin v27.5 - https:\/\/yoast.com\/product\/yoast-seo-wordpress\/ -->\n<title>Silberring mit Rosenquarz 15,5 - Blush Thorn - Spirit Dust<\/title>\n<meta name=\"description\" content=\"Handgefertigter Sterlingsilberring mit Rosenquarz in Gr\u00f6\u00dfe 15,5. Die organische, wald\u00e4hnliche Form und das zarte Rosa des Steins sorgen f\u00fcr ein m\u00e4rchenhaftes Gef\u00fchl.\" \/>\n<meta name=\"robots\" content=\"index, follow, max-snippet:-1, max-image-preview:large, max-video-preview:-1\" \/>\n<link rel=\"canonical\" href=\"https:\/\/spiritdust.pl\/de\/produkt\/silberring-mit-rosenquarz-155-blush-thorn\/\" \/>\n<meta property=\"og:locale\" content=\"de_DE\" \/>\n<meta property=\"og:type\" content=\"article\" \/>\n<meta property=\"og:title\" content=\"Silberring mit Rosenquarz 15,5 - Blush Thorn - Spirit Dust\" \/>\n<meta property=\"og:description\" content=\"Handgefertigter Sterlingsilberring mit Rosenquarz in Gr\u00f6\u00dfe 15,5. Die organische, wald\u00e4hnliche Form und das zarte Rosa des Steins sorgen f\u00fcr ein m\u00e4rchenhaftes Gef\u00fchl.\" \/>\n<meta property=\"og:url\" content=\"https:\/\/spiritdust.pl\/de\/produkt\/silberring-mit-rosenquarz-155-blush-thorn\/\" \/>\n<meta property=\"og:site_name\" content=\"Spirit Dust\" \/>\n<meta property=\"article:publisher\" content=\"https:\/\/www.facebook.com\/spiritdustmj\/\" \/>\n<meta property=\"og:image\" content=\"https:\/\/spiritdust.pl\/wp-content\/uploads\/2026\/05\/DSC03938-scaled.jpg\" \/>\n\t<meta property=\"og:image:width\" content=\"2560\" \/>\n\t<meta property=\"og:image:height\" content=\"2560\" \/>\n\t<meta property=\"og:image:type\" content=\"image\/jpeg\" \/>\n<meta name=\"twitter:card\" content=\"summary_large_image\" \/>\n<meta name=\"twitter:label1\" content=\"Gesch\u00e4tzte Lesezeit\" \/>\n\t<meta name=\"twitter:data1\" content=\"2\u00a0Minuten\" \/>\n<script type=\"application\/ld+json\" class=\"yoast-schema-graph\">{\"@context\":\"https:\\\/\\\/schema.org\",\"@graph\":[{\"@type\":\"WebPage\",\"@id\":\"https:\\\/\\\/spiritdust.pl\\\/de\\\/produkt\\\/silberring-mit-rosenquarz-155-blush-thorn\\\/\",\"url\":\"https:\\\/\\\/spiritdust.pl\\\/de\\\/produkt\\\/silberring-mit-rosenquarz-155-blush-thorn\\\/\",\"name\":\"Silberring mit Rosenquarz 15,5 - Blush Thorn - Spirit Dust\",\"isPartOf\":{\"@id\":\"https:\\\/\\\/green-chough-870564.hostingersite.com\\\/#website\"},\"primaryImageOfPage\":{\"@id\":\"https:\\\/\\\/spiritdust.pl\\\/de\\\/produkt\\\/silberring-mit-rosenquarz-155-blush-thorn\\\/#primaryimage\"},\"image\":{\"@id\":\"https:\\\/\\\/spiritdust.pl\\\/de\\\/produkt\\\/silberring-mit-rosenquarz-155-blush-thorn\\\/#primaryimage\"},\"thumbnailUrl\":\"https:\\\/\\\/spiritdust.pl\\\/wp-content\\\/uploads\\\/2026\\\/05\\\/DSC03936-scaled.jpg\",\"datePublished\":\"2026-05-11T21:00:57+00:00\",\"description\":\"Handgefertigter Sterlingsilberring mit Rosenquarz in Gr\u00f6\u00dfe 15,5. Die organische, wald\u00e4hnliche Form und das zarte Rosa des Steins sorgen f\u00fcr ein m\u00e4rchenhaftes Gef\u00fchl.\",\"breadcrumb\":{\"@id\":\"https:\\\/\\\/spiritdust.pl\\\/de\\\/produkt\\\/silberring-mit-rosenquarz-155-blush-thorn\\\/#breadcrumb\"},\"inLanguage\":\"de\",\"potentialAction\":[{\"@type\":\"ReadAction\",\"target\":[\"https:\\\/\\\/spiritdust.pl\\\/de\\\/produkt\\\/silberring-mit-rosenquarz-155-blush-thorn\\\/\"]}]},{\"@type\":\"ImageObject\",\"inLanguage\":\"de\",\"@id\":\"https:\\\/\\\/spiritdust.pl\\\/de\\\/produkt\\\/silberring-mit-rosenquarz-155-blush-thorn\\\/#primaryimage\",\"url\":\"https:\\\/\\\/spiritdust.pl\\\/wp-content\\\/uploads\\\/2026\\\/05\\\/DSC03936-scaled.jpg\",\"contentUrl\":\"https:\\\/\\\/spiritdust.pl\\\/wp-content\\\/uploads\\\/2026\\\/05\\\/DSC03936-scaled.jpg\",\"width\":2560,\"height\":2560},{\"@type\":\"BreadcrumbList\",\"@id\":\"https:\\\/\\\/spiritdust.pl\\\/de\\\/produkt\\\/silberring-mit-rosenquarz-155-blush-thorn\\\/#breadcrumb\",\"itemListElement\":[{\"@type\":\"ListItem\",\"position\":1,\"name\":\"Strona g\u0142\u00f3wna\",\"item\":\"https:\\\/\\\/spiritdust.pl\\\/de\\\/spirit-dust-schmuck-aus-kupfer-silber-und-natursteinen\\\/\"},{\"@type\":\"ListItem\",\"position\":2,\"name\":\"Shop\",\"item\":\"https:\\\/\\\/green-chough-870564.hostingersite.com\\\/shop\\\/\"},{\"@type\":\"ListItem\",\"position\":3,\"name\":\"Prywatne: Silberring mit Rosenquarz 15,5 - Blush Thorn\"}]},{\"@type\":\"WebSite\",\"@id\":\"https:\\\/\\\/green-chough-870564.hostingersite.com\\\/#website\",\"url\":\"https:\\\/\\\/green-chough-870564.hostingersite.com\\\/\",\"name\":\"Spirit Dust\",\"description\":\"Bi\u017cuteria z Miedzi, Srebra i Kamieni Naturalnych\",\"publisher\":{\"@id\":\"https:\\\/\\\/green-chough-870564.hostingersite.com\\\/#organization\"},\"potentialAction\":[{\"@type\":\"SearchAction\",\"target\":{\"@type\":\"EntryPoint\",\"urlTemplate\":\"https:\\\/\\\/green-chough-870564.hostingersite.com\\\/?s={search_term_string}\"},\"query-input\":{\"@type\":\"PropertyValueSpecification\",\"valueRequired\":true,\"valueName\":\"search_term_string\"}}],\"inLanguage\":\"de\"},{\"@type\":\"Organization\",\"@id\":\"https:\\\/\\\/green-chough-870564.hostingersite.com\\\/#organization\",\"name\":\"Geisterstaub\",\"url\":\"https:\\\/\\\/green-chough-870564.hostingersite.com\\\/\",\"logo\":{\"@type\":\"ImageObject\",\"inLanguage\":\"de\",\"@id\":\"https:\\\/\\\/green-chough-870564.hostingersite.com\\\/#\\\/schema\\\/logo\\\/image\\\/\",\"url\":\"https:\\\/\\\/spiritdust.pl\\\/wp-content\\\/uploads\\\/2026\\\/01\\\/logo-sd.png\",\"contentUrl\":\"https:\\\/\\\/spiritdust.pl\\\/wp-content\\\/uploads\\\/2026\\\/01\\\/logo-sd.png\",\"width\":251,\"height\":368,\"caption\":\"Geisterstaub\"},\"image\":{\"@id\":\"https:\\\/\\\/green-chough-870564.hostingersite.com\\\/#\\\/schema\\\/logo\\\/image\\\/\"},\"sameAs\":[\"https:\\\/\\\/www.facebook.com\\\/spiritdustmj\\\/\",\"https:\\\/\\\/instagram.com\\\/spirit__dust\"]}]}<\/script>\n<!-- \/ Yoast SEO plugin. -->","yoast_head_json":{"title":"Silberring mit Rosenquarz 15,5 - Blush Thorn - Spirit Dust","description":"Handgefertigter Sterlingsilberring mit Rosenquarz in Gr\u00f6\u00dfe 15,5. Die organische, wald\u00e4hnliche Form und das zarte Rosa des Steins sorgen f\u00fcr ein m\u00e4rchenhaftes Gef\u00fchl.","robots":{"index":"index","follow":"follow","max-snippet":"max-snippet:-1","max-image-preview":"max-image-preview:large","max-video-preview":"max-video-preview:-1"},"canonical":"https:\/\/spiritdust.pl\/de\/produkt\/silberring-mit-rosenquarz-155-blush-thorn\/","og_locale":"de_DE","og_type":"article","og_title":"Silberring mit Rosenquarz 15,5 - Blush Thorn - Spirit Dust","og_description":"Handgefertigter Sterlingsilberring mit Rosenquarz in Gr\u00f6\u00dfe 15,5. Die organische, wald\u00e4hnliche Form und das zarte Rosa des Steins sorgen f\u00fcr ein m\u00e4rchenhaftes Gef\u00fchl.","og_url":"https:\/\/spiritdust.pl\/de\/produkt\/silberring-mit-rosenquarz-155-blush-thorn\/","og_site_name":"Spirit Dust","article_publisher":"https:\/\/www.facebook.com\/spiritdustmj\/","og_image":[{"width":2560,"height":2560,"url":"https:\/\/spiritdust.pl\/wp-content\/uploads\/2026\/05\/DSC03938-scaled.jpg","type":"image\/jpeg"}],"twitter_card":"summary_large_image","twitter_misc":{"Gesch\u00e4tzte Lesezeit":"2\u00a0Minuten"},"schema":{"@context":"https:\/\/schema.org","@graph":[{"@type":"WebPage","@id":"https:\/\/spiritdust.pl\/de\/produkt\/silberring-mit-rosenquarz-155-blush-thorn\/","url":"https:\/\/spiritdust.pl\/de\/produkt\/silberring-mit-rosenquarz-155-blush-thorn\/","name":"Silberring mit Rosenquarz 15,5 - Blush Thorn - Spirit Dust","isPartOf":{"@id":"https:\/\/green-chough-870564.hostingersite.com\/#website"},"primaryImageOfPage":{"@id":"https:\/\/spiritdust.pl\/de\/produkt\/silberring-mit-rosenquarz-155-blush-thorn\/#primaryimage"},"image":{"@id":"https:\/\/spiritdust.pl\/de\/produkt\/silberring-mit-rosenquarz-155-blush-thorn\/#primaryimage"},"thumbnailUrl":"https:\/\/spiritdust.pl\/wp-content\/uploads\/2026\/05\/DSC03936-scaled.jpg","datePublished":"2026-05-11T21:00:57+00:00","description":"Handgefertigter Sterlingsilberring mit Rosenquarz in Gr\u00f6\u00dfe 15,5. Die organische, wald\u00e4hnliche Form und das zarte Rosa des Steins sorgen f\u00fcr ein m\u00e4rchenhaftes Gef\u00fchl.","breadcrumb":{"@id":"https:\/\/spiritdust.pl\/de\/produkt\/silberring-mit-rosenquarz-155-blush-thorn\/#breadcrumb"},"inLanguage":"de","potentialAction":[{"@type":"ReadAction","target":["https:\/\/spiritdust.pl\/de\/produkt\/silberring-mit-rosenquarz-155-blush-thorn\/"]}]},{"@type":"ImageObject","inLanguage":"de","@id":"https:\/\/spiritdust.pl\/de\/produkt\/silberring-mit-rosenquarz-155-blush-thorn\/#primaryimage","url":"https:\/\/spiritdust.pl\/wp-content\/uploads\/2026\/05\/DSC03936-scaled.jpg","contentUrl":"https:\/\/spiritdust.pl\/wp-content\/uploads\/2026\/05\/DSC03936-scaled.jpg","width":2560,"height":2560},{"@type":"BreadcrumbList","@id":"https:\/\/spiritdust.pl\/de\/produkt\/silberring-mit-rosenquarz-155-blush-thorn\/#breadcrumb","itemListElement":[{"@type":"ListItem","position":1,"name":"Strona g\u0142\u00f3wna","item":"https:\/\/spiritdust.pl\/de\/spirit-dust-schmuck-aus-kupfer-silber-und-natursteinen\/"},{"@type":"ListItem","position":2,"name":"Shop","item":"https:\/\/green-chough-870564.hostingersite.com\/shop\/"},{"@type":"ListItem","position":3,"name":"Prywatne: Silberring mit Rosenquarz 15,5 - Blush Thorn"}]},{"@type":"WebSite","@id":"https:\/\/green-chough-870564.hostingersite.com\/#website","url":"https:\/\/green-chough-870564.hostingersite.com\/","name":"Spirit Dust","description":"Bi\u017cuteria z Miedzi, Srebra i Kamieni Naturalnych","publisher":{"@id":"https:\/\/green-chough-870564.hostingersite.com\/#organization"},"potentialAction":[{"@type":"SearchAction","target":{"@type":"EntryPoint","urlTemplate":"https:\/\/green-chough-870564.hostingersite.com\/?s={search_term_string}"},"query-input":{"@type":"PropertyValueSpecification","valueRequired":true,"valueName":"search_term_string"}}],"inLanguage":"de"},{"@type":"Organization","@id":"https:\/\/green-chough-870564.hostingersite.com\/#organization","name":"Geisterstaub","url":"https:\/\/green-chough-870564.hostingersite.com\/","logo":{"@type":"ImageObject","inLanguage":"de","@id":"https:\/\/green-chough-870564.hostingersite.com\/#\/schema\/logo\/image\/","url":"https:\/\/spiritdust.pl\/wp-content\/uploads\/2026\/01\/logo-sd.png","contentUrl":"https:\/\/spiritdust.pl\/wp-content\/uploads\/2026\/01\/logo-sd.png","width":251,"height":368,"caption":"Geisterstaub"},"image":{"@id":"https:\/\/green-chough-870564.hostingersite.com\/#\/schema\/logo\/image\/"},"sameAs":["https:\/\/www.facebook.com\/spiritdustmj\/","https:\/\/instagram.com\/spirit__dust"]}]}},"_links":{"self":[{"href":"https:\/\/spiritdust.pl\/de\/wp-json\/wp\/v2\/product\/7427","targetHints":{"allow":["GET"]}}],"collection":[{"href":"https:\/\/spiritdust.pl\/de\/wp-json\/wp\/v2\/product"}],"about":[{"href":"https:\/\/spiritdust.pl\/de\/wp-json\/wp\/v2\/types\/product"}],"version-history":[{"count":0,"href":"https:\/\/spiritdust.pl\/de\/wp-json\/wp\/v2\/product\/7427\/revisions"}],"wp:featuredmedia":[{"embeddable":true,"href":"https:\/\/spiritdust.pl\/de\/wp-json\/wp\/v2\/media\/7437"}],"wp:attachment":[{"href":"https:\/\/spiritdust.pl\/de\/wp-json\/wp\/v2\/media?parent=7427"}],"wp:term":[{"taxonomy":"product_brand","embeddable":true,"href":"https:\/\/spiritdust.pl\/de\/wp-json\/wp\/v2\/product_brand?post=7427"},{"taxonomy":"product_cat","embeddable":true,"href":"https:\/\/spiritdust.pl\/de\/wp-json\/wp\/v2\/product_cat?post=7427"},{"taxonomy":"product_tag","embeddable":true,"href":"https:\/\/spiritdust.pl\/de\/wp-json\/wp\/v2\/product_tag?post=7427"}],"curies":[{"name":"wp","href":"https:\/\/api.w.org\/{rel}","templated":true}]}}