{"id":7446,"date":"2026-05-11T21:17:20","date_gmt":"2026-05-11T21:17:20","guid":{"rendered":"https:\/\/spiritdust.pl\/produkt\/silberring-mit-mondstein-165-monddorn\/"},"modified":"2026-05-11T21:17:20","modified_gmt":"2026-05-11T21:17:20","slug":"silberring-mit-mondstein-165-monddorn","status":"publish","type":"product","link":"https:\/\/spiritdust.pl\/de\/produkt\/silberring-mit-mondstein-165-monddorn\/","title":{"rendered":"Silberring mit Mondstein 16,5 - Monddorn"},"content":{"rendered":"<div class=\"relative basis-auto flex-col -mb-(--composer-overlap-px) pb-(--composer-overlap-px) [--composer-overlap-px:28px] grow flex\">\n<div class=\"flex flex-col text-sm\">\n<div class=\"qMYqUG_convSearchResultHighlightRoot\">\n<div class=\"\" data-turn-id-container=\"request-69fb0558-7350-832b-99a3-0ce175eb73c1-14\" data-is-intersecting=\"true\">\n<div class=\"relative w-full overflow-visible\">\n<section class=\"text-token-text-primary w-full focus:outline-none [--shadow-height:45px] has-data-writing-block:pointer-events-none has-data-writing-block:-mt-(--shadow-height) has-data-writing-block:pt-(--shadow-height) [&amp;:has([data-writing-block])&gt;*]:pointer-events-auto R6Vx5W_threadScrollVars scroll-mb-[calc(var(--scroll-root-safe-area-inset-bottom,0px)+var(--thread-response-height))] scroll-mt-[calc(var(--header-height)+min(200px,max(70px,20svh)))]\" dir=\"auto\" data-turn-id=\"request-69fb0558-7350-832b-99a3-0ce175eb73c1-14\" data-turn-id-container=\"request-69fb0558-7350-832b-99a3-0ce175eb73c1-14\" data-testid=\"conversation-turn-220\" data-scroll-anchor=\"false\" data-turn=\"assistant\">\n<div class=\"text-base my-auto mx-auto pb-10 [--thread-content-margin:var(--thread-content-margin-xs,calc(var(--spacing)*4))] @w-sm\/main:[--thread-content-margin:var(--thread-content-margin-sm,calc(var(--spacing)*6))] @w-lg\/main:[--thread-content-margin:var(--thread-content-margin-lg,calc(var(--spacing)*16))] px-(--thread-content-margin)\">\n<div class=\"[--thread-content-max-width:40rem] @w-lg\/main:[--thread-content-max-width:48rem] mx-auto max-w-(--thread-content-max-width) flex-1 group\/turn-messages focus-visible:outline-hidden relative flex w-full min-w-0 flex-col agent-turn\">\n<div class=\"flex max-w-full flex-col gap-4 grow\">\n<div class=\"min-h-8 text-message relative flex w-full flex-col items-end gap-2 text-start break-words whitespace-normal outline-none keyboard-focused:focus-ring [.text-message+&amp;]:mt-1\" dir=\"auto\" data-message-author-role=\"assistant\" data-message-id=\"83a3ef48-7869-4334-9d58-4a5cf015bcc8\" data-message-model-slug=\"gpt-5-5\" data-turn-start-message=\"true\">\n<div class=\"flex w-full flex-col gap-1 empty:hidden\">\n<div class=\"markdown prose dark:prose-invert wrap-break-word w-full dark markdown-new-styling\">\n<p data-start=\"36\" data-end=\"275\">Ich habe diesen Silberring mit dem Mondstein &#8222;Moon Thorn\u201e in Sterlingsilber handgefertigt. Er hat eine organische, leicht wilde Form, die von Zweigen und Dornen inspiriert ist, so dass er ein bisschen wie ein St\u00fcck Waldgeschichte in Schmuck verpackt aussieht. <\/p>\n<p data-start=\"277\" data-end=\"630\">Das Herzst\u00fcck ist ein facettierter Mondstein mit den Ma\u00dfen 22 x 8,7 mm. Je nach Lichteinfall zeigt er einen k\u00fchlen blauen Schimmer und manchmal auch subtile rosa Reflexe. Dadurch ver\u00e4ndert der Stein seinen Charakter bei fast jeder Handbewegung. Einmal sieht er zart und milchig aus, und einen Moment sp\u00e4ter zieht er mit einem intensiven Schimmer die Aufmerksamkeit auf sich.   <\/p>\n<p data-start=\"632\" data-end=\"993\">Dieser Mondsteinring aus Sterlingsilber hat eine markante Form, bleibt aber trotzdem leicht und \u00e4therisch. Du kannst ihn alleine tragen oder ihn mit anderen Silberringen kombinieren, wenn du einen mehrschichtigen Schmuck magst. Au\u00dferdem unterstreicht die unregelm\u00e4\u00dfige Fassung den nat\u00fcrlichen Charakter des Steins und l\u00e4sst das Ganze noch roher und organischer wirken.  <\/p>\n<p data-start=\"995\" data-end=\"1272\">Der Ring wurde mit der Gussmethode hergestellt. Ich habe zuerst ein Modell in Wachs erstellt, dann wurde es in Silber gegossen und schlie\u00dflich von Hand fertiggestellt. Dadurch erh\u00e4lt jedes Detail seine eigene Textur und seinen eigenen Charakter. Wichtig ist, dass es sich um ein Einzelst\u00fcck handelt, es gibt also kein zweites identisches Modell.   <\/p>\n<p data-start=\"1274\" data-end=\"1473\">Der Mondstein wird seit langem mit Intuition, Ruhe und weiblicher Energie in Verbindung gebracht. Sein Glanz erinnert an das Mondlicht, weshalb er seit Jahren in Schmuckst\u00fccken auftaucht, die von der Natur und Fantasiewelten inspiriert sind. <\/p>\n<p data-start=\"1475\" data-end=\"1712\">Wenn du organische Formen und handgefertigten Schmuck mit Natursteinen magst, schau dir auch andere Ringe auf spiritdust.de an. Du kannst auch Beitr\u00e4ge \u00fcber die Eigenschaften von Natursteinen auf dem Spirit Dust Blog lesen. <\/p>\n<h3 data-section-id=\"1gbl9dz\" data-start=\"1714\" data-end=\"1735\">Technische Daten<\/h3>\n<ul data-start=\"1736\" data-end=\"1995\" data-is-last-node=\"\" data-is-only-node=\"\">\n<li data-section-id=\"1px2y54\" data-start=\"1736\" data-end=\"1766\">Material: 925er Silber<\/li>\n<li data-section-id=\"uu9x19\" data-start=\"1767\" data-end=\"1796\">Stein: Mondstein<\/li>\n<li data-section-id=\"ullz6s\" data-start=\"1797\" data-end=\"1830\">Steinabmessungen: 22 x 8,7 mm<\/li>\n<li data-section-id=\"yhcy74\" data-start=\"328\" data-end=\"348\">DE Gr\u00f6\u00dfe: 16,5<\/li>\n<li data-section-id=\"1ggl4xt\" data-start=\"349\" data-end=\"385\">Innendurchmesser: ca. 17,8 mm <\/li>\n<li data-section-id=\"1992nn2\" data-start=\"386\" data-end=\"417\">Innenumfang: ca. 56,5 mm <\/li>\n<li data-section-id=\"1k29vmk\" data-start=\"418\" data-end=\"433\">US Gr\u00f6\u00dfe: 8<\/li>\n<li data-section-id=\"15c03z1\" data-start=\"1943\" data-end=\"1995\" data-is-last-node=\"\">Ausf\u00fchrung: handgefertigt, Einzelst\u00fcck<\/li>\n<\/ul>\n<p>Siehe auch andere <a style=\"background-color: #ffffff\" href=\"https:\/\/spiritdust.pl\/de\/kategorien\/schmuck\/silberschmuck\/silberringe\/?v=288404204e3d\" target=\"_blank\" rel=\"noopener\">Silberringe mit Natursteinen<\/a>.<\/p>\n<\/div>\n<\/div>\n<\/div>\n<\/div>\n<\/div>\n<\/div>\n<\/section>\n<\/div>\n<\/div>\n<\/div>\n<\/div>\n<\/div>\n","protected":false},"excerpt":{"rendered":"<p data-start=\"1911\" data-end=\"2030\">Ein handgefertigter Ring aus Sterlingsilber mit einem Mondstein in k\u00fchlem Blau und einer organischen, wald\u00e4hnlichen Form.<\/p>\n<p>Ich verpacke den Schmuck sorgf\u00e4ltig in einer dekorativen Schachtel, sodass er sofort als Geschenk bereit ist.<\/p>\n","protected":false},"featured_media":7449,"template":"","meta":{"inline_featured_image":false},"product_brand":[],"product_cat":[167,250],"product_tag":[171,199],"class_list":{"0":"post-7446","1":"product","2":"type-product","3":"status-publish","4":"has-post-thumbnail","6":"product_cat-schmuck","7":"product_cat-silberringe","8":"product_tag-mondstein","9":"product_tag-silber","11":"first","12":"outofstock","13":"taxable","14":"shipping-taxable","15":"purchasable","16":"product-type-simple"},"yoast_head":"<!-- This site is optimized with the Yoast SEO plugin v27.5 - https:\/\/yoast.com\/product\/yoast-seo-wordpress\/ -->\n<title>Silberring mit Mondstein 16,5 - Monddorn - Spirit Dust<\/title>\n<meta name=\"description\" content=\"Ein handgefertigter Ring aus Sterlingsilber in Gr\u00f6\u00dfe 16,5 mit einem Mondstein mit k\u00fchlem blauem Schimmer und einer organischen, waldigen Form.\" \/>\n<meta name=\"robots\" content=\"index, follow, max-snippet:-1, max-image-preview:large, max-video-preview:-1\" \/>\n<link rel=\"canonical\" href=\"https:\/\/spiritdust.pl\/de\/produkt\/silberring-mit-mondstein-165-monddorn\/\" \/>\n<meta property=\"og:locale\" content=\"de_DE\" \/>\n<meta property=\"og:type\" content=\"article\" \/>\n<meta property=\"og:title\" content=\"Silberring mit Mondstein 16,5 - Monddorn - Spirit Dust\" \/>\n<meta property=\"og:description\" content=\"Ein handgefertigter Ring aus Sterlingsilber in Gr\u00f6\u00dfe 16,5 mit einem Mondstein mit k\u00fchlem blauem Schimmer und einer organischen, waldigen Form.\" \/>\n<meta property=\"og:url\" content=\"https:\/\/spiritdust.pl\/de\/produkt\/silberring-mit-mondstein-165-monddorn\/\" \/>\n<meta property=\"og:site_name\" content=\"Spirit Dust\" \/>\n<meta property=\"article:publisher\" content=\"https:\/\/www.facebook.com\/spiritdustmj\/\" \/>\n<meta property=\"og:image\" content=\"https:\/\/spiritdust.pl\/wp-content\/uploads\/2026\/05\/DSC03911-scaled.jpg\" \/>\n\t<meta property=\"og:image:width\" content=\"2560\" \/>\n\t<meta property=\"og:image:height\" content=\"2560\" \/>\n\t<meta property=\"og:image:type\" content=\"image\/jpeg\" \/>\n<meta name=\"twitter:card\" content=\"summary_large_image\" \/>\n<meta name=\"twitter:label1\" content=\"Gesch\u00e4tzte Lesezeit\" \/>\n\t<meta name=\"twitter:data1\" content=\"2\u00a0Minuten\" \/>\n<script type=\"application\/ld+json\" class=\"yoast-schema-graph\">{\"@context\":\"https:\\\/\\\/schema.org\",\"@graph\":[{\"@type\":\"WebPage\",\"@id\":\"https:\\\/\\\/spiritdust.pl\\\/de\\\/produkt\\\/silberring-mit-mondstein-165-monddorn\\\/\",\"url\":\"https:\\\/\\\/spiritdust.pl\\\/de\\\/produkt\\\/silberring-mit-mondstein-165-monddorn\\\/\",\"name\":\"Silberring mit Mondstein 16,5 - Monddorn - Spirit Dust\",\"isPartOf\":{\"@id\":\"https:\\\/\\\/green-chough-870564.hostingersite.com\\\/#website\"},\"primaryImageOfPage\":{\"@id\":\"https:\\\/\\\/spiritdust.pl\\\/de\\\/produkt\\\/silberring-mit-mondstein-165-monddorn\\\/#primaryimage\"},\"image\":{\"@id\":\"https:\\\/\\\/spiritdust.pl\\\/de\\\/produkt\\\/silberring-mit-mondstein-165-monddorn\\\/#primaryimage\"},\"thumbnailUrl\":\"https:\\\/\\\/spiritdust.pl\\\/wp-content\\\/uploads\\\/2026\\\/05\\\/DSC03911-scaled.jpg\",\"datePublished\":\"2026-05-11T21:17:20+00:00\",\"description\":\"Ein handgefertigter Ring aus Sterlingsilber in Gr\u00f6\u00dfe 16,5 mit einem Mondstein mit k\u00fchlem blauem Schimmer und einer organischen, waldigen Form.\",\"breadcrumb\":{\"@id\":\"https:\\\/\\\/spiritdust.pl\\\/de\\\/produkt\\\/silberring-mit-mondstein-165-monddorn\\\/#breadcrumb\"},\"inLanguage\":\"de\",\"potentialAction\":[{\"@type\":\"ReadAction\",\"target\":[\"https:\\\/\\\/spiritdust.pl\\\/de\\\/produkt\\\/silberring-mit-mondstein-165-monddorn\\\/\"]}]},{\"@type\":\"ImageObject\",\"inLanguage\":\"de\",\"@id\":\"https:\\\/\\\/spiritdust.pl\\\/de\\\/produkt\\\/silberring-mit-mondstein-165-monddorn\\\/#primaryimage\",\"url\":\"https:\\\/\\\/spiritdust.pl\\\/wp-content\\\/uploads\\\/2026\\\/05\\\/DSC03911-scaled.jpg\",\"contentUrl\":\"https:\\\/\\\/spiritdust.pl\\\/wp-content\\\/uploads\\\/2026\\\/05\\\/DSC03911-scaled.jpg\",\"width\":2560,\"height\":2560},{\"@type\":\"BreadcrumbList\",\"@id\":\"https:\\\/\\\/spiritdust.pl\\\/de\\\/produkt\\\/silberring-mit-mondstein-165-monddorn\\\/#breadcrumb\",\"itemListElement\":[{\"@type\":\"ListItem\",\"position\":1,\"name\":\"Strona g\u0142\u00f3wna\",\"item\":\"https:\\\/\\\/spiritdust.pl\\\/de\\\/spirit-dust-schmuck-aus-kupfer-silber-und-natursteinen\\\/\"},{\"@type\":\"ListItem\",\"position\":2,\"name\":\"Shop\",\"item\":\"https:\\\/\\\/green-chough-870564.hostingersite.com\\\/shop\\\/\"},{\"@type\":\"ListItem\",\"position\":3,\"name\":\"Prywatne: Silberring mit Mondstein 16,5 - Monddorn\"}]},{\"@type\":\"WebSite\",\"@id\":\"https:\\\/\\\/green-chough-870564.hostingersite.com\\\/#website\",\"url\":\"https:\\\/\\\/green-chough-870564.hostingersite.com\\\/\",\"name\":\"Spirit Dust\",\"description\":\"Bi\u017cuteria z Miedzi, Srebra i Kamieni Naturalnych\",\"publisher\":{\"@id\":\"https:\\\/\\\/green-chough-870564.hostingersite.com\\\/#organization\"},\"potentialAction\":[{\"@type\":\"SearchAction\",\"target\":{\"@type\":\"EntryPoint\",\"urlTemplate\":\"https:\\\/\\\/green-chough-870564.hostingersite.com\\\/?s={search_term_string}\"},\"query-input\":{\"@type\":\"PropertyValueSpecification\",\"valueRequired\":true,\"valueName\":\"search_term_string\"}}],\"inLanguage\":\"de\"},{\"@type\":\"Organization\",\"@id\":\"https:\\\/\\\/green-chough-870564.hostingersite.com\\\/#organization\",\"name\":\"Geisterstaub\",\"url\":\"https:\\\/\\\/green-chough-870564.hostingersite.com\\\/\",\"logo\":{\"@type\":\"ImageObject\",\"inLanguage\":\"de\",\"@id\":\"https:\\\/\\\/green-chough-870564.hostingersite.com\\\/#\\\/schema\\\/logo\\\/image\\\/\",\"url\":\"https:\\\/\\\/spiritdust.pl\\\/wp-content\\\/uploads\\\/2026\\\/01\\\/logo-sd.png\",\"contentUrl\":\"https:\\\/\\\/spiritdust.pl\\\/wp-content\\\/uploads\\\/2026\\\/01\\\/logo-sd.png\",\"width\":251,\"height\":368,\"caption\":\"Geisterstaub\"},\"image\":{\"@id\":\"https:\\\/\\\/green-chough-870564.hostingersite.com\\\/#\\\/schema\\\/logo\\\/image\\\/\"},\"sameAs\":[\"https:\\\/\\\/www.facebook.com\\\/spiritdustmj\\\/\",\"https:\\\/\\\/instagram.com\\\/spirit__dust\"]}]}<\/script>\n<!-- \/ Yoast SEO plugin. -->","yoast_head_json":{"title":"Silberring mit Mondstein 16,5 - Monddorn - Spirit Dust","description":"Ein handgefertigter Ring aus Sterlingsilber in Gr\u00f6\u00dfe 16,5 mit einem Mondstein mit k\u00fchlem blauem Schimmer und einer organischen, waldigen Form.","robots":{"index":"index","follow":"follow","max-snippet":"max-snippet:-1","max-image-preview":"max-image-preview:large","max-video-preview":"max-video-preview:-1"},"canonical":"https:\/\/spiritdust.pl\/de\/produkt\/silberring-mit-mondstein-165-monddorn\/","og_locale":"de_DE","og_type":"article","og_title":"Silberring mit Mondstein 16,5 - Monddorn - Spirit Dust","og_description":"Ein handgefertigter Ring aus Sterlingsilber in Gr\u00f6\u00dfe 16,5 mit einem Mondstein mit k\u00fchlem blauem Schimmer und einer organischen, waldigen Form.","og_url":"https:\/\/spiritdust.pl\/de\/produkt\/silberring-mit-mondstein-165-monddorn\/","og_site_name":"Spirit Dust","article_publisher":"https:\/\/www.facebook.com\/spiritdustmj\/","og_image":[{"width":2560,"height":2560,"url":"https:\/\/spiritdust.pl\/wp-content\/uploads\/2026\/05\/DSC03911-scaled.jpg","type":"image\/jpeg"}],"twitter_card":"summary_large_image","twitter_misc":{"Gesch\u00e4tzte Lesezeit":"2\u00a0Minuten"},"schema":{"@context":"https:\/\/schema.org","@graph":[{"@type":"WebPage","@id":"https:\/\/spiritdust.pl\/de\/produkt\/silberring-mit-mondstein-165-monddorn\/","url":"https:\/\/spiritdust.pl\/de\/produkt\/silberring-mit-mondstein-165-monddorn\/","name":"Silberring mit Mondstein 16,5 - Monddorn - Spirit Dust","isPartOf":{"@id":"https:\/\/green-chough-870564.hostingersite.com\/#website"},"primaryImageOfPage":{"@id":"https:\/\/spiritdust.pl\/de\/produkt\/silberring-mit-mondstein-165-monddorn\/#primaryimage"},"image":{"@id":"https:\/\/spiritdust.pl\/de\/produkt\/silberring-mit-mondstein-165-monddorn\/#primaryimage"},"thumbnailUrl":"https:\/\/spiritdust.pl\/wp-content\/uploads\/2026\/05\/DSC03911-scaled.jpg","datePublished":"2026-05-11T21:17:20+00:00","description":"Ein handgefertigter Ring aus Sterlingsilber in Gr\u00f6\u00dfe 16,5 mit einem Mondstein mit k\u00fchlem blauem Schimmer und einer organischen, waldigen Form.","breadcrumb":{"@id":"https:\/\/spiritdust.pl\/de\/produkt\/silberring-mit-mondstein-165-monddorn\/#breadcrumb"},"inLanguage":"de","potentialAction":[{"@type":"ReadAction","target":["https:\/\/spiritdust.pl\/de\/produkt\/silberring-mit-mondstein-165-monddorn\/"]}]},{"@type":"ImageObject","inLanguage":"de","@id":"https:\/\/spiritdust.pl\/de\/produkt\/silberring-mit-mondstein-165-monddorn\/#primaryimage","url":"https:\/\/spiritdust.pl\/wp-content\/uploads\/2026\/05\/DSC03911-scaled.jpg","contentUrl":"https:\/\/spiritdust.pl\/wp-content\/uploads\/2026\/05\/DSC03911-scaled.jpg","width":2560,"height":2560},{"@type":"BreadcrumbList","@id":"https:\/\/spiritdust.pl\/de\/produkt\/silberring-mit-mondstein-165-monddorn\/#breadcrumb","itemListElement":[{"@type":"ListItem","position":1,"name":"Strona g\u0142\u00f3wna","item":"https:\/\/spiritdust.pl\/de\/spirit-dust-schmuck-aus-kupfer-silber-und-natursteinen\/"},{"@type":"ListItem","position":2,"name":"Shop","item":"https:\/\/green-chough-870564.hostingersite.com\/shop\/"},{"@type":"ListItem","position":3,"name":"Prywatne: Silberring mit Mondstein 16,5 - Monddorn"}]},{"@type":"WebSite","@id":"https:\/\/green-chough-870564.hostingersite.com\/#website","url":"https:\/\/green-chough-870564.hostingersite.com\/","name":"Spirit Dust","description":"Bi\u017cuteria z Miedzi, Srebra i Kamieni Naturalnych","publisher":{"@id":"https:\/\/green-chough-870564.hostingersite.com\/#organization"},"potentialAction":[{"@type":"SearchAction","target":{"@type":"EntryPoint","urlTemplate":"https:\/\/green-chough-870564.hostingersite.com\/?s={search_term_string}"},"query-input":{"@type":"PropertyValueSpecification","valueRequired":true,"valueName":"search_term_string"}}],"inLanguage":"de"},{"@type":"Organization","@id":"https:\/\/green-chough-870564.hostingersite.com\/#organization","name":"Geisterstaub","url":"https:\/\/green-chough-870564.hostingersite.com\/","logo":{"@type":"ImageObject","inLanguage":"de","@id":"https:\/\/green-chough-870564.hostingersite.com\/#\/schema\/logo\/image\/","url":"https:\/\/spiritdust.pl\/wp-content\/uploads\/2026\/01\/logo-sd.png","contentUrl":"https:\/\/spiritdust.pl\/wp-content\/uploads\/2026\/01\/logo-sd.png","width":251,"height":368,"caption":"Geisterstaub"},"image":{"@id":"https:\/\/green-chough-870564.hostingersite.com\/#\/schema\/logo\/image\/"},"sameAs":["https:\/\/www.facebook.com\/spiritdustmj\/","https:\/\/instagram.com\/spirit__dust"]}]}},"_links":{"self":[{"href":"https:\/\/spiritdust.pl\/de\/wp-json\/wp\/v2\/product\/7446","targetHints":{"allow":["GET"]}}],"collection":[{"href":"https:\/\/spiritdust.pl\/de\/wp-json\/wp\/v2\/product"}],"about":[{"href":"https:\/\/spiritdust.pl\/de\/wp-json\/wp\/v2\/types\/product"}],"version-history":[{"count":0,"href":"https:\/\/spiritdust.pl\/de\/wp-json\/wp\/v2\/product\/7446\/revisions"}],"wp:featuredmedia":[{"embeddable":true,"href":"https:\/\/spiritdust.pl\/de\/wp-json\/wp\/v2\/media\/7449"}],"wp:attachment":[{"href":"https:\/\/spiritdust.pl\/de\/wp-json\/wp\/v2\/media?parent=7446"}],"wp:term":[{"taxonomy":"product_brand","embeddable":true,"href":"https:\/\/spiritdust.pl\/de\/wp-json\/wp\/v2\/product_brand?post=7446"},{"taxonomy":"product_cat","embeddable":true,"href":"https:\/\/spiritdust.pl\/de\/wp-json\/wp\/v2\/product_cat?post=7446"},{"taxonomy":"product_tag","embeddable":true,"href":"https:\/\/spiritdust.pl\/de\/wp-json\/wp\/v2\/product_tag?post=7446"}],"curies":[{"name":"wp","href":"https:\/\/api.w.org\/{rel}","templated":true}]}}