{"id":7458,"date":"2026-05-11T21:25:54","date_gmt":"2026-05-11T21:25:54","guid":{"rendered":"https:\/\/spiritdust.pl\/produkt\/silberring-mit-mondstein-13-lunar-fang\/"},"modified":"2026-05-11T21:25:54","modified_gmt":"2026-05-11T21:25:54","slug":"silberring-mit-mondstein-13-lunar-fang","status":"publish","type":"product","link":"https:\/\/spiritdust.pl\/de\/produkt\/silberring-mit-mondstein-13-lunar-fang\/","title":{"rendered":"Silberring mit Mondstein 13 - Lunar Fang"},"content":{"rendered":"<p data-start=\"79\" data-end=\"334\">Ich habe diesen Silberring mit dem Mondstein &#8222;Lunar Fang\u201e in Sterlingsilber handgefertigt. Er hat eine organische, unregelm\u00e4\u00dfige Form, die von Dornen, Wurzeln und Rei\u00dfz\u00e4hnen inspiriert ist, so dass er ein bisschen wie ein St\u00fcck aus einer dunklen Waldgeschichte aussieht, umh\u00fcllt von Silber. <\/p>\n<p data-start=\"336\" data-end=\"659\">Das Herzst\u00fcck ist ein facettierter Mondstein mit den Ma\u00dfen 21,8 x 10,8 mm. Im Licht schimmert er intensiv blau und zus\u00e4tzlich sind subtile rosa und milchige Reflexe zu sehen. Dadurch ver\u00e4ndert der Stein sein Aussehen je nach Lichteinfall und zieht bei fast jeder Handbewegung die Aufmerksamkeit auf sich.  <\/p>\n<p data-start=\"661\" data-end=\"1020\">Dieser Mondsteinring aus Sterlingsilber hat eine ausdrucksstarke, k\u00fcnstlerische Form, bleibt aber trotzdem optisch leicht. Du kannst ihn als einzelnes, st\u00e4rkeres Akzentst\u00fcck tragen oder ihn mit sanfterem Schmuck kombinieren. Au\u00dferdem unterstreicht die organische Fassung den nat\u00fcrlichen Charakter des Steins und l\u00e4sst das Ganze rau, \u00e4therisch und gleichzeitig ein wenig dunkel wirken.  <\/p>\n<p data-start=\"1022\" data-end=\"1301\">Der Ring wurde mit dem Wachsausschmelzverfahren hergestellt. Zuerst habe ich ein Modell in Wachs erstellt, dann wurde es in Silber gegossen und von Hand fertiggestellt. Dadurch hat jedes Detail seine eigene Textur und seinen eigenen Charakter. Wichtig ist, dass es sich um ein Einzelst\u00fcck handelt, es wird also kein zweites identisches Modell geben.   <\/p>\n<p data-start=\"1303\" data-end=\"1532\">Der Mondstein wird seit langem mit Intuition, Ruhe und weiblicher Energie in Verbindung gebracht. Sein schimmernder Glanz erinnert an das Mondlicht, weshalb er seit Jahren in Schmuckst\u00fccken auftaucht, die von der Natur, der Fantasie und mystischen Motiven inspiriert sind. <\/p>\n<hr data-start=\"1761\" data-end=\"1764\">\n<h2 data-section-id=\"1du94as\" data-start=\"1766\" data-end=\"1784\">Technische Daten<\/h2>\n<ul data-start=\"1786\" data-end=\"2099\">\n<li data-section-id=\"1px2y54\" data-start=\"1786\" data-end=\"1816\">Material: 925er Silber<\/li>\n<li data-section-id=\"uu9x19\" data-start=\"1817\" data-end=\"1846\">Stein: Mondstein<\/li>\n<li data-section-id=\"ixg2th\" data-start=\"1847\" data-end=\"1883\">Steinabmessungen: 21,8 x 10,8 mm<\/li>\n<li data-section-id=\"tn6vy4\" data-start=\"1884\" data-end=\"1902\">DE Gr\u00f6\u00dfe: 13<\/li>\n<li data-section-id=\"1bpdcy1\" data-start=\"1903\" data-end=\"1939\">Innendurchmesser: ca. 16,6 mm <\/li>\n<li data-section-id=\"16o1ei2\" data-start=\"1940\" data-end=\"1971\">Innenumfang: ca. 53 mm <\/li>\n<li data-section-id=\"8l87pl\" data-start=\"1972\" data-end=\"1991\">US-Gr\u00f6\u00dfe: 6.5<\/li>\n<li data-section-id=\"r69tx4\" data-start=\"2010\" data-end=\"2064\">Ausf\u00fchrung: handgefertigt im Wachsausschmelzverfahren<\/li>\n<li data-section-id=\"1pbsru4\" data-start=\"2065\" data-end=\"2099\">nur in einem St\u00fcck erh\u00e4ltlich<\/li>\n<\/ul>\n<p>Siehe auch andere <a style=\"background-color: #ffffff\" href=\"https:\/\/spiritdust.pl\/de\/kategorien\/schmuck\/silberschmuck\/silberringe\/?v=288404204e3d\" target=\"_blank\" rel=\"noopener\">Silberringe mit Natursteinen<\/a>.<\/p>\n","protected":false},"excerpt":{"rendered":"<p data-start=\"2124\" data-end=\"2309\">Ein handgefertigter Ring aus Sterlingsilber mit einem Mondstein von intensivem blauem Funkeln. Die organische, von Dornen und Rei\u00dfz\u00e4hnen inspirierte Form verleiht ihm einen m\u00e4rchenhaften, leicht dunklen Charakter. <\/p>\n<p data-start=\"2124\" data-end=\"2309\">Ich verpacke den Schmuck sorgf\u00e4ltig in einer dekorativen Schachtel, sodass er sofort als Geschenk bereit ist.<\/p>\n","protected":false},"featured_media":7461,"template":"","meta":{"inline_featured_image":false},"product_brand":[],"product_cat":[167,250],"product_tag":[171,199],"class_list":{"0":"post-7458","1":"product","2":"type-product","3":"status-publish","4":"has-post-thumbnail","6":"product_cat-schmuck","7":"product_cat-silberringe","8":"product_tag-mondstein","9":"product_tag-silber","11":"first","12":"outofstock","13":"taxable","14":"shipping-taxable","15":"purchasable","16":"product-type-simple"},"yoast_head":"<!-- This site is optimized with the Yoast SEO plugin v27.5 - https:\/\/yoast.com\/product\/yoast-seo-wordpress\/ -->\n<title>Silberring mit Mondstein 13 - Lunar Fang - Spirit Dust<\/title>\n<meta name=\"description\" content=\"Silberring mit Mondstein in einer organischen Fassung. Handgefertigt aus 925er Silber, ein Einzelst\u00fcck von Spirit Dust.\" \/>\n<meta name=\"robots\" content=\"index, follow, max-snippet:-1, max-image-preview:large, max-video-preview:-1\" \/>\n<link rel=\"canonical\" href=\"https:\/\/spiritdust.pl\/de\/produkt\/silberring-mit-mondstein-13-lunar-fang\/\" \/>\n<meta property=\"og:locale\" content=\"de_DE\" \/>\n<meta property=\"og:type\" content=\"article\" \/>\n<meta property=\"og:title\" content=\"Silberring mit Mondstein 13 - Lunar Fang - Spirit Dust\" \/>\n<meta property=\"og:description\" content=\"Silberring mit Mondstein in einer organischen Fassung. Handgefertigt aus 925er Silber, ein Einzelst\u00fcck von Spirit Dust.\" \/>\n<meta property=\"og:url\" content=\"https:\/\/spiritdust.pl\/de\/produkt\/silberring-mit-mondstein-13-lunar-fang\/\" \/>\n<meta property=\"og:site_name\" content=\"Spirit Dust\" \/>\n<meta property=\"article:publisher\" content=\"https:\/\/www.facebook.com\/spiritdustmj\/\" \/>\n<meta property=\"og:image\" content=\"https:\/\/spiritdust.pl\/wp-content\/uploads\/2026\/05\/DSC03918-scaled.jpg\" \/>\n\t<meta property=\"og:image:width\" content=\"2560\" \/>\n\t<meta property=\"og:image:height\" content=\"2560\" \/>\n\t<meta property=\"og:image:type\" content=\"image\/jpeg\" \/>\n<meta name=\"twitter:card\" content=\"summary_large_image\" \/>\n<meta name=\"twitter:label1\" content=\"Gesch\u00e4tzte Lesezeit\" \/>\n\t<meta name=\"twitter:data1\" content=\"1\u00a0Minute\" \/>\n<script type=\"application\/ld+json\" class=\"yoast-schema-graph\">{\"@context\":\"https:\\\/\\\/schema.org\",\"@graph\":[{\"@type\":\"WebPage\",\"@id\":\"https:\\\/\\\/spiritdust.pl\\\/de\\\/produkt\\\/silberring-mit-mondstein-13-lunar-fang\\\/\",\"url\":\"https:\\\/\\\/spiritdust.pl\\\/de\\\/produkt\\\/silberring-mit-mondstein-13-lunar-fang\\\/\",\"name\":\"Silberring mit Mondstein 13 - Lunar Fang - Spirit Dust\",\"isPartOf\":{\"@id\":\"https:\\\/\\\/green-chough-870564.hostingersite.com\\\/#website\"},\"primaryImageOfPage\":{\"@id\":\"https:\\\/\\\/spiritdust.pl\\\/de\\\/produkt\\\/silberring-mit-mondstein-13-lunar-fang\\\/#primaryimage\"},\"image\":{\"@id\":\"https:\\\/\\\/spiritdust.pl\\\/de\\\/produkt\\\/silberring-mit-mondstein-13-lunar-fang\\\/#primaryimage\"},\"thumbnailUrl\":\"https:\\\/\\\/spiritdust.pl\\\/wp-content\\\/uploads\\\/2026\\\/05\\\/DSC03915-scaled.jpg\",\"datePublished\":\"2026-05-11T21:25:54+00:00\",\"description\":\"Silberring mit Mondstein in einer organischen Fassung. Handgefertigt aus 925er Silber, ein Einzelst\u00fcck von Spirit Dust.\",\"breadcrumb\":{\"@id\":\"https:\\\/\\\/spiritdust.pl\\\/de\\\/produkt\\\/silberring-mit-mondstein-13-lunar-fang\\\/#breadcrumb\"},\"inLanguage\":\"de\",\"potentialAction\":[{\"@type\":\"ReadAction\",\"target\":[\"https:\\\/\\\/spiritdust.pl\\\/de\\\/produkt\\\/silberring-mit-mondstein-13-lunar-fang\\\/\"]}]},{\"@type\":\"ImageObject\",\"inLanguage\":\"de\",\"@id\":\"https:\\\/\\\/spiritdust.pl\\\/de\\\/produkt\\\/silberring-mit-mondstein-13-lunar-fang\\\/#primaryimage\",\"url\":\"https:\\\/\\\/spiritdust.pl\\\/wp-content\\\/uploads\\\/2026\\\/05\\\/DSC03915-scaled.jpg\",\"contentUrl\":\"https:\\\/\\\/spiritdust.pl\\\/wp-content\\\/uploads\\\/2026\\\/05\\\/DSC03915-scaled.jpg\",\"width\":2560,\"height\":2560,\"caption\":\"Organischer Mondstein Ring aus Sterling Silber 925\"},{\"@type\":\"BreadcrumbList\",\"@id\":\"https:\\\/\\\/spiritdust.pl\\\/de\\\/produkt\\\/silberring-mit-mondstein-13-lunar-fang\\\/#breadcrumb\",\"itemListElement\":[{\"@type\":\"ListItem\",\"position\":1,\"name\":\"Strona g\u0142\u00f3wna\",\"item\":\"https:\\\/\\\/spiritdust.pl\\\/de\\\/spirit-dust-schmuck-aus-kupfer-silber-und-natursteinen\\\/\"},{\"@type\":\"ListItem\",\"position\":2,\"name\":\"Shop\",\"item\":\"https:\\\/\\\/green-chough-870564.hostingersite.com\\\/shop\\\/\"},{\"@type\":\"ListItem\",\"position\":3,\"name\":\"Prywatne: Silberring mit Mondstein 13 - Lunar Fang\"}]},{\"@type\":\"WebSite\",\"@id\":\"https:\\\/\\\/green-chough-870564.hostingersite.com\\\/#website\",\"url\":\"https:\\\/\\\/green-chough-870564.hostingersite.com\\\/\",\"name\":\"Spirit Dust\",\"description\":\"Bi\u017cuteria z Miedzi, Srebra i Kamieni Naturalnych\",\"publisher\":{\"@id\":\"https:\\\/\\\/green-chough-870564.hostingersite.com\\\/#organization\"},\"potentialAction\":[{\"@type\":\"SearchAction\",\"target\":{\"@type\":\"EntryPoint\",\"urlTemplate\":\"https:\\\/\\\/green-chough-870564.hostingersite.com\\\/?s={search_term_string}\"},\"query-input\":{\"@type\":\"PropertyValueSpecification\",\"valueRequired\":true,\"valueName\":\"search_term_string\"}}],\"inLanguage\":\"de\"},{\"@type\":\"Organization\",\"@id\":\"https:\\\/\\\/green-chough-870564.hostingersite.com\\\/#organization\",\"name\":\"Geisterstaub\",\"url\":\"https:\\\/\\\/green-chough-870564.hostingersite.com\\\/\",\"logo\":{\"@type\":\"ImageObject\",\"inLanguage\":\"de\",\"@id\":\"https:\\\/\\\/green-chough-870564.hostingersite.com\\\/#\\\/schema\\\/logo\\\/image\\\/\",\"url\":\"https:\\\/\\\/spiritdust.pl\\\/wp-content\\\/uploads\\\/2026\\\/01\\\/logo-sd.png\",\"contentUrl\":\"https:\\\/\\\/spiritdust.pl\\\/wp-content\\\/uploads\\\/2026\\\/01\\\/logo-sd.png\",\"width\":251,\"height\":368,\"caption\":\"Geisterstaub\"},\"image\":{\"@id\":\"https:\\\/\\\/green-chough-870564.hostingersite.com\\\/#\\\/schema\\\/logo\\\/image\\\/\"},\"sameAs\":[\"https:\\\/\\\/www.facebook.com\\\/spiritdustmj\\\/\",\"https:\\\/\\\/instagram.com\\\/spirit__dust\"]}]}<\/script>\n<!-- \/ Yoast SEO plugin. -->","yoast_head_json":{"title":"Silberring mit Mondstein 13 - Lunar Fang - Spirit Dust","description":"Silberring mit Mondstein in einer organischen Fassung. Handgefertigt aus 925er Silber, ein Einzelst\u00fcck von Spirit Dust.","robots":{"index":"index","follow":"follow","max-snippet":"max-snippet:-1","max-image-preview":"max-image-preview:large","max-video-preview":"max-video-preview:-1"},"canonical":"https:\/\/spiritdust.pl\/de\/produkt\/silberring-mit-mondstein-13-lunar-fang\/","og_locale":"de_DE","og_type":"article","og_title":"Silberring mit Mondstein 13 - Lunar Fang - Spirit Dust","og_description":"Silberring mit Mondstein in einer organischen Fassung. Handgefertigt aus 925er Silber, ein Einzelst\u00fcck von Spirit Dust.","og_url":"https:\/\/spiritdust.pl\/de\/produkt\/silberring-mit-mondstein-13-lunar-fang\/","og_site_name":"Spirit Dust","article_publisher":"https:\/\/www.facebook.com\/spiritdustmj\/","og_image":[{"width":2560,"height":2560,"url":"https:\/\/spiritdust.pl\/wp-content\/uploads\/2026\/05\/DSC03918-scaled.jpg","type":"image\/jpeg"}],"twitter_card":"summary_large_image","twitter_misc":{"Gesch\u00e4tzte Lesezeit":"1\u00a0Minute"},"schema":{"@context":"https:\/\/schema.org","@graph":[{"@type":"WebPage","@id":"https:\/\/spiritdust.pl\/de\/produkt\/silberring-mit-mondstein-13-lunar-fang\/","url":"https:\/\/spiritdust.pl\/de\/produkt\/silberring-mit-mondstein-13-lunar-fang\/","name":"Silberring mit Mondstein 13 - Lunar Fang - Spirit Dust","isPartOf":{"@id":"https:\/\/green-chough-870564.hostingersite.com\/#website"},"primaryImageOfPage":{"@id":"https:\/\/spiritdust.pl\/de\/produkt\/silberring-mit-mondstein-13-lunar-fang\/#primaryimage"},"image":{"@id":"https:\/\/spiritdust.pl\/de\/produkt\/silberring-mit-mondstein-13-lunar-fang\/#primaryimage"},"thumbnailUrl":"https:\/\/spiritdust.pl\/wp-content\/uploads\/2026\/05\/DSC03915-scaled.jpg","datePublished":"2026-05-11T21:25:54+00:00","description":"Silberring mit Mondstein in einer organischen Fassung. Handgefertigt aus 925er Silber, ein Einzelst\u00fcck von Spirit Dust.","breadcrumb":{"@id":"https:\/\/spiritdust.pl\/de\/produkt\/silberring-mit-mondstein-13-lunar-fang\/#breadcrumb"},"inLanguage":"de","potentialAction":[{"@type":"ReadAction","target":["https:\/\/spiritdust.pl\/de\/produkt\/silberring-mit-mondstein-13-lunar-fang\/"]}]},{"@type":"ImageObject","inLanguage":"de","@id":"https:\/\/spiritdust.pl\/de\/produkt\/silberring-mit-mondstein-13-lunar-fang\/#primaryimage","url":"https:\/\/spiritdust.pl\/wp-content\/uploads\/2026\/05\/DSC03915-scaled.jpg","contentUrl":"https:\/\/spiritdust.pl\/wp-content\/uploads\/2026\/05\/DSC03915-scaled.jpg","width":2560,"height":2560,"caption":"Organischer Mondstein Ring aus Sterling Silber 925"},{"@type":"BreadcrumbList","@id":"https:\/\/spiritdust.pl\/de\/produkt\/silberring-mit-mondstein-13-lunar-fang\/#breadcrumb","itemListElement":[{"@type":"ListItem","position":1,"name":"Strona g\u0142\u00f3wna","item":"https:\/\/spiritdust.pl\/de\/spirit-dust-schmuck-aus-kupfer-silber-und-natursteinen\/"},{"@type":"ListItem","position":2,"name":"Shop","item":"https:\/\/green-chough-870564.hostingersite.com\/shop\/"},{"@type":"ListItem","position":3,"name":"Prywatne: Silberring mit Mondstein 13 - Lunar Fang"}]},{"@type":"WebSite","@id":"https:\/\/green-chough-870564.hostingersite.com\/#website","url":"https:\/\/green-chough-870564.hostingersite.com\/","name":"Spirit Dust","description":"Bi\u017cuteria z Miedzi, Srebra i Kamieni Naturalnych","publisher":{"@id":"https:\/\/green-chough-870564.hostingersite.com\/#organization"},"potentialAction":[{"@type":"SearchAction","target":{"@type":"EntryPoint","urlTemplate":"https:\/\/green-chough-870564.hostingersite.com\/?s={search_term_string}"},"query-input":{"@type":"PropertyValueSpecification","valueRequired":true,"valueName":"search_term_string"}}],"inLanguage":"de"},{"@type":"Organization","@id":"https:\/\/green-chough-870564.hostingersite.com\/#organization","name":"Geisterstaub","url":"https:\/\/green-chough-870564.hostingersite.com\/","logo":{"@type":"ImageObject","inLanguage":"de","@id":"https:\/\/green-chough-870564.hostingersite.com\/#\/schema\/logo\/image\/","url":"https:\/\/spiritdust.pl\/wp-content\/uploads\/2026\/01\/logo-sd.png","contentUrl":"https:\/\/spiritdust.pl\/wp-content\/uploads\/2026\/01\/logo-sd.png","width":251,"height":368,"caption":"Geisterstaub"},"image":{"@id":"https:\/\/green-chough-870564.hostingersite.com\/#\/schema\/logo\/image\/"},"sameAs":["https:\/\/www.facebook.com\/spiritdustmj\/","https:\/\/instagram.com\/spirit__dust"]}]}},"_links":{"self":[{"href":"https:\/\/spiritdust.pl\/de\/wp-json\/wp\/v2\/product\/7458","targetHints":{"allow":["GET"]}}],"collection":[{"href":"https:\/\/spiritdust.pl\/de\/wp-json\/wp\/v2\/product"}],"about":[{"href":"https:\/\/spiritdust.pl\/de\/wp-json\/wp\/v2\/types\/product"}],"version-history":[{"count":0,"href":"https:\/\/spiritdust.pl\/de\/wp-json\/wp\/v2\/product\/7458\/revisions"}],"wp:featuredmedia":[{"embeddable":true,"href":"https:\/\/spiritdust.pl\/de\/wp-json\/wp\/v2\/media\/7461"}],"wp:attachment":[{"href":"https:\/\/spiritdust.pl\/de\/wp-json\/wp\/v2\/media?parent=7458"}],"wp:term":[{"taxonomy":"product_brand","embeddable":true,"href":"https:\/\/spiritdust.pl\/de\/wp-json\/wp\/v2\/product_brand?post=7458"},{"taxonomy":"product_cat","embeddable":true,"href":"https:\/\/spiritdust.pl\/de\/wp-json\/wp\/v2\/product_cat?post=7458"},{"taxonomy":"product_tag","embeddable":true,"href":"https:\/\/spiritdust.pl\/de\/wp-json\/wp\/v2\/product_tag?post=7458"}],"curies":[{"name":"wp","href":"https:\/\/api.w.org\/{rel}","templated":true}]}}