{"id":7519,"date":"2026-05-12T09:04:38","date_gmt":"2026-05-12T09:04:38","guid":{"rendered":"https:\/\/spiritdust.pl\/produkt\/silberring-mit-mondstein-12-prisma-bloom\/"},"modified":"2026-05-12T09:04:38","modified_gmt":"2026-05-12T09:04:38","slug":"silberring-mit-mondstein-12-prisma-bloom","status":"publish","type":"product","link":"https:\/\/spiritdust.pl\/de\/produkt\/silberring-mit-mondstein-12-prisma-bloom\/","title":{"rendered":"Silberring mit Mondstein 12 - Prisma Bloom"},"content":{"rendered":"<p data-start=\"394\" data-end=\"718\">Dieser Mondsteinring aus Sterlingsilber sieht ein bisschen aus wie ein kleines Kristallst\u00fcck aus einer M\u00e4rchenwelt. Der Stein schimmert in k\u00fchlen Blau-, Lila- und Rosat\u00f6nen und sein Glanz ver\u00e4ndert sich mit jeder Handbewegung. Einmal ist er milchig und zart, und einen Moment sp\u00e4ter reflektiert er das Licht mit einem intensiven blauen Schimmer.  <\/p>\n<p data-start=\"720\" data-end=\"1117\">Ich habe den Ring von Hand aus Sterlingsilber mit dem Wachsausschmelzverfahren hergestellt. Ich schnitze die Form zuerst in Wachs und erst dann wird der Silberguss erstellt. Dadurch wirkt jedes Detail organischer und sieht nicht so perfekt gleichm\u00e4\u00dfig aus wie maschinell gefertigter Schmuck. Ich m\u00f6chte, dass die Ringe etwas Rohes haben und aussehen, als w\u00e4ren sie irgendwo zwischen der Natur und einem alten Artefakt entstanden.   <\/p>\n<p data-start=\"1119\" data-end=\"1435\">Der Mondstein misst 12,5 x 12,5 mm und wurde zu einer geometrischen Form geschliffen, die das Licht stark einf\u00e4ngt. In der Mitte sind feine Strukturen und Reflexionen zu sehen, sodass der Stein bei jeder Beleuchtung lebendig wird. Bei nat\u00fcrlichem Licht wirkt er eher \u00e4therisch, w\u00e4hrend er abends st\u00e4rker blau aufblitzt.  <\/p>\n<p data-start=\"1437\" data-end=\"1612\">Dies ist ein Einzelst\u00fcck und der genaue Ring aus den Fotos wird an den neuen Besitzer gehen. Ich fertige keine zwei identischen St\u00fccke an, daher hat jedes Modell ein bisschen von seinem eigenen Charakter. <\/p>\n<h3 data-section-id=\"7s80s\" data-start=\"1614\" data-end=\"1627\">F\u00fcr wen?<\/h3>\n<p data-start=\"1629\" data-end=\"1802\">F\u00fcr Menschen, die Silberschmuck mit einer gewissen Ausstrahlung m\u00f6gen, aber nichts allzu Schweres wollen. Prism Bloom hat etwas Feinheit, etwas Dunkelheit und sehr viel Licht. <\/p>\n<hr data-start=\"1804\" data-end=\"1807\">\n<h2 data-section-id=\"1du94as\" data-start=\"1809\" data-end=\"1827\">Technische Daten<\/h2>\n<ul data-start=\"1829\" data-end=\"2097\">\n<li data-section-id=\"f0ihif\" data-start=\"1829\" data-end=\"1849\">925er Sterlingsilber<\/li>\n<li data-section-id=\"c7aa9a\" data-start=\"1850\" data-end=\"1881\">nat\u00fcrlicher Mondstein<\/li>\n<li data-section-id=\"ptzy2v\" data-start=\"1882\" data-end=\"1918\">Steinabmessungen: 12,5 x 12,5 mm<\/li>\n<li data-section-id=\"tn6yf1\" data-start=\"1919\" data-end=\"1937\">DE Gr\u00f6\u00dfe: 12<\/li>\n<li data-section-id=\"1192cwi\" data-start=\"1938\" data-end=\"1955\">US-Gr\u00f6\u00dfe: 6<\/li>\n<li data-section-id=\"1cdx12k\" data-start=\"1956\" data-end=\"1992\">Innendurchmesser: ca. 16,3 mm <\/li>\n<li data-section-id=\"18kizij\" data-start=\"1993\" data-end=\"2024\">Innenumfang: ca. 52 mm <\/li>\n<li data-section-id=\"1083rqd\" data-start=\"2025\" data-end=\"2068\">handgefertigt im Wachsausschmelzverfahren<\/li>\n<li data-section-id=\"1dz25k9\" data-start=\"2069\" data-end=\"2097\">in einem St\u00fcck erh\u00e4ltlich<\/li>\n<\/ul>\n<p>Siehe auch andere <a style=\"background-color: #ffffff\" href=\"https:\/\/spiritdust.pl\/de\/kategorien\/schmuck\/silberschmuck\/silberringe\/?v=288404204e3d\" target=\"_blank\" rel=\"noopener\">Silberringe mit Natursteinen<\/a>.<\/p>\n","protected":false},"excerpt":{"rendered":"<p data-start=\"2106\" data-end=\"2294\">Ein handgefertigter Ring aus Sterlingsilber mit einem Mondstein, der in einem pastellfarbenen Blau-Rosa schimmert. Die organische Form und der geometrische Schliff verleihen ihm ein \u00e4therisches, leicht m\u00e4rchenhaftes Gef\u00fchl. <\/p>\n<p data-start=\"2106\" data-end=\"2294\">Ich verpacke den Schmuck sorgf\u00e4ltig in einer dekorativen Schachtel, sodass er sofort als Geschenk bereit ist.<\/p>\n","protected":false},"featured_media":7521,"template":"","meta":{"inline_featured_image":false},"product_brand":[],"product_cat":[167,250],"product_tag":[171,199],"class_list":{"0":"post-7519","1":"product","2":"type-product","3":"status-publish","4":"has-post-thumbnail","6":"product_cat-schmuck","7":"product_cat-silberringe","8":"product_tag-mondstein","9":"product_tag-silber","11":"first","12":"outofstock","13":"taxable","14":"shipping-taxable","15":"purchasable","16":"product-type-simple"},"yoast_head":"<!-- This site is optimized with the Yoast SEO plugin v27.5 - https:\/\/yoast.com\/product\/yoast-seo-wordpress\/ -->\n<title>Silberring mit Mondstein 12 - Prisma Bloom - Spirit Dust<\/title>\n<meta name=\"description\" content=\"Silberner Mondsteinring, handgefertigt aus Sterlingsilber, mit pastellfarbenem Glanz, rosablauem Schimmer und organischer Form.\" \/>\n<meta name=\"robots\" content=\"index, follow, max-snippet:-1, max-image-preview:large, max-video-preview:-1\" \/>\n<link rel=\"canonical\" href=\"https:\/\/spiritdust.pl\/de\/produkt\/silberring-mit-mondstein-12-prisma-bloom\/\" \/>\n<meta property=\"og:locale\" content=\"de_DE\" \/>\n<meta property=\"og:type\" content=\"article\" \/>\n<meta property=\"og:title\" content=\"Silberring mit Mondstein 12 - Prisma Bloom - Spirit Dust\" \/>\n<meta property=\"og:description\" content=\"Silberner Mondsteinring, handgefertigt aus Sterlingsilber, mit pastellfarbenem Glanz, rosablauem Schimmer und organischer Form.\" \/>\n<meta property=\"og:url\" content=\"https:\/\/spiritdust.pl\/de\/produkt\/silberring-mit-mondstein-12-prisma-bloom\/\" \/>\n<meta property=\"og:site_name\" content=\"Spirit Dust\" \/>\n<meta property=\"article:publisher\" content=\"https:\/\/www.facebook.com\/spiritdustmj\/\" \/>\n<meta property=\"og:image\" content=\"https:\/\/spiritdust.pl\/wp-content\/uploads\/2026\/05\/DSC03926-scaled.jpg\" \/>\n\t<meta property=\"og:image:width\" content=\"2560\" \/>\n\t<meta property=\"og:image:height\" content=\"2560\" \/>\n\t<meta property=\"og:image:type\" content=\"image\/jpeg\" \/>\n<meta name=\"twitter:card\" content=\"summary_large_image\" \/>\n<meta name=\"twitter:label1\" content=\"Gesch\u00e4tzte Lesezeit\" \/>\n\t<meta name=\"twitter:data1\" content=\"1\u00a0Minute\" \/>\n<script type=\"application\/ld+json\" class=\"yoast-schema-graph\">{\"@context\":\"https:\\\/\\\/schema.org\",\"@graph\":[{\"@type\":\"WebPage\",\"@id\":\"https:\\\/\\\/spiritdust.pl\\\/de\\\/produkt\\\/silberring-mit-mondstein-12-prisma-bloom\\\/\",\"url\":\"https:\\\/\\\/spiritdust.pl\\\/de\\\/produkt\\\/silberring-mit-mondstein-12-prisma-bloom\\\/\",\"name\":\"Silberring mit Mondstein 12 - Prisma Bloom - Spirit Dust\",\"isPartOf\":{\"@id\":\"https:\\\/\\\/green-chough-870564.hostingersite.com\\\/#website\"},\"primaryImageOfPage\":{\"@id\":\"https:\\\/\\\/spiritdust.pl\\\/de\\\/produkt\\\/silberring-mit-mondstein-12-prisma-bloom\\\/#primaryimage\"},\"image\":{\"@id\":\"https:\\\/\\\/spiritdust.pl\\\/de\\\/produkt\\\/silberring-mit-mondstein-12-prisma-bloom\\\/#primaryimage\"},\"thumbnailUrl\":\"https:\\\/\\\/spiritdust.pl\\\/wp-content\\\/uploads\\\/2026\\\/05\\\/DSC03926-scaled.jpg\",\"datePublished\":\"2026-05-12T09:04:38+00:00\",\"description\":\"Silberner Mondsteinring, handgefertigt aus Sterlingsilber, mit pastellfarbenem Glanz, rosablauem Schimmer und organischer Form.\",\"breadcrumb\":{\"@id\":\"https:\\\/\\\/spiritdust.pl\\\/de\\\/produkt\\\/silberring-mit-mondstein-12-prisma-bloom\\\/#breadcrumb\"},\"inLanguage\":\"de\",\"potentialAction\":[{\"@type\":\"ReadAction\",\"target\":[\"https:\\\/\\\/spiritdust.pl\\\/de\\\/produkt\\\/silberring-mit-mondstein-12-prisma-bloom\\\/\"]}]},{\"@type\":\"ImageObject\",\"inLanguage\":\"de\",\"@id\":\"https:\\\/\\\/spiritdust.pl\\\/de\\\/produkt\\\/silberring-mit-mondstein-12-prisma-bloom\\\/#primaryimage\",\"url\":\"https:\\\/\\\/spiritdust.pl\\\/wp-content\\\/uploads\\\/2026\\\/05\\\/DSC03926-scaled.jpg\",\"contentUrl\":\"https:\\\/\\\/spiritdust.pl\\\/wp-content\\\/uploads\\\/2026\\\/05\\\/DSC03926-scaled.jpg\",\"width\":2560,\"height\":2560,\"caption\":\"Silberring mit Prism Bloom Mondstein\"},{\"@type\":\"BreadcrumbList\",\"@id\":\"https:\\\/\\\/spiritdust.pl\\\/de\\\/produkt\\\/silberring-mit-mondstein-12-prisma-bloom\\\/#breadcrumb\",\"itemListElement\":[{\"@type\":\"ListItem\",\"position\":1,\"name\":\"Strona g\u0142\u00f3wna\",\"item\":\"https:\\\/\\\/spiritdust.pl\\\/de\\\/spirit-dust-schmuck-aus-kupfer-silber-und-natursteinen\\\/\"},{\"@type\":\"ListItem\",\"position\":2,\"name\":\"Shop\",\"item\":\"https:\\\/\\\/green-chough-870564.hostingersite.com\\\/shop\\\/\"},{\"@type\":\"ListItem\",\"position\":3,\"name\":\"Prywatne: Silberring mit Mondstein 12 - Prisma Bloom\"}]},{\"@type\":\"WebSite\",\"@id\":\"https:\\\/\\\/green-chough-870564.hostingersite.com\\\/#website\",\"url\":\"https:\\\/\\\/green-chough-870564.hostingersite.com\\\/\",\"name\":\"Spirit Dust\",\"description\":\"Bi\u017cuteria z Miedzi, Srebra i Kamieni Naturalnych\",\"publisher\":{\"@id\":\"https:\\\/\\\/green-chough-870564.hostingersite.com\\\/#organization\"},\"potentialAction\":[{\"@type\":\"SearchAction\",\"target\":{\"@type\":\"EntryPoint\",\"urlTemplate\":\"https:\\\/\\\/green-chough-870564.hostingersite.com\\\/?s={search_term_string}\"},\"query-input\":{\"@type\":\"PropertyValueSpecification\",\"valueRequired\":true,\"valueName\":\"search_term_string\"}}],\"inLanguage\":\"de\"},{\"@type\":\"Organization\",\"@id\":\"https:\\\/\\\/green-chough-870564.hostingersite.com\\\/#organization\",\"name\":\"Geisterstaub\",\"url\":\"https:\\\/\\\/green-chough-870564.hostingersite.com\\\/\",\"logo\":{\"@type\":\"ImageObject\",\"inLanguage\":\"de\",\"@id\":\"https:\\\/\\\/green-chough-870564.hostingersite.com\\\/#\\\/schema\\\/logo\\\/image\\\/\",\"url\":\"https:\\\/\\\/spiritdust.pl\\\/wp-content\\\/uploads\\\/2026\\\/01\\\/logo-sd.png\",\"contentUrl\":\"https:\\\/\\\/spiritdust.pl\\\/wp-content\\\/uploads\\\/2026\\\/01\\\/logo-sd.png\",\"width\":251,\"height\":368,\"caption\":\"Geisterstaub\"},\"image\":{\"@id\":\"https:\\\/\\\/green-chough-870564.hostingersite.com\\\/#\\\/schema\\\/logo\\\/image\\\/\"},\"sameAs\":[\"https:\\\/\\\/www.facebook.com\\\/spiritdustmj\\\/\",\"https:\\\/\\\/instagram.com\\\/spirit__dust\"]}]}<\/script>\n<!-- \/ Yoast SEO plugin. -->","yoast_head_json":{"title":"Silberring mit Mondstein 12 - Prisma Bloom - Spirit Dust","description":"Silberner Mondsteinring, handgefertigt aus Sterlingsilber, mit pastellfarbenem Glanz, rosablauem Schimmer und organischer Form.","robots":{"index":"index","follow":"follow","max-snippet":"max-snippet:-1","max-image-preview":"max-image-preview:large","max-video-preview":"max-video-preview:-1"},"canonical":"https:\/\/spiritdust.pl\/de\/produkt\/silberring-mit-mondstein-12-prisma-bloom\/","og_locale":"de_DE","og_type":"article","og_title":"Silberring mit Mondstein 12 - Prisma Bloom - Spirit Dust","og_description":"Silberner Mondsteinring, handgefertigt aus Sterlingsilber, mit pastellfarbenem Glanz, rosablauem Schimmer und organischer Form.","og_url":"https:\/\/spiritdust.pl\/de\/produkt\/silberring-mit-mondstein-12-prisma-bloom\/","og_site_name":"Spirit Dust","article_publisher":"https:\/\/www.facebook.com\/spiritdustmj\/","og_image":[{"width":2560,"height":2560,"url":"https:\/\/spiritdust.pl\/wp-content\/uploads\/2026\/05\/DSC03926-scaled.jpg","type":"image\/jpeg"}],"twitter_card":"summary_large_image","twitter_misc":{"Gesch\u00e4tzte Lesezeit":"1\u00a0Minute"},"schema":{"@context":"https:\/\/schema.org","@graph":[{"@type":"WebPage","@id":"https:\/\/spiritdust.pl\/de\/produkt\/silberring-mit-mondstein-12-prisma-bloom\/","url":"https:\/\/spiritdust.pl\/de\/produkt\/silberring-mit-mondstein-12-prisma-bloom\/","name":"Silberring mit Mondstein 12 - Prisma Bloom - Spirit Dust","isPartOf":{"@id":"https:\/\/green-chough-870564.hostingersite.com\/#website"},"primaryImageOfPage":{"@id":"https:\/\/spiritdust.pl\/de\/produkt\/silberring-mit-mondstein-12-prisma-bloom\/#primaryimage"},"image":{"@id":"https:\/\/spiritdust.pl\/de\/produkt\/silberring-mit-mondstein-12-prisma-bloom\/#primaryimage"},"thumbnailUrl":"https:\/\/spiritdust.pl\/wp-content\/uploads\/2026\/05\/DSC03926-scaled.jpg","datePublished":"2026-05-12T09:04:38+00:00","description":"Silberner Mondsteinring, handgefertigt aus Sterlingsilber, mit pastellfarbenem Glanz, rosablauem Schimmer und organischer Form.","breadcrumb":{"@id":"https:\/\/spiritdust.pl\/de\/produkt\/silberring-mit-mondstein-12-prisma-bloom\/#breadcrumb"},"inLanguage":"de","potentialAction":[{"@type":"ReadAction","target":["https:\/\/spiritdust.pl\/de\/produkt\/silberring-mit-mondstein-12-prisma-bloom\/"]}]},{"@type":"ImageObject","inLanguage":"de","@id":"https:\/\/spiritdust.pl\/de\/produkt\/silberring-mit-mondstein-12-prisma-bloom\/#primaryimage","url":"https:\/\/spiritdust.pl\/wp-content\/uploads\/2026\/05\/DSC03926-scaled.jpg","contentUrl":"https:\/\/spiritdust.pl\/wp-content\/uploads\/2026\/05\/DSC03926-scaled.jpg","width":2560,"height":2560,"caption":"Silberring mit Prism Bloom Mondstein"},{"@type":"BreadcrumbList","@id":"https:\/\/spiritdust.pl\/de\/produkt\/silberring-mit-mondstein-12-prisma-bloom\/#breadcrumb","itemListElement":[{"@type":"ListItem","position":1,"name":"Strona g\u0142\u00f3wna","item":"https:\/\/spiritdust.pl\/de\/spirit-dust-schmuck-aus-kupfer-silber-und-natursteinen\/"},{"@type":"ListItem","position":2,"name":"Shop","item":"https:\/\/green-chough-870564.hostingersite.com\/shop\/"},{"@type":"ListItem","position":3,"name":"Prywatne: Silberring mit Mondstein 12 - Prisma Bloom"}]},{"@type":"WebSite","@id":"https:\/\/green-chough-870564.hostingersite.com\/#website","url":"https:\/\/green-chough-870564.hostingersite.com\/","name":"Spirit Dust","description":"Bi\u017cuteria z Miedzi, Srebra i Kamieni Naturalnych","publisher":{"@id":"https:\/\/green-chough-870564.hostingersite.com\/#organization"},"potentialAction":[{"@type":"SearchAction","target":{"@type":"EntryPoint","urlTemplate":"https:\/\/green-chough-870564.hostingersite.com\/?s={search_term_string}"},"query-input":{"@type":"PropertyValueSpecification","valueRequired":true,"valueName":"search_term_string"}}],"inLanguage":"de"},{"@type":"Organization","@id":"https:\/\/green-chough-870564.hostingersite.com\/#organization","name":"Geisterstaub","url":"https:\/\/green-chough-870564.hostingersite.com\/","logo":{"@type":"ImageObject","inLanguage":"de","@id":"https:\/\/green-chough-870564.hostingersite.com\/#\/schema\/logo\/image\/","url":"https:\/\/spiritdust.pl\/wp-content\/uploads\/2026\/01\/logo-sd.png","contentUrl":"https:\/\/spiritdust.pl\/wp-content\/uploads\/2026\/01\/logo-sd.png","width":251,"height":368,"caption":"Geisterstaub"},"image":{"@id":"https:\/\/green-chough-870564.hostingersite.com\/#\/schema\/logo\/image\/"},"sameAs":["https:\/\/www.facebook.com\/spiritdustmj\/","https:\/\/instagram.com\/spirit__dust"]}]}},"_links":{"self":[{"href":"https:\/\/spiritdust.pl\/de\/wp-json\/wp\/v2\/product\/7519","targetHints":{"allow":["GET"]}}],"collection":[{"href":"https:\/\/spiritdust.pl\/de\/wp-json\/wp\/v2\/product"}],"about":[{"href":"https:\/\/spiritdust.pl\/de\/wp-json\/wp\/v2\/types\/product"}],"version-history":[{"count":0,"href":"https:\/\/spiritdust.pl\/de\/wp-json\/wp\/v2\/product\/7519\/revisions"}],"wp:featuredmedia":[{"embeddable":true,"href":"https:\/\/spiritdust.pl\/de\/wp-json\/wp\/v2\/media\/7521"}],"wp:attachment":[{"href":"https:\/\/spiritdust.pl\/de\/wp-json\/wp\/v2\/media?parent=7519"}],"wp:term":[{"taxonomy":"product_brand","embeddable":true,"href":"https:\/\/spiritdust.pl\/de\/wp-json\/wp\/v2\/product_brand?post=7519"},{"taxonomy":"product_cat","embeddable":true,"href":"https:\/\/spiritdust.pl\/de\/wp-json\/wp\/v2\/product_cat?post=7519"},{"taxonomy":"product_tag","embeddable":true,"href":"https:\/\/spiritdust.pl\/de\/wp-json\/wp\/v2\/product_tag?post=7519"}],"curies":[{"name":"wp","href":"https:\/\/api.w.org\/{rel}","templated":true}]}}